{"id":3984,"date":"2026-03-13T11:00:00","date_gmt":"2026-03-13T10:00:00","guid":{"rendered":"https:\/\/mueckinvest.com\/?page_id=3984"},"modified":"2026-03-17T17:00:00","modified_gmt":"2026-03-17T16:00:00","slug":"historia","status":"publish","type":"page","link":"https:\/\/mueckinvest.com\/es\/geschichte\/","title":{"rendered":"Historia, desarrollo y hoja de ruta"},"content":{"rendered":"<p><strong>Por qu\u00e9 muestro abiertamente mi desarrollo<\/strong><\/p>\n\n\n\n<p>Para m\u00ed, es importante mostrar con transparencia c\u00f3mo Mueckinvest se ha desarrollado paso a paso. Especialmente en el sector financiero, la confianza es fundamental, y esta se construye cuando se comprende c\u00f3mo se crea, crece y mejora un producto. Por eso, desde 2025 he estado documentando mi trayectoria, mostrando claramente en qu\u00e9 estoy trabajando, qu\u00e9 se ha logrado hasta ahora y cu\u00e1les son los pr\u00f3ximos pasos.<\/p>\n\n\n\n<details class=\"wp-block-details is-layout-flow wp-block-details-is-layout-flow\"><summary><strong>2025<\/strong><\/summary>\n<h2 class=\"wp-block-heading\">Agosto de 2025 \u2013 Fase de an\u00e1lisis: Wikifolios en primer plano<\/h2>\n\n\n\n<p>El punto de partida de Mueckinvest. Durante esta fase, nos centramos en el an\u00e1lisis detallado de Wikifolios, estrategias de inversi\u00f3n y errores comunes de los inversores. Los conocimientos adquiridos sentaron las bases para la posterior idea de una plataforma financiera clara, comprensible y orientada al largo plazo.<\/p>\n\n\n\n<h2 class=\"wp-block-heading\">Octubre de 2025: Primer sitio web y desarrollo de marca.<\/h2>\n\n\n\n<p>Se lanz\u00f3 la primera versi\u00f3n del sitio web de Mueckinvest. El objetivo era presentar informaci\u00f3n financiera de forma estructurada y comprensible. Al mismo tiempo, se desarroll\u00f3 la identidad de la marca: minimalista, objetiva y con visi\u00f3n a largo plazo.<\/p>\n\n\n\n<h2 class=\"wp-block-heading\">Diciembre de 2025 \u2013 An\u00e1lisis tem\u00e1tico en profundidad<\/h2>\n\n\n\n<p>Comenz\u00f3 el trabajo intensivo y sustantivo. Se crearon proyectos integrales. <a href=\"https:\/\/mueckinvest.com\/es\/temas-en-profundidad\/\" title=\"Temas en profundidad\">Inmersiones profundas<\/a> ETF, riesgo, diversificaci\u00f3n, <a href=\"https:\/\/mueckinvest.com\/es\/reequilibrio\/\" title=\"Reequilibrio\">Reequilibrio <\/a>y estrategias de inversi\u00f3n a largo plazo. Este contenido se convirti\u00f3 posteriormente en la base de conocimientos de la IA de Mueckinvest.<\/p>\n<\/details>\n\n\n\n<details class=\"wp-block-details is-layout-flow wp-block-details-is-layout-flow\"><summary><strong>2026<\/strong><\/summary>\n<h2 class=\"wp-block-heading\">Enero de 2026 \u2013 Inicio del desarrollo de la aplicaci\u00f3n para Android<\/h2>\n\n\n\n<p>Inicio oficial de la implementaci\u00f3n t\u00e9cnica. La arquitectura se dise\u00f1\u00f3 deliberadamente para ser \u00e1gil, escalable y aplicable a nivel global. Se desarrollaron los prototipos iniciales de la interfaz de usuario y el modelo de datos para la informaci\u00f3n de los ETF.<\/p>\n\n\n\n<h2 class=\"wp-block-heading\">Febrero de 2026 \u2013 Establecimiento de la IA<\/h2>\n\n\n\n<p>Comienzo del <a href=\"https:\/\/mueckinvest.com\/es\/mueckinvest-ki\/\" title=\"Mueckinvest KI\">integraci\u00f3n de IA<\/a> Con un enfoque en la experiencia explicativa genuina en lugar de respuestas gen\u00e9ricas. Desarrollo del flujo de trabajo RAG, incrustaciones iniciales y estructuras de bases de datos vectoriales. Paralelamente, se inici\u00f3 la planificaci\u00f3n para el soporte multiling\u00fce para el despliegue global.<\/p>\n\n\n\n<h2 class=\"wp-block-heading\">17 de marzo de 2026 \u2013 El lanzamiento se ha completado \ud83c\udf0d<\/h2>\n\n\n\n<p>El androide <a href=\"https:\/\/mueckinvest.com\/es\/aplicacion-android\/\" title=\"Aplicaci\u00f3n Mueckinvest\">Aplicaci\u00f3n Mueckinvest<\/a> Ya est\u00e1 en funcionamiento. Tras una intensa preparaci\u00f3n, la infraestructura global est\u00e1 lista, los servidores funcionan sin problemas y la IA ya est\u00e1 ofreciendo excelentes resultados.<\/p>\n<\/details>\n\n\n\n<details class=\"wp-block-details is-layout-flow wp-block-details-is-layout-flow\"><summary><strong>Planificaci\u00f3n \/ Hoja de ruta<\/strong><\/summary>\n<h2 class=\"wp-block-heading\">Abril \u2013 junio de 2026<\/h2>\n\n\n\n<p>Comienza el desarrollo de la versi\u00f3n nativa para iOS de \u201eMueckinvest\u201c + \u201eMueckinvest AI\u201c. El objetivo es crear una aplicaci\u00f3n estable, r\u00e1pida e intuitiva que complemente a la perfecci\u00f3n la experiencia web y de Android ya existente.<\/p>\n\n\n\n<p>Junto con la aplicaci\u00f3n para Android (\u201eMueckinvest\u201c), se lanzar\u00e1 la aplicaci\u00f3n independiente \u201eMueckinvest AI\u201c. Esta ofrece un chat especializado con inteligencia artificial sobre ETF, inversi\u00f3n a largo plazo y educaci\u00f3n financiera, optimizado para 20 idiomas y usuarios internacionales.<\/p>\n\n\n\n<h2 class=\"wp-block-heading\">A finales de 2026<\/h2>\n\n\n\n<p><strong>Estabilidad de la arquitectura<\/strong>Hasta finales de a\u00f1o, la prioridad ser\u00e1 seguir fortaleciendo la infraestructura t\u00e9cnica de Mueckinvest. La arquitectura actual de servidores y bases de datos se supervisar\u00e1, optimizar\u00e1 y probar\u00e1 continuamente en condiciones reales de uso. El objetivo es lograr una plataforma permanentemente estable, escalable y fiable para todos los mercados internacionales.<\/p>\n\n\n\n<p><strong>Correcci\u00f3n de errores en curso<\/strong>Con la creciente variedad de funciones y los comentarios iniciales de los usuarios, el an\u00e1lisis sistem\u00e1tico de errores es ahora la prioridad. Los errores detectados se corrigen con prontitud, se perfeccionan los procesos y se mejora a\u00fan m\u00e1s el rendimiento general de las aplicaciones.<\/p>\n\n\n\n<p><strong>Control de calidad y ajuste fino<\/strong>Adem\u00e1s de los ajustes t\u00e9cnicos, se optimizan continuamente los detalles de la interfaz de usuario, los tiempos de carga, la calidad de respuesta de la IA y la compatibilidad multiling\u00fce. El objetivo es transformar Mueckinvest en una plataforma de IA financiera estable, de funcionamiento fluido y con capacidad de implementaci\u00f3n internacional para finales de a\u00f1o.<\/p>\n<\/details>","protected":false},"excerpt":{"rendered":"<p>Warum ich meine Entwicklung offen zeige F\u00fcr mich ist es wichtig, transparent zu zeigen, wie sich Mueckinvest Schritt f\u00fcr Schritt entwickelt hat. Gerade im Finanzbereich z\u00e4hlt Vertrauen \u2013 und Vertrauen entsteht, wenn man nachvollziehen kann, wie ein Produkt entsteht, w\u00e4chst und sich verbessert. Deshalb dokumentiere ich meinen Weg seit 2025 und zeige klar, woran ich [&hellip;]<\/p>\n","protected":false},"author":1,"featured_media":0,"parent":0,"menu_order":0,"comment_status":"closed","ping_status":"closed","template":"","meta":{"pmpro_default_level":"","_monsterinsights_skip_tracking":false,"_monsterinsights_sitenote_active":false,"_monsterinsights_sitenote_note":"","_monsterinsights_sitenote_category":0,"footnotes":""},"class_list":["post-3984","page","type-page","status-publish","hentry","pmpro-has-access"],"aioseo_notices":[],"_links":{"self":[{"href":"https:\/\/mueckinvest.com\/es\/wp-json\/wp\/v2\/pages\/3984","targetHints":{"allow":["GET"]}}],"collection":[{"href":"https:\/\/mueckinvest.com\/es\/wp-json\/wp\/v2\/pages"}],"about":[{"href":"https:\/\/mueckinvest.com\/es\/wp-json\/wp\/v2\/types\/page"}],"author":[{"embeddable":true,"href":"https:\/\/mueckinvest.com\/es\/wp-json\/wp\/v2\/users\/1"}],"replies":[{"embeddable":true,"href":"https:\/\/mueckinvest.com\/es\/wp-json\/wp\/v2\/comments?post=3984"}],"version-history":[{"count":13,"href":"https:\/\/mueckinvest.com\/es\/wp-json\/wp\/v2\/pages\/3984\/revisions"}],"predecessor-version":[{"id":4021,"href":"https:\/\/mueckinvest.com\/es\/wp-json\/wp\/v2\/pages\/3984\/revisions\/4021"}],"wp:attachment":[{"href":"https:\/\/mueckinvest.com\/es\/wp-json\/wp\/v2\/media?parent=3984"}],"curies":[{"name":"wp","href":"https:\/\/api.w.org\/{rel}","templated":true}]}}