{"id":3984,"date":"2026-03-13T11:00:00","date_gmt":"2026-03-13T10:00:00","guid":{"rendered":"https:\/\/mueckinvest.com\/?page_id=3984"},"modified":"2026-03-17T17:00:00","modified_gmt":"2026-03-17T16:00:00","slug":"%e0%a6%97%e0%a6%b2%e0%a7%8d%e0%a6%aa","status":"publish","type":"page","link":"https:\/\/mueckinvest.com\/bn\/geschichte\/","title":{"rendered":"\u0987\u09a4\u09bf\u09b9\u09be\u09b8, \u0989\u09a8\u09cd\u09a8\u09af\u09bc\u09a8 \u098f\u09ac\u0982 \u09b0\u09cb\u09a1\u09ae\u09cd\u09af\u09be\u09aa"},"content":{"rendered":"<p><strong>\u0986\u09ae\u09bf \u0995\u09c7\u09a8 \u0996\u09cb\u09b2\u09be\u0996\u09c1\u09b2\u09bf\u09ad\u09be\u09ac\u09c7 \u0986\u09ae\u09be\u09b0 \u0989\u09a8\u09cd\u09a8\u09af\u09bc\u09a8 \u09aa\u09cd\u09b0\u0995\u09be\u09b6 \u0995\u09b0\u09bf<\/strong><\/p>\n\n\n\n<p>\u0986\u09ae\u09be\u09b0 \u099c\u09a8\u09cd\u09af, \u09ae\u09c1\u09af\u09bc\u09c7\u0995\u09bf\u09a8\u09ad\u09c7\u09b8\u09cd\u099f \u09a7\u09be\u09aa\u09c7 \u09a7\u09be\u09aa\u09c7 \u0995\u09c0\u09ad\u09be\u09ac\u09c7 \u09ac\u09bf\u0995\u09b6\u09bf\u09a4 \u09b9\u09af\u09bc\u09c7\u099b\u09c7 \u09a4\u09be \u09b8\u09cd\u09ac\u099a\u09cd\u099b\u09ad\u09be\u09ac\u09c7 \u09a6\u09c7\u0996\u09be\u09a8\u09cb \u0997\u09c1\u09b0\u09c1\u09a4\u09cd\u09ac\u09aa\u09c2\u09b0\u09cd\u09a3\u0964 \u09ac\u09bf\u09b6\u09c7\u09b7 \u0995\u09b0\u09c7 \u0986\u09b0\u09cd\u09a5\u09bf\u0995 \u0995\u09cd\u09b7\u09c7\u09a4\u09cd\u09b0\u09c7, \u0986\u09b8\u09cd\u09a5\u09be \u0985\u09a4\u09cd\u09af\u09a8\u09cd\u09a4 \u0997\u09c1\u09b0\u09c1\u09a4\u09cd\u09ac\u09aa\u09c2\u09b0\u09cd\u09a3 - \u098f\u09ac\u0982 \u0986\u09b8\u09cd\u09a5\u09be \u09a4\u0996\u09a8\u0987 \u09a4\u09c8\u09b0\u09bf \u09b9\u09af\u09bc \u09af\u0996\u09a8 \u0986\u09aa\u09a8\u09bf \u09ac\u09c1\u099d\u09a4\u09c7 \u09aa\u09be\u09b0\u09c7\u09a8 \u09af\u09c7 \u0995\u09c0\u09ad\u09be\u09ac\u09c7 \u098f\u0995\u099f\u09bf \u09aa\u09a3\u09cd\u09af \u09a4\u09c8\u09b0\u09bf \u09b9\u09af\u09bc, \u09ac\u09c3\u09a6\u09cd\u09a7\u09bf \u09aa\u09be\u09af\u09bc \u098f\u09ac\u0982 \u0989\u09a8\u09cd\u09a8\u09a4 \u09b9\u09af\u09bc\u0964 \u098f\u0987 \u0995\u09be\u09b0\u09a3\u09c7\u0987 \u0986\u09ae\u09bf \u09e8\u09e6\u09e8\u09eb \u09b8\u09be\u09b2 \u09a5\u09c7\u0995\u09c7 \u0986\u09ae\u09be\u09b0 \u09af\u09be\u09a4\u09cd\u09b0\u09be \u09a8\u09a5\u09bf\u09ad\u09c1\u0995\u09cd\u09a4 \u0995\u09b0\u099b\u09bf \u098f\u09ac\u0982 \u09b8\u09cd\u09aa\u09b7\u09cd\u099f\u09ad\u09be\u09ac\u09c7 \u09a6\u09c7\u0996\u09bf\u09af\u09bc\u09c7 \u09a6\u09bf\u099a\u09cd\u099b\u09bf \u09af\u09c7 \u0986\u09ae\u09bf \u0995\u09c0 \u09a8\u09bf\u09af\u09bc\u09c7 \u0995\u09be\u099c \u0995\u09b0\u099b\u09bf, \u0987\u09a4\u09bf\u09ae\u09a7\u09cd\u09af\u09c7 \u0995\u09c0 \u0985\u09b0\u09cd\u099c\u09a8 \u0995\u09b0\u09c7\u099b\u09bf \u098f\u09ac\u0982 \u09aa\u09b0\u09ac\u09b0\u09cd\u09a4\u09c0 \u09aa\u09a6\u0995\u09cd\u09b7\u09c7\u09aa\u0997\u09c1\u09b2\u09bf \u0995\u09c0\u0964.<\/p>\n\n\n\n<details class=\"wp-block-details is-layout-flow wp-block-details-is-layout-flow\"><summary><strong>2025<\/strong><\/summary>\n<h2 class=\"wp-block-heading\">\u0986\u0997\u09b8\u09cd\u099f \u09e8\u09e6\u09e8\u09eb \u2013 \u09ac\u09bf\u09b6\u09cd\u09b2\u09c7\u09b7\u09a3 \u09aa\u09b0\u09cd\u09ac: \u0989\u0987\u0995\u09bf\u09ab\u09cb\u09b2\u09bf\u0993\u0997\u09c1\u09b2\u09bf \u09ab\u09cb\u0995\u09be\u09b8\u09c7<\/h2>\n\n\n\n<p>\u09ae\u09c1\u09af\u09bc\u09c7\u0995\u09bf\u09a8\u09ad\u09c7\u09b8\u09cd\u099f\u09c7\u09b0 \u09b8\u09c2\u099a\u09a8\u09be \u09ac\u09bf\u09a8\u09cd\u09a6\u09c1\u0964 \u098f\u0987 \u09aa\u09b0\u09cd\u09af\u09be\u09af\u09bc\u09c7, \u0989\u0987\u0995\u09bf\u09ab\u09cb\u09b2\u09bf\u0993, \u09ac\u09bf\u09a8\u09bf\u09af\u09bc\u09cb\u0997 \u0995\u09cc\u09b6\u09b2 \u098f\u09ac\u0982 \u09ac\u09bf\u09a8\u09bf\u09af\u09bc\u09cb\u0997\u0995\u09be\u09b0\u09c0\u09a6\u09c7\u09b0 \u09b8\u09be\u09a7\u09be\u09b0\u09a3 \u09ad\u09c1\u09b2\u0997\u09c1\u09b2\u09bf\u09b0 \u09ac\u09bf\u09b6\u09a6 \u09ac\u09bf\u09b6\u09cd\u09b2\u09c7\u09b7\u09a3\u09c7\u09b0 \u0989\u09aa\u09b0 \u09a6\u09c3\u09b7\u09cd\u099f\u09bf \u09a8\u09bf\u09ac\u09a6\u09cd\u09a7 \u0995\u09b0\u09be \u09b9\u09af\u09bc\u09c7\u099b\u09bf\u09b2\u0964 \u0985\u09b0\u09cd\u099c\u09bf\u09a4 \u0985\u09a8\u09cd\u09a4\u09b0\u09cd\u09a6\u09c3\u09b7\u09cd\u099f\u09bf\u0997\u09c1\u09b2\u09bf \u098f\u0995\u099f\u09bf \u09b8\u09cd\u09aa\u09b7\u09cd\u099f, \u09ac\u09cb\u09a7\u0997\u09ae\u09cd\u09af \u098f\u09ac\u0982 \u09a6\u09c0\u09b0\u09cd\u0998\u09ae\u09c7\u09af\u09bc\u09be\u09a6\u09c0\u09ae\u09c1\u0996\u09c0 \u0986\u09b0\u09cd\u09a5\u09bf\u0995 \u09aa\u09cd\u09b2\u09cd\u09af\u09be\u099f\u09ab\u09b0\u09cd\u09ae\u09c7\u09b0 \u09aa\u09b0\u09ac\u09b0\u09cd\u09a4\u09c0 \u09a7\u09be\u09b0\u09a3\u09be\u09b0 \u09ad\u09bf\u09a4\u09cd\u09a4\u09bf \u09a4\u09c8\u09b0\u09bf \u0995\u09b0\u09c7\u099b\u09bf\u09b2\u0964.<\/p>\n\n\n\n<h2 class=\"wp-block-heading\">\u0985\u0995\u09cd\u099f\u09cb\u09ac\u09b0 \u09e8\u09e6\u09e8\u09eb \u2013 \u09aa\u09cd\u09b0\u09a5\u09ae \u0993\u09af\u09bc\u09c7\u09ac\u09b8\u09be\u0987\u099f \u098f\u09ac\u0982 \u09ac\u09cd\u09b0\u09cd\u09af\u09be\u09a8\u09cd\u09a1 \u09ac\u09bf\u09b2\u09cd\u09a1\u09bf\u0982<\/h2>\n\n\n\n<p>\u09ae\u09c1\u09af\u09bc\u09c7\u0995\u09bf\u09a8\u09ad\u09c7\u09b8\u09cd\u099f \u0993\u09af\u09bc\u09c7\u09ac\u09b8\u09be\u0987\u099f\u09c7\u09b0 \u09aa\u09cd\u09b0\u09a5\u09ae \u09b8\u0982\u09b8\u09cd\u0995\u09b0\u09a3\u099f\u09bf \u0985\u09a8\u09b2\u09be\u0987\u09a8\u09c7 \u099a\u09be\u09b2\u09c1 \u09b9\u09af\u09bc\u09c7\u099b\u09bf\u09b2\u0964 \u09b2\u0995\u09cd\u09b7\u09cd\u09af \u099b\u09bf\u09b2 \u0986\u09b0\u09cd\u09a5\u09bf\u0995 \u099c\u09cd\u099e\u09be\u09a8\u0995\u09c7 \u098f\u0995\u099f\u09bf \u0995\u09be\u09a0\u09be\u09ae\u09cb\u0997\u09a4 \u098f\u09ac\u0982 \u09ac\u09cb\u09a7\u0997\u09ae\u09cd\u09af \u0989\u09aa\u09be\u09af\u09bc\u09c7 \u0989\u09aa\u09b8\u09cd\u09a5\u09be\u09aa\u09a8 \u0995\u09b0\u09be\u0964 \u098f\u0995\u0987 \u09b8\u09be\u09a5\u09c7, \u09ac\u09cd\u09b0\u09cd\u09af\u09be\u09a8\u09cd\u09a1 \u09aa\u09b0\u09bf\u099a\u09af\u09bc\u099f\u09bf \u09ac\u09bf\u0995\u09b6\u09bf\u09a4 \u09b9\u09af\u09bc\u09c7\u099b\u09bf\u09b2: \u09a8\u09cd\u09af\u09c2\u09a8\u09a4\u09ae, \u09ac\u09be\u09b8\u09cd\u09a4\u09ac\u09b8\u09ae\u09cd\u09ae\u09a4 \u098f\u09ac\u0982 \u09a6\u09c0\u09b0\u09cd\u0998\u09ae\u09c7\u09af\u09bc\u09be\u09a6\u09c0 \u09b2\u0995\u09cd\u09b7\u09cd\u09af \u09a8\u09bf\u09af\u09bc\u09c7\u0964.<\/p>\n\n\n\n<h2 class=\"wp-block-heading\">\u09a1\u09bf\u09b8\u09c7\u09ae\u09cd\u09ac\u09b0 \u09e8\u09e6\u09e8\u09eb \u2013 \u09a5\u09bf\u09ae\u09cd\u09af\u09be\u099f\u09bf\u0995 \u09a1\u09bf\u09aa \u09a1\u09be\u0987\u09ad\u09b8<\/h2>\n\n\n\n<p>\u09ac\u09bf\u09b7\u09af\u09bc\u09ac\u09b8\u09cd\u09a4\u09c1 \u09a8\u09bf\u09af\u09bc\u09c7 \u09a8\u09bf\u09ac\u09bf\u09a1\u09bc \u0995\u09be\u099c \u09b6\u09c1\u09b0\u09c1 \u09b9\u09b2\u09cb\u0964 \u09ac\u09cd\u09af\u09be\u09aa\u0995 \u09aa\u09cd\u09b0\u0995\u09b2\u09cd\u09aa \u09a4\u09c8\u09b0\u09bf \u0995\u09b0\u09be \u09b9\u09b2\u09cb\u0964 <a href=\"https:\/\/mueckinvest.com\/bn\/%e0%a6%97%e0%a6%ad%e0%a7%80%e0%a6%b0-%e0%a6%a4%e0%a6%b2%e0%a6%bf%e0%a6%af%e0%a6%bc%e0%a7%87-%e0%a6%a6%e0%a7%87%e0%a6%96%e0%a6%be%e0%a6%b0-%e0%a6%ac%e0%a6%bf%e0%a6%b7%e0%a6%af%e0%a6%bc%e0%a6%97-2\/\" title=\"\u09ac\u09bf\u09b7\u09af\u09bc\u0997\u09c1\u09b2\u09bf \u0997\u09ad\u09c0\u09b0\u09ad\u09be\u09ac\u09c7 \u0985\u09a8\u09c1\u09b8\u09a8\u09cd\u09a7\u09be\u09a8 \u0995\u09b0\u09c1\u09a8\">\u0997\u09ad\u09c0\u09b0 \u09a1\u09c1\u09ac<\/a> \u0987\u099f\u09bf\u098f\u09ab, \u099d\u09c1\u0981\u0995\u09bf, \u09ac\u09c8\u099a\u09bf\u09a4\u09cd\u09b0\u09cd\u09af\u0995\u09b0\u09a3, <a href=\"https:\/\/mueckinvest.com\/bn\/%e0%a6%aa%e0%a7%81%e0%a6%a8%e0%a6%83%e0%a6%ad%e0%a6%be%e0%a6%b0%e0%a6%b8%e0%a6%be%e0%a6%ae%e0%a7%8d%e0%a6%af%e0%a6%95%e0%a6%b0%e0%a6%a3-2\/\" title=\"\u09aa\u09c1\u09a8\u0983\u09ad\u09be\u09b0\u09b8\u09be\u09ae\u09cd\u09af\u0995\u09b0\u09a3\">\u09aa\u09c1\u09a8\u0983\u09ad\u09be\u09b0\u09b8\u09be\u09ae\u09cd\u09af\u0995\u09b0\u09a3 <\/a>\u098f\u09ac\u0982 \u09a6\u09c0\u09b0\u09cd\u0998\u09ae\u09c7\u09af\u09bc\u09be\u09a6\u09c0 \u09ac\u09bf\u09a8\u09bf\u09af\u09bc\u09cb\u0997 \u0995\u09cc\u09b6\u09b2\u0964 \u098f\u0987 \u09ac\u09bf\u09b7\u09af\u09bc\u09ac\u09b8\u09cd\u09a4\u09c1\u099f\u09bf \u09aa\u09b0\u09ac\u09b0\u09cd\u09a4\u09c0\u09a4\u09c7 \u09ae\u09c1\u0995\u0987\u09a8\u09ad\u09c7\u09b8\u09cd\u099f \u098f\u0986\u0987-\u098f\u09b0 \u099c\u09cd\u099e\u09be\u09a8\u09ad\u09be\u09a8\u09cd\u09a1\u09be\u09b0 \u09b9\u09af\u09bc\u09c7 \u0993\u09a0\u09c7\u0964.<\/p>\n<\/details>\n\n\n\n<details class=\"wp-block-details is-layout-flow wp-block-details-is-layout-flow\"><summary><strong>2026<\/strong><\/summary>\n<h2 class=\"wp-block-heading\">\u099c\u09be\u09a8\u09c1\u09af\u09bc\u09be\u09b0\u09c0 \u09e8\u09e6\u09e8\u09ec \u2013 \u0985\u09cd\u09af\u09be\u09a8\u09cd\u09a1\u09cd\u09b0\u09af\u09bc\u09c7\u09a1 \u0985\u09cd\u09af\u09be\u09aa \u09a1\u09c7\u09ad\u09c7\u09b2\u09aa\u09ae\u09c7\u09a8\u09cd\u099f\u09c7\u09b0 \u09b8\u09c2\u099a\u09a8\u09be<\/h2>\n\n\n\n<p>\u0995\u09be\u09b0\u09bf\u0997\u09b0\u09bf \u09ac\u09be\u09b8\u09cd\u09a4\u09ac\u09be\u09af\u09bc\u09a8\u09c7\u09b0 \u0986\u09a8\u09c1\u09b7\u09cd\u09a0\u09be\u09a8\u09bf\u0995 \u09b8\u09c2\u099a\u09a8\u09be\u0964 \u09b8\u09cd\u09a5\u09be\u09aa\u09a4\u09cd\u09af\u099f\u09bf \u0987\u099a\u09cd\u099b\u09be\u0995\u09c3\u09a4\u09ad\u09be\u09ac\u09c7 \u098f\u09ae\u09a8\u09ad\u09be\u09ac\u09c7 \u09a1\u09bf\u099c\u09be\u0987\u09a8 \u0995\u09b0\u09be \u09b9\u09af\u09bc\u09c7\u099b\u09bf\u09b2 \u09af\u09be\u09a4\u09c7 \u098f\u099f\u09bf \u09b8\u09b9\u099c, \u09b8\u09cd\u0995\u09c7\u09b2\u09c7\u09ac\u09b2 \u098f\u09ac\u0982 \u09ac\u09bf\u09b6\u09cd\u09ac\u09ac\u09cd\u09af\u09be\u09aa\u09c0 \u09aa\u09cd\u09b0\u09af\u09cb\u099c\u09cd\u09af \u09b9\u09af\u09bc\u0964 \u09aa\u09cd\u09b0\u09be\u09a5\u09ae\u09bf\u0995 UI \u09aa\u09cd\u09b0\u09cb\u099f\u09cb\u099f\u09be\u0987\u09aa \u098f\u09ac\u0982 ETF \u09a4\u09a5\u09cd\u09af\u09c7\u09b0 \u099c\u09a8\u09cd\u09af \u09a1\u09c7\u099f\u09be \u09ae\u09a1\u09c7\u09b2 \u09a4\u09c8\u09b0\u09bf \u0995\u09b0\u09be \u09b9\u09af\u09bc\u09c7\u099b\u09bf\u09b2\u0964.<\/p>\n\n\n\n<h2 class=\"wp-block-heading\">\u09ab\u09c7\u09ac\u09cd\u09b0\u09c1\u09af\u09bc\u09be\u09b0\u09c0 \u09e8\u09e6\u09e8\u09ec \u2013 \u098f\u0986\u0987 \u09aa\u09cd\u09b0\u09a4\u09bf\u09b7\u09cd\u09a0\u09be<\/h2>\n\n\n\n<p>\u09b6\u09c1\u09b0\u09c1 <a href=\"https:\/\/mueckinvest.com\/bn\/%e0%a6%ae%e0%a7%81%e0%a6%af%e0%a6%bc%e0%a7%87%e0%a6%95%e0%a6%bf%e0%a6%a8%e0%a7%87%e0%a6%b8%e0%a7%8d%e0%a6%9f-%e0%a6%95%e0%a6%bf\/\" title=\"\u09ae\u09c1\u09af\u09bc\u09c7\u0995\u09bf\u09a8\u09c7\u09b8\u09cd\u099f \u098f\u0986\u0987\">\u098f\u0986\u0987 \u0987\u09a8\u09cd\u099f\u09bf\u0997\u09cd\u09b0\u09c7\u09b6\u09a8<\/a> \u09b8\u09be\u09a7\u09be\u09b0\u09a3 \u0989\u09a4\u09cd\u09a4\u09b0\u09c7\u09b0 \u09aa\u09b0\u09bf\u09ac\u09b0\u09cd\u09a4\u09c7 \u09aa\u09cd\u09b0\u0995\u09c3\u09a4 \u09ac\u09cd\u09af\u09be\u0996\u09cd\u09af\u09be\u09ae\u09c2\u09b2\u0995 \u09a6\u0995\u09cd\u09b7\u09a4\u09be\u09b0 \u0989\u09aa\u09b0 \u0997\u09c1\u09b0\u09c1\u09a4\u09cd\u09ac \u09a6\u09bf\u09af\u09bc\u09c7\u0964 RAG \u09aa\u09be\u0987\u09aa\u09b2\u09be\u0987\u09a8, \u09aa\u09cd\u09b0\u09be\u09a5\u09ae\u09bf\u0995 \u098f\u09ae\u09ac\u09c7\u09a1\u09bf\u0982 \u098f\u09ac\u0982 \u09ad\u09c7\u0995\u09cd\u099f\u09b0 \u09a1\u09c7\u099f\u09be\u09ac\u09c7\u09b8 \u0995\u09be\u09a0\u09be\u09ae\u09cb\u09b0 \u0989\u09a8\u09cd\u09a8\u09af\u09bc\u09a8\u0964 \u098f\u09b0 \u09aa\u09be\u09b6\u09be\u09aa\u09be\u09b6\u09bf, \u09ac\u09bf\u09b6\u09cd\u09ac\u09ac\u09cd\u09af\u09be\u09aa\u09c0 \u09b8\u09cd\u09a5\u09be\u09aa\u09a8\u09c7\u09b0 \u099c\u09a8\u09cd\u09af \u09ac\u09b9\u09c1\u09ad\u09be\u09b7\u09bf\u0995 \u09b8\u09ae\u09b0\u09cd\u09a5\u09a8\u09c7\u09b0 \u09aa\u09b0\u09bf\u0995\u09b2\u09cd\u09aa\u09a8\u09be \u09b6\u09c1\u09b0\u09c1 \u09b9\u09af\u09bc\u0964.<\/p>\n\n\n\n<h2 class=\"wp-block-heading\">\u09e7\u09ed\u0987 \u09ae\u09be\u09b0\u09cd\u099a, \u09e8\u09e6\u09e8\u09ec \u2013 \u0989\u09ce\u0995\u09cd\u09b7\u09c7\u09aa\u09a3 \u09b8\u09ae\u09cd\u09aa\u09a8\u09cd\u09a8 \u09b9\u09af\u09bc\u09c7\u099b\u09c7 \ud83c\udf0d<\/h2>\n\n\n\n<p>\u0985\u09cd\u09af\u09be\u09a8\u09cd\u09a1\u09cd\u09b0\u09af\u09bc\u09c7\u09a1 <a href=\"https:\/\/mueckinvest.com\/bn\/%e0%a6%85%e0%a7%8d%e0%a6%af%e0%a6%be%e0%a6%a8%e0%a7%8d%e0%a6%a1%e0%a7%8d%e0%a6%b0%e0%a6%af%e0%a6%bc%e0%a7%87%e0%a6%a1-%e0%a6%85%e0%a7%8d%e0%a6%af%e0%a6%be%e0%a6%aa\/\" title=\"Mueckinvest \u0985\u09cd\u09af\u09be\u09aa\">Mueckinvest \u0985\u09cd\u09af\u09be\u09aa<\/a> \u098f\u099f\u09bf \u098f\u0996\u09a8 \u099a\u09be\u09b2\u09c1 \u09b9\u09af\u09bc\u09c7\u099b\u09c7\u0964 \u09a8\u09bf\u09ac\u09bf\u09a1\u09bc \u09aa\u09cd\u09b0\u09b8\u09cd\u09a4\u09c1\u09a4\u09bf\u09b0 \u09aa\u09b0 \u09ac\u09c8\u09b6\u09cd\u09ac\u09bf\u0995 \u09aa\u09b0\u09bf\u0995\u09be\u09a0\u09be\u09ae\u09cb \u09aa\u09cd\u09b0\u09b8\u09cd\u09a4\u09c1\u09a4, \u09b8\u09be\u09b0\u09cd\u09ad\u09be\u09b0\u0997\u09c1\u09b2\u09cb \u09a8\u09bf\u09b0\u09cd\u09ac\u09bf\u0998\u09cd\u09a8\u09c7 \u099a\u09b2\u099b\u09c7 \u098f\u09ac\u0982 \u098f\u0986\u0987 \u0987\u09a4\u09bf\u09ae\u09a7\u09cd\u09af\u09c7\u0987 \u09b6\u0995\u09cd\u09a4\u09bf\u09b6\u09be\u09b2\u09c0 \u09ab\u09b2\u09be\u09ab\u09b2 \u09a6\u09bf\u099a\u09cd\u099b\u09c7\u0964.<\/p>\n<\/details>\n\n\n\n<details class=\"wp-block-details is-layout-flow wp-block-details-is-layout-flow\"><summary><strong>\u09aa\u09b0\u09bf\u0995\u09b2\u09cd\u09aa\u09a8\u09be \/ \u09b0\u09cb\u09a1\u09ae\u09cd\u09af\u09be\u09aa<\/strong><\/summary>\n<h2 class=\"wp-block-heading\">\u098f\u09aa\u09cd\u09b0\u09bf\u09b2 \u2013 \u099c\u09c1\u09a8 \u09e8\u09e6\u09e8\u09ec<\/h2>\n\n\n\n<p>&quot;Mueckinvest&quot; + &quot;Mueckinvest AI&quot; \u098f\u09b0 \u09a8\u09c7\u099f\u09bf\u09ad iOS \u09b8\u0982\u09b8\u09cd\u0995\u09b0\u09a3\u09c7 \u09a1\u09c7\u09ad\u09c7\u09b2\u09aa\u09ae\u09c7\u09a8\u09cd\u099f \u09b6\u09c1\u09b0\u09c1 \u09b9\u09af\u09bc\u0964 \u09b2\u0995\u09cd\u09b7\u09cd\u09af \u09b9\u09b2 \u098f\u0995\u099f\u09bf \u09b8\u09cd\u09a5\u09bf\u09a4\u09bf\u09b6\u09c0\u09b2, \u09a6\u09cd\u09b0\u09c1\u09a4 \u098f\u09ac\u0982 \u09b8\u09cd\u09ac\u099c\u09cd\u099e\u09be\u09a4 \u0985\u09cd\u09af\u09be\u09aa \u09af\u09be \u09ac\u09bf\u09a6\u09cd\u09af\u09ae\u09be\u09a8 \u0993\u09af\u09bc\u09c7\u09ac \u098f\u09ac\u0982 \u0985\u09cd\u09af\u09be\u09a8\u09cd\u09a1\u09cd\u09b0\u09af\u09bc\u09c7\u09a1 \u0985\u09ad\u09bf\u099c\u09cd\u099e\u09a4\u09be\u09b0 \u09b8\u09ae\u09cd\u09aa\u09c2\u09b0\u09cd\u09a3 \u09aa\u09b0\u09bf\u09aa\u09c2\u09b0\u0995\u0964.<\/p>\n\n\n\n<p>\u0985\u09cd\u09af\u09be\u09a8\u09cd\u09a1\u09cd\u09b0\u09af\u09bc\u09c7\u09a1 \u0985\u09cd\u09af\u09be\u09aa (\u201eMueckinvest\u201c)-\u098f\u09b0 \u09aa\u09be\u09b6\u09be\u09aa\u09be\u09b6\u09bf \u09b8\u09cd\u09ac\u09a4\u09a8\u09cd\u09a4\u09cd\u09b0 \u201eMueckinvest AI\u201c \u0985\u09cd\u09af\u09be\u09aa\u099f\u09bf\u0993 \u09aa\u09cd\u09b0\u0995\u09be\u09b6 \u0995\u09b0\u09be \u09b9\u09ac\u09c7\u0964 \u098f\u099f\u09bf\u09a4\u09c7 \u0987\u099f\u09bf\u098f\u09ab, \u09a6\u09c0\u09b0\u09cd\u0998\u09ae\u09c7\u09af\u09bc\u09be\u09a6\u09c0 \u09ac\u09bf\u09a8\u09bf\u09af\u09bc\u09cb\u0997 \u098f\u09ac\u0982 \u0986\u09b0\u09cd\u09a5\u09bf\u0995 \u09b6\u09bf\u0995\u09cd\u09b7\u09be \u09ac\u09bf\u09b7\u09af\u09bc\u09c7 \u098f\u0995\u099f\u09bf \u09ac\u09bf\u09b6\u09c7\u09b7\u09be\u09af\u09bc\u09bf\u09a4 \u098f\u0986\u0987 \u099a\u09cd\u09af\u09be\u099f \u09aa\u09b0\u09bf\u09b7\u09c7\u09ac\u09be \u09b0\u09af\u09bc\u09c7\u099b\u09c7 \u2013 \u09af\u09be \u09e8\u09e6\u099f\u09bf \u09ad\u09be\u09b7\u09be \u098f\u09ac\u0982 \u0986\u09a8\u09cd\u09a4\u09b0\u09cd\u099c\u09be\u09a4\u09bf\u0995 \u09ac\u09cd\u09af\u09ac\u09b9\u09be\u09b0\u0995\u09be\u09b0\u09c0\u09a6\u09c7\u09b0 \u099c\u09a8\u09cd\u09af \u0985\u09aa\u09cd\u099f\u09bf\u09ae\u09be\u0987\u099c \u0995\u09b0\u09be \u09b9\u09af\u09bc\u09c7\u099b\u09c7\u0964.<\/p>\n\n\n\n<h2 class=\"wp-block-heading\">\u09e8\u09e6\u09e8\u09ec \u09b8\u09be\u09b2\u09c7\u09b0 \u09b6\u09c7\u09b7 \u09a8\u09be\u0997\u09be\u09a6<\/h2>\n\n\n\n<p><strong>\u09b8\u09cd\u09a5\u09be\u09aa\u09a4\u09cd\u09af\u09c7\u09b0 \u09b8\u09cd\u09a5\u09bf\u09a4\u09bf\u09b6\u09c0\u09b2\u09a4\u09be<\/strong>\u09ac\u099b\u09b0\u09c7\u09b0 \u09b6\u09c7\u09b7 \u09a8\u09be\u0997\u09be\u09a6, \u09ae\u09c1\u09af\u09bc\u09c7\u0995\u09bf\u09a8\u09ad\u09c7\u09b8\u09cd\u099f\u09c7\u09b0 \u09aa\u09cd\u09b0\u09af\u09c1\u0995\u09cd\u09a4\u09bf\u0997\u09a4 \u09ad\u09bf\u09a4\u09cd\u09a4\u09bf \u0986\u09b0\u0993 \u09b6\u0995\u09cd\u09a4\u09bf\u09b6\u09be\u09b2\u09c0 \u0995\u09b0\u09be\u09b0 \u0989\u09aa\u09b0 \u099c\u09cb\u09b0 \u09a6\u09c7\u0993\u09af\u09bc\u09be \u09b9\u09ac\u09c7\u0964 \u09ac\u09bf\u09a6\u09cd\u09af\u09ae\u09be\u09a8 \u09b8\u09be\u09b0\u09cd\u09ad\u09be\u09b0 \u098f\u09ac\u0982 \u09a1\u09be\u099f\u09be\u09ac\u09c7\u09b8 \u0986\u09b0\u09cd\u0995\u09bf\u099f\u09c7\u0995\u099a\u09be\u09b0\u099f\u09bf \u09ac\u09be\u09b8\u09cd\u09a4\u09ac-\u09ac\u09bf\u09b6\u09cd\u09ac\u09c7\u09b0 \u09ac\u09cd\u09af\u09ac\u09b9\u09be\u09b0\u0995\u09be\u09b0\u09c0\u09b0 \u0985\u09ac\u09b8\u09cd\u09a5\u09be\u09b0 \u0985\u09a7\u09c0\u09a8\u09c7 \u0995\u09cd\u09b0\u09ae\u09be\u0997\u09a4 \u09aa\u09b0\u09cd\u09af\u09ac\u09c7\u0995\u09cd\u09b7\u09a3, \u0985\u09aa\u09cd\u099f\u09bf\u09ae\u09be\u0987\u099c \u098f\u09ac\u0982 \u09aa\u09b0\u09c0\u0995\u09cd\u09b7\u09be \u0995\u09b0\u09be \u09b9\u09ac\u09c7\u0964 \u09b2\u0995\u09cd\u09b7\u09cd\u09af \u09b9\u09b2 \u09b8\u09ae\u09b8\u09cd\u09a4 \u0986\u09a8\u09cd\u09a4\u09b0\u09cd\u099c\u09be\u09a4\u09bf\u0995 \u09ac\u09be\u099c\u09be\u09b0\u09c7\u09b0 \u099c\u09a8\u09cd\u09af \u098f\u0995\u099f\u09bf \u09b8\u09cd\u09a5\u09be\u09af\u09bc\u09c0\u09ad\u09be\u09ac\u09c7 \u09b8\u09cd\u09a5\u09bf\u09a4\u09bf\u09b6\u09c0\u09b2, \u09b8\u09cd\u0995\u09c7\u09b2\u09c7\u09ac\u09b2 \u098f\u09ac\u0982 \u09a8\u09bf\u09b0\u09cd\u09ad\u09b0\u09af\u09cb\u0997\u09cd\u09af \u09aa\u09cd\u09b2\u09cd\u09af\u09be\u099f\u09ab\u09b0\u09cd\u09ae\u0964.<\/p>\n\n\n\n<p><strong>\u099a\u09b2\u09ae\u09be\u09a8 \u09ac\u09be\u0997 \u09b8\u0982\u09b6\u09cb\u09a7\u09a8<\/strong>\u0995\u09cd\u09b0\u09ae\u09ac\u09b0\u09cd\u09a7\u09ae\u09be\u09a8 \u09ab\u09be\u0982\u09b6\u09a8 \u098f\u09ac\u0982 \u09aa\u09cd\u09b0\u09be\u09a5\u09ae\u09bf\u0995 \u09ac\u09cd\u09af\u09ac\u09b9\u09be\u09b0\u0995\u09be\u09b0\u09c0\u09b0 \u09aa\u09cd\u09b0\u09a4\u09bf\u0995\u09cd\u09b0\u09bf\u09af\u09bc\u09be\u09b0 \u09b8\u09be\u09a5\u09c7, \u09aa\u09a6\u09cd\u09a7\u09a4\u09bf\u0997\u09a4 \u09a4\u09cd\u09b0\u09c1\u099f\u09bf \u09ac\u09bf\u09b6\u09cd\u09b2\u09c7\u09b7\u09a3 \u098f\u0996\u09a8 \u09ab\u09cb\u0995\u09be\u09b8\u0964 \u099a\u09bf\u09b9\u09cd\u09a8\u09bf\u09a4 \u09ac\u09be\u0997\u0997\u09c1\u09b2\u09bf \u09a6\u09cd\u09b0\u09c1\u09a4 \u09b8\u0982\u09b6\u09cb\u09a7\u09a8 \u0995\u09b0\u09be \u09b9\u09af\u09bc, \u09aa\u09cd\u09b0\u0995\u09cd\u09b0\u09bf\u09af\u09bc\u09be\u0997\u09c1\u09b2\u09bf \u09aa\u09b0\u09bf\u09ae\u09be\u09b0\u09cd\u099c\u09bf\u09a4 \u0995\u09b0\u09be \u09b9\u09af\u09bc \u098f\u09ac\u0982 \u0985\u09cd\u09af\u09be\u09aa\u0997\u09c1\u09b2\u09bf\u09b0 \u09b8\u09be\u09ae\u0997\u09cd\u09b0\u09bf\u0995 \u0995\u09b0\u09cd\u09ae\u0995\u09cd\u09b7\u09ae\u09a4\u09be \u0986\u09b0\u0993 \u0989\u09a8\u09cd\u09a8\u09a4 \u0995\u09b0\u09be \u09b9\u09af\u09bc\u0964.<\/p>\n\n\n\n<p><strong>\u0997\u09c1\u09a3\u09ae\u09be\u09a8 \u09a8\u09bf\u09b6\u09cd\u099a\u09bf\u09a4\u0995\u09b0\u09a3 \u098f\u09ac\u0982 \u09b8\u09c2\u0995\u09cd\u09b7\u09cd\u09ae \u09b8\u09ae\u09a8\u09cd\u09ac\u09af\u09bc<\/strong>\u09aa\u09cd\u09b0\u09af\u09c1\u0995\u09cd\u09a4\u09bf\u0997\u09a4 \u09b8\u09ae\u09a8\u09cd\u09ac\u09af\u09bc\u09c7\u09b0 \u09aa\u09be\u09b6\u09be\u09aa\u09be\u09b6\u09bf, UI \u09ac\u09bf\u09ac\u09b0\u09a3, \u09b2\u09cb\u09a1\u09bf\u0982 \u09b8\u09ae\u09af\u09bc, AI \u09aa\u09cd\u09b0\u09a4\u09bf\u0995\u09cd\u09b0\u09bf\u09af\u09bc\u09be\u09b0 \u09ae\u09be\u09a8 \u098f\u09ac\u0982 \u09ac\u09b9\u09c1\u09ad\u09be\u09b7\u09bf\u0995 \u09b8\u09b9\u09be\u09af\u09bc\u09a4\u09be \u0995\u09cd\u09b0\u09ae\u09be\u0997\u09a4 \u0985\u09aa\u09cd\u099f\u09bf\u09ae\u09be\u0987\u099c \u0995\u09b0\u09be \u09b9\u099a\u09cd\u099b\u09c7\u0964 \u09ac\u099b\u09b0\u09c7\u09b0 \u09b6\u09c7\u09b7 \u09a8\u09be\u0997\u09be\u09a6 Mueckinvest \u0995\u09c7 \u098f\u0995\u099f\u09bf \u09b8\u09cd\u09a5\u09bf\u09a4\u09bf\u09b6\u09c0\u09b2, \u09b8\u09c1\u099a\u09be\u09b0\u09c1\u09ad\u09be\u09ac\u09c7 \u0995\u09be\u09b0\u09cd\u09af\u0995\u09b0\u09c0 \u098f\u09ac\u0982 \u0986\u09a8\u09cd\u09a4\u09b0\u09cd\u099c\u09be\u09a4\u09bf\u0995\u09ad\u09be\u09ac\u09c7 \u09b8\u09cd\u09a5\u09be\u09aa\u09a8\u09af\u09cb\u0997\u09cd\u09af \u0986\u09b0\u09cd\u09a5\u09bf\u0995 AI \u09aa\u09cd\u09b2\u09cd\u09af\u09be\u099f\u09ab\u09b0\u09cd\u09ae\u09c7 \u09b0\u09c2\u09aa\u09be\u09a8\u09cd\u09a4\u09b0\u09bf\u09a4 \u0995\u09b0\u09be\u09b0 \u0989\u09aa\u09b0 \u099c\u09cb\u09b0 \u09a6\u09c7\u0993\u09af\u09bc\u09be \u09b9\u099a\u09cd\u099b\u09c7\u0964.<\/p>\n<\/details>","protected":false},"excerpt":{"rendered":"<p>Warum ich meine Entwicklung offen zeige F\u00fcr mich ist es wichtig, transparent zu zeigen, wie sich Mueckinvest Schritt f\u00fcr Schritt entwickelt hat. Gerade im Finanzbereich z\u00e4hlt Vertrauen \u2013 und Vertrauen entsteht, wenn man nachvollziehen kann, wie ein Produkt entsteht, w\u00e4chst und sich verbessert. Deshalb dokumentiere ich meinen Weg seit 2025 und zeige klar, woran ich [&hellip;]<\/p>\n","protected":false},"author":1,"featured_media":0,"parent":0,"menu_order":0,"comment_status":"closed","ping_status":"closed","template":"","meta":{"pmpro_default_level":"","_monsterinsights_skip_tracking":false,"_monsterinsights_sitenote_active":false,"_monsterinsights_sitenote_note":"","_monsterinsights_sitenote_category":0,"footnotes":""},"class_list":["post-3984","page","type-page","status-publish","hentry","pmpro-has-access"],"aioseo_notices":[],"_links":{"self":[{"href":"https:\/\/mueckinvest.com\/bn\/wp-json\/wp\/v2\/pages\/3984","targetHints":{"allow":["GET"]}}],"collection":[{"href":"https:\/\/mueckinvest.com\/bn\/wp-json\/wp\/v2\/pages"}],"about":[{"href":"https:\/\/mueckinvest.com\/bn\/wp-json\/wp\/v2\/types\/page"}],"author":[{"embeddable":true,"href":"https:\/\/mueckinvest.com\/bn\/wp-json\/wp\/v2\/users\/1"}],"replies":[{"embeddable":true,"href":"https:\/\/mueckinvest.com\/bn\/wp-json\/wp\/v2\/comments?post=3984"}],"version-history":[{"count":13,"href":"https:\/\/mueckinvest.com\/bn\/wp-json\/wp\/v2\/pages\/3984\/revisions"}],"predecessor-version":[{"id":4021,"href":"https:\/\/mueckinvest.com\/bn\/wp-json\/wp\/v2\/pages\/3984\/revisions\/4021"}],"wp:attachment":[{"href":"https:\/\/mueckinvest.com\/bn\/wp-json\/wp\/v2\/media?parent=3984"}],"curies":[{"name":"wp","href":"https:\/\/api.w.org\/{rel}","templated":true}]}}