{"id":380,"date":"2025-10-09T10:03:20","date_gmt":"2025-10-09T10:03:20","guid":{"rendered":"https:\/\/mueckinvest.de\/?page_id=380"},"modified":"2026-01-05T07:00:00","modified_gmt":"2026-01-05T06:00:00","slug":"%e0%a6%95%e0%a7%8b%e0%a6%b0%e0%a6%89%e0%a6%87%e0%a6%95%e0%a6%bf%e0%a6%ab%e0%a7%8b%e0%a6%b2%e0%a6%bf%e0%a6%93-%e0%a6%a4%e0%a7%81%e0%a6%b2%e0%a6%a8%e0%a6%be-2","status":"publish","type":"page","link":"https:\/\/mueckinvest.com\/bn\/kernwikifolio-vergleich\/","title":{"rendered":"\u09ae\u09c2\u09b2 \u0989\u0987\u0995\u09bf\u09ab\u09cb\u09b2\u09bf\u0993\u0997\u09c1\u09b2\u09bf\u09b0 \u09a4\u09c1\u09b2\u09a8\u09be"},"content":{"rendered":"<div class=\"tabelle-vollbild\">\n  <table class=\"info-tabelle vergleich has-fixed-layout\">\n    <thead>\n      <tr>\n        <th class=\"kategorie\">\u09ac\u09bf\u09ad\u09be\u0997<\/th>\n        <th class=\"wikifolio\">\n          <a href=\"https:\/\/mueckinvest.com\/bn\/%e0%a6%ac%e0%a6%bf%e0%a6%b6%e0%a7%8d%e0%a6%ac%e0%a6%ac%e0%a7%8d%e0%a6%af%e0%a6%be%e0%a6%aa%e0%a7%80-%e0%a6%b8%e0%a7%8d%e0%a6%ae%e0%a6%be%e0%a6%b0%e0%a7%8d%e0%a6%9f-%e0%a6%ac%e0%a6%bf%e0%a6%a8%e0%a6%bf-2\/\" target=\"_blank\" rel=\"noopener\">\n            \u09ac\u09bf\u09b6\u09cd\u09ac\u09ac\u09cd\u09af\u09be\u09aa\u09c0 \u09b8\u09cd\u09ae\u09be\u09b0\u09cd\u099f \u09ac\u09bf\u09a8\u09bf\u09af\u09bc\u09cb\u0997\n          <\/a>\n        <\/th>\n        <th class=\"wikifolio\">\n          <a href=\"https:\/\/mueckinvest.com\/bn\/%e0%a6%ac%e0%a6%bf%e0%a6%b6%e0%a7%8d%e0%a6%ac%e0%a6%ac%e0%a7%8d%e0%a6%af%e0%a6%be%e0%a6%aa%e0%a7%80-%e0%a6%ae%e0%a7%82%e0%a6%b2-%e0%a6%8f%e0%a6%ac%e0%a6%82-%e0%a6%aa%e0%a7%8d%e0%a6%b0%e0%a6%ac-2\/\" target=\"_blank\" rel=\"noopener\">\n            \u09ac\u09bf\u09b6\u09cd\u09ac\u09ac\u09cd\u09af\u09be\u09aa\u09c0 \u09ae\u09c2\u09b2 \u098f\u09ac\u0982 \u09aa\u09cd\u09b0\u09ac\u09a3\u09a4\u09be\n          <\/a>\n        <\/th>\n        <th class=\"wikifolio\">\n          <a href=\"https:\/\/mueckinvest.com\/bn\/%e0%a6%97%e0%a7%8d%e0%a6%b2%e0%a7%8b%e0%a6%ac%e0%a6%be%e0%a6%b2-%e0%a6%b6%e0%a6%bf%e0%a6%b2%e0%a7%8d%e0%a6%a1-2\/\" target=\"_blank\" rel=\"noopener\">\n            \u0997\u09cd\u09b2\u09cb\u09ac\u09be\u09b2 \u09b6\u09bf\u09b2\u09cd\u09a1\n          <\/a>\n        <\/th>\n      <\/tr>\n    <\/thead>\n\n    <tbody>\n      <tr>\n        <td class=\"highlight\">\u09b8\u09be\u09b0\u09bf\u09ac\u09a6\u09cd\u09a7\u0995\u09b0\u09a3<\/td>\n        <td>ESG, \u09ae\u09be\u09b2\u09cd\u099f\u09bf\u09ab\u09cd\u09af\u09be\u0995\u09cd\u099f\u09b0 \u098f\u09ac\u0982 \u0995\u09cd\u09b0\u09bf\u09aa\u09cd\u099f\u09cb \u09b8\u09b9 \u09ac\u09bf\u09b6\u09cd\u09ac\u09ac\u09cd\u09af\u09be\u09aa\u09c0 \u09ae\u09be\u09b2\u09cd\u099f\u09bf-\u0985\u09cd\u09af\u09be\u09b8\u09c7\u099f<\/td>\n        <td>\u09ac\u09bf\u09b6\u09c1\u09a6\u09cd\u09a7 \u0987\u0995\u09c1\u0987\u099f\u09bf \u09aa\u09cb\u09b0\u09cd\u099f\u09ab\u09cb\u09b2\u09bf\u0993 \u098f\u09ac\u0982 \u09ab\u09cd\u09af\u09be\u0995\u09cd\u099f\u09b0 \u0995\u09cc\u09b6\u09b2<\/td>\n        <td>\u09ac\u09a8\u09cd\u09a1, \u09aa\u09a3\u09cd\u09af \u098f\u09ac\u0982 \u09b8\u09cb\u09a8\u09be\u09b0 \u0989\u09aa\u09b0 \u09a6\u09c3\u09b7\u09cd\u099f\u09bf \u09a8\u09bf\u09ac\u09a6\u09cd\u09a7 \u0995\u09b0\u09c7 \u09aa\u09cd\u09b0\u09a4\u09bf\u09b0\u0995\u09cd\u09b7\u09be\u09ae\u09c2\u09b2\u0995 \u09ac\u09b9\u09c1-\u09b8\u09ae\u09cd\u09aa\u09a6 \u09aa\u09cb\u09b0\u09cd\u099f\u09ab\u09cb\u09b2\u09bf\u0993<\/td>\n      <\/tr>\n\n      <tr>\n        <td class=\"highlight\">\u099d\u09c1\u0981\u0995\u09bf \u09b6\u09cd\u09b0\u09c7\u09a3\u09c0<\/td>\n        <td class=\"risiko-ausgewogen\">\u09b8\u09c1\u09b7\u09ae<\/td>\n        <td class=\"risiko-chancenorientiert\">\u09b8\u09c1\u09af\u09cb\u0997-\u0995\u09c7\u09a8\u09cd\u09a6\u09cd\u09b0\u09bf\u0995<\/td>\n        <td class=\"risiko-defensiv\">\u09aa\u09cd\u09b0\u09a4\u09bf\u09b0\u0995\u09cd\u09b7\u09be\u09ae\u09c2\u09b2\u0995<\/td>\n      <\/tr>\n\n      <tr>\n        <td class=\"highlight\">\u09aa\u09be\u09b0\u09ab\u09b0\u09cd\u09ae\u09c7\u09a8\u09cd\u09b8 \u09ab\u09bf<\/td>\n        <td>10%<\/td>\n        <td>10%<\/td>\n        <td>15%<\/td>\n      <\/tr>\n\n      <tr>\n        <td class=\"highlight\">\u09ac\u09bf\u09a8\u09bf\u09af\u09bc\u09cb\u0997 \u099c\u0997\u09ce<\/td>\n        <td>Wikifolio.com-\u098f \u0989\u09aa\u09b2\u09ac\u09cd\u09a7 \u09b8\u0995\u09b2 ETF<\/td>\n        <td>Wikifolio.com-\u098f \u0989\u09aa\u09b2\u09ac\u09cd\u09a7 \u09b8\u0995\u09b2 \u0987\u0995\u09cd\u09af\u09c1\u0987\u099f\u09bf ETF<\/td>\n        <td>Wikifolio.com-\u098f \u0989\u09aa\u09b2\u09ac\u09cd\u09a7 \u09b8\u0995\u09b2 ETF<\/td>\n      <\/tr>\n\n      <tr>\n        <td class=\"highlight\">\u09aa\u09c1\u09a8\u0983\u09ad\u09be\u09b0\u09b8\u09be\u09ae\u09cd\u09af\u0995\u09b0\u09a3<\/td>\n        <td>\u09a4\u09cd\u09b0\u09c8\u09ae\u09be\u09b8\u09bf\u0995<\/td>\n        <td>\u09a4\u09cd\u09b0\u09c8\u09ae\u09be\u09b8\u09bf\u0995<\/td>\n        <td>\u09a4\u09cd\u09b0\u09c8\u09ae\u09be\u09b8\u09bf\u0995<\/td>\n      <\/tr>\n\n      <tr>\n        <td class=\"highlight\">\u09b6\u09c7\u09af\u09bc\u09be\u09b0<\/td>\n        <td>~ \u09ec\u09e6 \u09e7\u099f\u09bf\u09aa\u09bf\u09e9\u099f\u09bf (\u0987\u098f\u09b8\u099c\u09bf + \u09ae\u09be\u09b2\u09cd\u099f\u09bf\u09ab\u09cd\u09af\u09be\u0995\u09cd\u099f\u09b0)<br>\u09aa\u09cd\u09b0\u09be\u09af\u09bc \u09eb,\u09ee\u09e6\u09e6 \u0995\u09cb\u09ae\u09cd\u09aa\u09be\u09a8\u09bf<\/td>\n        <td>\u09e7\u09e6\u09e6 \u099f\u09bf\u09aa\u09bf\u09e9\u099f\u09bf (\u099b\u09cb\u099f \u0995\u09cd\u09af\u09be\u09aa, \u0987\u098f\u09ae, \u09ab\u09cd\u09af\u09be\u0995\u09cd\u099f\u09b0 \u09b8\u09b9)<br>\u09aa\u09cd\u09b0\u09be\u09af\u09bc \u09ee,\u09eb\u09e6\u09e6 \u0995\u09cb\u09ae\u09cd\u09aa\u09be\u09a8\u09bf<\/td>\n        <td>~ \u09e9\u09e6 \u09e7\u099f\u09bf\u09aa\u09bf\u09e9\u099f\u09bf (\u09aa\u09cd\u09b0\u09a4\u09bf\u09b0\u0995\u09cd\u09b7\u09be\u09ae\u09c2\u09b2\u0995: \u0987\u098f\u09b8\u099c\u09bf, \u09ad\u09cb\u0997\u09cd\u09af\u09aa\u09a3\u09cd\u09af, \u09b8\u09b0\u09cd\u09ac\u09a8\u09bf\u09ae\u09cd\u09a8 \u0985\u09b8\u09cd\u09a5\u09bf\u09b0\u09a4\u09be)<br>\u09aa\u09cd\u09b0\u09be\u09af\u09bc \u09ec\u09e6\u09e6 \u0995\u09cb\u09ae\u09cd\u09aa\u09be\u09a8\u09bf<\/td>\n      <\/tr>\n\n      <tr>\n        <td class=\"highlight\">\u09ac\u09a8\u09cd\u09a1<\/td>\n        <td>~\u09e8\u09eb \u09e7\u099f\u09bf\u09aa\u09bf\u09e9\u099f\u09bf (\u09b8\u09ae\u09b7\u09cd\u099f\u09bf, \u09b9\u09be\u0987\u0993\u09af\u09bc\u09c7, \u0987\u098f\u09ae, \u09ae\u09c1\u09a6\u09cd\u09b0\u09be\u09b8\u09cd\u09ab\u09c0\u09a4\u09bf \u09b2\u09bf\u0999\u09cd\u0995\u09af\u09c1\u0995\u09cd\u09a4)<br>\u09aa\u09cd\u09b0\u09be\u09af\u09bc \u09e8\u09e7,\u09eb\u09e6\u09e6 \u09ac\u09a8\u09cd\u09a1<\/td>\n        <td>\u2013<\/td>\n        <td>~ \u09eb\u09e6 \u09e7\u099f\u09bf\u09aa\u09bf\u09e9\u099f\u09bf (\u09b8\u09ae\u09b7\u09cd\u099f\u09bf, \u098f\u0987\u099a\u0993\u09af\u09bc\u09be\u0987, \u0987\u098f\u09ae, \u09ae\u09c1\u09a6\u09cd\u09b0\u09be\u09b8\u09cd\u09ab\u09c0\u09a4\u09bf \u09b2\u09bf\u0999\u09cd\u0995\u09a1, \u0986\u09b2\u09cd\u099f\u09cd\u09b0\u09be\u09b6\u09b0\u09cd\u099f)<br>\u09aa\u09cd\u09b0\u09be\u09af\u09bc \u09e8\u09e8,\u09e6\u09e6\u09e6 \u09ac\u09a8\u09cd\u09a1<\/td>\n      <\/tr>\n\n      <tr>\n        <td class=\"highlight\">\u0995\u09be\u0981\u099a\u09be\u09ae\u09be\u09b2<\/td>\n        <td>~ \u09ec\u099f\u09bf \u09e7\u099f\u09bf\u09aa\u09bf\u09e9\u099f\u09bf (\u09ac\u09bf\u09b8\u09cd\u09a4\u09c3\u09a4 \u0995\u09be\u0981\u099a\u09be\u09ae\u09be\u09b2\u09c7\u09b0 \u099d\u09c1\u09a1\u09bc\u09bf)<br>\u09aa\u09a3\u09cd\u09af \u09ac\u09be\u099c\u09be\u09b0\u09c7\u09b0 \u09aa\u09cd\u09b0\u09be\u09af\u09bc 90%<\/td>\n        <td>\u2013<\/td>\n        <td>~ \u09e7\u09e6 \u099f\u09bf \u09e7\u099f\u09bf\u09aa\u09bf\u09e9\u099f\u09bf (\u09ac\u09bf\u09b8\u09cd\u09a4\u09c3\u09a4 \u0995\u09be\u0981\u099a\u09be\u09ae\u09be\u09b2\u09c7\u09b0 \u099d\u09c1\u09a1\u09bc\u09bf)<br>\u09aa\u09a3\u09cd\u09af \u09ac\u09be\u099c\u09be\u09b0\u09c7\u09b0 \u09aa\u09cd\u09b0\u09be\u09af\u09bc 90%<\/td>\n      <\/tr>\n\n      <tr>\n        <td class=\"highlight\">\u09b8\u09cb\u09a8\u09be<\/td>\n        <td>~ 4 %<\/td>\n        <td>\u2013<\/td>\n        <td>~ 10 %<\/td>\n      <\/tr>\n\n      <tr>\n        <td class=\"highlight\">\u0995\u09cd\u09b0\u09bf\u09aa\u09cd\u099f\u09cb<\/td>\n        <td>~ \u09eb\u099f\u09bf \u09e7\u099f\u09bf\u09aa\u09bf\u09e9\u099f\u09bf (\u09b6\u09c0\u09b0\u09cd\u09b7 \u09e8\u09e6\u099f\u09bf \u0995\u09cd\u09b0\u09bf\u09aa\u09cd\u099f\u09cb\u0995\u09be\u09b0\u09c7\u09a8\u09cd\u09b8\u09bf)<\/td>\n        <td>\u2013<\/td>\n        <td>\u2013<\/td>\n      <\/tr>\n\n      <tr>\n        <td class=\"highlight\">\u09ab\u09cd\u09af\u09be\u0995\u09cd\u099f\u09b0 \u0995\u09cc\u09b6\u09b2<\/td>\n        <td>\u09ae\u09be\u09b2\u09cd\u099f\u09bf\u09ab\u09cd\u09af\u09be\u0995\u09cd\u099f\u09b0 (~\u09e8\u09e6 \u09e7TP\u09e9T)<\/td>\n        <td>\u09ae\u09be\u09b2\u09cd\u099f\u09bf\u09ab\u09cd\u09af\u09be\u0995\u09cd\u099f\u09b0, \u09ae\u09cb\u09ae\u09c7\u09a8\u09cd\u099f\u09be\u09ae, \u09ae\u09be\u09a8, \u099b\u09cb\u099f \u0995\u09cd\u09af\u09be\u09aa (~\u09e9\u09ed \u09e7TP\u09e9T)<\/td>\n        <td>\u09a8\u09cd\u09af\u09c2\u09a8\u09a4\u09ae \u0985\u09b8\u09cd\u09a5\u09bf\u09b0\u09a4\u09be (EM), \u09aa\u09cd\u09b0\u09a4\u09bf\u09b0\u0995\u09cd\u09b7\u09be\u09ae\u09c2\u09b2\u0995 \u0995\u09cd\u09b7\u09c7\u09a4\u09cd\u09b0<\/td>\n      <\/tr>\n\n      <tr>\n        <td class=\"highlight\">ESG \u0987\u09a8\u09cd\u099f\u09bf\u0997\u09cd\u09b0\u09c7\u09b6\u09a8<\/td>\n        <td>\u09b8\u09cd\u099f\u09be\u09b0\u09cd\u0995 (\u09b8\u09cd\u099f\u0995 + \u09ac\u09a8\u09cd\u09a1)<\/td>\n        <td>\u0986\u0982\u09b6\u09bf\u0995\u09ad\u09be\u09ac\u09c7 (\u09ae\u09be\u09b2\u09cd\u099f\u09bf-\u09ab\u09cd\u09af\u09be\u0995\u09cd\u099f\u09b0 ETF \u098f\u09b0 \u09ae\u09be\u09a7\u09cd\u09af\u09ae\u09c7)<\/td>\n        <td>\u09b8\u09cd\u099f\u09be\u09b0\u09cd\u0995 (ESG \u09ac\u09a8\u09cd\u09a1, ESG \u0987\u0995\u09c1\u0987\u099f\u09bf)<\/td>\n      <\/tr>\n    <\/tbody>\n  <\/table>\n<\/div>\n\n<!-- Wrapper f\u00fcr die mobilen Spalten-Cards -->\n<div class=\"vergleich-cards\"><\/div>\n\n\n\n\n<section id=\"important-note\">\n<div class=\"note-container\">\n<p>\u098f\u0987 \u09a4\u09a5\u09cd\u09af \u09b6\u09c1\u09a7\u09c1\u09ae\u09be\u09a4\u09cd\u09b0 \u09a8\u09bf\u09b0\u09cd\u09a6\u09c7\u09b6\u09a8\u09be\u09b0 \u099c\u09a8\u09cd\u09af \u098f\u09ac\u0982 \u09ac\u09bf\u09a8\u09bf\u09af\u09bc\u09cb\u0997 \u09aa\u09b0\u09be\u09ae\u09b0\u09cd\u09b6\u09c7\u09b0 \u09aa\u09cd\u09b0\u09a4\u09bf\u09b8\u09cd\u09a5\u09be\u09aa\u09a8 \u0995\u09b0\u09c7 \u09a8\u09be\u0964.<\/p>\n<\/div>\n<\/section>","protected":false},"excerpt":{"rendered":"<p>Kategorie Weltweit Smart Investiert Global Core and Trends Global Shield Ausrichtung Globales Multi-Asset mit ESG, Multifaktor &amp; Krypto Reines Aktienportfolio &amp; Faktorstrategien Defensives Multi-Asset mit Fokus Anleihen, Rohstoffe &amp; Gold Risikoklasse ausgewogen chancenorientiert defensiv Performance Geb\u00fchr 10% 10% 15% Anlageuniversum Alle auf Wikifolio.com verf\u00fcgbaren ETFs Alle auf Wikifolio.com verf\u00fcgbaren Aktien ETFs Alle auf Wikifolio.com verf\u00fcgbaren [&hellip;]<\/p>\n","protected":false},"author":1,"featured_media":0,"parent":0,"menu_order":0,"comment_status":"closed","ping_status":"closed","template":"page-no-sidebar","meta":{"pmpro_default_level":"","_monsterinsights_skip_tracking":false,"_monsterinsights_sitenote_active":false,"_monsterinsights_sitenote_note":"","_monsterinsights_sitenote_category":0,"footnotes":""},"class_list":["post-380","page","type-page","status-publish","hentry","pmpro-has-access"],"aioseo_notices":[],"_links":{"self":[{"href":"https:\/\/mueckinvest.com\/bn\/wp-json\/wp\/v2\/pages\/380","targetHints":{"allow":["GET"]}}],"collection":[{"href":"https:\/\/mueckinvest.com\/bn\/wp-json\/wp\/v2\/pages"}],"about":[{"href":"https:\/\/mueckinvest.com\/bn\/wp-json\/wp\/v2\/types\/page"}],"author":[{"embeddable":true,"href":"https:\/\/mueckinvest.com\/bn\/wp-json\/wp\/v2\/users\/1"}],"replies":[{"embeddable":true,"href":"https:\/\/mueckinvest.com\/bn\/wp-json\/wp\/v2\/comments?post=380"}],"version-history":[{"count":0,"href":"https:\/\/mueckinvest.com\/bn\/wp-json\/wp\/v2\/pages\/380\/revisions"}],"wp:attachment":[{"href":"https:\/\/mueckinvest.com\/bn\/wp-json\/wp\/v2\/media?parent=380"}],"curies":[{"name":"wp","href":"https:\/\/api.w.org\/{rel}","templated":true}]}}