{"id":3336,"date":"2026-02-01T22:00:00","date_gmt":"2026-02-01T21:00:00","guid":{"rendered":"https:\/\/mueckinvest.de\/?page_id=3336"},"modified":"2026-03-18T15:17:14","modified_gmt":"2026-03-18T14:17:14","slug":"%e0%a6%a8%e0%a7%80%e0%a6%a4%e0%a6%bf-%e0%a6%aa%e0%a7%8d%e0%a6%b0%e0%a6%a4%e0%a6%bf%e0%a6%b6%e0%a7%8d%e0%a6%b0%e0%a7%81%e0%a6%a4%e0%a6%bf","status":"publish","type":"page","link":"https:\/\/mueckinvest.com\/bn\/prinzipien-versprechen\/","title":{"rendered":"\u09a8\u09c0\u09a4\u09bf \/ \u09aa\u09cd\u09b0\u09a4\u09bf\u09b6\u09cd\u09b0\u09c1\u09a4\u09bf"},"content":{"rendered":"<h2 class=\"wp-block-heading\"><strong>\u0986\u09ae\u09be\u09b0 \u09a8\u09c0\u09a4\u09bf\u09ae\u09be\u09b2\u09be<\/strong><\/h2>\n\n\n\n<h3 class=\"wp-block-heading\"><strong>\u0986\u09ae\u09bf \u09a6\u09c0\u09b0\u09cd\u0998\u09ae\u09c7\u09af\u09bc\u09be\u09a6\u09c0 \u09ac\u09bf\u09a8\u09bf\u09af\u09bc\u09cb\u0997 \u0995\u09b0\u09bf\u0964<\/strong><\/h3>\n\n\n\n<p>\u0986\u09ae\u09bf \u0986\u099c\u0995\u09c7\u09b0 \u09ac\u09be \u0986\u0997\u09be\u09ae\u09c0\u0995\u09be\u09b2\u09c7\u09b0 \u099c\u09a8\u09cd\u09af \u09a8\u09af\u09bc, \u09ac\u09b0\u0982 \u0986\u0997\u09be\u09ae\u09c0 \u0995\u09af\u09bc\u09c7\u0995 \u09a6\u09b6\u0995\u09c7\u09b0 \u099c\u09a8\u09cd\u09af \u09b8\u09bf\u09a6\u09cd\u09a7\u09be\u09a8\u09cd\u09a4 \u09a8\u09bf\u0987\u0964.<\/p>\n\n\n\n<h3 class=\"wp-block-heading\"><strong>\u0986\u09ae\u09bf \u09b6\u09be\u09a8\u09cd\u09a4 \u09a5\u09be\u0995\u09bf<\/strong><\/h3>\n\n\n\n<p>\u0986\u09ae\u09bf \u099f\u09cd\u09b0\u09c7\u09a8\u09cd\u09a1, \u09b6\u09bf\u09b0\u09cb\u09a8\u09be\u09ae \u09ac\u09be \u09b8\u09cd\u09ac\u09b2\u09cd\u09aa\u09ae\u09c7\u09af\u09bc\u09be\u09a6\u09c0 \u0995\u09cb\u09b2\u09be\u09b9\u09b2\u09c7 \u09a8\u09bf\u099c\u09c7\u0995\u09c7 \u09ac\u09bf\u09ad\u09cd\u09b0\u09be\u09a8\u09cd\u09a4 \u09b9\u09a4\u09c7 \u09a6\u09bf\u0987 \u09a8\u09be\u0964.<\/p>\n\n\n\n<h3 class=\"wp-block-heading\"><strong>\u0986\u09ae\u09bf \u09b8\u09ac\u0995\u09bf\u099b\u09c1 \u09b8\u09b9\u099c-\u09b8\u09b0\u09b2 \u09b0\u09be\u0996\u09bf\u0964<\/strong><\/h3>\n\n\n\n<p>\u0986\u09ae\u09bf \u09b8\u09c1\u09b8\u09cd\u09aa\u09b7\u09cd\u099f \u0995\u09be\u09a0\u09be\u09ae\u09cb, \u09ac\u09cb\u09a7\u0997\u09ae\u09cd\u09af \u0995\u09cc\u09b6\u09b2 \u098f\u09ac\u0982 \u09ae\u099c\u09ac\u09c1\u09a4 \u09ad\u09bf\u09a4\u09cd\u09a4\u09bf\u09b0 \u0993\u09aa\u09b0 \u0997\u09c1\u09b0\u09c1\u09a4\u09cd\u09ac \u09a6\u09bf\u0987\u0964.<\/p>\n\n\n\n<hr class=\"wp-block-separator has-alpha-channel-opacity\"\/>\n\n\n\n<h1 class=\"wp-block-heading\">\u2b50 <strong>\u0986\u09ae\u09be\u09b0 \u09a8\u09c0\u09a4\u09bf\u0997\u09c1\u09b2\u09bf<\/strong><\/h1>\n\n\n\n<h3 class=\"wp-block-heading\"><strong>\u0986\u09ae\u09bf \u09a4\u09a5\u09cd\u09af\u09c7 \u09ac\u09bf\u09b6\u09cd\u09ac\u09be\u09b8 \u0995\u09b0\u09bf, \u0985\u09a8\u09c1\u09ad\u09c2\u09a4\u09bf\u09a4\u09c7 \u09a8\u09af\u09bc\u0964<\/strong><\/h3>\n\n\n\n<p>\u0986\u09ae\u09be\u09b0 \u09b8\u09bf\u09a6\u09cd\u09a7\u09be\u09a8\u09cd\u09a4\u0997\u09c1\u09b2\u09cb \u0985\u09a8\u09c1\u09ad\u09c2\u09a4\u09bf\u09b0 \u0993\u09aa\u09b0 \u09a8\u09af\u09bc, \u09a4\u09a5\u09cd\u09af\u09c7\u09b0 \u0993\u09aa\u09b0 \u09ad\u09bf\u09a4\u09cd\u09a4\u09bf \u0995\u09b0\u09c7 \u09a8\u09c7\u0993\u09af\u09bc\u09be \u09b9\u09af\u09bc\u0964.<\/p>\n\n\n\n<h3 class=\"wp-block-heading\"><strong>\u0986\u09ae\u09bf \u09b8\u09cd\u09ac\u09be\u09a7\u09c0\u09a8 \u09a5\u09be\u0995\u09ac\u0964<\/strong><\/h3>\n\n\n\n<p>\u0986\u09ae\u09bf \u09ac\u09bf\u099c\u09cd\u099e\u09be\u09aa\u09a8, \u0995\u09ae\u09bf\u09b6\u09a8 \u098f\u09ac\u0982 \u0995\u09cb\u09a8\u09cb \u0997\u09cb\u09aa\u09a8 \u09b8\u09cd\u09ac\u09be\u09b0\u09cd\u09a5 \u099b\u09be\u09a1\u09bc\u09be\u0987 \u0995\u09be\u099c \u0995\u09b0\u09bf\u0964.<\/p>\n\n\n\n<h3 class=\"wp-block-heading\"><strong>\u0986\u09ae\u09bf \u09b8\u09ae\u09af\u09bc\u0995\u09c7 \u0986\u09ae\u09be\u09b0 \u09b8\u09ac\u099a\u09c7\u09af\u09bc\u09c7 \u09ac\u09a1\u09bc \u09ae\u09bf\u09a4\u09cd\u09b0 \u09b9\u09bf\u09b8\u09c7\u09ac\u09c7 \u09ac\u09cd\u09af\u09ac\u09b9\u09be\u09b0 \u0995\u09b0\u09bf\u0964<\/strong><\/h3>\n\n\n\n<p>\u0986\u09ae\u09bf \u099a\u0995\u09cd\u09b0\u09ac\u09c3\u09a6\u09cd\u09a7\u09bf \u09b8\u09c1\u09a6\u09c7\u09b0 \u09b6\u0995\u09cd\u09a4\u09bf\u09b0 \u0989\u09aa\u09b0 \u09a8\u09bf\u09b0\u09cd\u09ad\u09b0 \u0995\u09b0\u09bf \u2013 \u09b8\u09ae\u09af\u09bc\u099c\u09cd\u099e\u09be\u09a8 \u09ac\u09be \u0985\u09a8\u09c1\u09ae\u09be\u09a8\u09c7\u09b0 \u0989\u09aa\u09b0 \u09a8\u09af\u09bc\u0964.<\/p>\n\n\n\n<hr class=\"wp-block-separator has-alpha-channel-opacity\"\/>\n\n\n\n<h1 class=\"wp-block-heading\">\u2b50 <strong>\u09af\u09be \u0986\u09ae\u09bf \u0987\u099a\u09cd\u099b\u09be\u0995\u09c3\u09a4\u09ad\u09be\u09ac\u09c7 \u0995\u09b0\u09bf \u09a8\u09be<\/strong><\/h1>\n\n\n\n<h3 class=\"wp-block-heading\"><strong>\u0986\u09ae\u09bf \u09ac\u09cd\u09af\u0995\u09cd\u09a4\u09bf\u0997\u09a4\u09ad\u09be\u09ac\u09c7 \u0995\u09cb\u09a8\u09cb \u09b8\u09cd\u099f\u0995\u09c7\u09b0 \u09aa\u09b0\u09be\u09ae\u09b0\u09cd\u09b6 \u09a6\u09bf\u0987 \u09a8\u09be\u0964<\/strong><\/h3>\n\n\n\n<p>\u0986\u09ae\u09bf \u0995\u09cb\u09a8\u09cb \u09ac\u09bf\u09b6\u09cd\u09b2\u09c7\u09b7\u0995\u09c7\u09b0 \u09ad\u09c2\u09ae\u09bf\u0995\u09be \u09aa\u09be\u09b2\u09a8 \u0995\u09b0\u099b\u09bf \u09a8\u09be \u098f\u09ac\u0982 \u0986\u09ae\u09bf \u0995\u09c7\u09a8\u09be \u09ac\u09be \u09ac\u09c7\u099a\u09be\u09b0 \u0995\u09cb\u09a8\u09cb \u09b8\u0982\u0995\u09c7\u09a4 \u09a6\u09bf\u0987 \u09a8\u09be\u0964.<\/p>\n\n\n\n<h3 class=\"wp-block-heading\"><strong>\u0986\u09ae\u09bf \u0995\u09cb\u09a8\u09cb \u099f\u09cd\u09b0\u09c7\u09a1\u09bf\u0982 \u0995\u09b0\u09bf \u09a8\u09be\u0964<\/strong><\/h3>\n\n\n\n<p>\u0986\u09ae\u09bf \u099f\u09cd\u09b0\u09c7\u09a8\u09cd\u09a1, \u09ae\u09bf\u09ae \u09b8\u09cd\u099f\u0995 \u09ac\u09be \u09b8\u09cd\u09ac\u09b2\u09cd\u09aa\u09ae\u09c7\u09af\u09bc\u09be\u09a6\u09c0 \u09b2\u09be\u09ad\u09c7\u09b0 \u09aa\u09c7\u099b\u09a8\u09c7 \u099b\u09c1\u099f\u09bf \u09a8\u09be\u0964.<\/p>\n\n\n\n<h3 class=\"wp-block-heading\"><strong>\u0986\u09ae\u09bf \u0995\u09a5\u09be \u09a6\u09bf\u099a\u09cd\u099b\u09bf, \u0995\u09cb\u09a8\u09cb \u09b6\u09b0\u09cd\u099f\u0995\u09be\u099f \u09a8\u09c7\u09ac \u09a8\u09be\u0964<\/strong><\/h3>\n\n\n\n<p>\u0986\u09ae\u09bf \u09ae\u09be\u09a8\u09b8\u09bf\u0995\u09a4\u09be\u09b0 \u0985\u09b2\u09cc\u0995\u09bf\u0995 \u09aa\u09b0\u09bf\u09ac\u09b0\u09cd\u09a4\u09a8, \u0985\u09a8\u09c1\u09aa\u09cd\u09b0\u09c7\u09b0\u09a3\u09be\u09ae\u09c2\u09b2\u0995 \u0997\u09a4\u09be\u09a8\u09c1\u0997\u09a4\u09bf\u0995 \u0995\u09a5\u09be\u09ac\u09be\u09b0\u09cd\u09a4\u09be \u09ac\u09be \u09ac\u09bf\u09ad\u09cd\u09b0\u09ae \u09ac\u09bf\u0995\u09cd\u09b0\u09bf \u0995\u09b0\u09bf \u09a8\u09be\u0964.<\/p>\n\n\n\n<h3 class=\"wp-block-heading\"><strong>\u0986\u09ae\u09bf \u09ac\u09bf\u099c\u09cd\u099e\u09be\u09aa\u09a8 \u09a6\u09bf\u0987 \u09a8\u09be\u0964<\/strong><\/h3>\n\n\n\n<p>\u0986\u09ae\u09bf \u0985\u09cd\u09af\u09be\u09ab\u09bf\u09b2\u09bf\u09af\u09bc\u09c7\u099f \u09b2\u09bf\u0999\u09cd\u0995 \u09ac\u09be \u09ac\u09be\u09a3\u09bf\u099c\u09cd\u09af\u09bf\u0995 \u0985\u0982\u09b6\u09c0\u09a6\u09be\u09b0\u09bf\u09a4\u09cd\u09ac \u09ac\u09cd\u09af\u09ac\u09b9\u09be\u09b0 \u0995\u09b0\u09bf \u09a8\u09be\u0964.<\/p>\n\n\n\n<h3 class=\"wp-block-heading\"><strong>\u0986\u09ae\u09bf \u0985\u09a4\u09bf\u09b0\u09bf\u0995\u09cd\u09a4 \u099a\u09be\u09aa \u09b8\u09c3\u09b7\u09cd\u099f\u09bf \u0995\u09b0\u09bf \u09a8\u09be\u0964<\/strong><\/h3>\n\n\n\n<p>\u0986\u09ae\u09bf \u099c\u099f\u09bf\u09b2\u09a4\u09be \u09ac\u09be\u09a1\u09bc\u09be\u09a8\u09cb\u09b0 \u09aa\u09b0\u09bf\u09ac\u09b0\u09cd\u09a4\u09c7 \u09a4\u09be \u09b9\u09cd\u09b0\u09be\u09b8 \u0995\u09b0\u09bf\u0964.<\/p>","protected":false},"excerpt":{"rendered":"<p>Meine Prinzipien Ich investiere langfristig Ich treffe Entscheidungen nicht f\u00fcr heute oder morgen, sondern f\u00fcr die n\u00e4chsten Jahrzehnte. Ich bleibe ruhig Ich lasse mich nicht von Trends, Schlagzeilen oder kurzfristigem L\u00e4rm ablenken. Ich halte Dinge einfach Ich setze auf klare Strukturen, verst\u00e4ndliche Strategien und robuste Grundlagen. \u2b50 Meine Grunds\u00e4tze Ich vertraue auf Daten, nicht auf [&hellip;]<\/p>\n","protected":false},"author":1,"featured_media":0,"parent":0,"menu_order":0,"comment_status":"closed","ping_status":"closed","template":"","meta":{"pmpro_default_level":"","_monsterinsights_skip_tracking":false,"_monsterinsights_sitenote_active":false,"_monsterinsights_sitenote_note":"","_monsterinsights_sitenote_category":0,"footnotes":""},"class_list":["post-3336","page","type-page","status-publish","hentry","pmpro-has-access"],"aioseo_notices":[],"_links":{"self":[{"href":"https:\/\/mueckinvest.com\/bn\/wp-json\/wp\/v2\/pages\/3336","targetHints":{"allow":["GET"]}}],"collection":[{"href":"https:\/\/mueckinvest.com\/bn\/wp-json\/wp\/v2\/pages"}],"about":[{"href":"https:\/\/mueckinvest.com\/bn\/wp-json\/wp\/v2\/types\/page"}],"author":[{"embeddable":true,"href":"https:\/\/mueckinvest.com\/bn\/wp-json\/wp\/v2\/users\/1"}],"replies":[{"embeddable":true,"href":"https:\/\/mueckinvest.com\/bn\/wp-json\/wp\/v2\/comments?post=3336"}],"version-history":[{"count":2,"href":"https:\/\/mueckinvest.com\/bn\/wp-json\/wp\/v2\/pages\/3336\/revisions"}],"predecessor-version":[{"id":4030,"href":"https:\/\/mueckinvest.com\/bn\/wp-json\/wp\/v2\/pages\/3336\/revisions\/4030"}],"wp:attachment":[{"href":"https:\/\/mueckinvest.com\/bn\/wp-json\/wp\/v2\/media?parent=3336"}],"curies":[{"name":"wp","href":"https:\/\/api.w.org\/{rel}","templated":true}]}}