{"id":2969,"date":"2026-01-23T08:00:00","date_gmt":"2026-01-23T07:00:00","guid":{"rendered":"https:\/\/mueckinvest.de\/?page_id=2969"},"modified":"2026-03-30T10:00:00","modified_gmt":"2026-03-30T08:00:00","slug":"%f0%9f%8c%90-%e0%a6%b8%e0%a7%8b%e0%a6%b6%e0%a7%8d%e0%a6%af%e0%a6%be%e0%a6%b2-%e0%a6%ae%e0%a6%bf%e0%a6%a1%e0%a6%bf%e0%a6%af%e0%a6%bc%e0%a6%be-%e0%a6%95%e0%a6%ae%e0%a6%bf%e0%a6%89%e0%a6%a8%e0%a6%bf-2","status":"publish","type":"page","link":"https:\/\/mueckinvest.com\/bn\/%f0%9f%8c%90-social-media-community\/","title":{"rendered":"\u09b8\u09cb\u09b6\u09cd\u09af\u09be\u09b2 \u09ae\u09bf\u09a1\u09bf\u09af\u09bc\u09be \u098f\u09ac\u0982 \u0995\u09ae\u09bf\u0989\u09a8\u09bf\u099f\u09bf \ud83c\udf10"},"content":{"rendered":"<h2 class=\"wp-block-heading\">\u09b8\u09ac \u099a\u09cd\u09af\u09be\u09a8\u09c7\u09b2\u09c7 \u09b8\u09b0\u09cd\u09ac\u09a6\u09be \u0986\u09aa\u09a8\u09be\u09b0 \u0995\u09be\u099b\u09be\u0995\u09be\u099b\u09bf<\/h2>\n\n\n\n<p>\u0986\u09aa\u09a8\u09be\u09b0 \u09aa\u099b\u09a8\u09cd\u09a6\u09c7\u09b0 \u09af\u09c7\u0995\u09cb\u09a8\u09cb \u099c\u09be\u09df\u0997\u09be\u09df \u0986\u09ae\u09be\u09b0 \u09ac\u09bf\u09b6\u09cd\u09b2\u09c7\u09b7\u09a3 \u098f\u09ac\u0982 \u0986\u09aa\u09a1\u09c7\u099f\u0997\u09c1\u09b2\u09bf \u09b8\u09c1\u09ac\u09bf\u09a7\u09be\u099c\u09a8\u0995\u09ad\u09be\u09ac\u09c7 \u0985\u09a8\u09c1\u09b8\u09b0\u09a3 \u0995\u09b0\u09be\u09b0 \u099c\u09a8\u09cd\u09af, \u0986\u09ae\u09bf \u0986\u09ae\u09be\u09b0 \u09b8\u09cb\u09b6\u09cd\u09af\u09be\u09b2 \u09ae\u09bf\u09a1\u09bf\u09af\u09bc\u09be \u099a\u09cd\u09af\u09be\u09a8\u09c7\u09b2\u0997\u09c1\u09b2\u09bf\u09a4\u09c7 \u09a8\u09bf\u09b0\u09cd\u09ac\u09be\u099a\u09bf\u09a4 \u09b8\u09be\u09ae\u0997\u09cd\u09b0\u09c0\u0993 \u09aa\u09cd\u09b0\u0995\u09be\u09b6 \u0995\u09b0\u09bf\u0964. <strong>\u09b8\u09ae\u09b8\u09cd\u09a4 \u09aa\u09cb\u09b8\u09cd\u099f \u098f\u0987 \u0993\u09af\u09bc\u09c7\u09ac\u09b8\u09be\u0987\u099f\u09c7 \u09af\u09be \u09a6\u09c7\u0996\u09be\u09a8\u09cb \u09b9\u09af\u09bc\u09c7\u099b\u09c7 \u09a4\u09be\u09b0 \u09b8\u09be\u09a5\u09c7 \u09b9\u09c1\u09ac\u09b9\u09c1 \u09ae\u09bf\u09b2\u09c7 \u09af\u09be\u09af\u09bc\u0964.<\/strong> \u0995\u09cb\u09a8\u0993 \u0985\u09a4\u09bf\u09b0\u09bf\u0995\u09cd\u09a4 \u09ac\u09bf\u09ac\u09c3\u09a4\u09bf \u09a8\u09c7\u0987, \u0995\u09cb\u09a8\u0993 \u09ad\u09bf\u09a8\u09cd\u09a8 \u09a4\u09a5\u09cd\u09af \u09a8\u09c7\u0987 - \u09b8\u09ae\u09cd\u09aa\u09c2\u09b0\u09cd\u09a3 \u09b8\u09cd\u09ac\u099a\u09cd\u099b\u09a4\u09be\u0964.<\/p>\n\n\n\n<div style=\"height:20px\" aria-hidden=\"true\" class=\"wp-block-spacer\"><\/div>\n\n\n\n<hr class=\"wp-block-separator has-alpha-channel-opacity\"\/>\n\n\n\n<div style=\"height:20px\" aria-hidden=\"true\" class=\"wp-block-spacer\"><\/div>\n\n\n\n<h2 class=\"wp-block-heading\">\ud83d\udcf1 \u09b9\u09cb\u09af\u09bc\u09be\u099f\u09b8\u0985\u09cd\u09af\u09be\u09aa \u099a\u09cd\u09af\u09be\u09a8\u09c7\u09b2<\/h2>\n\n\n\n<p>\u0986\u09ae\u09be\u09a6\u09c7\u09b0 \u09b9\u09cb\u09af\u09bc\u09be\u099f\u09b8\u0985\u09cd\u09af\u09be\u09aa \u099a\u09cd\u09af\u09be\u09a8\u09c7\u09b2\u09c7, \u0986\u09aa\u09a8\u09bf \u09a8\u09a4\u09c1\u09a8 \u09a8\u09bf\u09ac\u09a8\u09cd\u09a7 \u098f\u09ac\u0982 \u0997\u09c1\u09b0\u09c1\u09a4\u09cd\u09ac\u09aa\u09c2\u09b0\u09cd\u09a3 \u0986\u09aa\u09a1\u09c7\u099f \u09b8\u09ae\u09cd\u09aa\u09b0\u09cd\u0995\u09c7 \u09b8\u0982\u0995\u09cd\u09b7\u09bf\u09aa\u09cd\u09a4 \u09ac\u09bf\u099c\u09cd\u099e\u09aa\u09cd\u09a4\u09bf \u09aa\u09be\u09ac\u09c7\u09a8\u0964 \u09ac\u09bf\u09b7\u09af\u09bc\u09ac\u09b8\u09cd\u09a4\u09c1 \u0993\u09af\u09bc\u09c7\u09ac\u09b8\u09be\u0987\u099f\u09c7\u09b0 \u09aa\u09cd\u09b0\u0995\u09be\u09b6\u09a8\u09be\u0997\u09c1\u09b2\u09bf\u09b0 \u09b8\u09be\u09a5\u09c7 \u0985\u09ad\u09bf\u09a8\u09cd\u09a8 \u098f\u09ac\u0982 \u09b6\u09c1\u09a7\u09c1\u09ae\u09be\u09a4\u09cd\u09b0 \u0986\u09aa\u09a8\u09be\u09b0 \u09b8\u09c1\u09ac\u09bf\u09a7\u09be\u09b0 \u099c\u09a8\u09cd\u09af \u09aa\u09b0\u09bf\u09ac\u09c7\u09b6\u09bf\u09a4\u0964.<\/p>\n\n\n\n<div class=\"wp-block-buttons is-layout-flex wp-block-buttons-is-layout-flex\">\n<div class=\"wp-block-button\"><a class=\"wp-block-button__link wp-element-button\" href=\"https:\/\/whatsapp.com\/channel\/0029VbAgHt2FnSz8koFrbi3e\">\u09b9\u09cb\u09af\u09bc\u09be\u099f\u09b8\u0985\u09cd\u09af\u09be\u09aa \u099a\u09cd\u09af\u09be\u09a8\u09c7\u09b2<\/a><\/div>\n<\/div>\n\n\n\n<div style=\"height:20px\" aria-hidden=\"true\" class=\"wp-block-spacer\"><\/div>\n\n\n\n<hr class=\"wp-block-separator has-alpha-channel-opacity\"\/>\n\n\n\n<div style=\"height:20px\" aria-hidden=\"true\" class=\"wp-block-spacer\"><\/div>\n\n\n\n<h2 class=\"wp-block-heading\">\ud83d\udcf8\u0987\u09a8\u09b8\u09cd\u099f\u09be\u0997\u09cd\u09b0\u09be\u09ae<\/h2>\n\n\n\n<p>\u0987\u09a8\u09b8\u09cd\u099f\u09be\u0997\u09cd\u09b0\u09be\u09ae\u09c7 \u0986\u09aa\u09a8\u09bf \u0986\u09ae\u09be\u09b0 \u0993\u09af\u09bc\u09c7\u09ac\u09b8\u09be\u0987\u099f\u09c7\u09b0 \u0995\u09a8\u09cd\u099f\u09c7\u09a8\u09cd\u099f \u09a5\u09c7\u0995\u09c7 \u09ad\u09bf\u099c\u09cd\u09af\u09c1\u09af\u09bc\u09be\u09b2 \u0985\u0982\u09b6\u0997\u09c1\u09b2\u09bf \u09aa\u09c7\u09a4\u09c7 \u09aa\u09be\u09b0\u09c7\u09a8:<\/p>\n\n\n\n<ul class=\"wp-block-list\">\n<li>\u09a8\u09a4\u09c1\u09a8 \u09aa\u09cb\u09b8\u09cd\u099f\u09c7\u09b0 \u09b8\u0982\u0995\u09cd\u09b7\u09bf\u09aa\u09cd\u09a4\u09b8\u09be\u09b0<\/li>\n\n\n\n<li>\u09a8\u09a4\u09c1\u09a8 \u09aa\u09cd\u09b0\u0995\u09be\u09b6\u09bf\u09a4 \u09a4\u09a5\u09cd\u09af\u09c7\u09b0 \u09a4\u09a5\u09cd\u09af\u09b8\u09c2\u09a4\u09cd\u09b0<\/li>\n<\/ul>\n\n\n\n<p>\u098f\u0996\u09be\u09a8\u09c7\u0993 \u098f\u0995\u0987 \u0995\u09a5\u09be \u09aa\u09cd\u09b0\u09af\u09cb\u099c\u09cd\u09af: <strong>\u0995\u09cb\u09a8\u0993 \u0985\u09a4\u09bf\u09b0\u09bf\u0995\u09cd\u09a4 \u09a4\u09a5\u09cd\u09af \u09a8\u09c7\u0987 - \u09b8\u09ac\u0995\u09bf\u099b\u09c1\u0987 \u098f\u0987 \u0993\u09af\u09bc\u09c7\u09ac\u09b8\u09be\u0987\u099f\u09c7\u09b0 \u09ac\u09bf\u09b7\u09af\u09bc\u09ac\u09b8\u09cd\u09a4\u09c1\u09b0 \u0989\u09aa\u09b0 \u09ad\u09bf\u09a4\u09cd\u09a4\u09bf \u0995\u09b0\u09c7\u0964.<\/strong><\/p>\n\n\n\n<div class=\"wp-block-buttons is-layout-flex wp-block-buttons-is-layout-flex\">\n<div class=\"wp-block-button\"><a class=\"wp-block-button__link wp-element-button\" href=\"https:\/\/www.instagram.com\/mueckinvest\/\">\u0987\u09a8\u09b8\u09cd\u099f\u09be\u0997\u09cd\u09b0\u09be\u09ae<\/a><\/div>\n<\/div>\n\n\n\n<div style=\"height:20px\" aria-hidden=\"true\" class=\"wp-block-spacer\"><\/div>\n\n\n\n<hr class=\"wp-block-separator has-alpha-channel-opacity\"\/>\n\n\n\n<div style=\"height:20px\" aria-hidden=\"true\" class=\"wp-block-spacer\"><\/div>\n\n\n\n<h2 class=\"wp-block-heading\">\ud83d\udcd8 \u09ab\u09c7\u09b8\u09ac\u09c1\u0995<\/h2>\n\n\n\n<p>\u09ab\u09c7\u09b8\u09ac\u09c1\u0995\u09c7 \u0986\u09aa\u09a8\u09bf \u0986\u09ae\u09be\u09b0 \u0993\u09af\u09bc\u09c7\u09ac\u09b8\u09be\u0987\u099f \u09a5\u09c7\u0995\u09c7 \u09a8\u09bf\u09b0\u09cd\u09ac\u09be\u099a\u09bf\u09a4 \u0995\u09bf\u099b\u09c1 \u09ac\u09bf\u09b7\u09af\u09bc\u09ac\u09b8\u09cd\u09a4\u09c1 \u099f\u09c7\u0995\u09cd\u09b8\u099f \u0986\u0995\u09be\u09b0\u09c7 \u09aa\u09be\u09ac\u09c7\u09a8:<\/p>\n\n\n\n<ul class=\"wp-block-list\">\n<li>\u09a8\u09a4\u09c1\u09a8 \u09aa\u09cb\u09b8\u09cd\u099f \u09b8\u09ae\u09cd\u09aa\u09b0\u09cd\u0995\u09c7 \u09b8\u0982\u0995\u09cd\u09b7\u09bf\u09aa\u09cd\u09a4 \u09ac\u09bf\u099c\u09cd\u099e\u09aa\u09cd\u09a4\u09bf<\/li>\n\n\n\n<li>\u09ac\u09b0\u09cd\u09a4\u09ae\u09be\u09a8 \u09aa\u09cd\u09b0\u0995\u09be\u09b6\u09a8\u09be\u0997\u09c1\u09b2\u09bf\u09b0 \u09b8\u0982\u0995\u09cd\u09b7\u09bf\u09aa\u09cd\u09a4 \u09b8\u09be\u09b0\u09be\u0982\u09b6<\/li>\n\n\n\n<li>\u09ae\u09be\u099d\u09c7\u09ae\u09a7\u09cd\u09af\u09c7 \u0997\u09c1\u09b0\u09c1\u09a4\u09cd\u09ac\u09aa\u09c2\u09b0\u09cd\u09a3 \u09ac\u09bf\u09b7\u09af\u09bc \u09a4\u09c1\u09b2\u09c7 \u09a7\u09b0\u09be<\/li>\n<\/ul>\n\n\n\n<p>\u098f\u0996\u09be\u09a8\u09c7\u0993 \u09b6\u09c1\u09a7\u09c1\u09ae\u09be\u09a4\u09cd\u09b0 \u098f\u0987 \u0993\u09af\u09bc\u09c7\u09ac\u09b8\u09be\u0987\u099f\u09c7\u09b0 \u09ac\u09bf\u09b7\u09af\u09bc\u09ac\u09b8\u09cd\u09a4\u09c1\u0987 \u09aa\u09cd\u09b0\u09a6\u09b0\u09cd\u09b6\u09bf\u09a4 \u09b9\u09ac\u09c7 \u2013 \u0995\u09cb\u09a8\u09cb \u0985\u09a4\u09bf\u09b0\u09bf\u0995\u09cd\u09a4 \u09a4\u09a5\u09cd\u09af \u099b\u09be\u09a1\u09bc\u09be\u0964.<\/p>\n\n\n\n<div class=\"wp-block-buttons is-layout-flex wp-block-buttons-is-layout-flex\">\n<div class=\"wp-block-button\"><a class=\"wp-block-button__link wp-element-button\" href=\"https:\/\/www.facebook.com\/profile.php?id=61575444270604\">\u09ab\u09c7\u09b8\u09ac\u09c1\u0995<\/a><\/div>\n<\/div>\n\n\n\n<div style=\"height:20px\" aria-hidden=\"true\" class=\"wp-block-spacer\"><\/div>\n\n\n\n<hr class=\"wp-block-separator has-alpha-channel-opacity\"\/>\n\n\n\n<div style=\"height:20px\" aria-hidden=\"true\" class=\"wp-block-spacer\"><\/div>\n\n\n\n<h2 class=\"wp-block-heading\">\ud83d\udc26 X (\u09aa\u09c2\u09b0\u09cd\u09ac\u09c7 \u099f\u09c1\u0987\u099f\u09be\u09b0)<\/h2>\n\n\n\n<p>X-\u098f \u0986\u09aa\u09a8\u09bf \u0986\u09ae\u09be\u09b0 \u0993\u09af\u09bc\u09c7\u09ac\u09b8\u09be\u0987\u099f\u09c7\u09b0 \u09ac\u09bf\u09b7\u09af\u09bc\u09ac\u09b8\u09cd\u09a4\u09c1\u09b0 \u09b8\u0982\u0995\u09cd\u09b7\u09bf\u09aa\u09cd\u09a4 \u0993 \u0985\u09a4\u09cd\u09af\u09a8\u09cd\u09a4 \u09b8\u0982\u0995\u09cd\u09b7\u09c7\u09aa\u09bf\u09a4 \u0985\u0982\u09b6 \u09aa\u09be\u09ac\u09c7\u09a8:<\/p>\n\n\n\n<ul class=\"wp-block-list\">\n<li>\u09a8\u09a4\u09c1\u09a8 \u09a8\u09bf\u09ac\u09a8\u09cd\u09a7 \u09b8\u09ae\u09cd\u09aa\u09b0\u09cd\u0995\u09c7 \u09b8\u0982\u0995\u09cd\u09b7\u09bf\u09aa\u09cd\u09a4 \u0986\u09aa\u09a1\u09c7\u099f<\/li>\n\n\n\n<li>\u09ac\u09b0\u09cd\u09a4\u09ae\u09be\u09a8 \u09aa\u09cd\u09b0\u0995\u09be\u09b6\u09a8\u09be\u0997\u09c1\u09b2\u09cb \u09a5\u09c7\u0995\u09c7 \u09b8\u0982\u0995\u09cd\u09b7\u09bf\u09aa\u09cd\u09a4 \u09ae\u09c2\u09b2 \u09ac\u09be\u09b0\u09cd\u09a4\u09be<\/li>\n\n\n\n<li>\u09b8\u09cd\u09aa\u09b7\u09cd\u099f\u09a4\u09be \u098f\u09ac\u0982 \u09aa\u09cd\u09b0\u09be\u09b8\u0999\u09cd\u0997\u09bf\u0995\u09a4\u09be\u09b0 \u0989\u09aa\u09b0 \u09ae\u09a8\u09cb\u09af\u09cb\u0997 \u09a6\u09bf\u09a8<\/li>\n<\/ul>\n\n\n\n<p>\u0985\u09a8\u09cd\u09af\u09be\u09a8\u09cd\u09af \u09b8\u09ac \u099c\u09be\u09af\u09bc\u0997\u09be\u09b0 \u09ae\u09a4\u09cb\u0987: \u0995\u09cb\u09a8\u09cb \u0985\u09a4\u09bf\u09b0\u09bf\u0995\u09cd\u09a4 \u09a4\u09a5\u09cd\u09af \u09a8\u09c7\u0987 \u2013 \u09b8\u09ae\u09b8\u09cd\u09a4 \u09aa\u09cb\u09b8\u09cd\u099f \u09b6\u09c1\u09a7\u09c1\u09ae\u09be\u09a4\u09cd\u09b0 \u098f\u0987 \u0993\u09af\u09bc\u09c7\u09ac\u09b8\u09be\u0987\u099f\u09c7\u09b0 \u09ac\u09bf\u09b7\u09af\u09bc\u09ac\u09b8\u09cd\u09a4\u09c1\u09b0 \u0989\u09aa\u09b0 \u09ad\u09bf\u09a4\u09cd\u09a4\u09bf \u0995\u09b0\u09c7 \u09a4\u09c8\u09b0\u09bf\u0964.<\/p>\n\n\n\n<div class=\"wp-block-buttons is-layout-flex wp-block-buttons-is-layout-flex\">\n<div class=\"wp-block-button\"><a class=\"wp-block-button__link wp-element-button\" href=\"https:\/\/x.com\/mueckinvest\">\u098f\u0995\u09cd\u09b8 \u09aa\u09cd\u09b0\u09cb\u09ab\u09be\u0987\u09b2\u09c7<\/a><\/div>\n<\/div>\n\n\n\n<div style=\"height:20px\" aria-hidden=\"true\" class=\"wp-block-spacer\"><\/div>\n\n\n\n<hr class=\"wp-block-separator has-alpha-channel-opacity\"\/>\n\n\n\n<div style=\"height:20px\" aria-hidden=\"true\" class=\"wp-block-spacer\"><\/div>\n\n\n\n<h2 class=\"wp-block-heading\">\ud83d\udcc8 \u0989\u0987\u0995\u09bf\u09ab\u09cb\u09b2\u09bf\u0993.\u0995\u09ae<\/h2>\n\n\n\n<p>\u0986\u09ae\u09be\u09b0 \u0989\u0987\u0995\u09bf\u09ab\u09cb\u09b2\u09bf\u0993\u0997\u09c1\u09b2\u09bf \u0986\u09aa\u09a8\u09be\u0995\u09c7 \u0986\u09ae\u09be\u09b0 \u0995\u09cc\u09b6\u09b2\u09c7\u09b0 \u09ac\u09be\u09b8\u09cd\u09a4\u09ac \u09ac\u09be\u09b8\u09cd\u09a4\u09ac\u09be\u09af\u09bc\u09a8 \u09b8\u09ae\u09cd\u09aa\u09b0\u09cd\u0995\u09c7 \u098f\u0995\u099f\u09bf \u09b8\u09cd\u09ac\u099a\u09cd\u099b \u0985\u09a8\u09cd\u09a4\u09b0\u09cd\u09a6\u09c3\u09b7\u09cd\u099f\u09bf \u09aa\u09cd\u09b0\u09a6\u09be\u09a8 \u0995\u09b0\u09c7\u0964 \u09b8\u09c7\u0996\u09be\u09a8\u09c7 \u09a5\u09be\u0995\u09be \u09ae\u09a8\u09cd\u09a4\u09ac\u09cd\u09af \u098f\u09ac\u0982 \u09ac\u09cd\u09af\u09be\u0996\u09cd\u09af\u09be\u0997\u09c1\u09b2\u09bf\u0993 \u098f\u0987 \u0993\u09af\u09bc\u09c7\u09ac\u09b8\u09be\u0987\u099f\u09c7 \u0986\u09aa\u09a8\u09bf \u09af\u09c7 \u09ac\u09bf\u09b7\u09af\u09bc\u09ac\u09b8\u09cd\u09a4\u09c1 \u09aa\u09be\u09ac\u09c7\u09a8 \u09a4\u09be\u09b0 \u0989\u09aa\u09b0 \u09ad\u09bf\u09a4\u09cd\u09a4\u09bf \u0995\u09b0\u09c7\u0964.<\/p>\n\n\n\n<div class=\"wp-block-buttons is-layout-flex wp-block-buttons-is-layout-flex\">\n<div class=\"wp-block-button\"><a class=\"wp-block-button__link wp-element-button\" href=\"https:\/\/www.wikifolio.com\/de\/de\/p\/mueckinvest?tab=wikifolios\">\u0989\u0987\u0995\u09bf\u09ab\u09cb\u09b2\u09bf\u0993.\u0995\u09ae<\/a><\/div>\n<\/div>\n\n\n\n<div style=\"height:20px\" aria-hidden=\"true\" class=\"wp-block-spacer\"><\/div>\n\n\n\n<hr class=\"wp-block-separator has-alpha-channel-opacity\"\/>\n\n\n\n<div style=\"height:20px\" aria-hidden=\"true\" class=\"wp-block-spacer\"><\/div>\n\n\n\n<h2 class=\"wp-block-heading\">\ud83d\udcf1\u0985\u09cd\u09af\u09be\u09a8\u09cd\u09a1\u09cd\u09b0\u09af\u09bc\u09c7\u09a1 \u09ae\u09c1\u0995\u0987\u09a8\u09ad\u09c7\u09b8\u09cd\u099f \u0985\u09cd\u09af\u09be\u09aa + \u09ae\u09c1\u0995\u0987\u09a8\u09ad\u09c7\u09b8\u09cd\u099f \u098f\u0986\u0987 \u0985\u09cd\u09af\u09be\u09aa<\/h2>\n\n\n\n<p>\u098f\u0996\u09be\u09a8\u09c7 \u0986\u09aa\u09a8\u09bf Mueckinvest \u0985\u09cd\u09af\u09be\u09aa\u09b8 \u09b8\u09ae\u09cd\u09aa\u09b0\u09cd\u0995\u09c7 \u09b8\u09ae\u09b8\u09cd\u09a4 \u09a4\u09a5\u09cd\u09af \u09aa\u09be\u09ac\u09c7\u09a8\u0964.<\/p>\n\n\n\n<div class=\"wp-block-buttons is-layout-flex wp-block-buttons-is-layout-flex\">\n<div class=\"wp-block-button\"><a class=\"wp-block-button__link wp-element-button\" href=\"https:\/\/mueckinvest.com\/bn\/%e0%a6%85%e0%a7%8d%e0%a6%af%e0%a6%be%e0%a6%a8%e0%a7%8d%e0%a6%a1%e0%a7%8d%e0%a6%b0%e0%a6%af%e0%a6%bc%e0%a7%87%e0%a6%a1-%e0%a6%85%e0%a7%8d%e0%a6%af%e0%a6%be%e0%a6%aa\/\">Mueckinvest \u0985\u09cd\u09af\u09be\u09aa<\/a><\/div>\n\n\n\n<div class=\"wp-block-button\"><a class=\"wp-block-button__link wp-element-button\" href=\"https:\/\/mueckinvest.com\/bn\/%e0%a6%ae%e0%a7%81%e0%a6%87%e0%a6%95%e0%a6%87%e0%a6%a8%e0%a6%ad%e0%a7%87%e0%a6%b8%e0%a7%8d%e0%a6%9f-%e0%a6%95%e0%a6%bf-%e0%a6%85%e0%a7%8d%e0%a6%af%e0%a6%be%e0%a6%aa-2\/\">Mueckinvest AI \u0985\u09cd\u09af\u09be\u09aa<\/a><\/div>\n<\/div>","protected":false},"excerpt":{"rendered":"<p>Immer nah dran auf allen Kan\u00e4len Damit Sie meine Analysen und Updates bequem dort verfolgen k\u00f6nnen, wo Sie m\u00f6chten, ver\u00f6ffentliche ich ausgew\u00e4hlte Inhalte zus\u00e4tzlich auf meinen Social\u2011Media\u2011Kan\u00e4len. Alle Beitr\u00e4ge entsprechen inhaltlich exakt dem, was auch auf dieser Website erscheint. Keine zus\u00e4tzlichen Aussagen, keine abweichenden Informationen \u2013 volle Transparenz. \ud83d\udcf1 WhatsApp\u2011Kanal Im WhatsApp\u2011Kanal erhalten Sie kompakte [&hellip;]<\/p>\n","protected":false},"author":1,"featured_media":0,"parent":0,"menu_order":0,"comment_status":"closed","ping_status":"closed","template":"page-no-sidebar","meta":{"pmpro_default_level":"","_monsterinsights_skip_tracking":false,"_monsterinsights_sitenote_active":false,"_monsterinsights_sitenote_note":"","_monsterinsights_sitenote_category":0,"footnotes":""},"class_list":["post-2969","page","type-page","status-publish","hentry","pmpro-has-access"],"aioseo_notices":[],"_links":{"self":[{"href":"https:\/\/mueckinvest.com\/bn\/wp-json\/wp\/v2\/pages\/2969","targetHints":{"allow":["GET"]}}],"collection":[{"href":"https:\/\/mueckinvest.com\/bn\/wp-json\/wp\/v2\/pages"}],"about":[{"href":"https:\/\/mueckinvest.com\/bn\/wp-json\/wp\/v2\/types\/page"}],"author":[{"embeddable":true,"href":"https:\/\/mueckinvest.com\/bn\/wp-json\/wp\/v2\/users\/1"}],"replies":[{"embeddable":true,"href":"https:\/\/mueckinvest.com\/bn\/wp-json\/wp\/v2\/comments?post=2969"}],"version-history":[{"count":8,"href":"https:\/\/mueckinvest.com\/bn\/wp-json\/wp\/v2\/pages\/2969\/revisions"}],"predecessor-version":[{"id":4299,"href":"https:\/\/mueckinvest.com\/bn\/wp-json\/wp\/v2\/pages\/2969\/revisions\/4299"}],"wp:attachment":[{"href":"https:\/\/mueckinvest.com\/bn\/wp-json\/wp\/v2\/media?parent=2969"}],"curies":[{"name":"wp","href":"https:\/\/api.w.org\/{rel}","templated":true}]}}