{"id":2875,"date":"2026-01-22T18:00:00","date_gmt":"2026-01-22T17:00:00","guid":{"rendered":"https:\/\/mueckinvest.de\/?page_id=2875"},"modified":"2026-02-03T06:00:00","modified_gmt":"2026-02-03T05:00:00","slug":"%f0%9f%93%88-%e0%a6%89%e0%a6%87%e0%a6%95%e0%a6%bf%e0%a6%ab%e0%a7%8b%e0%a6%b2%e0%a6%bf%e0%a6%93","status":"publish","type":"page","link":"https:\/\/mueckinvest.com\/bn\/%f0%9f%93%88-wikifolios\/","title":{"rendered":"\u0989\u0987\u0995\u09bf\u09ab\u09cb\u09b2\u09bf\u0993"},"content":{"rendered":"<h1 class=\"wp-block-heading\"><strong>\u09b8\u0995\u09cd\u09b0\u09bf\u09af\u09bc \u09ac\u09bf\u09a8\u09bf\u09af\u09bc\u09cb\u0997\u09c7\u09b0 \u0997\u09a3\u09a4\u09a8\u09cd\u09a4\u09cd\u09b0\u09c0\u0995\u09b0\u09a3<\/strong><\/h1>\n\n\n\n<p>\u0989\u0987\u0995\u09bf\u09ab\u09cb\u09b2\u09bf\u0993 \u09ae\u09be\u09a8\u09c1\u09b7\u09c7\u09b0 \u09ac\u09bf\u09a8\u09bf\u09af\u09bc\u09cb\u0997\u09c7\u09b0 \u09aa\u09a6\u09cd\u09a7\u09a4\u09bf \u09ac\u09a6\u09b2\u09c7 \u09a6\u09bf\u09af\u09bc\u09c7\u099b\u09c7\u0964 \u098f\u099f\u09bf \u09a1\u09bf\u099c\u09bf\u099f\u09be\u09b2 \u09aa\u09cd\u09b2\u09cd\u09af\u09be\u099f\u09ab\u09b0\u09cd\u09ae\u09c7\u09b0 \u09b8\u09cd\u09ac\u099a\u09cd\u099b\u09a4\u09be\u09b0 \u09b8\u09be\u09a5\u09c7 \u09b8\u0995\u09cd\u09b0\u09bf\u09af\u09bc \u09ac\u09cd\u09af\u09ac\u09b8\u09be\u09af\u09bc\u09c0\u09a6\u09c7\u09b0 \u09a6\u0995\u09cd\u09b7\u09a4\u09be\u0995\u09c7 \u098f\u0995\u09a4\u09cd\u09b0\u09bf\u09a4 \u0995\u09b0\u09c7 \u09ac\u09bf\u09a8\u09bf\u09af\u09bc\u09cb\u0997\u0995\u09be\u09b0\u09c0\u09a6\u09c7\u09b0 \u09b8\u0995\u09cd\u09b7\u09ae \u0995\u09b0\u09c7 \u09a4\u09cb\u09b2\u09c7..., <strong>\u09aa\u09c7\u09b6\u09be\u09a6\u09be\u09b0 \u09ac\u09be \u09ac\u09cd\u09af\u0995\u09cd\u09a4\u09bf\u0997\u09a4 \u099f\u09cd\u09b0\u09c7\u09a1\u09bf\u0982 \u0995\u09cc\u09b6\u09b2\u0997\u09c1\u09b2\u09cb \u09b9\u09c1\u09ac\u09b9\u09c1 \u0985\u09a8\u09c1\u0995\u09b0\u09a3 \u0995\u09b0\u09a4\u09c7<\/strong>. \u098f\u099f\u09bf \u09aa\u09cd\u09b0\u099a\u09b2\u09bf\u09a4 \u09a4\u09b9\u09ac\u09bf\u09b2 \u09ac\u09cd\u09af\u09ac\u09b8\u09cd\u09a5\u09be\u09aa\u09a8\u09be \u098f\u09ac\u0982 \u09b8\u09be\u09ae\u09be\u099c\u09bf\u0995 \u099f\u09cd\u09b0\u09c7\u09a1\u09bf\u0982\u09af\u09bc\u09c7\u09b0 \u09ae\u09a7\u09cd\u09af\u09c7 \u098f\u0995\u099f\u09bf \u09b8\u09ae\u09cd\u09aa\u09c2\u09b0\u09cd\u09a3 \u09a8\u09a4\u09c1\u09a8 \u09ac\u09be\u09b8\u09cd\u09a4\u09c1\u09a4\u09a8\u09cd\u09a4\u09cd\u09b0 \u09a4\u09c8\u09b0\u09bf \u0995\u09b0\u09c7\u0964.<\/p>\n\n\n\n<h2 class=\"wp-block-heading\">\ud83c\udf0d <strong>\u09e7. \u0989\u0987\u0995\u09bf\u09ab\u09cb\u09b2\u09bf\u0993 \u0986\u09b8\u09b2\u09c7 \u0995\u09c0<\/strong><\/h2>\n\n\n\n<h3 class=\"wp-block-heading\">\ud83e\udde9 <strong>\u09a1\u09bf\u099c\u09bf\u099f\u09be\u09b2 \u09ae\u09a1\u09c7\u09b2 \u09aa\u09cb\u09b0\u09cd\u099f\u09ab\u09cb\u09b2\u09bf\u0993<\/strong><\/h3>\n\n\n\n<ul class=\"wp-block-list\">\n<li>\u09ac\u09cd\u09af\u09ac\u09b8\u09be\u09af\u09bc\u09c0\u09b0\u09be \u09a4\u09be\u09a6\u09c7\u09b0 \u09a8\u09bf\u099c\u09b8\u09cd\u09ac \u0995\u09cc\u09b6\u09b2 \u09a4\u09c8\u09b0\u09bf \u0995\u09b0\u09c7\u0964<\/li>\n\n\n\n<li>\u09b8\u0995\u09b2 \u09b2\u09c7\u09a8\u09a6\u09c7\u09a8 \u09b0\u09bf\u09af\u09bc\u09c7\u09b2 \u099f\u09be\u0987\u09ae\u09c7 \u09a6\u09c7\u0996\u09be \u09af\u09be\u09af\u09bc\u0964<\/li>\n\n\n\n<li>\u09ac\u09bf\u09a8\u09bf\u09af\u09bc\u09cb\u0997\u0995\u09be\u09b0\u09c0\u09b0\u09be \u09b8\u09be\u09b0\u09cd\u099f\u09bf\u09ab\u09bf\u0995\u09c7\u099f \u09ac\u09cd\u09af\u09ac\u09b9\u09be\u09b0 \u0995\u09b0\u09c7 \u098f\u0987 \u0995\u09cc\u09b6\u09b2\u0997\u09c1\u09b2\u09cb \u0985\u09a8\u09c1\u0995\u09b0\u09a3 \u0995\u09b0\u09a4\u09c7 \u09aa\u09be\u09b0\u09c7\u09a8\u0964<\/li>\n<\/ul>\n\n\n\n<h3 class=\"wp-block-heading\">\ud83e\udd1d <strong>\u09b8\u09be\u09ae\u09be\u099c\u09bf\u0995 \u099f\u09cd\u09b0\u09c7\u09a1\u09bf\u0982 \u09aa\u09cd\u09b2\u09cd\u09af\u09be\u099f\u09ab\u09b0\u09cd\u09ae<\/strong><\/h3>\n\n\n\n<ul class=\"wp-block-list\">\n<li>\u09ac\u09cd\u09af\u09ac\u09b8\u09be\u09af\u09bc\u09c0 \u0993 \u09ac\u09bf\u09a8\u09bf\u09af\u09bc\u09cb\u0997\u0995\u09be\u09b0\u09c0\u09a6\u09c7\u09b0 \u09ae\u09a7\u09cd\u09af\u09c7 \u09ac\u09bf\u09a8\u09bf\u09ae\u09af\u09bc<\/li>\n\n\n\n<li>\u0995\u09b0\u09cd\u09ae\u0995\u09cd\u09b7\u09ae\u09a4\u09be, \u099d\u09c1\u0981\u0995\u09bf \u098f\u09ac\u0982 \u099f\u09cd\u09b0\u09c7\u09a1\u09bf\u0982 \u09b6\u09c8\u09b2\u09c0 \u09b8\u09ae\u09cd\u09aa\u09b0\u09cd\u0995\u09c7 \u09b8\u09cd\u09ac\u099a\u09cd\u099b\u09a4\u09be<\/li>\n<\/ul>\n\n\n\n<h3 class=\"wp-block-heading\">\ud83d\udcb6 <strong>\u09ac\u09bf\u09a8\u09bf\u09af\u09bc\u09cb\u0997\u09af\u09cb\u0997\u09cd\u09af \u09b8\u09be\u09b0\u09cd\u099f\u09bf\u09ab\u09bf\u0995\u09c7\u099f<\/strong><\/h3>\n\n\n\n<ul class=\"wp-block-list\">\n<li>\u09a8\u09bf\u09b0\u09be\u09aa\u09a4\u09cd\u09a4\u09be \u09b9\u09bf\u09b8\u09c7\u09ac\u09c7 \u09aa\u09cd\u09b0\u09a4\u09bf\u099f\u09bf \u09aa\u09cd\u09b0\u0995\u09be\u09b6\u09bf\u09a4 \u0989\u0987\u0995\u09bf\u09ab\u09cb\u09b2\u09bf\u0993 \u0995\u09cd\u09b0\u09af\u09bc \u0995\u09b0\u09be \u09af\u09c7\u09a4\u09c7 \u09aa\u09be\u09b0\u09c7\u0964<\/li>\n\n\n\n<li>\u09b8\u09cd\u099f\u0995 \u09ac\u09be \u0987\u099f\u09bf\u098f\u09ab-\u098f\u09b0 \u09ae\u09a4\u09cb \u09b2\u09c7\u09a8\u09a6\u09c7\u09a8\u09af\u09cb\u0997\u09cd\u09af<\/li>\n<\/ul>\n\n\n\n<h2 class=\"wp-block-heading\">\ud83d\ude80 <strong>\u09e8. \u0995\u09c7\u09a8 \u0989\u0987\u0995\u09bf\u09ab\u09cb\u09b2\u09bf\u0993\u0997\u09c1\u09b2\u09cb \u098f\u09a4 \u099c\u09a8\u09aa\u09cd\u09b0\u09bf\u09af\u09bc \u09b9\u09af\u09bc\u09c7 \u0989\u09a0\u09c7\u099b\u09c7<\/strong><\/h2>\n\n\n\n<h3 class=\"wp-block-heading\">\u2705 <strong>\u09b8\u09cd\u09ac\u099a\u09cd\u099b\u09a4\u09be<\/strong><\/h3>\n\n\n\n<ul class=\"wp-block-list\">\n<li>\u09aa\u09cd\u09b0\u09a4\u09bf\u099f\u09bf \u09aa\u099c\u09bf\u09b6\u09a8, \u09aa\u09cd\u09b0\u09a4\u09bf\u099f\u09bf \u099f\u09cd\u09b0\u09c7\u09a1, \u09aa\u09cd\u09b0\u09a4\u09bf\u099f\u09bf \u0993\u09af\u09bc\u09c7\u099f\u09bf\u0982 \u09b8\u09b0\u09cd\u09ac\u09b8\u09be\u09a7\u09be\u09b0\u09a3\u09c7\u09b0 \u09a6\u09c7\u0996\u09be\u09b0 \u09af\u09cb\u0997\u09cd\u09af\u0964<\/li>\n\n\n\n<li>\u0985\u09a8\u09c7\u0995 \u09a4\u09b9\u09ac\u09bf\u09b2\u09c7\u09b0 \u09ae\u09a4\u09cb \u098f\u0996\u09be\u09a8\u09c7 \u0995\u09cb\u09a8\u09cb &quot;\u09ac\u09cd\u09b2\u09cd\u09af\u09be\u0995 \u09ac\u0995\u09cd\u09b8&quot; \u09a8\u09c7\u0987\u0964<\/li>\n<\/ul>\n\n\n\n<h3 class=\"wp-block-heading\">\u2705 <strong>\u09a8\u09ae\u09a8\u09c0\u09af\u09bc\u09a4\u09be<\/strong><\/h3>\n\n\n\n<ul class=\"wp-block-list\">\n<li>\u09ac\u09bf\u09ad\u09bf\u09a8\u09cd\u09a8 \u09a7\u09b0\u09a8\u09c7\u09b0 \u0995\u09cc\u09b6\u09b2: \u0997\u09cd\u09b0\u09cb\u09a5, \u09ad\u09cd\u09af\u09be\u09b2\u09c1, \u099f\u09cd\u09b0\u09c7\u09a8\u09cd\u09a1 \u09ab\u09b2\u09cb\u09af\u09bc\u09bf\u0982, \u09a1\u09bf\u09ad\u09bf\u09a1\u09c7\u09a8\u09cd\u09a1, \u0995\u09cd\u09b0\u09bf\u09aa\u09cd\u099f\u09cb, \u0995\u09ae\u09cb\u09a1\u09bf\u099f\u09bf<\/li>\n\n\n\n<li>\u09ac\u09cd\u09af\u09ac\u09b8\u09be\u09af\u09bc\u09c0\u09b0\u09be \u09ac\u09be\u099c\u09be\u09b0\u09c7\u09b0 \u0997\u09a4\u09bf\u09ac\u09bf\u09a7\u09bf\u09a4\u09c7 \u09a6\u09cd\u09b0\u09c1\u09a4 \u09aa\u09cd\u09b0\u09a4\u09bf\u0995\u09cd\u09b0\u09bf\u09af\u09bc\u09be \u099c\u09be\u09a8\u09be\u09a4\u09c7 \u09aa\u09be\u09b0\u09c7\u09a8\u0964<\/li>\n<\/ul>\n\n\n\n<h3 class=\"wp-block-heading\">\u2705 <strong>\u09aa\u09cd\u09b0\u09ac\u09c7\u09b6\u09c7\u09b0 \u09ac\u09be\u09a7\u09be \u0995\u09ae<\/strong><\/h3>\n\n\n\n<ul class=\"wp-block-list\">\n<li>\u0985\u09b2\u09cd\u09aa \u09aa\u09b0\u09bf\u09ae\u09be\u09a3 \u0985\u09b0\u09cd\u09a5 \u09a6\u09bf\u09af\u09bc\u09c7\u0993 \u09ac\u09bf\u09a8\u09bf\u09af\u09bc\u09cb\u0997 \u0995\u09b0\u09be \u09b8\u09ae\u09cd\u09ad\u09ac\u0964<\/li>\n\n\n\n<li>\u09aa\u09cd\u09b0\u099a\u09b2\u09bf\u09a4 \u09ab\u09be\u09a8\u09cd\u09a1\u09c7\u09b0 \u09ae\u09a4\u09cb \u098f\u0996\u09be\u09a8\u09c7\u0993 \u0995\u09cb\u09a8\u09cb \u09a8\u09cd\u09af\u09c2\u09a8\u09a4\u09ae \u09ac\u09bf\u09a8\u09bf\u09af\u09bc\u09cb\u0997\u09c7\u09b0 \u09aa\u09b0\u09bf\u09ae\u09be\u09a3 \u09a8\u09c7\u0987\u0964<\/li>\n<\/ul>\n\n\n\n<h3 class=\"wp-block-heading\">\u2705 <strong>\u09b8\u09ae\u09cd\u09aa\u09cd\u09b0\u09a6\u09be\u09af\u09bc\u09c7\u09b0 \u09aa\u09cd\u09b0\u09ad\u09be\u09ac<\/strong><\/h3>\n\n\n\n<ul class=\"wp-block-list\">\n<li>\u09ac\u09bf\u09a8\u09bf\u09af\u09bc\u09cb\u0997\u0995\u09be\u09b0\u09c0\u09b0\u09be \u0995\u09cc\u09b6\u09b2\u0997\u09c1\u09b2\u09cb\u09b0 \u09a4\u09c1\u09b2\u09a8\u09be \u0995\u09b0\u09a4\u09c7, \u09ae\u09a8\u09cd\u09a4\u09ac\u09cd\u09af \u0995\u09b0\u09a4\u09c7 \u098f\u09ac\u0982 \u09ae\u09c2\u09b2\u09cd\u09af\u09be\u09af\u09bc\u09a8 \u0995\u09b0\u09a4\u09c7 \u09aa\u09be\u09b0\u09c7\u09a8\u0964<\/li>\n<\/ul>\n\n\n\n<h2 class=\"wp-block-heading\">\ud83e\udde0 <strong>\u09e9. \u0995\u09cb\u09a8 \u0995\u09cc\u09b6\u09b2\u0997\u09c1\u09b2\u09cb\u09b0 \u099a\u09be\u09b9\u09bf\u09a6\u09be \u09ac\u09bf\u09b6\u09c7\u09b7\u09ad\u09be\u09ac\u09c7 \u09ac\u09c7\u09b6\u09bf?<\/strong><\/h2>\n\n\n\n<h3 class=\"wp-block-heading\">\ud83d\udcca <strong>\u09aa\u09cd\u09b0\u09ac\u09a3\u09a4\u09be \u0985\u09a8\u09c1\u09b8\u09b0\u09a3 \u098f\u09ac\u0982 \u0997\u09a4\u09bf<\/strong><\/h3>\n\n\n\n<ul class=\"wp-block-list\">\n<li>\u09b6\u0995\u09cd\u09a4\u09bf\u09b6\u09be\u09b2\u09c0 \u09ae\u09c2\u09b2\u09cd\u09af \u0993\u09a0\u09be\u09a8\u09be\u09ae\u09be\u09b0 \u0989\u09aa\u09b0 \u09ae\u09a8\u09cb\u09af\u09cb\u0997 \u09a6\u09bf\u09a8<\/li>\n\n\n\n<li>\u09b8\u0995\u09cd\u09b0\u09bf\u09af\u09bc \u09ac\u09cd\u09af\u09ac\u09b8\u09be\u09af\u09bc\u09c0\u09a6\u09c7\u09b0 \u0995\u09be\u099b\u09c7 \u099c\u09a8\u09aa\u09cd\u09b0\u09bf\u09af\u09bc<\/li>\n<\/ul>\n\n\n\n<h3 class=\"wp-block-heading\">\ud83e\uddf1 <strong>\u09ae\u09c2\u09b2\u09cd\u09af \u0993 \u0997\u09c1\u09a3\u09ae\u09be\u09a8<\/strong><\/h3>\n\n\n\n<ul class=\"wp-block-list\">\n<li>\u09ae\u09cc\u09b2\u09bf\u0995 \u09ac\u09bf\u09b6\u09cd\u09b2\u09c7\u09b7\u09a3<\/li>\n\n\n\n<li>\u09a6\u09c0\u09b0\u09cd\u0998\u09ae\u09c7\u09af\u09bc\u09be\u09a6\u09c0, \u09b8\u09cd\u09a5\u09bf\u09a4\u09bf\u09b6\u09c0\u09b2 \u09aa\u09cb\u09b0\u09cd\u099f\u09ab\u09cb\u09b2\u09bf\u0993<\/li>\n<\/ul>\n\n\n\n<h3 class=\"wp-block-heading\">\ud83e\ude99 <strong>\u0995\u09cd\u09b0\u09bf\u09aa\u09cd\u099f\u09cb \u0995\u09cc\u09b6\u09b2<\/strong><\/h3>\n\n\n\n<ul class=\"wp-block-list\">\n<li>\u0989\u099a\u09cd\u099a \u0985\u09b8\u09cd\u09a5\u09bf\u09b0\u09a4\u09be, \u0995\u09bf\u09a8\u09cd\u09a4\u09c1 \u0989\u099a\u09cd\u099a \u099a\u09be\u09b9\u09bf\u09a6\u09be<\/li>\n\n\n\n<li>\u09ac\u09bf\u099f\u0995\u09af\u09bc\u09c7\u09a8, \u0985\u09b2\u09cd\u099f\u0995\u09af\u09bc\u09c7\u09a8 \u098f\u09ac\u0982 \u09ac\u09cd\u09b2\u0995\u099a\u09c7\u0987\u09a8 \u09b8\u09cd\u099f\u0995\u09c7\u09b0 \u09b8\u0982\u09ae\u09bf\u09b6\u09cd\u09b0\u09a3<\/li>\n<\/ul>\n\n\n\n<h3 class=\"wp-block-heading\">\ud83c\udf31 <strong>\u09b8\u09cd\u09a5\u09be\u09af\u09bc\u09bf\u09a4\u09cd\u09ac<\/strong><\/h3>\n\n\n\n<ul class=\"wp-block-list\">\n<li>ESG \u09ab\u09cb\u0995\u09be\u09b8<\/li>\n\n\n\n<li>\u09b8\u09ac\u09c1\u099c \u09aa\u09cd\u09b0\u09af\u09c1\u0995\u09cd\u09a4\u09bf, \u09a8\u09ac\u09be\u09af\u09bc\u09a8\u09af\u09cb\u0997\u09cd\u09af \u09b6\u0995\u09cd\u09a4\u09bf<\/li>\n<\/ul>\n\n\n\n<h3 class=\"wp-block-heading\">\ud83e\uddfa <strong>\u09ae\u09be\u09b2\u09cd\u099f\u09bf-\u0985\u09cd\u09af\u09be\u09b8\u09c7\u099f \u0989\u0987\u0995\u09bf\u09ab\u09cb\u09b2\u09bf\u0993<\/strong><\/h3>\n\n\n\n<ul class=\"wp-block-list\">\n<li>\u09b8\u09cd\u099f\u0995, \u09aa\u09a3\u09cd\u09af \u098f\u09ac\u0982 \u0987\u099f\u09bf\u098f\u09ab-\u098f\u09b0 \u09ae\u09bf\u09b6\u09cd\u09b0\u09a3<\/li>\n\n\n\n<li>\u09ac\u09cd\u09af\u09be\u09aa\u0995 \u09ac\u09c8\u099a\u09bf\u09a4\u09cd\u09b0\u09cd\u09af \u0996\u09c1\u0981\u099c\u099b\u09c7\u09a8 \u098f\u09ae\u09a8 \u09ac\u09bf\u09a8\u09bf\u09af\u09bc\u09cb\u0997\u0995\u09be\u09b0\u09c0\u09a6\u09c7\u09b0 \u099c\u09a8\u09cd\u09af<\/li>\n<\/ul>\n\n\n\n<h2 class=\"wp-block-heading\">\u26a0\ufe0f <strong>\u09ea. \u099d\u09c1\u0981\u0995\u09bf \u0993 \u09aa\u09cd\u09b0\u09a4\u09bf\u09ac\u09a8\u09cd\u09a7\u0995\u09a4\u09be<\/strong><\/h2>\n\n\n\n<h3 class=\"wp-block-heading\">\ud83d\udcc9 <strong>\u09ac\u09cd\u09af\u09ac\u09b8\u09be\u09af\u09bc\u09c0 \u09a8\u09bf\u09b0\u09cd\u09ad\u09b0\u09a4\u09be<\/strong><\/h3>\n\n\n\n<ul class=\"wp-block-list\">\n<li>\u0995\u09be\u09b0\u09cd\u09af\u0995\u09be\u09b0\u09bf\u09a4\u09be \u0985\u09a8\u09c7\u0995\u09be\u0982\u09b6\u09c7 \u099f\u09cd\u09b0\u09c7\u09a1\u09be\u09b0\u09c7\u09b0 \u09a6\u0995\u09cd\u09b7\u09a4\u09be\u09b0 \u0989\u09aa\u09b0 \u09a8\u09bf\u09b0\u09cd\u09ad\u09b0 \u0995\u09b0\u09c7\u0964<\/li>\n\n\n\n<li>\u09a6\u09c0\u09b0\u09cd\u0998\u09ae\u09c7\u09af\u09bc\u09be\u09a6\u09c0 \u09b8\u09be\u09ab\u09b2\u09cd\u09af\u09c7\u09b0 \u0995\u09cb\u09a8\u09cb \u09a8\u09bf\u09b6\u09cd\u099a\u09af\u09bc\u09a4\u09be \u09a8\u09c7\u0987<\/li>\n<\/ul>\n\n\n\n<h3 class=\"wp-block-heading\">\ud83d\udd04 <strong>\u0989\u099a\u09cd\u099a \u0995\u09be\u09b0\u09cd\u09af\u0995\u09b2\u09be\u09aa<\/strong><\/h3>\n\n\n\n<ul class=\"wp-block-list\">\n<li>\u0985\u09a8\u09c7\u0995 \u0989\u0987\u0995\u09bf\u09ab\u09cb\u09b2\u09bf\u0993 \u0996\u09c1\u09ac \u09b8\u0995\u09cd\u09b0\u09bf\u09af\u09bc\u09ad\u09be\u09ac\u09c7 \u09b2\u09c7\u09a8\u09a6\u09c7\u09a8 \u0995\u09b0\u09c7\u0964<\/li>\n\n\n\n<li>\u098f\u09b0 \u09ab\u09b2\u09c7 \u09aa\u09b0\u09cb\u0995\u09cd\u09b7 \u0996\u09b0\u099a \u09ac\u09c7\u09a1\u09bc\u09c7 \u09af\u09c7\u09a4\u09c7 \u09aa\u09be\u09b0\u09c7\u0964<\/li>\n<\/ul>\n\n\n\n<h3 class=\"wp-block-heading\">\ud83e\uddea <strong>\u0985\u09b8\u09cd\u09ac\u099a\u09cd\u099b \u099d\u09c1\u0981\u0995\u09bf \u09ac\u09cd\u09af\u09ac\u09b8\u09cd\u09a5\u09be\u09aa\u09a8\u09be<\/strong><\/h3>\n\n\n\n<ul class=\"wp-block-list\">\n<li>\u0995\u09bf\u099b\u09c1 \u09ac\u09cd\u09af\u09ac\u09b8\u09be\u09af\u09bc\u09c0\u09b0 \u099d\u09c1\u0981\u0995\u09bf \u09ac\u09cd\u09af\u09ac\u09b8\u09cd\u09a5\u09be\u09aa\u09a8\u09be\u09b0 \u0985\u09ad\u09bf\u099c\u09cd\u099e\u09a4\u09be \u0995\u09ae \u09a5\u09be\u0995\u09c7\u0964<\/li>\n<\/ul>\n\n\n\n<h3 class=\"wp-block-heading\">\ud83d\udcca <strong>\u0985\u09b8\u09cd\u09a5\u09bf\u09b0\u09a4\u09be<\/strong><\/h3>\n\n\n\n<ul class=\"wp-block-list\">\n<li>\u09ac\u09bf\u09b6\u09c7\u09b7 \u0995\u09b0\u09c7 \u09ac\u09bf\u09b7\u09af\u09bc\u09ad\u09bf\u09a4\u09cd\u09a4\u09bf\u0995 \u09ac\u09be \u0995\u09cd\u09b0\u09bf\u09aa\u09cd\u099f\u09cb \u0989\u0987\u0995\u09bf\u09ab\u09cb\u09b2\u09bf\u0993\u0997\u09c1\u09b2\u09bf\u09b0 \u0995\u09cd\u09b7\u09c7\u09a4\u09cd\u09b0\u09c7<\/li>\n<\/ul>\n\n\n\n<h2 class=\"wp-block-heading\">\ud83c\udfe6 <strong>\u09eb. \u09ac\u09bf\u09a8\u09bf\u09af\u09bc\u09cb\u0997\u0995\u09be\u09b0\u09c0\u09b0\u09be \u0995\u09c0\u09ad\u09be\u09ac\u09c7 \u0989\u0987\u0995\u09bf\u09ab\u09cb\u09b2\u09bf\u0993 \u09ac\u09cd\u09af\u09ac\u09b9\u09be\u09b0 \u0995\u09b0\u09c7\u09a8<\/strong><\/h2>\n\n\n\n<h3 class=\"wp-block-heading\">\ud83d\udd0d <strong>\u09ac\u09bf\u09b6\u09cd\u09b2\u09c7\u09b7\u09a3 \u0993 \u09a4\u09c1\u09b2\u09a8\u09be<\/strong><\/h3>\n\n\n\n<ul class=\"wp-block-list\">\n<li>\u0995\u09b0\u09cd\u09ae\u0995\u09cd\u09b7\u09ae\u09a4\u09be\u09b0 \u0987\u09a4\u09bf\u09b9\u09be\u09b8<\/li>\n\n\n\n<li>\u09a1\u09cd\u09b0\u09a1\u09be\u0989\u09a8<\/li>\n\n\n\n<li>\u099f\u09cd\u09b0\u09c7\u09a1\u09bf\u0982 \u09ab\u09cd\u09b0\u09bf\u0995\u09cb\u09af\u09bc\u09c7\u09a8\u09cd\u09b8\u09bf<\/li>\n\n\n\n<li>\u099d\u09c1\u0981\u0995\u09bf\u09b0 \u09b8\u09c2\u099a\u0995<\/li>\n<\/ul>\n\n\n\n<h3 class=\"wp-block-heading\">\ud83d\udcbc <strong>\u09aa\u09cb\u09b0\u09cd\u099f\u09ab\u09cb\u09b2\u09bf\u0993 \u0989\u09aa\u09be\u09a6\u09be\u09a8<\/strong><\/h3>\n\n\n\n<ul class=\"wp-block-list\">\n<li>\u0987\u099f\u09bf\u098f\u09ab \u09ac\u09be \u09a4\u09b9\u09ac\u09bf\u09b2\u09c7\u09b0 \u09aa\u09b0\u09bf\u09aa\u09c2\u09b0\u0995<\/li>\n\n\n\n<li>\u09b8\u0995\u09cd\u09b0\u09bf\u09af\u09bc \u0995\u09cc\u09b6\u09b2 \u0985\u09a8\u09cd\u09a4\u09b0\u09cd\u09ad\u09c1\u0995\u09cd\u09a4 \u0995\u09b0\u09be\u09b0 \u09b8\u09c1\u09af\u09cb\u0997<\/li>\n<\/ul>\n\n\n\n<h3 class=\"wp-block-heading\">\ud83e\uddea <strong>\u09ac\u09bf\u09b7\u09af\u09bc\u09ad\u09bf\u09a4\u09cd\u09a4\u09bf\u0995 \u09ac\u09bf\u09a8\u09bf\u09af\u09bc\u09cb\u0997<\/strong><\/h3>\n\n\n\n<ul class=\"wp-block-list\">\n<li>\u098f\u0986\u0987, \u09b9\u09be\u0987\u09a1\u09cd\u09b0\u09cb\u099c\u09c7\u09a8, \u0997\u09c7\u09ae\u09bf\u0982, \u09ac\u09be\u09af\u09bc\u09cb\u099f\u09c7\u0995\u09c7\u09b0 \u09ae\u09a4\u09cb \u09ac\u09bf\u09b6\u09c7\u09b7\u09be\u09af\u09bc\u09bf\u09a4 \u0995\u09cd\u09b7\u09c7\u09a4\u09cd\u09b0\u0997\u09c1\u09b2\u09bf\u09a4\u09c7 \u09aa\u09cd\u09b0\u09ac\u09c7\u09b6\u09be\u09a7\u09bf\u0995\u09be\u09b0<\/li>\n<\/ul>\n\n\n\n<h2 class=\"wp-block-heading\">\ud83d\udd2e <strong>\u09ec. \u0989\u0987\u0995\u09bf\u09ab\u09cb\u09b2\u09bf\u0993 \u0987\u0995\u09cb\u09b8\u09bf\u09b8\u09cd\u099f\u09c7\u09ae\u09c7\u09b0 \u09ad\u09ac\u09bf\u09b7\u09cd\u09af\u09ce \u09aa\u09cd\u09b0\u09ac\u09a3\u09a4\u09be<\/strong><\/h2>\n\n\n\n<h3 class=\"wp-block-heading\">\ud83e\udd16 <strong>\u0986\u09b0\u0993 \u09a1\u09c7\u099f\u09be-\u09ad\u09bf\u09a4\u09cd\u09a4\u09bf\u0995 \u0995\u09cc\u09b6\u09b2<\/strong><\/h3>\n\n\n\n<ul class=\"wp-block-list\">\n<li>\u098f\u0986\u0987-\u09ad\u09bf\u09a4\u09cd\u09a4\u09bf\u0995 \u09ae\u09a1\u09c7\u09b2<\/li>\n\n\n\n<li>\u0985\u09cd\u09af\u09be\u09b2\u0997\u09b0\u09bf\u09a6\u09ae\u09bf\u0995 \u099f\u09cd\u09b0\u09c7\u09a1\u09bf\u0982 \u09aa\u09a6\u09cd\u09a7\u09a4\u09bf<\/li>\n<\/ul>\n\n\n\n<h3 class=\"wp-block-heading\">\ud83c\udf31 <strong>\u099f\u09c7\u0995\u09b8\u0987 \u0989\u0987\u0995\u09bf\u09ab\u09cb\u09b2\u09bf\u0993<\/strong><\/h3>\n\n\n\n<ul class=\"wp-block-list\">\n<li>ESG-\u098f\u09b0 \u0989\u09aa\u09b0 \u09ae\u09a8\u09cb\u09af\u09cb\u0997 \u0995\u09cd\u09b0\u09ae\u09be\u0997\u09a4 \u09ac\u09be\u09a1\u09bc\u099b\u09c7<\/li>\n<\/ul>\n\n\n\n<h3 class=\"wp-block-heading\">\ud83c\udf10 <strong>\u0986\u09a8\u09cd\u09a4\u09b0\u09cd\u099c\u09be\u09a4\u09bf\u0995\u09c0\u0995\u09b0\u09a3<\/strong><\/h3>\n\n\n\n<ul class=\"wp-block-list\">\n<li>DACH \u0985\u099e\u09cd\u099a\u09b2\u09c7\u09b0 \u09ac\u09be\u0987\u09b0\u09c7 \u09a5\u09c7\u0995\u09c7 \u0986\u09b0\u0993 \u09ac\u09cd\u09af\u09ac\u09b8\u09be\u09af\u09bc\u09c0 \u098f\u09ac\u0982 \u09ac\u09bf\u09a8\u09bf\u09af\u09bc\u09cb\u0997\u0995\u09be\u09b0\u09c0<\/li>\n<\/ul>\n\n\n\n<h3 class=\"wp-block-heading\">\ud83d\udcca <strong>\u09aa\u09c7\u09b6\u09be\u09a6\u09be\u09b0\u09c0\u0995\u09b0\u09a3<\/strong><\/h3>\n\n\n\n<ul class=\"wp-block-list\">\n<li>\u09aa\u09cd\u09b0\u09be\u09a4\u09bf\u09b7\u09cd\u09a0\u09be\u09a8\u09bf\u0995 \u09ac\u09cd\u09af\u09ac\u09b8\u09be\u09af\u09bc\u09c0\u09b0\u09be \u09aa\u09cd\u09b2\u09cd\u09af\u09be\u099f\u09ab\u09b0\u09cd\u09ae\u099f\u09bf \u0986\u09ac\u09bf\u09b7\u09cd\u0995\u09be\u09b0 \u0995\u09b0\u099b\u09c7\u09a8\u0964<\/li>\n\n\n\n<li>\u0989\u09a8\u09cd\u09a8\u09a4 \u099d\u09c1\u0981\u0995\u09bf \u09b8\u09c2\u099a\u0995 \u0993 \u09aa\u09cd\u09b0\u09a4\u09bf\u09ac\u09c7\u09a6\u09a8<\/li>\n<\/ul>\n\n\n\n<h2 class=\"wp-block-heading\">\u2705 <strong>\u0989\u09aa\u09b8\u0982\u09b9\u09be\u09b0<\/strong><\/h2>\n\n\n\n<p>\u0989\u0987\u0995\u09bf\u09ab\u09cb\u09b2\u09bf\u0993 \u09b9\u09b2\u09cb \u09b8\u09be\u09ae\u09be\u099c\u09bf\u0995 \u09b2\u09c7\u09a8\u09a6\u09c7\u09a8, \u09b8\u0995\u09cd\u09b0\u09bf\u09af\u09bc \u09ac\u09cd\u09af\u09ac\u09b8\u09cd\u09a5\u09be\u09aa\u09a8\u09be \u098f\u09ac\u0982 \u09a1\u09bf\u099c\u09bf\u099f\u09be\u09b2 \u09b8\u09cd\u09ac\u099a\u09cd\u099b\u09a4\u09be\u09b0 \u09ae\u09a7\u09cd\u09af\u09c7 \u098f\u0995\u099f\u09bf \u0989\u09a6\u09cd\u09ad\u09be\u09ac\u09a8\u09c0 \u09b8\u0982\u09af\u09cb\u0997\u0964 \u098f\u0997\u09c1\u09b2\u09bf \u09ac\u09bf\u09a8\u09bf\u09af\u09bc\u09cb\u0997\u0995\u09be\u09b0\u09c0\u09a6\u09c7\u09b0 \u09b8\u0995\u09cd\u09b7\u09ae \u0995\u09b0\u09c7 \u09a4\u09cb\u09b2\u09c7, <strong>\u09aa\u09c7\u09b6\u09be\u09a6\u09be\u09b0 \u09ac\u09be \u09ac\u09cd\u09af\u0995\u09cd\u09a4\u09bf\u0997\u09a4 \u0995\u09cc\u09b6\u09b2\u0997\u09c1\u09b2\u09bf \u09b8\u09b9\u099c\u09c7\u0987 \u0985\u09a8\u09c1\u0995\u09b0\u09a3 \u0995\u09b0\u09c1\u09a8<\/strong>, \u09ac\u09bf\u09ad\u09bf\u09a8\u09cd\u09a8 \u09a7\u09b0\u09a8\u09c7\u09b0 \u09ac\u09bf\u09b7\u09af\u09bc\u09ac\u09b8\u09cd\u09a4\u09c1 \u0989\u09aa\u09b8\u09cd\u09a5\u09be\u09aa\u09a8 \u0995\u09b0\u09c7 \u098f\u09ac\u0982 \u09ac\u09be\u099c\u09be\u09b0\u09c7 \u09b8\u0995\u09cd\u09b0\u09bf\u09af\u09bc\u09ad\u09be\u09ac\u09c7 \u0985\u0982\u09b6\u0997\u09cd\u09b0\u09b9\u09a3\u09c7\u09b0 \u09a8\u09a4\u09c1\u09a8 \u09aa\u09a5 \u0996\u09c1\u09b2\u09c7 \u09a6\u09c7\u09af\u09bc\u0964.<\/p>","protected":false},"excerpt":{"rendered":"<p>Die Demokratisierung des aktiven Investierens Wikifolios haben die Art ver\u00e4ndert, wie Menschen investieren. Sie verbinden die Transparenz digitaler Plattformen mit der Expertise aktiver Trader und erm\u00f6glichen es Anlegern, professionelle oder private Handelsstrategien 1:1 nachzubilden. Damit entsteht ein v\u00f6llig neues \u00d6kosystem zwischen klassischem Fondsmanagement und Social Trading. \ud83c\udf0d 1. Was Wikifolios eigentlich sind \ud83e\udde9 Digitale Musterdepots [&hellip;]<\/p>\n","protected":false},"author":1,"featured_media":0,"parent":0,"menu_order":0,"comment_status":"closed","ping_status":"closed","template":"","meta":{"pmpro_default_level":"","_monsterinsights_skip_tracking":false,"_monsterinsights_sitenote_active":false,"_monsterinsights_sitenote_note":"","_monsterinsights_sitenote_category":0,"footnotes":""},"class_list":["post-2875","page","type-page","status-publish","hentry","pmpro-has-access"],"aioseo_notices":[],"_links":{"self":[{"href":"https:\/\/mueckinvest.com\/bn\/wp-json\/wp\/v2\/pages\/2875","targetHints":{"allow":["GET"]}}],"collection":[{"href":"https:\/\/mueckinvest.com\/bn\/wp-json\/wp\/v2\/pages"}],"about":[{"href":"https:\/\/mueckinvest.com\/bn\/wp-json\/wp\/v2\/types\/page"}],"author":[{"embeddable":true,"href":"https:\/\/mueckinvest.com\/bn\/wp-json\/wp\/v2\/users\/1"}],"replies":[{"embeddable":true,"href":"https:\/\/mueckinvest.com\/bn\/wp-json\/wp\/v2\/comments?post=2875"}],"version-history":[{"count":3,"href":"https:\/\/mueckinvest.com\/bn\/wp-json\/wp\/v2\/pages\/2875\/revisions"}],"predecessor-version":[{"id":3529,"href":"https:\/\/mueckinvest.com\/bn\/wp-json\/wp\/v2\/pages\/2875\/revisions\/3529"}],"wp:attachment":[{"href":"https:\/\/mueckinvest.com\/bn\/wp-json\/wp\/v2\/media?parent=2875"}],"curies":[{"name":"wp","href":"https:\/\/api.w.org\/{rel}","templated":true}]}}