{"id":2435,"date":"2026-01-09T07:13:49","date_gmt":"2026-01-09T06:13:49","guid":{"rendered":"https:\/\/mueckinvest.de\/?page_id=2435"},"modified":"2026-02-04T10:00:00","modified_gmt":"2026-02-04T09:00:00","slug":"%e0%a6%ae%e0%a6%bf%e0%a6%89%e0%a6%95%e0%a6%87%e0%a6%a8%e0%a6%ad%e0%a7%87%e0%a6%b8%e0%a7%8d%e0%a6%9f%e0%a6%95%e0%a7%87-%e0%a6%b8%e0%a6%ae%e0%a6%b0%e0%a7%8d%e0%a6%a5%e0%a6%a8-%e0%a6%95%e0%a6%b0%e0%a7%81","status":"publish","type":"page","link":"https:\/\/mueckinvest.com\/bn\/unterstuetze-mueckinvest\/","title":{"rendered":"Mueckinvest-\u0995\u09c7 \u09b8\u09ae\u09b0\u09cd\u09a5\u09a8 \u0995\u09b0\u09c1\u09a8"},"content":{"rendered":"<p>Mueckinvest \u098f\u0995\u099f\u09bf \u09b8\u09cd\u09ac\u09be\u09a7\u09c0\u09a8, \u09ac\u09bf\u099c\u09cd\u099e\u09be\u09aa\u09a8\u09ae\u09c1\u0995\u09cd\u09a4 \u09aa\u09cd\u09b0\u09a4\u09bf\u09b7\u09cd\u09a0\u09be\u09a8, \u09af\u09be \u0986\u09aa\u09a8\u09be\u0995\u09c7 \u0986\u09aa\u09a8\u09be\u09b0 \u0986\u09b0\u09cd\u09a5\u09bf\u0995 \u0985\u09ac\u09b8\u09cd\u09a5\u09be\u09b0 \u098f\u0995\u099f\u09bf \u09b8\u09c1\u09b8\u09cd\u09aa\u09b7\u09cd\u099f \u099a\u09bf\u09a4\u09cd\u09b0 \u09a6\u09c7\u0993\u09af\u09bc\u09be\u09b0 \u099c\u09a8\u09cd\u09af \u09a4\u09c8\u09b0\u09bf \u0995\u09b0\u09be \u09b9\u09af\u09bc\u09c7\u099b\u09c7\u0964 \u09af\u09a6\u09bf \u098f\u09b0 \u09ae\u09c2\u09b2 \u09a7\u09be\u09b0\u09a3\u09be\u099f\u09bf \u0986\u09aa\u09a8\u09be\u09b0 \u0995\u09be\u099b\u09c7 \u09ae\u09c2\u09b2\u09cd\u09af\u09ac\u09be\u09a8 \u09ae\u09a8\u09c7 \u09b9\u09af\u09bc, \u09a4\u09ac\u09c7 \u0986\u09aa\u09a8\u09bf \u098f\u0995\u0995\u09be\u09b2\u09c0\u09a8 \u09ac\u09be \u09ae\u09be\u09b8\u09bf\u0995 \u0985\u09a8\u09c1\u09a6\u09be\u09a8\u09c7\u09b0 \u09ae\u09be\u09a7\u09cd\u09af\u09ae\u09c7 \u09b8\u09cd\u09ac\u09c7\u099a\u09cd\u099b\u09be\u09af\u09bc \u098f\u09b0 \u0989\u09a8\u09cd\u09a8\u09af\u09bc\u09a8\u09c7 \u09b8\u09b9\u09be\u09af\u09bc\u09a4\u09be \u0995\u09b0\u09a4\u09c7 \u09aa\u09be\u09b0\u09c7\u09a8\u0964.<\/p>\n\n\n\n<div style=\"height:20px\" aria-hidden=\"true\" class=\"wp-block-spacer\"><\/div>\n\n\n\n<hr class=\"wp-block-separator has-alpha-channel-opacity\"\/>\n\n\n\n<div style=\"height:20px\" aria-hidden=\"true\" class=\"wp-block-spacer\"><\/div>\n\n\n\n<h2 class=\"wp-block-heading\">\u09b8\u09b9\u09be\u09af\u09bc\u09a4\u09be\u09b0 \u09ac\u09bf\u0995\u09b2\u09cd\u09aa\u0997\u09c1\u09b2\u09cb \u0995\u09c7\u09a8 \u0989\u09aa\u09b2\u09ac\u09cd\u09a7 \u0986\u099b\u09c7?<\/h2>\n\n\n\n<p>\u09ac\u09bf\u099c\u09cd\u099e\u09be\u09aa\u09a8 \u09a6\u09c7\u0993\u09af\u09bc\u09be \u09ac\u09be \u09a1\u09c7\u099f\u09be \u09ac\u09bf\u0995\u09cd\u09b0\u09bf \u0995\u09b0\u09be\u09b0 \u09aa\u09b0\u09bf\u09ac\u09b0\u09cd\u09a4\u09c7, \u09ae\u09c1\u09af\u09bc\u09c7\u0995\u0987\u09a8\u09ad\u09c7\u09b8\u09cd\u099f \u098f\u0995\u099f\u09bf \u09b8\u09b0\u09b2 \u09ae\u09a1\u09c7\u09b2\u09c7\u09b0 \u0993\u09aa\u09b0 \u09a8\u09bf\u09b0\u09cd\u09ad\u09b0 \u0995\u09b0\u09c7:<br>\u09af\u09be\u0981\u09b0\u09be \u09aa\u09cd\u09b2\u09cd\u09af\u09be\u099f\u09ab\u09b0\u09cd\u09ae\u099f\u09bf \u09ac\u09cd\u09af\u09ac\u09b9\u09be\u09b0 \u0995\u09b0\u09a4\u09c7 \u0989\u09aa\u09ad\u09cb\u0997 \u0995\u09b0\u09c7\u09a8 \u098f\u09ac\u0982 \u09af\u09be\u0981\u09a6\u09c7\u09b0 \u0986\u09b0\u09cd\u09a5\u09bf\u0995 \u09b8\u09be\u09ae\u09b0\u09cd\u09a5\u09cd\u09af \u0986\u099b\u09c7, \u09a4\u09be\u0981\u09b0\u09be \u09b8\u09cd\u09ac\u09c7\u099a\u09cd\u099b\u09be\u09af\u09bc \u098f\u099f\u09bf\u0995\u09c7 \u09b8\u09ae\u09b0\u09cd\u09a5\u09a8 \u0995\u09b0\u09a4\u09c7 \u09aa\u09be\u09b0\u09c7\u09a8\u0964.<br>\u098f\u099f\u09bf \u09a8\u09bf\u09b6\u09cd\u099a\u09bf\u09a4 \u0995\u09b0\u09c7 \u09af\u09c7 \u09ae\u09c1\u09af\u09bc\u09c7\u0995\u0987\u09a8\u09ad\u09c7\u09b8\u09cd\u099f \u09a6\u09c0\u09b0\u09cd\u0998\u09ae\u09c7\u09af\u09bc\u09be\u09a6\u09c7 \u09b8\u09cd\u09ac\u09be\u09a7\u09c0\u09a8, \u09b8\u09cd\u09ac\u099a\u09cd\u099b \u098f\u09ac\u0982 \u09b8\u09cd\u09a5\u09bf\u09a4\u09bf\u09b6\u09c0\u09b2 \u09a5\u09be\u0995\u09ac\u09c7\u0964.<\/p>\n\n\n\n<div style=\"height:20px\" aria-hidden=\"true\" class=\"wp-block-spacer\"><\/div>\n\n\n\n<hr class=\"wp-block-separator has-alpha-channel-opacity\"\/>\n\n\n\n<div style=\"height:20px\" aria-hidden=\"true\" class=\"wp-block-spacer\"><\/div>\n\n\n\n<h2 class=\"wp-block-heading\">\u09ae\u09be\u09b8\u09bf\u0995 \u09b8\u09b9\u09be\u09af\u09bc\u09a4\u09be<\/h2>\n\n\n\n<p>\u0986\u09aa\u09a8\u09be\u09b0 \u09ae\u09be\u09b8\u09bf\u0995 \u0985\u09a8\u09c1\u09a6\u09be\u09a8 \u09b8\u09be\u09b0\u09cd\u09ad\u09be\u09b0\u09c7\u09b0 \u0996\u09b0\u099a, \u0986\u09b0\u0993 \u0989\u09a8\u09cd\u09a8\u09af\u09bc\u09a8 \u098f\u09ac\u0982 \u09a8\u09a4\u09c1\u09a8 \u09ab\u09bf\u099a\u09be\u09b0 \u09a4\u09c8\u09b0\u09bf\u09a4\u09c7 \u09b8\u09b9\u09be\u09af\u09bc\u09a4\u09be \u0995\u09b0\u09c7\u0964 \u09aa\u09c7\u09ae\u09c7\u09a8\u09cd\u099f \u09aa\u09c7\u09aa\u09cd\u09af\u09be\u09b2\u09c7\u09b0 \u09ae\u09be\u09a7\u09cd\u09af\u09ae\u09c7 \u09b8\u09cd\u09ac\u09af\u09bc\u0982\u0995\u09cd\u09b0\u09bf\u09af\u09bc\u09ad\u09be\u09ac\u09c7 \u09b8\u09ae\u09cd\u09aa\u09a8\u09cd\u09a8 \u09b9\u09af\u09bc \u098f\u09ac\u0982 \u09af\u09c7\u0995\u09cb\u09a8\u09cb \u09b8\u09ae\u09af\u09bc \u09a4\u09be \u09ac\u09be\u09a4\u09bf\u09b2 \u0995\u09b0\u09be \u09af\u09c7\u09a4\u09c7 \u09aa\u09be\u09b0\u09c7\u0964.<\/p>\n\n\n\n<div class=\"wp-block-columns is-layout-flex wp-container-core-columns-is-layout-28f84493 wp-block-columns-is-layout-flex\">\n<div class=\"wp-block-column is-layout-flow wp-block-column-is-layout-flow\" style=\"flex-basis:66.66%\">\n<p><strong>\u09b8\u09ae\u09b0\u09cd\u09a5\u0995 \u2013 \u09aa\u09cd\u09b0\u09a4\u09bf \u09ae\u09be\u09b8\u09c7 \u09e8 \u0987\u0989\u09b0\u09cb<\/strong><\/p>\n\n\n\n<p>\u098f\u099f\u09bf \u09ae\u09c1\u09af\u09bc\u09c7\u0995\u0987\u09a8\u09ad\u09c7\u09b8\u09cd\u099f\u0995\u09c7 \u09b8\u09cd\u09ac\u09be\u09a7\u09c0\u09a8 \u098f\u09ac\u0982 \u09ac\u09bf\u099c\u09cd\u099e\u09be\u09aa\u09a8\u09ae\u09c1\u0995\u09cd\u09a4 \u09b0\u09be\u0996\u09a4\u09c7 \u09b8\u09be\u09b9\u09be\u09af\u09cd\u09af \u0995\u09b0\u09c7\u0964.<\/p>\n<\/div>\n\n\n\n<div class=\"wp-block-column is-layout-flow wp-block-column-is-layout-flow\" style=\"flex-basis:33.33%\">\n<div class=\"wp-block-buttons is-layout-flex wp-block-buttons-is-layout-flex\">\n<div class=\"wp-block-button\"><a class=\"wp-block-button__link wp-element-button\" href=\"https:\/\/buy.stripe.com\/00wfZa8Jo8Krfw13ZZ6Na03\">\u09b8\u09ae\u09b0\u09cd\u09a5\u0995 \u09b9\u09cb\u09a8<\/a><\/div>\n<\/div>\n<\/div>\n<\/div>\n\n\n\n<div class=\"wp-block-columns is-layout-flex wp-container-core-columns-is-layout-28f84493 wp-block-columns-is-layout-flex\">\n<div class=\"wp-block-column is-layout-flow wp-block-column-is-layout-flow\" style=\"flex-basis:66.66%\">\n<p><strong>\u09aa\u09cd\u09b0\u09bf\u09ae\u09bf\u09af\u09bc\u09be\u09ae \u09b8\u09ae\u09b0\u09cd\u09a5\u0995 \u2013 \u09aa\u09cd\u09b0\u09a4\u09bf \u09ae\u09be\u09b8\u09c7 \u09eb \u0987\u0989\u09b0\u09cb<\/strong><\/p>\n\n\n\n<p>\u0986\u09b0\u0993 \u0989\u09a8\u09cd\u09a8\u09af\u09bc\u09a8, \u09b9\u09cb\u09b8\u09cd\u099f\u09bf\u0982 \u098f\u09ac\u0982 \u09a8\u09a4\u09c1\u09a8 \u09ac\u09c8\u09b6\u09bf\u09b7\u09cd\u099f\u09cd\u09af \u09b8\u09ae\u09b0\u09cd\u09a5\u09a8 \u0995\u09b0\u09c7\u0964<\/p>\n<\/div>\n\n\n\n<div class=\"wp-block-column is-layout-flow wp-block-column-is-layout-flow\" style=\"flex-basis:33.33%\">\n<div class=\"wp-block-buttons is-layout-flex wp-block-buttons-is-layout-flex\">\n<div class=\"wp-block-button\"><a class=\"wp-block-button__link wp-element-button\" href=\"https:\/\/buy.stripe.com\/14A5kw3p4e4L6Zv7cb6Na04\">\u09aa\u09cd\u09b0\u09bf\u09ae\u09bf\u09af\u09bc\u09be\u09ae \u09b8\u09ae\u09b0\u09cd\u09a5\u0995 \u09b9\u09a8<\/a><\/div>\n<\/div>\n<\/div>\n<\/div>\n\n\n\n<div class=\"wp-block-columns is-layout-flex wp-container-core-columns-is-layout-28f84493 wp-block-columns-is-layout-flex\">\n<div class=\"wp-block-column is-layout-flow wp-block-column-is-layout-flow\" style=\"flex-basis:66.66%\">\n<p><strong>\u09ac\u09bf\u09a8\u09bf\u09af\u09bc\u09cb\u0997\u0995\u09be\u09b0\u09c0 \u09b8\u09ae\u09b0\u09cd\u09a5\u0995 \u2013 \u09aa\u09cd\u09b0\u09a4\u09bf \u09ae\u09be\u09b8\u09c7 \u20ac\u09e7\u09e6<\/strong><\/p>\n\n\n\n<p>Mueckinvest-\u098f\u09b0 \u09ad\u09ac\u09bf\u09b7\u09cd\u09af\u09ce \u0997\u09a0\u09a8\u09c7 \u09b8\u0995\u09cd\u09b0\u09bf\u09af\u09bc\u09ad\u09be\u09ac\u09c7 \u0985\u09ac\u09a6\u09be\u09a8 \u09b0\u09be\u0996\u09c1\u09a8\u0964.<\/p>\n<\/div>\n\n\n\n<div class=\"wp-block-column is-layout-flow wp-block-column-is-layout-flow\" style=\"flex-basis:33.33%\">\n<div class=\"wp-block-buttons is-layout-flex wp-block-buttons-is-layout-flex\">\n<div class=\"wp-block-button\"><a class=\"wp-block-button__link wp-element-button\" href=\"https:\/\/buy.stripe.com\/00w00c5xc1hZ97D9kj6Na05\">\u098f\u0995\u099c\u09a8 \u09ac\u09bf\u09a8\u09bf\u09af\u09bc\u09cb\u0997\u0995\u09be\u09b0\u09c0 \u09b8\u09ae\u09b0\u09cd\u09a5\u0995 \u09b9\u09af\u09bc\u09c7 \u0989\u09a0\u09c1\u09a8<\/a><\/div>\n<\/div>\n<\/div>\n<\/div>\n\n\n\n<div style=\"height:20px\" aria-hidden=\"true\" class=\"wp-block-spacer\"><\/div>\n\n\n\n<hr class=\"wp-block-separator has-alpha-channel-opacity\"\/>\n\n\n\n<div style=\"height:20px\" aria-hidden=\"true\" class=\"wp-block-spacer\"><\/div>\n\n\n\n<h2 class=\"wp-block-heading\">\u098f\u0995\u0995\u09be\u09b2\u09c0\u09a8 \u09b8\u09b9\u09be\u09af\u09bc\u09a4\u09be<\/h2>\n\n\n\n<div class=\"wp-block-columns is-layout-flex wp-container-core-columns-is-layout-28f84493 wp-block-columns-is-layout-flex\">\n<div class=\"wp-block-column is-layout-flow wp-block-column-is-layout-flow\" style=\"flex-basis:66.66%\">\n<p>\u0986\u09aa\u09a8\u09bf \u09af\u09a6\u09bf \u09b8\u09be\u09ac\u09b8\u09cd\u0995\u09cd\u09b0\u09bf\u09aa\u09b6\u09a8 \u09a8\u09bf\u09a4\u09c7 \u09a8\u09be \u099a\u09be\u09a8, \u09a4\u09be\u09b9\u09b2\u09c7\u0993 \u098f\u0995\u0995\u09be\u09b2\u09c0\u09a8 \u0985\u09a8\u09c1\u09a6\u09be\u09a8\u09c7\u09b0 \u09ae\u09be\u09a7\u09cd\u09af\u09ae\u09c7 \u09ae\u09c1\u09af\u09bc\u09c7\u0995\u0987\u09a8\u09ad\u09c7\u09b8\u09cd\u099f\u0995\u09c7 \u09b8\u09ae\u09b0\u09cd\u09a5\u09a8 \u0995\u09b0\u09a4\u09c7 \u09aa\u09be\u09b0\u09c7\u09a8\u0964 \u0985\u09a8\u09c1\u09a6\u09be\u09a8\u09c7\u09b0 \u09aa\u09b0\u09bf\u09ae\u09be\u09a3 \u0986\u09aa\u09a8\u09bf \u09a8\u09bf\u099c\u09c7\u09b0 \u0987\u099a\u09cd\u099b\u09be\u09ae\u09a4\u09cb \u09ac\u09c7\u099b\u09c7 \u09a8\u09bf\u09a4\u09c7 \u09aa\u09be\u09b0\u09c7\u09a8\u0964.<\/p>\n<\/div>\n\n\n\n<div class=\"wp-block-column is-layout-flow wp-block-column-is-layout-flow\" style=\"flex-basis:33.33%\">\n<div class=\"wp-block-buttons is-layout-flex wp-block-buttons-is-layout-flex\">\n<div class=\"wp-block-button\"><a class=\"wp-block-button__link wp-element-button\" href=\"https:\/\/buy.stripe.com\/fZu4gsbVA0dV3Nj7cb6Na06\">\u098f\u0995\u0995\u09be\u09b2\u09c0\u09a8 \u09b8\u09b9\u09be\u09af\u09bc\u09a4\u09be<\/a><\/div>\n<\/div>\n<\/div>\n<\/div>\n\n\n\n<div style=\"height:20px\" aria-hidden=\"true\" class=\"wp-block-spacer\"><\/div>\n\n\n\n<hr class=\"wp-block-separator has-alpha-channel-opacity\"\/>\n\n\n\n<div style=\"height:20px\" aria-hidden=\"true\" class=\"wp-block-spacer\"><\/div>\n\n\n\n<h2 class=\"wp-block-heading\">\u09b8\u09cd\u09ac\u099a\u09cd\u099b\u09a4\u09be \u0993 \u09b8\u09ae\u09be\u09aa\u09cd\u09a4\u09bf<\/h2>\n\n\n\n<p>\u0986\u09aa\u09a8\u09be\u09b0 \u09b8\u09ae\u09b0\u09cd\u09a5\u09a8 \u09b8\u09cd\u09ac\u09c7\u099a\u09cd\u099b\u09be\u09ae\u09c2\u09b2\u0995 \u098f\u09ac\u0982 \u09af\u09c7\u0995\u09cb\u09a8\u09cb \u09b8\u09ae\u09af\u09bc \u09a4\u09be \u09ac\u09be\u09a4\u09bf\u09b2 \u0995\u09b0\u09be \u09af\u09c7\u09a4\u09c7 \u09aa\u09be\u09b0\u09c7\u0964.<br>\u0986\u09aa\u09a8\u09bf \u09b8\u09b0\u09be\u09b8\u09b0\u09bf \u0986\u09aa\u09a8\u09be\u09b0 \u09aa\u09c7\u09aa\u09cd\u09af\u09be\u09b2 \u0985\u09cd\u09af\u09be\u0995\u09be\u0989\u09a8\u09cd\u099f \u09a5\u09c7\u0995\u09c7 \u09ae\u09be\u09b8\u09bf\u0995 \u09b8\u09be\u09ac\u09b8\u09cd\u0995\u09cd\u09b0\u09bf\u09aa\u09b6\u09a8 \u09ac\u09be\u09a4\u09bf\u09b2 \u0995\u09b0\u09a4\u09c7 \u09aa\u09be\u09b0\u09c7\u09a8\u0964.<br>\u098f\u0996\u09be\u09a8\u09c7 \u0995\u09cb\u09a8\u09cb \u0997\u09cb\u09aa\u09a8 \u09b6\u09b0\u09cd\u09a4 \u09a8\u09c7\u0987 \u2013 \u0986\u09aa\u09a8\u09be\u09b0 \u098f\u0987 \u0985\u09ac\u09a6\u09be\u09a8\u099f\u09bf \u098f\u09ae\u09a8 \u098f\u0995\u099f\u09bf \u09aa\u09cd\u09b2\u09cd\u09af\u09be\u099f\u09ab\u09b0\u09cd\u09ae\u09c7\u09b0 \u09aa\u09cd\u09b0\u09a4\u09bf \u09a7\u09a8\u09cd\u09af\u09ac\u09be\u09a6\u09b8\u09cd\u09ac\u09b0\u09c2\u09aa, \u09af\u09be \u0986\u09aa\u09a8\u09be\u0995\u09c7 \u09aa\u09cd\u09b0\u0995\u09c3\u09a4 \u09ac\u09be\u09a1\u09bc\u09a4\u09bf \u09b8\u09c1\u09ac\u09bf\u09a7\u09be \u09aa\u09cd\u09b0\u09a6\u09be\u09a8 \u0995\u09b0\u09c7\u0964.<\/p>","protected":false},"excerpt":{"rendered":"<p>Mueckinvest ist unabh\u00e4ngig, werbefrei und darauf ausgelegt, Ihnen einen klaren \u00dcberblick \u00fcber Ihre Finanzen zu geben. Wenn Sie die Idee dahinter wertvoll finden, k\u00f6nnen Sie die Weiterentwicklung freiwillig unterst\u00fctzen \u2013 einmalig oder monatlich. Warum gibt es Unterst\u00fctzungsm\u00f6glichkeiten? Statt Werbung oder Datenverkauf setzt Mueckinvest auf ein einfaches Modell:Wer die Plattform gerne nutzt und sich das leisten [&hellip;]<\/p>\n","protected":false},"author":1,"featured_media":0,"parent":0,"menu_order":0,"comment_status":"closed","ping_status":"closed","template":"page-no-sidebar","meta":{"pmpro_default_level":"","_monsterinsights_skip_tracking":false,"_monsterinsights_sitenote_active":false,"_monsterinsights_sitenote_note":"","_monsterinsights_sitenote_category":0,"footnotes":""},"class_list":["post-2435","page","type-page","status-publish","hentry","pmpro-has-access"],"aioseo_notices":[],"_links":{"self":[{"href":"https:\/\/mueckinvest.com\/bn\/wp-json\/wp\/v2\/pages\/2435","targetHints":{"allow":["GET"]}}],"collection":[{"href":"https:\/\/mueckinvest.com\/bn\/wp-json\/wp\/v2\/pages"}],"about":[{"href":"https:\/\/mueckinvest.com\/bn\/wp-json\/wp\/v2\/types\/page"}],"author":[{"embeddable":true,"href":"https:\/\/mueckinvest.com\/bn\/wp-json\/wp\/v2\/users\/1"}],"replies":[{"embeddable":true,"href":"https:\/\/mueckinvest.com\/bn\/wp-json\/wp\/v2\/comments?post=2435"}],"version-history":[{"count":9,"href":"https:\/\/mueckinvest.com\/bn\/wp-json\/wp\/v2\/pages\/2435\/revisions"}],"predecessor-version":[{"id":3538,"href":"https:\/\/mueckinvest.com\/bn\/wp-json\/wp\/v2\/pages\/2435\/revisions\/3538"}],"wp:attachment":[{"href":"https:\/\/mueckinvest.com\/bn\/wp-json\/wp\/v2\/media?parent=2435"}],"curies":[{"name":"wp","href":"https:\/\/api.w.org\/{rel}","templated":true}]}}