{"id":1134,"date":"2025-11-12T09:16:37","date_gmt":"2025-11-12T09:16:37","guid":{"rendered":"https:\/\/mueckinvest.de\/?page_id=1134"},"modified":"2026-03-18T15:18:00","modified_gmt":"2026-03-18T14:18:00","slug":"%e0%a6%ae%e0%a7%81%e0%a6%af%e0%a6%bc%e0%a7%87%e0%a6%95%e0%a6%bf%e0%a6%a8%e0%a6%ad%e0%a7%87%e0%a6%b8%e0%a7%8d%e0%a6%9f-%e0%a6%a4%e0%a7%88%e0%a6%b0%e0%a6%bf%e0%a6%b0-%e0%a6%aa%e0%a6%9f%e0%a6%ad%e0%a7%82","status":"publish","type":"page","link":"https:\/\/mueckinvest.com\/bn\/hintergrund-zur-entstehung-von-mueckinvest\/","title":{"rendered":"\u09a6\u09c3\u09b7\u09cd\u099f\u09bf\u09ad\u0999\u09cd\u0997\u09bf \u09a5\u09c7\u0995\u09c7 \u09ac\u09be\u09b8\u09cd\u09a4\u09ac\u09be\u09af\u09bc\u09a8 \u09aa\u09b0\u09cd\u09af\u09a8\u09cd\u09a4"},"content":{"rendered":"<p>Mueckinvest \u098f\u0995\u099f\u09bf \u09b8\u09c1\u09b8\u09cd\u09aa\u09b7\u09cd\u099f \u0989\u09a6\u09cd\u09a6\u09c7\u09b6\u09cd\u09af \u09a8\u09bf\u09af\u09bc\u09c7 \u09aa\u09cd\u09b0\u09a4\u09bf\u09b7\u09cd\u09a0\u09bf\u09a4 \u09b9\u09af\u09bc\u09c7\u099b\u09bf\u09b2: \u09ac\u09bf\u09a8\u09bf\u09af\u09bc\u09cb\u0997\u0995\u09be\u09b0\u09c0\u09a6\u09c7\u09b0\u0995\u09c7 \u0996\u09c1\u09ac \u0985\u09b2\u09cd\u09aa \u09b8\u09ae\u09af\u09bc\u09c7 \u09ac\u09bf\u09b6\u09cd\u09ac \u09ac\u09be\u099c\u09be\u09b0\u09c7 \u09aa\u09cd\u09b0\u09ac\u09c7\u09b6\u09c7\u09b0 \u098f\u0995\u099f\u09bf \u09b8\u09b9\u099c \u0989\u09aa\u09be\u09af\u09bc \u09aa\u09cd\u09b0\u09a6\u09be\u09a8 \u0995\u09b0\u09be\u0964 <strong>\u098f\u0995\u099f\u09bf \u098f\u0995\u0995 \u09aa\u09cb\u09b0\u09cd\u099f\u09ab\u09cb\u09b2\u09bf\u0993 \u0985\u09ac\u09b8\u09cd\u09a5\u09be\u09a8<\/strong> \u09aa\u09cd\u09b0\u09a4\u09bf\u09a8\u09bf\u09a7\u09bf\u09a4\u09cd\u09ac \u0995\u09b0\u09a4\u09c7\u0964 \u099a\u09bf\u09b0\u09be\u09af\u09bc\u09a4 \u0995\u09cc\u09b6\u09b2\u0997\u09c1\u09b2\u09bf\u09a4\u09c7 \u09aa\u09cd\u09b0\u09be\u09af\u09bc\u09b6\u0987 \u0985\u09a8\u09c7\u0995\u0997\u09c1\u09b2\u09cb \u09b8\u09cd\u09ac\u09a4\u09a8\u09cd\u09a4\u09cd\u09b0 \u09b8\u09cd\u099f\u0995 \u09ac\u09be \u09ab\u09be\u09a8\u09cd\u09a1 \u09a5\u09be\u0995\u09c7 \u2013 \u09af\u09be \u09aa\u09b0\u09bf\u099a\u09be\u09b2\u09a8\u09be \u0995\u09b0\u09be \u099c\u099f\u09bf\u09b2 \u098f\u09ac\u0982 \u098f\u09a4\u09c7 \u09aa\u09cd\u09b0\u09af\u09bc\u09cb\u099c\u09a8\u09c7\u09b0 \u099a\u09c7\u09af\u09bc\u09c7 \u09ac\u09c7\u09b6\u09bf \u09ac\u09be \u0995\u09ae \u0997\u09c1\u09b0\u09c1\u09a4\u09cd\u09ac \u09a6\u09c7\u0993\u09af\u09bc\u09be\u09b0 \u09aa\u09cd\u09b0\u09ac\u09a3\u09a4\u09be \u09a5\u09be\u0995\u09c7\u0964.<\/p>\n\n\n\n<p>\u09b8\u09c1\u09a4\u09b0\u09be\u0982 \u0986\u09ae\u09be\u09b0 \u09aa\u09a6\u09cd\u09a7\u09a4\u09bf\u09b0 \u098f\u0995\u099f\u09bf \u09b8\u09c1\u09b8\u09cd\u09aa\u09b7\u09cd\u099f \u09b2\u0995\u09cd\u09b7\u09cd\u09af \u09b0\u09af\u09bc\u09c7\u099b\u09c7: <strong>\u098f\u0995\u099f\u09bf \u0985\u09ac\u09b8\u09cd\u09a5\u09be\u09a8\u09c7 \u098f\u0995\u099f\u09bf \u09b8\u09c1\u09b8\u0982\u0997\u09a0\u09bf\u09a4, \u09ac\u09bf\u09b6\u09cd\u09ac\u09ac\u09cd\u09af\u09be\u09aa\u09c0 \u09ac\u09c8\u099a\u09bf\u09a4\u09cd\u09b0\u09cd\u09af\u09ae\u09af\u09bc \u09aa\u09cb\u09b0\u09cd\u099f\u09ab\u09cb\u09b2\u09bf\u0993<\/strong>, \u098f\u09b0 \u09b8\u09be\u09a5\u09c7 \u09b8\u09c1\u09b8\u09cd\u09aa\u09b7\u09cd\u099f\u09ad\u09be\u09ac\u09c7 \u0989\u09aa\u09b8\u09cd\u09a5\u09be\u09aa\u09bf\u09a4 \u0986\u09b0\u09cd\u09a5\u09bf\u0995 \u099c\u09cd\u099e\u09be\u09a8 \u09af\u09c1\u0995\u09cd\u09a4 \u0995\u09b0\u09be \u09b9\u09af\u09bc\u09c7\u099b\u09c7, \u09af\u09be \u0985\u09a8\u09cd\u09a4\u09b0\u09cd\u09a8\u09bf\u09b9\u09bf\u09a4 \u09a8\u09c0\u09a4\u09bf\u0997\u09c1\u09b2\u09cb\u0995\u09c7 \u09ac\u09cb\u09a7\u0997\u09ae\u09cd\u09af \u0995\u09b0\u09c7 \u09a4\u09cb\u09b2\u09c7\u0964.<\/p>\n\n\n\n<p>\u098f\u09b0 \u09ae\u09a7\u09cd\u09af\u09c7 \u09a6\u09c1\u099f\u09bf \u09ae\u09c2\u09b2 \u0989\u09aa\u09be\u09a6\u09be\u09a8 \u09b0\u09af\u09bc\u09c7\u099b\u09c7:<\/p>\n\n\n\n<ul class=\"wp-block-list\">\n<li><strong>\u09a8\u09bf\u09af\u09bc\u09ae-\u09ad\u09bf\u09a4\u09cd\u09a4\u09bf\u0995 \u0989\u0987\u0995\u09bf\u09ab\u09cb\u09b2\u09bf\u0993 \u0995\u09cc\u09b6\u09b2<\/strong>, \u09af\u09be \u09ac\u09c8\u099a\u09bf\u09a4\u09cd\u09b0\u09cd\u09af, \u0995\u09be\u09a0\u09be\u09ae\u09cb \u098f\u09ac\u0982 \u099d\u09c1\u0981\u0995\u09bf \u09ac\u09cd\u09af\u09ac\u09b8\u09cd\u09a5\u09be\u09aa\u09a8\u09be\u0995\u09c7 \u098f\u0995\u09a4\u09cd\u09b0\u09bf\u09a4 \u0995\u09b0\u09c7<\/li>\n\n\n\n<li><strong>\u09a8\u09bf\u09b0\u09cd\u09a6\u09bf\u09b7\u09cd\u099f \u09ac\u09bf\u09b7\u09af\u09bc \u098f\u09ac\u0982 \u0986\u09b0\u09cd\u09a5\u09bf\u0995 \u099c\u09cd\u099e\u09be\u09a8\u09c7\u09b0 \u0997\u09ad\u09c0\u09b0 \u09ac\u09bf\u09b6\u09cd\u09b2\u09c7\u09b7\u09a3<\/strong>, \u09af\u09be \u09ac\u09cd\u09af\u09be\u0996\u09cd\u09af\u09be \u0995\u09b0\u09c7 \u09ac\u09be\u099c\u09be\u09b0 \u0995\u09c0\u09ad\u09be\u09ac\u09c7 \u0995\u09be\u099c \u0995\u09b0\u09c7, \u09ac\u09bf\u09ad\u09bf\u09a8\u09cd\u09a8 \u0989\u09aa\u09be\u09a6\u09be\u09a8 \u0995\u09c0\u09ad\u09be\u09ac\u09c7 \u09b8\u09c7\u0997\u09c1\u09b2\u09cb\u0995\u09c7 \u09aa\u09cd\u09b0\u09ad\u09be\u09ac\u09bf\u09a4 \u0995\u09b0\u09c7 \u098f\u09ac\u0982 \u09a6\u09c0\u09b0\u09cd\u0998\u09ae\u09c7\u09af\u09bc\u09be\u09a6\u09c7 \u0995\u09cb\u09a8 \u09ac\u09bf\u09b7\u09af\u09bc\u0997\u09c1\u09b2\u09cb \u09aa\u09cd\u09b0\u09be\u09b8\u0999\u09cd\u0997\u09bf\u0995\u0964<\/li>\n<\/ul>\n\n\n\n<p>\u098f\u0987 \u0997\u09ad\u09c0\u09b0 \u09ac\u09bf\u09b6\u09cd\u09b2\u09c7\u09b7\u09a3\u0997\u09c1\u09b2\u09cb \u09ac\u09bf\u09a8\u09bf\u09af\u09bc\u09cb\u0997\u09c7\u09b0 \u09ae\u09c2\u09b2 \u09ac\u09bf\u09b7\u09af\u09bc\u09ac\u09b8\u09cd\u09a4\u09c1, \u09ac\u09be\u099c\u09be\u09b0 \u09aa\u09cd\u09b0\u0995\u09cd\u09b0\u09bf\u09af\u09bc\u09be \u098f\u09ac\u0982 \u09ac\u09c8\u099c\u09cd\u099e\u09be\u09a8\u09bf\u0995 \u0997\u09ac\u09c7\u09b7\u09a3\u09be\u09b0 \u09ab\u09b2\u09be\u09ab\u09b2\u0995\u09c7 \u09b8\u0982\u0995\u09cd\u09b7\u09bf\u09aa\u09cd\u09a4, \u09b8\u09b9\u099c\u09ac\u09cb\u09a7\u09cd\u09af \u098f\u09ac\u0982 \u09b8\u09b0\u09be\u09b8\u09b0\u09bf \u09aa\u09cd\u09b0\u09af\u09bc\u09cb\u0997\u09af\u09cb\u0997\u09cd\u09af \u0989\u09aa\u09be\u09af\u09bc\u09c7 \u09a4\u09c1\u09b2\u09c7 \u09a7\u09b0\u09c7\u0964 \u098f\u0997\u09c1\u09b2\u09cb \u09ac\u09bf\u09a8\u09bf\u09af\u09bc\u09cb\u0997\u0995\u09be\u09b0\u09c0\u09a6\u09c7\u09b0 \u09ac\u09bf\u09ad\u09bf\u09a8\u09cd\u09a8 \u09ac\u09bf\u09b7\u09af\u09bc\u09c7\u09b0 \u09ae\u09a7\u09cd\u09af\u09c7 \u09b8\u0982\u09af\u09cb\u0997 \u09b6\u09a8\u09be\u0995\u09cd\u09a4 \u0995\u09b0\u09a4\u09c7, \u09b8\u09bf\u09a6\u09cd\u09a7\u09be\u09a8\u09cd\u09a4\u0995\u09c7 \u09a4\u09be\u09b0 \u09aa\u09cd\u09b0\u09c7\u0995\u09cd\u09b7\u09be\u09aa\u099f\u09c7 \u09b8\u09cd\u09a5\u09be\u09aa\u09a8 \u0995\u09b0\u09a4\u09c7 \u098f\u09ac\u0982 \u0995\u09cc\u09b6\u09b2\u0997\u09c1\u09b2\u09cb \u0986\u09b0\u0993 \u09ad\u09be\u09b2\u09cb\u09ad\u09be\u09ac\u09c7 \u09ac\u09c1\u099d\u09a4\u09c7 \u09b8\u09be\u09b9\u09be\u09af\u09cd\u09af \u0995\u09b0\u09c7\u0964.<\/p>\n\n\n\n<p>\u099b\u09be\u09a4\u09be \u0989\u0987\u0995\u09bf\u09ab\u09cb\u09b2\u09bf\u0993 \u09b8\u09b9 <strong>\u0997\u09cd\u09b2\u09cb\u09ac\u09be\u09b2 \u09b2\u09c7\u09af\u09bc\u09be\u09b0\u09b8<\/strong> \u098f\u0995\u099f\u09bf \u09ac\u09c8\u09b6\u09cd\u09ac\u09bf\u0995 \u09ac\u09be\u099c\u09be\u09b0 \u09aa\u09cb\u09b0\u09cd\u099f\u09ab\u09cb\u09b2\u09bf\u0993\u09b0 \u09b2\u0995\u09cd\u09b7\u09cd\u09af \u09a7\u09be\u09b0\u09be\u09ac\u09be\u09b9\u09bf\u0995\u09ad\u09be\u09ac\u09c7 \u098f\u0995\u099f\u09bf \u098f\u0995\u0995 \u0985\u09ac\u09b8\u09cd\u09a5\u09be\u09a8\u09c7 \u09ac\u09be\u09b8\u09cd\u09a4\u09ac\u09be\u09af\u09bc\u09bf\u09a4 \u09b9\u09af\u09bc\u09c7\u099b\u09bf\u09b2\u0964 \u0986\u09b0\u0993 \u09b8\u0982\u0995\u09cd\u09b7\u09bf\u09aa\u09cd\u09a4 \u09ac\u09bf\u0995\u09b2\u09cd\u09aa \u09b9\u09bf\u09b8\u09be\u09ac\u09c7, \u09ae\u09c2\u09b2 \u0989\u0987\u0995\u09bf\u09ab\u09cb\u09b2\u09bf\u0993 \u0989\u09aa\u09b2\u09ac\u09cd\u09a7\u0964 <strong>\u09ac\u09bf\u09b6\u09cd\u09ac\u09ac\u09cd\u09af\u09be\u09aa\u09c0 \u09b8\u09cd\u09ae\u09be\u09b0\u09cd\u099f \u09ac\u09bf\u09a8\u09bf\u09af\u09bc\u09cb\u0997<\/strong> \u098f\u0995 \u09a7\u09b0\u09a3\u09c7\u09b0 &quot;\u0997\u09cd\u09b2\u09cb\u09ac\u09be\u09b2 \u09b2\u09c7\u09af\u09bc\u09be\u09b0\u09b8 \u09b2\u09be\u0987\u099f&quot;\u0964.<\/p>\n\n\n\n<p>\u09a4\u09be\u0987 \u09ae\u09c1\u0987\u0995\u09bf\u09a8\u09ad\u09c7\u09b8\u09cd\u099f \u0985\u09ad\u09bf\u099c\u09cd\u099e \u09ac\u09bf\u09a8\u09bf\u09af\u09bc\u09cb\u0997\u0995\u09be\u09b0\u09c0\u09a6\u09c7\u09b0 \u099c\u09a8\u09cd\u09af \u09af\u09be\u09b0\u09be \u09ac\u09bf\u09a6\u09cd\u09af\u09ae\u09be\u09a8 \u09aa\u09cb\u09b0\u09cd\u099f\u09ab\u09cb\u09b2\u09bf\u0993\u0997\u09c1\u09b2\u09bf\u09a4\u09c7 \u09a6\u0995\u09cd\u09b7 \u09b8\u0982\u09af\u09cb\u099c\u09a8 \u0996\u09c1\u0981\u099c\u099b\u09c7\u09a8 \u098f\u09ac\u0982 \u09a8\u09a4\u09c1\u09a8\u09a6\u09c7\u09b0 \u099c\u09a8\u09cd\u09af \u09af\u09be\u09b0\u09be \u098f\u0995\u0995 \u09ac\u09bf\u09a8\u09bf\u09af\u09bc\u09cb\u0997\u09c7\u09b0 \u09ae\u09be\u09a7\u09cd\u09af\u09ae\u09c7 \u098f\u0995\u099f\u09bf \u09ac\u09bf\u09b8\u09cd\u09a4\u09c3\u09a4 \u09ac\u09c8\u099a\u09bf\u09a4\u09cd\u09b0\u09cd\u09af\u09ae\u09af\u09bc \u09ac\u09be\u099c\u09be\u09b0 \u09aa\u09cb\u09b0\u09cd\u099f\u09ab\u09cb\u09b2\u09bf\u0993\u09a4\u09c7 \u0985\u09cd\u09af\u09be\u0995\u09cd\u09b8\u09c7\u09b8 \u099a\u09be\u09a8 - \u098f\u09ac\u0982 \u098f\u0995\u0987 \u09b8\u09be\u09a5\u09c7 \u098f\u099f\u09bf \u09ac\u09cb\u099d\u09be\u09b0 \u099c\u09cd\u099e\u09be\u09a8\u0993 \u099a\u09be\u09a8\u0964.<\/p>\n\n\n\n<div style=\"height:100px\" aria-hidden=\"true\" class=\"wp-block-spacer\"><\/div>\n\n\n\n<p>\u0985\u09a8\u09c1\u0997\u09cd\u09b0\u09b9 \u0995\u09b0\u09c7 \u09ae\u09a8\u09c7 \u09b0\u09be\u0996\u09ac\u09c7\u09a8: \u0989\u0987\u0995\u09bf\u09ab\u09cb\u09b2\u09bf\u0993\u09a4\u09c7 \u09ac\u09bf\u09a8\u09bf\u09af\u09bc\u09cb\u0997 \u099d\u09c1\u0981\u0995\u09bf\u09aa\u09c2\u09b0\u09cd\u09a3\u0964 \u0985\u09a4\u09c0\u09a4\u09c7\u09b0 \u0995\u09b0\u09cd\u09ae\u0995\u09cd\u09b7\u09ae\u09a4\u09be \u09ad\u09ac\u09bf\u09b7\u09cd\u09af\u09a4\u09c7\u09b0 \u09ab\u09b2\u09be\u09ab\u09b2\u09c7\u09b0 \u09a8\u09bf\u09b0\u09cd\u09ad\u09b0\u09af\u09cb\u0997\u09cd\u09af \u09b8\u09c2\u099a\u0995 \u09a8\u09af\u09bc\u0964 [\u09b2\u09bf\u0999\u09cd\u0995\/\u09a1\u0995\u09c1\u09ae\u09c7\u09a8\u09cd\u099f\/\u09ac\u09bf\u09ad\u09be\u0997] \u098f \u09ac\u09bf\u09b8\u09cd\u09a4\u09be\u09b0\u09bf\u09a4 \u09a6\u09c7\u0996\u09c1\u09a8\u0964 <strong><a href=\"https:\/\/mueckinvest.com\/bn\/%e0%a6%9b%e0%a6%be%e0%a6%aa\/\" data-type=\"page\" data-id=\"2\">\u099b\u09be\u09aa<\/a>.<\/strong><\/p>","protected":false},"excerpt":{"rendered":"<p>Mueckinvest entstand aus einem klaren Anspruch: Anlegern eine einfache M\u00f6glichkeit zu bieten, den globalen Markt in nur einer einzigen Depotposition abzubilden. Klassische Strategien bestehen oft aus vielen Einzelwerten oder Fonds \u2013 komplex in der Verwaltung und anf\u00e4llig f\u00fcr \u00dcber\u2011 oder Untergewichtungen. Mein Ansatz verfolgt deshalb ein eindeutiges Ziel: ein strukturiertes, global diversifiziertes Portfolio in einer [&hellip;]<\/p>\n","protected":false},"author":1,"featured_media":0,"parent":0,"menu_order":0,"comment_status":"closed","ping_status":"closed","template":"page-no-sidebar","meta":{"pmpro_default_level":"","_monsterinsights_skip_tracking":false,"_monsterinsights_sitenote_active":false,"_monsterinsights_sitenote_note":"","_monsterinsights_sitenote_category":0,"footnotes":""},"class_list":["post-1134","page","type-page","status-publish","hentry","pmpro-has-access"],"aioseo_notices":[],"_links":{"self":[{"href":"https:\/\/mueckinvest.com\/bn\/wp-json\/wp\/v2\/pages\/1134","targetHints":{"allow":["GET"]}}],"collection":[{"href":"https:\/\/mueckinvest.com\/bn\/wp-json\/wp\/v2\/pages"}],"about":[{"href":"https:\/\/mueckinvest.com\/bn\/wp-json\/wp\/v2\/types\/page"}],"author":[{"embeddable":true,"href":"https:\/\/mueckinvest.com\/bn\/wp-json\/wp\/v2\/users\/1"}],"replies":[{"embeddable":true,"href":"https:\/\/mueckinvest.com\/bn\/wp-json\/wp\/v2\/comments?post=1134"}],"version-history":[{"count":2,"href":"https:\/\/mueckinvest.com\/bn\/wp-json\/wp\/v2\/pages\/1134\/revisions"}],"predecessor-version":[{"id":4031,"href":"https:\/\/mueckinvest.com\/bn\/wp-json\/wp\/v2\/pages\/1134\/revisions\/4031"}],"wp:attachment":[{"href":"https:\/\/mueckinvest.com\/bn\/wp-json\/wp\/v2\/media?parent=1134"}],"curies":[{"name":"wp","href":"https:\/\/api.w.org\/{rel}","templated":true}]}}