{"id":110,"date":"2025-09-10T12:10:10","date_gmt":"2025-09-10T12:10:10","guid":{"rendered":"https:\/\/mueckinvest.de\/?page_id=110"},"modified":"2026-02-17T14:00:00","modified_gmt":"2026-02-17T13:00:00","slug":"%e0%a6%ac%e0%a6%bf%e0%a6%b6%e0%a7%8d%e0%a6%ac-%e0%a6%aa%e0%a7%8d%e0%a6%b0%e0%a6%a4%e0%a6%bf%e0%a6%ad%e0%a6%be-2","status":"publish","type":"page","link":"https:\/\/mueckinvest.com\/bn\/global-genius\/","title":{"rendered":"\u099b\u09be\u09a4\u09be \u0989\u0987\u0995\u09bf\u09ab\u09cb\u09b2\u09bf\u0993: \u0997\u09cd\u09b2\u09cb\u09ac\u09be\u09b2 \u099c\u09bf\u09a8\u09bf\u09af\u09bc\u09be\u09b8"},"content":{"rendered":"\n<figure class=\"wp-block-image size-full is-resized\"><img loading=\"lazy\" decoding=\"async\" width=\"720\" height=\"480\" src=\"https:\/\/mueckinvest.com\/wp-content\/uploads\/2025\/09\/Copilot_20250902_081031.png\" alt=\"\" class=\"wp-image-106\" style=\"width:800px;height:auto\" srcset=\"https:\/\/mueckinvest.com\/wp-content\/uploads\/2025\/09\/Copilot_20250902_081031.png 720w, https:\/\/mueckinvest.com\/wp-content\/uploads\/2025\/09\/Copilot_20250902_081031-300x200.png 300w\" sizes=\"auto, (max-width: 720px) 100vw, 720px\" \/><\/figure>\n\n\n\n<p>Global Genius b\u00fcndelt die leistungsst\u00e4rksten Wikifolios in einem gleichgewichteten Dachportfolio und schafft so eine konzentrierte Auswahl der \u00fcberzeugendsten Strategien. Durch ein quartalsweises Rebalancing bleibt die Struktur dynamisch, ausgewogen und stets auf aktuelle Marktbedingungen abgestimmt.<\/p>\n\n\n\n<div class=\"wp-block-buttons is-layout-flex wp-block-buttons-is-layout-flex\">\n<div class=\"wp-block-button\"><a class=\"wp-block-button__link wp-element-button\" href=\"https:\/\/www.wikifolio.com\/de\/de\/w\/wfdachtopw\" target=\"_blank\" rel=\"noreferrer noopener\">Live Performance ansehen<\/a><\/div>\n\n\n\n<div class=\"wp-block-button\"><a class=\"wp-block-button__link wp-element-button\" href=\"https:\/\/mueckinvest.com\/rebalancing\/\" target=\"_blank\" rel=\"noreferrer noopener\">Rebalancing Historie<\/a><\/div>\n<\/div>\n\n\n\n<div style=\"height:20px\" aria-hidden=\"true\" class=\"wp-block-spacer\"><\/div>\n\n\n\n<hr class=\"wp-block-separator has-alpha-channel-opacity\"\/>\n\n\n\n<div style=\"height:20px\" aria-hidden=\"true\" class=\"wp-block-spacer\"><\/div>\n\n\n\n<h2 class=\"wp-block-heading\">Performance<\/h2>\n\n\n    <script>\n    function miCssVar(name) {\n        return getComputedStyle(document.documentElement).getPropertyValue(name).trim();\n    }\n    function miHslColor(index, total) {\n        if (!total || total < 1) total = 1;\n        const hue = (360 \/ total) * index;\n        return \"hsl(\" + hue + \", 70%, 55%)\";\n    }\n    function miHslColorTransparent(index, total, alpha) {\n        if (!total || total < 1) total = 1;\n        const hue = (360 \/ total) * index;\n        return \"hsla(\" + hue + \", 70%, 55%, \" + alpha + \")\";\n    }\n    <\/script>\n    \n    <div class=\"mi-chart-wrapper\">\n        <canvas id=\"miSingleChart_16\" height=\"600\"><\/canvas>\n    <\/div>\n\n    <script>\n    document.addEventListener(\"DOMContentLoaded\", function() {\n\n        function renderMiChart_miSingleChart_16() {\n            const el = document.getElementById(\"miSingleChart_16\");\n            if (!el || typeof Chart === 'undefined') return;\n\n            const ctx = el.getContext('2d');\n            if (!ctx) return;\n\n            const prefersDark = window.matchMedia && window.matchMedia('(prefers-color-scheme: dark)').matches;\n            const textColor   = prefersDark ? '#ffffff' : '#0f1a33';\n\n            const borderColor = miCssVar('--color-bg-table-head') || '#3776ff';\n            const gridColor   = miCssVar('--color-border') || '#c7d4f5';\n            const cardBg      = miCssVar('--color-bg-card') || '#ffffff';\n\n            let bgColor;\n            if (borderColor.startsWith('rgb')) {\n                bgColor = borderColor.replace(')', ', 0.15)').replace('rgb', 'rgba');\n            } else {\n                bgColor = 'rgba(55, 118, 255, 0.15)';\n            }\n\n            if (window.miChartInstance_miSingleChart_16) {\n                window.miChartInstance_miSingleChart_16.destroy();\n            }\n\n            window.miChartInstance_miSingleChart_16 = new Chart(ctx, {\n                type: 'line',\n                data: {\n                    labels: [\"16/09/2025\",\"22/09/2025\",\"30/09/2025\",\"10/08/2025\",\"15/10/2025\",\"22/10/2025\",\"30/10/2025\",\"11/08/2025\",\"15/11/2025\",\"22/11/2025\",\"30/11/2025\",\"12/08/2025\",\"15/12/2025\",\"22/12/2025\",\"30/12/2025\",\"01/08/2026\",\"15/01/2026\",\"22/01/2026\",\"30/01/2026\",\"02/08/2026\",\"15/02/2026\",\"20/02/2026\",\"28/02/2026\",\"03/08/2026\",\"15/03/2026\",\"22/03/2026\",\"30/03/2026\"],\n                    datasets: [{\n                        label: \"Wert (\u20ac)\",\n                        data: [103.03,105.27,105.56,109.95,105.9,104.6,107.11,103.88,101.81,99.96,103.31,104.25,103.05,105.55,105.14,108.51,109.84,110.03,107,107.42,106.32,108.21,108.07,107.02,106.05,106.7,103.74],\n                        borderColor: borderColor,\n                        backgroundColor: bgColor,\n                        borderWidth: 2,\n                        tension: 0.25,\n                        pointRadius: 2\n                    }]\n                },\n                options: {\n                    responsive: true,\n                    maintainAspectRatio: false,\n                    plugins: {\n                        legend: { labels: { color: textColor } },\n                        tooltip: {\n                            titleColor: textColor,\n                            bodyColor: textColor,\n                            backgroundColor: cardBg,\n                            borderColor: gridColor,\n                            borderWidth: 1,\n                            callbacks: {\n                                label: ctx => {\n                                    const v = ctx.raw;\n                                    return (typeof v === 'number'\n                                        ? v.toLocaleString('de-DE', { minimumFractionDigits: 2, maximumFractionDigits: 2 })\n                                        : '-') + \" \u20ac\";\n                                }\n                            }\n                        }\n                    },\n                    scales: {\n                        x: {\n                            ticks: { color: textColor },\n                            grid: { color: gridColor }\n                        },\n                        y: {\n                            ticks: {\n                                color: textColor,\n                                callback: value => {\n                                    return value.toLocaleString('de-DE', {\n                                        minimumFractionDigits: 2,\n                                        maximumFractionDigits: 2\n                                    }) + \" \u20ac\";\n                                }\n                            },\n                            grid: { color: gridColor }\n                        }\n                    }\n                }\n            });\n        }\n\n        renderMiChart_miSingleChart_16();\n\n        if (window.matchMedia) {\n            const mq = window.matchMedia('(prefers-color-scheme: dark)');\n            if (mq.addEventListener) {\n                mq.addEventListener('change', () => {\n                    renderMiChart_miSingleChart_16();\n                });\n            } else if (mq.addListener) {\n                mq.addListener(() => {\n                    renderMiChart_miSingleChart_16();\n                });\n            }\n        }\n    });\n    <\/script>\n\n    <script>\n    document.addEventListener(\"DOMContentLoaded\", function () {\n\n        const savedScroll = sessionStorage.getItem(\"scroll_restore\");\n        if (savedScroll !== null) {\n            setTimeout(() => {\n                window.scrollTo(0, parseInt(savedScroll));\n                sessionStorage.removeItem(\"scroll_restore\");\n            }, 150);\n        }\n\n        const triggers = document.querySelectorAll(\"[data-scroll-save]\");\n        triggers.forEach(el => {\n            el.addEventListener(\"change\", () => {\n                sessionStorage.setItem(\"scroll_restore\", window.scrollY);\n            });\n            el.addEventListener(\"click\", () => {\n                sessionStorage.setItem(\"scroll_restore\", window.scrollY);\n            });\n        });\n\n    });\n    <\/script>\n\n    \n\n\n\n<details class=\"wp-block-details is-layout-flow wp-block-details-is-layout-flow\"><summary>Performance Tabelle<\/summary>    <form method=\"get\" class=\"mi-year-form\">\n        <label>Jahr:\n            <select name=\"mi_year\" data-scroll-save onchange=\"this.form.submit()\">\n                                    <option value=\"2025\" >\n                        2025                    <\/option>\n                                    <option value=\"2026\"  selected='selected'>\n                        2026                    <\/option>\n                            <\/select>\n        <\/label>\n\n            <\/form>\n\n    <table class=\"mi-perf-table performance-tabelle info-tabelle\">\n        <thead>\n            <tr>\n                <th>Monat<\/th>\n                <th>Wert<\/th>\n                <th>Ver\u00e4nderung zum Vormonat<\/th>\n                <th>Ver\u00e4nderung seit Jahresbeginn<\/th>\n            <\/tr>\n        <\/thead>\n        <tbody>\n                            <tr>\n                    <td>\u099c\u09be\u09a8\u09c1\u09df\u09be\u09b0\u09bf<\/td>\n                    <td>107,00 \u20ac<\/td>\n                    <td class=\"\">\n                        0,00 %\n                    <\/td>\n                    <td class=\"\">\n                        0,00 %\n                    <\/td>\n                <\/tr>\n                            <tr>\n                    <td>\u09ab\u09c7\u09ac\u09cd\u09b0\u09c1\u09df\u09be\u09b0\u09bf<\/td>\n                    <td>108,07 \u20ac<\/td>\n                    <td class=\"positiv\">\n                        1,00 %\n                    <\/td>\n                    <td class=\"positiv\">\n                        1,00 %\n                    <\/td>\n                <\/tr>\n                            <tr>\n                    <td>\u09ae\u09be\u09b0\u09cd\u099a<\/td>\n                    <td>103,74 \u20ac<\/td>\n                    <td class=\"negativ\">\n                        -4,01 %\n                    <\/td>\n                    <td class=\"negativ\">\n                        -3,05 %\n                    <\/td>\n                <\/tr>\n            <tr>\n                            <td>\u098f\u09aa\u09cd\u09b0\u09bf\u09b2<\/td>\n                            <td>\u2013<\/td>\n                            <td>\u2013<\/td>\n                            <td>\u2013<\/td>\n                          <\/tr><tr>\n                            <td>\u09ae\u09c7<\/td>\n                            <td>\u2013<\/td>\n                            <td>\u2013<\/td>\n                            <td>\u2013<\/td>\n                          <\/tr><tr>\n                            <td>\u099c\u09c1\u09a8<\/td>\n                            <td>\u2013<\/td>\n                            <td>\u2013<\/td>\n                            <td>\u2013<\/td>\n                          <\/tr><tr>\n                            <td>\u099c\u09c1\u09b2\u09be\u0987<\/td>\n                            <td>\u2013<\/td>\n                            <td>\u2013<\/td>\n                            <td>\u2013<\/td>\n                          <\/tr><tr>\n                            <td>\u0986\u0997\u09b8\u09cd\u099f<\/td>\n                            <td>\u2013<\/td>\n                            <td>\u2013<\/td>\n                            <td>\u2013<\/td>\n                          <\/tr><tr>\n                            <td>\u09b8\u09c7\u09aa\u09cd\u099f\u09c7\u09ae\u09cd\u09ac\u09b0<\/td>\n                            <td>\u2013<\/td>\n                            <td>\u2013<\/td>\n                            <td>\u2013<\/td>\n                          <\/tr><tr>\n                            <td>\u0985\u0995\u09cd\u099f\u09cb\u09ac\u09b0<\/td>\n                            <td>\u2013<\/td>\n                            <td>\u2013<\/td>\n                            <td>\u2013<\/td>\n                          <\/tr><tr>\n                            <td>\u09a8\u09ad\u09c7\u09ae\u09cd\u09ac\u09b0<\/td>\n                            <td>\u2013<\/td>\n                            <td>\u2013<\/td>\n                            <td>\u2013<\/td>\n                          <\/tr><tr>\n                            <td>\u09a1\u09bf\u09b8\u09c7\u09ae\u09cd\u09ac\u09b0<\/td>\n                            <td>\u2013<\/td>\n                            <td>\u2013<\/td>\n                            <td>\u2013<\/td>\n                          <\/tr>        <\/tbody>\n    <\/table>\n\n    \n\n\n\n<p><\/p>\n<\/details>\n\n\n\n<div style=\"height:20px\" aria-hidden=\"true\" class=\"wp-block-spacer\"><\/div>\n\n\n\n<hr class=\"wp-block-separator has-alpha-channel-opacity\"\/>\n\n\n\n<div style=\"height:20px\" aria-hidden=\"true\" class=\"wp-block-spacer\"><\/div>\n\n\n\n<section class=\"strategie-ansatz\">\n<h2>Strategie &amp; Ansatz<\/h2>\n<table class=\"info-tabelle\">\n<tbody>\n<tr>\n<th class=\"kategorie\">Zielsetzung<\/th>\n<td>\u00dcberdurchschnittliches Wachstum durch Fokussierung auf die erfolgreichsten Bausteine<\/td>\n<\/tr>\n<tr>\n<th class=\"kategorie\">Umsetzung<\/th>\n<td>Auswahl der performancest\u00e4rksten Kern- und Themenwikifolios<br>Dynamische Gewichtung je nach Marktlage<br>Konzentration auf wenige, aussichtsreiche Strategien<\/td>\n<\/tr>\n<tr>\n<th class=\"kategorie\">Besonderheit<\/th>\n<td>Weniger breit gestreut als Global Layers, st\u00e4rker auf Renditepotenzial ausgerichtet<\/td>\n<\/tr>\n<\/tbody>\n<\/table>\n<\/section>\n\n\n\n<div style=\"height:20px\" aria-hidden=\"true\" class=\"wp-block-spacer\"><\/div>\n\n\n\n<hr class=\"wp-block-separator has-alpha-channel-opacity\"\/>\n\n\n\n<div style=\"height:20px\" aria-hidden=\"true\" class=\"wp-block-spacer\"><\/div>\n\n\n<section class=\"kerninformationen\">\n<h2>Kerninformationen<\/h2>\n<table class=\"info-tabelle\">\n<tbody>\n<tr>\n<th class=\"kategorie\">Startdatum<\/th>\n<td>28/10/2025<\/td>\n<\/tr>\n<tr>\n<th class=\"kategorie\">Risikoklasse<\/th>\n<td class=\"risiko-chancenorientiert\">chancenorientiert<\/td>\n<\/tr>\n<tr>\n<th class=\"kategorie\">Anlageuniversum<\/th>\n<td>Alle auf Wikifolio.com verf\u00fcgbaren Wikifolios inkl. Hebelwikifolios<\/td>\n<\/tr>\n<tr>\n<th class=\"kategorie\">Geb\u00fchrenmodell<\/th>\n<td>Siehe <a href=\"https:\/\/help.wikifolio.com\/article\/55-was-kostet-eine-investition-in-ein-wikifolio-zertifikat#Spezialfall-Dachwikifolio-nDx7Z\" target=\"_blank\" rel=\"noopener\">Wikifolio.com<\/a><\/td>\n<\/tr>\n<tr>\n<th class=\"kategorie\">Strategie<\/th>\n<td>Kombination aus Kern- und Themenwikifolios in einem Dachwikifolio<\/td>\n<\/tr>\n<tr>\n<th class=\"kategorie\">Vergleich mit zentralen Aktienindizes<\/th>\n<td><a href=\"https:\/\/mueckinvest.com\/vergleich-mit-zentralen-aktienindizes\/\" target=\"_blank\" rel=\"noopener\">Zum Vergleich<\/a><\/td>\n<\/tr>\n<tr>\n<th class=\"kategorie\">Handelsidee<\/th>\n<td><a href=\"https:\/\/www.wikifolio.com\/de\/de\/w\/wfdachtopw#tradingidea\" target=\"_blank\" rel=\"noopener\">Komplette Handelsidee auf Wikifolio.com<\/a><\/td>\n<\/tr>\n<\/tbody>\n<\/table>\n<\/section>\n\n\n<div style=\"height:20px\" aria-hidden=\"true\" class=\"wp-block-spacer\"><\/div>\n\n\n\n<hr class=\"wp-block-separator has-alpha-channel-opacity\"\/>\n\n\n\n<div style=\"height:20px\" aria-hidden=\"true\" class=\"wp-block-spacer\"><\/div>\n\n\n<section class=\"grundstruktur\">\n<h2>Grundstruktur &amp; Gewichtung (Januar 2026)<\/h2>\n<table class=\"info-tabelle\">\n<thead>\n<tr>\n<th class=\"kategorie\">Wikifolio<\/th>\n<th class=\"kategorie rechts\">Gewichtung<\/th>\n<\/tr>\n<\/thead>\n<tbody>\n<tr>\n<td><a href=\"https:\/\/www.wikifolio.com\/de\/de\/w\/wfpaailead\" target=\"_blank\" rel=\"noopener\">Alpha AI Leaders<\/a><\/td>\n<td class=\"rechts\">10%<\/td>\n<\/tr>\n<tr>\n<td><a href=\"https:\/\/www.wikifolio.com\/de\/de\/w\/wfcapitala\" target=\"_blank\" rel=\"noopener\">AlphaStars<\/a><\/td>\n<td class=\"rechts\">10%<\/td>\n<\/tr>\n<tr>\n<td><a href=\"https:\/\/www.wikifolio.com\/de\/de\/w\/wfumbrella\" target=\"_blank\" rel=\"noopener\">UMBRELLA<\/a><\/td>\n<td class=\"rechts\">10%<\/td>\n<\/tr>\n<tr>\n<td><a href=\"https:\/\/www.wikifolio.com\/de\/de\/w\/wfspecial2\" target=\"_blank\" rel=\"noopener\">Special Situations long\/short<\/a><\/td>\n<td class=\"rechts\">10%<\/td>\n<\/tr>\n<tr>\n<td><a href=\"https:\/\/www.wikifolio.com\/de\/de\/w\/wfpp999999\" target=\"_blank\" rel=\"noopener\">PPinvest Low Vola<\/a><\/td>\n<td class=\"rechts\">10%<\/td>\n<\/tr>\n<tr>\n<td><a href=\"https:\/\/www.wikifolio.com\/de\/de\/w\/wfmmstabil\" target=\"_blank\" rel=\"noopener\">mittermatik Stability<\/a><\/td>\n<td class=\"rechts\">10%<\/td>\n<\/tr>\n<tr>\n<td><a href=\"https:\/\/www.wikifolio.com\/de\/de\/w\/wf0tsinsdq\" target=\"_blank\" rel=\"noopener\">TSI Strategie Nasdaq-Werte<\/a><\/td>\n<td class=\"rechts\">10%<\/td>\n<\/tr>\n<tr>\n<td><a href=\"https:\/\/www.wikifolio.com\/de\/de\/w\/wfgo000010\" target=\"_blank\" rel=\"noopener\">Value und Charttechnik<\/a><\/td>\n<td class=\"rechts\">10%<\/td>\n<\/tr>\n<tr>\n<td><a href=\"https:\/\/www.wikifolio.com\/de\/de\/w\/wf000rich1\" target=\"_blank\" rel=\"noopener\">Global Wealth Concentrated<\/a><\/td>\n<td class=\"rechts\">10%<\/td>\n<\/tr>\n<tr>\n<td><a href=\"https:\/\/www.wikifolio.com\/de\/de\/w\/wf00szew01\" target=\"_blank\" rel=\"noopener\">Szew Grundinvestment<\/a><\/td>\n<td class=\"rechts\">10%<\/td>\n<\/tr>\n<\/tbody>\n<\/table>\n<\/section>\n\n\n<div style=\"height:20px\" aria-hidden=\"true\" class=\"wp-block-spacer\"><\/div>\n\n\n\n<hr class=\"wp-block-separator has-alpha-channel-opacity\"\/>\n\n\n\n<div style=\"height:20px\" aria-hidden=\"true\" class=\"wp-block-spacer\"><\/div>\n\n\n\n<h2 class=\"wp-block-heading\">Strategische Zusammensetzung<\/h2>\n\n\n\n<p>Global Genius setzt auf eine <strong>gleichgewichtete Auswahl der Top\u2011Wikifolios<\/strong>, um unterschiedliche Anlagestile, Themen und Marktphasen optimal zu kombinieren. Das regelm\u00e4\u00dfige Rebalancing alle drei Monate sorgt daf\u00fcr, dass Gewinner nicht \u00fcberdominieren, Nachz\u00fcgler wieder ins Gleichgewicht r\u00fccken und das Portfolio langfristig eine <strong>stabile, diversifizierte und performanceorientierte Meta\u2011Strategie<\/strong> abbildet.<\/p>\n","protected":false},"excerpt":{"rendered":"<p>Global Genius b\u00fcndelt die leistungsst\u00e4rksten Wikifolios in einem gleichgewichteten Dachportfolio und schafft so eine konzentrierte Auswahl der \u00fcberzeugendsten Strategien. Durch ein quartalsweises Rebalancing bleibt die Struktur dynamisch, ausgewogen und stets auf aktuelle Marktbedingungen abgestimmt. Performance Strategie &amp; Ansatz Zielsetzung \u00dcberdurchschnittliches Wachstum durch Fokussierung auf die erfolgreichsten Bausteine Umsetzung Auswahl der performancest\u00e4rksten Kern- und ThemenwikifoliosDynamische Gewichtung [&hellip;]<\/p>\n","protected":false},"author":1,"featured_media":0,"parent":0,"menu_order":0,"comment_status":"closed","ping_status":"closed","template":"page-no-sidebar","meta":{"pmpro_default_level":"","_monsterinsights_skip_tracking":false,"_monsterinsights_sitenote_active":false,"_monsterinsights_sitenote_note":"","_monsterinsights_sitenote_category":0,"footnotes":""},"class_list":["post-110","page","type-page","status-publish","hentry","pmpro-has-access"],"aioseo_notices":[],"_links":{"self":[{"href":"https:\/\/mueckinvest.com\/bn\/wp-json\/wp\/v2\/pages\/110","targetHints":{"allow":["GET"]}}],"collection":[{"href":"https:\/\/mueckinvest.com\/bn\/wp-json\/wp\/v2\/pages"}],"about":[{"href":"https:\/\/mueckinvest.com\/bn\/wp-json\/wp\/v2\/types\/page"}],"author":[{"embeddable":true,"href":"https:\/\/mueckinvest.com\/bn\/wp-json\/wp\/v2\/users\/1"}],"replies":[{"embeddable":true,"href":"https:\/\/mueckinvest.com\/bn\/wp-json\/wp\/v2\/comments?post=110"}],"version-history":[{"count":17,"href":"https:\/\/mueckinvest.com\/bn\/wp-json\/wp\/v2\/pages\/110\/revisions"}],"predecessor-version":[{"id":3830,"href":"https:\/\/mueckinvest.com\/bn\/wp-json\/wp\/v2\/pages\/110\/revisions\/3830"}],"wp:attachment":[{"href":"https:\/\/mueckinvest.com\/bn\/wp-json\/wp\/v2\/media?parent=110"}],"curies":[{"name":"wp","href":"https:\/\/api.w.org\/{rel}","templated":true}]}}