{"id":3984,"date":"2026-03-13T11:00:00","date_gmt":"2026-03-13T10:00:00","guid":{"rendered":"https:\/\/mueckinvest.com\/?page_id=3984"},"modified":"2026-03-17T17:00:00","modified_gmt":"2026-03-17T16:00:00","slug":"%d9%82%d8%b5%d8%a9","status":"publish","type":"page","link":"https:\/\/mueckinvest.com\/ar\/geschichte\/","title":{"rendered":"\u0627\u0644\u062a\u0627\u0631\u064a\u062e \u0648\u0627\u0644\u062a\u0637\u0648\u064a\u0631 \u0648\u062e\u0627\u0631\u0637\u0629 \u0627\u0644\u0637\u0631\u064a\u0642"},"content":{"rendered":"<p><strong>\u0644\u0645\u0627\u0630\u0627 \u0623\u064f\u0638\u0647\u0631 \u062a\u0637\u0648\u0631\u064a \u0639\u0644\u0646\u064b\u0627\u061f<\/strong><\/p>\n\n\n\n<p>\u0645\u0646 \u0627\u0644\u0645\u0647\u0645 \u0628\u0627\u0644\u0646\u0633\u0628\u0629 \u0644\u064a \u0623\u0646 \u0623\u064f\u0638\u0647\u0631 \u0628\u0634\u0641\u0627\u0641\u064a\u0629 \u0643\u064a\u0641 \u062a\u0637\u0648\u0631\u062a \u0634\u0631\u0643\u0629 Mueckinvest \u062e\u0637\u0648\u0629 \u0628\u062e\u0637\u0648\u0629. \u0641\u0641\u064a \u0627\u0644\u0642\u0637\u0627\u0639 \u0627\u0644\u0645\u0627\u0644\u064a \u062a\u062d\u062f\u064a\u062f\u0627\u064b\u060c \u062a\u064f\u0639\u062f\u0651 \u0627\u0644\u062b\u0642\u0629 \u0623\u0633\u0627\u0633\u064a\u0629\u060c \u0648\u062a\u064f\u0628\u0646\u0649 \u0627\u0644\u062b\u0642\u0629 \u0639\u0646\u062f\u0645\u0627 \u062a\u0641\u0647\u0645 \u0643\u064a\u0641 \u064a\u062a\u0645 \u0627\u0628\u062a\u0643\u0627\u0631 \u0627\u0644\u0645\u0646\u062a\u062c\u060c \u0648\u0643\u064a\u0641 \u064a\u0646\u0645\u0648\u060c \u0648\u0643\u064a\u0641 \u064a\u062a\u062d\u0633\u0646. \u0644\u0647\u0630\u0627 \u0627\u0644\u0633\u0628\u0628\u060c \u0623\u0648\u062b\u0642 \u0631\u062d\u0644\u062a\u064a \u0645\u0646\u0630 \u0639\u0627\u0645 \u0662\u0660\u0662\u0665\u060c \u0648\u0623\u064f\u0638\u0647\u0631 \u0628\u0648\u0636\u0648\u062d \u0645\u0627 \u0623\u0639\u0645\u0644 \u0639\u0644\u064a\u0647\u060c \u0648\u0645\u0627 \u062a\u0645 \u0625\u0646\u062c\u0627\u0632\u0647 \u0628\u0627\u0644\u0641\u0639\u0644\u060c \u0648\u0645\u0627 \u0647\u064a \u0627\u0644\u062e\u0637\u0648\u0627\u062a \u0627\u0644\u062a\u0627\u0644\u064a\u0629.<\/p>\n\n\n\n<details class=\"wp-block-details is-layout-flow wp-block-details-is-layout-flow\"><summary><strong>2025<\/strong><\/summary>\n<h2 class=\"wp-block-heading\">\u0623\u063a\u0633\u0637\u0633 2025 - \u0645\u0631\u062d\u0644\u0629 \u0627\u0644\u062a\u062d\u0644\u064a\u0644: \u0627\u0644\u062a\u0631\u0643\u064a\u0632 \u0639\u0644\u0649 \u0648\u064a\u0643\u064a\u0641\u0648\u0644\u064a\u0648<\/h2>\n\n\n\n<p>\u0643\u0627\u0646\u062a \u0647\u0630\u0647 \u0646\u0642\u0637\u0629 \u0627\u0646\u0637\u0644\u0627\u0642 \u0634\u0631\u0643\u0629 Mueckinvest. \u062e\u0644\u0627\u0644 \u0647\u0630\u0647 \u0627\u0644\u0645\u0631\u062d\u0644\u0629\u060c \u0627\u0646\u0635\u0628\u0651 \u0627\u0644\u062a\u0631\u0643\u064a\u0632 \u0639\u0644\u0649 \u0627\u0644\u062a\u062d\u0644\u064a\u0644 \u0627\u0644\u0645\u064f\u0641\u0635\u0651\u0644 \u0644\u0645\u062d\u0641\u0638\u0627\u062a Wikifolios\u060c \u0648\u0627\u0633\u062a\u0631\u0627\u062a\u064a\u062c\u064a\u0627\u062a \u0627\u0644\u0627\u0633\u062a\u062b\u0645\u0627\u0631\u060c \u0648\u0627\u0644\u0623\u062e\u0637\u0627\u0621 \u0627\u0644\u0634\u0627\u0626\u0639\u0629 \u0627\u0644\u062a\u064a \u064a\u0631\u062a\u0643\u0628\u0647\u0627 \u0627\u0644\u0645\u0633\u062a\u062b\u0645\u0631\u0648\u0646. \u0648\u0634\u0643\u0651\u0644\u062a \u0647\u0630\u0647 \u0627\u0644\u0631\u0624\u0649 \u0627\u0644\u0623\u0633\u0627\u0633 \u0644\u0641\u0643\u0631\u0629 \u0644\u0627\u062d\u0642\u0629 \u062a\u062a\u0645\u062b\u0644 \u0641\u064a \u0625\u0646\u0634\u0627\u0621 \u0645\u0646\u0635\u0629 \u0645\u0627\u0644\u064a\u0629 \u0648\u0627\u0636\u062d\u0629 \u0648\u0633\u0647\u0644\u0629 \u0627\u0644\u0641\u0647\u0645 \u0648\u0630\u0627\u062a \u062a\u0648\u062c\u0647 \u0637\u0648\u064a\u0644 \u0627\u0644\u0623\u062c\u0644.<\/p>\n\n\n\n<h2 class=\"wp-block-heading\">\u0623\u0643\u062a\u0648\u0628\u0631 2025 - \u0623\u0648\u0644 \u0645\u0648\u0642\u0639 \u0625\u0644\u0643\u062a\u0631\u0648\u0646\u064a \u0648\u0628\u0646\u0627\u0621 \u0627\u0644\u0639\u0644\u0627\u0645\u0629 \u0627\u0644\u062a\u062c\u0627\u0631\u064a\u0629<\/h2>\n\n\n\n<p>\u062a\u0645 \u0625\u0637\u0644\u0627\u0642 \u0627\u0644\u0646\u0633\u062e\u0629 \u0627\u0644\u0623\u0648\u0644\u0649 \u0645\u0646 \u0645\u0648\u0642\u0639 Mueckinvest \u0627\u0644\u0625\u0644\u0643\u062a\u0631\u0648\u0646\u064a. \u0648\u0643\u0627\u0646 \u0627\u0644\u0647\u062f\u0641 \u0647\u0648 \u062a\u0642\u062f\u064a\u0645 \u0627\u0644\u0645\u0639\u0644\u0648\u0645\u0627\u062a \u0627\u0644\u0645\u0627\u0644\u064a\u0629 \u0628\u0637\u0631\u064a\u0642\u0629 \u0645\u0646\u0638\u0645\u0629 \u0648\u0645\u0641\u0647\u0648\u0645\u0629. \u0648\u0641\u064a \u0627\u0644\u0648\u0642\u062a \u0646\u0641\u0633\u0647\u060c \u062a\u0645 \u062a\u0637\u0648\u064a\u0631 \u0647\u0648\u064a\u0629 \u0627\u0644\u0639\u0644\u0627\u0645\u0629 \u0627\u0644\u062a\u062c\u0627\u0631\u064a\u0629: \u0628\u0633\u064a\u0637\u0629\u060c \u0648\u0648\u0627\u0642\u0639\u064a\u0629\u060c \u0648\u0630\u0627\u062a \u0631\u0624\u064a\u0629 \u0637\u0648\u064a\u0644\u0629 \u0627\u0644\u0623\u062c\u0644.<\/p>\n\n\n\n<h2 class=\"wp-block-heading\">\u062f\u064a\u0633\u0645\u0628\u0631 2025 \u2013 \u062f\u0631\u0627\u0633\u0627\u062a \u0645\u0639\u0645\u0642\u0629 \u0641\u064a \u0627\u0644\u0645\u0648\u0627\u0636\u064a\u0639<\/h2>\n\n\n\n<p>\u0628\u062f\u0623 \u0627\u0644\u0639\u0645\u0644 \u0627\u0644\u062c\u0648\u0647\u0631\u064a \u0627\u0644\u0645\u0643\u062b\u0641. \u0648\u062a\u0645 \u0625\u0646\u0634\u0627\u0621 \u0645\u0634\u0627\u0631\u064a\u0639 \u0634\u0627\u0645\u0644\u0629. <a href=\"https:\/\/mueckinvest.com\/ar\/themen-deep-dive\/\" title=\"\u0645\u0648\u0627\u0636\u064a\u0639 \u0644\u0644\u062a\u0639\u0645\u0642 \u0641\u064a\u0647\u0627\">\u063a\u0648\u0635 \u0639\u0645\u064a\u0642<\/a> \u0635\u0646\u0627\u062f\u064a\u0642 \u0627\u0644\u0645\u0624\u0634\u0631\u0627\u062a \u0627\u0644\u0645\u062a\u062f\u0627\u0648\u0644\u0629\u060c \u0627\u0644\u0645\u062e\u0627\u0637\u0631\u060c \u0627\u0644\u062a\u0646\u0648\u064a\u0639, <a href=\"https:\/\/mueckinvest.com\/ar\/%d8%a5%d8%b9%d8%a7%d8%af%d8%a9-%d8%a7%d9%84%d8%aa%d9%88%d8%a7%d8%b2%d9%86-2\/\" title=\"\u0625\u0639\u0627\u062f\u0629 \u0627\u0644\u062a\u0648\u0627\u0632\u0646\">\u0625\u0639\u0627\u062f\u0629 \u0627\u0644\u062a\u0648\u0627\u0632\u0646 <\/a>\u0648\u0627\u0633\u062a\u0631\u0627\u062a\u064a\u062c\u064a\u0627\u062a \u0627\u0644\u0627\u0633\u062a\u062b\u0645\u0627\u0631 \u0637\u0648\u064a\u0644\u0629 \u0627\u0644\u0623\u062c\u0644. \u0623\u0635\u0628\u062d \u0647\u0630\u0627 \u0627\u0644\u0645\u062d\u062a\u0648\u0649 \u0641\u064a\u0645\u0627 \u0628\u0639\u062f \u0642\u0627\u0639\u062f\u0629 \u0627\u0644\u0645\u0639\u0631\u0641\u0629 \u0627\u0644\u062e\u0627\u0635\u0629 \u0628\u0646\u0638\u0627\u0645 \u0627\u0644\u0630\u0643\u0627\u0621 \u0627\u0644\u0627\u0635\u0637\u0646\u0627\u0639\u064a Mueckinvest.<\/p>\n<\/details>\n\n\n\n<details class=\"wp-block-details is-layout-flow wp-block-details-is-layout-flow\"><summary><strong>2026<\/strong><\/summary>\n<h2 class=\"wp-block-heading\">\u064a\u0646\u0627\u064a\u0631 2026 - \u0628\u062f\u0621 \u062a\u0637\u0648\u064a\u0631 \u062a\u0637\u0628\u064a\u0642 \u0623\u0646\u062f\u0631\u0648\u064a\u062f<\/h2>\n\n\n\n<p>\u0628\u062f\u0621 \u0627\u0644\u062a\u0646\u0641\u064a\u0630 \u0627\u0644\u062a\u0642\u0646\u064a \u0631\u0633\u0645\u064a\u064b\u0627. \u0635\u064f\u0645\u0645\u062a \u0627\u0644\u0628\u0646\u064a\u0629 \u0639\u0645\u062f\u064b\u0627 \u0644\u062a\u0643\u0648\u0646 \u0628\u0633\u064a\u0637\u0629 \u0648\u0642\u0627\u0628\u0644\u0629 \u0644\u0644\u062a\u0648\u0633\u0639 \u0648\u0642\u0627\u0628\u0644\u0629 \u0644\u0644\u062a\u0637\u0628\u064a\u0642 \u0639\u0627\u0644\u0645\u064a\u064b\u0627. \u062a\u0645 \u062a\u0637\u0648\u064a\u0631 \u0646\u0645\u0627\u0630\u062c \u0623\u0648\u0644\u064a\u0629 \u0644\u0648\u0627\u062c\u0647\u0629 \u0627\u0644\u0645\u0633\u062a\u062e\u062f\u0645 \u0648\u0646\u0645\u0648\u0630\u062c \u0627\u0644\u0628\u064a\u0627\u0646\u0627\u062a \u0644\u0645\u0639\u0644\u0648\u0645\u0627\u062a \u0635\u0646\u0627\u062f\u064a\u0642 \u0627\u0644\u0645\u0624\u0634\u0631\u0627\u062a \u0627\u0644\u0645\u062a\u062f\u0627\u0648\u0644\u0629.<\/p>\n\n\n\n<h2 class=\"wp-block-heading\">\u0641\u0628\u0631\u0627\u064a\u0631 2026 \u2013 \u062a\u0623\u0633\u064a\u0633 \u0627\u0644\u0630\u0643\u0627\u0621 \u0627\u0644\u0627\u0635\u0637\u0646\u0627\u0639\u064a<\/h2>\n\n\n\n<p>\u0628\u062f\u0627\u064a\u0629 <a href=\"https:\/\/mueckinvest.com\/ar\/mueckinvest-ki\/\" title=\"\u0645\u0648\u064a\u0643 \u0625\u0646\u0641\u0633\u062a \u0644\u0644\u0630\u0643\u0627\u0621 \u0627\u0644\u0627\u0635\u0637\u0646\u0627\u0639\u064a\">\u062f\u0645\u062c \u0627\u0644\u0630\u0643\u0627\u0621 \u0627\u0644\u0627\u0635\u0637\u0646\u0627\u0639\u064a<\/a> \u0645\u0639 \u0627\u0644\u062a\u0631\u0643\u064a\u0632 \u0639\u0644\u0649 \u0627\u0644\u062e\u0628\u0631\u0629 \u0627\u0644\u062a\u0641\u0633\u064a\u0631\u064a\u0629 \u0627\u0644\u062d\u0642\u064a\u0642\u064a\u0629 \u0628\u062f\u0644\u0627\u064b \u0645\u0646 \u0627\u0644\u0625\u062c\u0627\u0628\u0627\u062a \u0627\u0644\u0639\u0627\u0645\u0629. \u062a\u0637\u0648\u064a\u0631 \u062e\u0637 \u0623\u0646\u0627\u0628\u064a\u0628 RAG\u060c \u0648\u0627\u0644\u062a\u0636\u0645\u064a\u0646\u0627\u062a \u0627\u0644\u0623\u0648\u0644\u064a\u0629\u060c \u0648\u0647\u064a\u0627\u0643\u0644 \u0642\u0627\u0639\u062f\u0629 \u0628\u064a\u0627\u0646\u0627\u062a \u0627\u0644\u0645\u062a\u062c\u0647\u0627\u062a. \u0628\u0627\u0644\u062a\u0648\u0627\u0632\u064a \u0645\u0639 \u0630\u0644\u0643\u060c \u0628\u062f\u0623 \u0627\u0644\u062a\u062e\u0637\u064a\u0637 \u0644\u062f\u0639\u0645 \u0645\u062a\u0639\u062f\u062f \u0627\u0644\u0644\u063a\u0627\u062a \u0644\u0644\u0646\u0634\u0631 \u0627\u0644\u0639\u0627\u0644\u0645\u064a.<\/p>\n\n\n\n<h2 class=\"wp-block-heading\">17 \u0645\u0627\u0631\u0633 2026 \u2013 \u062a\u0645 \u0627\u0644\u0627\u0646\u062a\u0647\u0627\u0621 \u0645\u0646 \u0627\u0644\u0625\u0637\u0644\u0627\u0642 \ud83c\udf0d<\/h2>\n\n\n\n<p>\u0646\u0638\u0627\u0645 \u0623\u0646\u062f\u0631\u0648\u064a\u062f <a href=\"https:\/\/mueckinvest.com\/ar\/%d8%aa%d8%b7%d8%a8%d9%8a%d9%82-%d8%a3%d9%86%d8%af%d8%b1%d9%88%d9%8a%d8%af\/\" title=\"\u062a\u0637\u0628\u064a\u0642 Mueckinvest\">\u062a\u0637\u0628\u064a\u0642 Mueckinvest<\/a> \u0623\u0635\u0628\u062d \u0627\u0644\u0646\u0638\u0627\u0645 \u0627\u0644\u0622\u0646 \u062c\u0627\u0647\u0632\u0627\u064b. \u0628\u0639\u062f \u062a\u062d\u0636\u064a\u0631\u0627\u062a \u0645\u0643\u062b\u0641\u0629\u060c \u062a\u0645 \u062a\u062c\u0647\u064a\u0632 \u0627\u0644\u0628\u0646\u064a\u0629 \u0627\u0644\u062a\u062d\u062a\u064a\u0629 \u0627\u0644\u0639\u0627\u0644\u0645\u064a\u0629\u060c \u0648\u062a\u0639\u0645\u0644 \u0627\u0644\u062e\u0648\u0627\u062f\u0645 \u0628\u0633\u0644\u0627\u0633\u0629\u060c \u0648\u064a\u062d\u0642\u0642 \u0627\u0644\u0630\u0643\u0627\u0621 \u0627\u0644\u0627\u0635\u0637\u0646\u0627\u0639\u064a \u0628\u0627\u0644\u0641\u0639\u0644 \u0646\u062a\u0627\u0626\u062c \u0642\u0648\u064a\u0629.<\/p>\n<\/details>\n\n\n\n<details class=\"wp-block-details is-layout-flow wp-block-details-is-layout-flow\"><summary><strong>\u0627\u0644\u062a\u062e\u0637\u064a\u0637 \/ \u062e\u0627\u0631\u0637\u0629 \u0627\u0644\u0637\u0631\u064a\u0642<\/strong><\/summary>\n<h2 class=\"wp-block-heading\">\u0623\u0628\u0631\u064a\u0644 - \u064a\u0648\u0646\u064a\u0648 2026<\/h2>\n\n\n\n<p>\u0628\u062f\u0623 \u062a\u0637\u0648\u064a\u0631 \u0627\u0644\u0646\u0633\u062e\u0629 \u0627\u0644\u0623\u0635\u0644\u064a\u0629 \u0644\u0646\u0638\u0627\u0645 iOS \u0645\u0646 \u062a\u0637\u0628\u064a\u0642 &quot;Mueckinvest&quot; \u0628\u0627\u0644\u0625\u0636\u0627\u0641\u0629 \u0625\u0644\u0649 &quot;Mueckinvest AI&quot;. \u0648\u0627\u0644\u0647\u062f\u0641 \u0647\u0648 \u062a\u0637\u0628\u064a\u0642 \u0645\u0633\u062a\u0642\u0631 \u0648\u0633\u0631\u064a\u0639 \u0648\u0633\u0647\u0644 \u0627\u0644\u0627\u0633\u062a\u062e\u062f\u0627\u0645 \u064a\u0643\u0645\u0644 \u062a\u062c\u0631\u0628\u0629 \u0627\u0644\u0648\u064a\u0628 \u0648\u0646\u0638\u0627\u0645 Android \u0627\u0644\u062d\u0627\u0644\u064a\u0629 \u0628\u0634\u0643\u0644 \u0643\u0627\u0645\u0644.<\/p>\n\n\n\n<p>\u0625\u0644\u0649 \u062c\u0627\u0646\u0628 \u062a\u0637\u0628\u064a\u0642 \u0623\u0646\u062f\u0631\u0648\u064a\u062f (&quot;Mueckinvest&quot;)\u060c \u0633\u064a\u062a\u0645 \u0625\u0637\u0644\u0627\u0642 \u062a\u0637\u0628\u064a\u0642 &quot;Mueckinvest AI&quot; \u0627\u0644\u0645\u0633\u062a\u0642\u0644. \u064a\u0642\u062f\u0645 \u0647\u0630\u0627 \u0627\u0644\u062a\u0637\u0628\u064a\u0642 \u062f\u0631\u062f\u0634\u0629 \u0645\u062a\u062e\u0635\u0635\u0629 \u062a\u0639\u0645\u0644 \u0628\u0627\u0644\u0630\u0643\u0627\u0621 \u0627\u0644\u0627\u0635\u0637\u0646\u0627\u0639\u064a \u062d\u0648\u0644 \u0635\u0646\u0627\u062f\u064a\u0642 \u0627\u0644\u0645\u0624\u0634\u0631\u0627\u062a \u0627\u0644\u0645\u062a\u062f\u0627\u0648\u0644\u0629\u060c \u0648\u0627\u0644\u0627\u0633\u062a\u062b\u0645\u0627\u0631 \u0637\u0648\u064a\u0644 \u0627\u0644\u0623\u062c\u0644\u060c \u0648\u0627\u0644\u062a\u062b\u0642\u064a\u0641 \u0627\u0644\u0645\u0627\u0644\u064a\u060c \u0648\u0647\u0648 \u0645\u064f\u062d\u0633\u064e\u0651\u0646 \u0644\u0640 20 \u0644\u063a\u0629 \u0648\u0645\u0633\u062a\u062e\u062f\u0645\u064a\u0646 \u062f\u0648\u0644\u064a\u064a\u0646.<\/p>\n\n\n\n<h2 class=\"wp-block-heading\">\u0628\u062d\u0644\u0648\u0644 \u0646\u0647\u0627\u064a\u0629 \u0639\u0627\u0645 2026<\/h2>\n\n\n\n<p><strong>\u0627\u0633\u062a\u0642\u0631\u0627\u0631 \u0627\u0644\u0647\u0646\u062f\u0633\u0629 \u0627\u0644\u0645\u0639\u0645\u0627\u0631\u064a\u0629<\/strong>\u062d\u062a\u0649 \u0646\u0647\u0627\u064a\u0629 \u0627\u0644\u0639\u0627\u0645\u060c \u0633\u064a\u0646\u0635\u0628\u0651 \u0627\u0644\u062a\u0631\u0643\u064a\u0632 \u0639\u0644\u0649 \u062a\u0639\u0632\u064a\u0632 \u0627\u0644\u0628\u0646\u064a\u0629 \u0627\u0644\u062a\u062d\u062a\u064a\u0629 \u0627\u0644\u062a\u0642\u0646\u064a\u0629 \u0644\u0634\u0631\u0643\u0629 \u0645\u0648\u064a\u0643 \u0625\u0646\u0641\u0633\u062a. \u0633\u064a\u062a\u0645\u0651 \u0631\u0635\u062f \u0628\u0646\u064a\u0629 \u0627\u0644\u062e\u0627\u062f\u0645 \u0648\u0642\u0627\u0639\u062f\u0629 \u0627\u0644\u0628\u064a\u0627\u0646\u0627\u062a \u0627\u0644\u062d\u0627\u0644\u064a\u0629 \u0648\u062a\u062d\u0633\u064a\u0646\u0647\u0627 \u0648\u0627\u062e\u062a\u0628\u0627\u0631\u0647\u0627 \u0628\u0627\u0633\u062a\u0645\u0631\u0627\u0631 \u0641\u064a \u0638\u0631\u0648\u0641 \u0627\u0633\u062a\u062e\u062f\u0627\u0645 \u0648\u0627\u0642\u0639\u064a\u0629. \u0648\u0627\u0644\u0647\u062f\u0641 \u0647\u0648 \u062a\u0648\u0641\u064a\u0631 \u0645\u0646\u0635\u0629 \u0645\u0633\u062a\u0642\u0631\u0629 \u0648\u0642\u0627\u0628\u0644\u0629 \u0644\u0644\u062a\u0648\u0633\u0639 \u0648\u0645\u0648\u062b\u0648\u0642\u0629 \u0628\u0634\u0643\u0644 \u062f\u0627\u0626\u0645 \u0644\u062c\u0645\u064a\u0639 \u0627\u0644\u0623\u0633\u0648\u0627\u0642 \u0627\u0644\u062f\u0648\u0644\u064a\u0629.<\/p>\n\n\n\n<p><strong>\u0625\u0635\u0644\u0627\u062d \u0627\u0644\u0623\u062e\u0637\u0627\u0621 \u0645\u0633\u062a\u0645\u0631<\/strong>\u0645\u0639 \u062a\u0632\u0627\u064a\u062f \u0646\u0637\u0627\u0642 \u0627\u0644\u0648\u0638\u0627\u0626\u0641 \u0648\u0631\u062f\u0648\u062f \u0641\u0639\u0644 \u0627\u0644\u0645\u0633\u062a\u062e\u062f\u0645\u064a\u0646 \u0627\u0644\u0623\u0648\u0644\u064a\u0629\u060c \u0623\u0635\u0628\u062d \u0627\u0644\u062a\u062d\u0644\u064a\u0644 \u0627\u0644\u0645\u0646\u0647\u062c\u064a \u0644\u0644\u0623\u062e\u0637\u0627\u0621 \u0645\u062d\u0648\u0631 \u0627\u0644\u062a\u0631\u0643\u064a\u0632. \u064a\u062a\u0645 \u0625\u0635\u0644\u0627\u062d \u0627\u0644\u0623\u062e\u0637\u0627\u0621 \u0627\u0644\u0645\u062d\u062f\u062f\u0629 \u0639\u0644\u0649 \u0627\u0644\u0641\u0648\u0631\u060c \u0648\u062a\u062d\u0633\u064a\u0646 \u0627\u0644\u0639\u0645\u0644\u064a\u0627\u062a\u060c \u0648\u0631\u0641\u0639 \u0645\u0633\u062a\u0648\u0649 \u0627\u0644\u0623\u062f\u0627\u0621 \u0627\u0644\u0639\u0627\u0645 \u0644\u0644\u062a\u0637\u0628\u064a\u0642\u0627\u062a.<\/p>\n\n\n\n<p><strong>\u0636\u0645\u0627\u0646 \u0627\u0644\u062c\u0648\u062f\u0629 \u0648\u0627\u0644\u0636\u0628\u0637 \u0627\u0644\u062f\u0642\u064a\u0642<\/strong>\u0625\u0644\u0649 \u062c\u0627\u0646\u0628 \u0627\u0644\u062a\u0639\u062f\u064a\u0644\u0627\u062a \u0627\u0644\u062a\u0642\u0646\u064a\u0629\u060c \u064a\u062c\u0631\u064a \u062a\u062d\u0633\u064a\u0646 \u062a\u0641\u0627\u0635\u064a\u0644 \u0648\u0627\u062c\u0647\u0629 \u0627\u0644\u0645\u0633\u062a\u062e\u062f\u0645\u060c \u0648\u0623\u0648\u0642\u0627\u062a \u0627\u0644\u062a\u062d\u0645\u064a\u0644\u060c \u0648\u062c\u0648\u062f\u0629 \u0627\u0633\u062a\u062c\u0627\u0628\u0629 \u0627\u0644\u0630\u0643\u0627\u0621 \u0627\u0644\u0627\u0635\u0637\u0646\u0627\u0639\u064a\u060c \u0648\u062f\u0639\u0645 \u0627\u0644\u0644\u063a\u0627\u062a \u0627\u0644\u0645\u062a\u0639\u062f\u062f\u0629 \u0628\u0634\u0643\u0644 \u0645\u0633\u062a\u0645\u0631. \u0648\u064a\u0646\u0635\u0628 \u0627\u0644\u062a\u0631\u0643\u064a\u0632 \u0639\u0644\u0649 \u062a\u062d\u0648\u064a\u0644 Mueckinvest \u0625\u0644\u0649 \u0645\u0646\u0635\u0629 \u0630\u0643\u0627\u0621 \u0627\u0635\u0637\u0646\u0627\u0639\u064a \u0645\u0627\u0644\u064a\u0629 \u0645\u0633\u062a\u0642\u0631\u0629 \u0648\u0633\u0644\u0633\u0629 \u0627\u0644\u062a\u0634\u063a\u064a\u0644 \u0648\u0642\u0627\u0628\u0644\u0629 \u0644\u0644\u062a\u0637\u0628\u064a\u0642 \u062f\u0648\u0644\u064a\u064b\u0627 \u0628\u062d\u0644\u0648\u0644 \u0646\u0647\u0627\u064a\u0629 \u0627\u0644\u0639\u0627\u0645.<\/p>\n<\/details>","protected":false},"excerpt":{"rendered":"<p>Warum ich meine Entwicklung offen zeige F\u00fcr mich ist es wichtig, transparent zu zeigen, wie sich Mueckinvest Schritt f\u00fcr Schritt entwickelt hat. Gerade im Finanzbereich z\u00e4hlt Vertrauen \u2013 und Vertrauen entsteht, wenn man nachvollziehen kann, wie ein Produkt entsteht, w\u00e4chst und sich verbessert. Deshalb dokumentiere ich meinen Weg seit 2025 und zeige klar, woran ich [&hellip;]<\/p>\n","protected":false},"author":1,"featured_media":0,"parent":0,"menu_order":0,"comment_status":"closed","ping_status":"closed","template":"","meta":{"pmpro_default_level":"","_monsterinsights_skip_tracking":false,"_monsterinsights_sitenote_active":false,"_monsterinsights_sitenote_note":"","_monsterinsights_sitenote_category":0,"footnotes":""},"class_list":["post-3984","page","type-page","status-publish","hentry","pmpro-has-access"],"aioseo_notices":[],"_links":{"self":[{"href":"https:\/\/mueckinvest.com\/ar\/wp-json\/wp\/v2\/pages\/3984","targetHints":{"allow":["GET"]}}],"collection":[{"href":"https:\/\/mueckinvest.com\/ar\/wp-json\/wp\/v2\/pages"}],"about":[{"href":"https:\/\/mueckinvest.com\/ar\/wp-json\/wp\/v2\/types\/page"}],"author":[{"embeddable":true,"href":"https:\/\/mueckinvest.com\/ar\/wp-json\/wp\/v2\/users\/1"}],"replies":[{"embeddable":true,"href":"https:\/\/mueckinvest.com\/ar\/wp-json\/wp\/v2\/comments?post=3984"}],"version-history":[{"count":13,"href":"https:\/\/mueckinvest.com\/ar\/wp-json\/wp\/v2\/pages\/3984\/revisions"}],"predecessor-version":[{"id":4021,"href":"https:\/\/mueckinvest.com\/ar\/wp-json\/wp\/v2\/pages\/3984\/revisions\/4021"}],"wp:attachment":[{"href":"https:\/\/mueckinvest.com\/ar\/wp-json\/wp\/v2\/media?parent=3984"}],"curies":[{"name":"wp","href":"https:\/\/api.w.org\/{rel}","templated":true}]}}