{"id":380,"date":"2025-10-09T10:03:20","date_gmt":"2025-10-09T10:03:20","guid":{"rendered":"https:\/\/mueckinvest.de\/?page_id=380"},"modified":"2026-01-05T07:00:00","modified_gmt":"2026-01-05T06:00:00","slug":"%d9%85%d9%82%d8%a7%d8%b1%d9%86%d8%a9-%d8%a8%d9%8a%d9%86-corewikifolio-2","status":"publish","type":"page","link":"https:\/\/mueckinvest.com\/ar\/kernwikifolio-vergleich\/","title":{"rendered":"\u0645\u0642\u0627\u0631\u0646\u0629 \u0628\u064a\u0646 \u0645\u0644\u0641\u0627\u062a \u0648\u064a\u0643\u064a \u0627\u0644\u0623\u0633\u0627\u0633\u064a\u0629"},"content":{"rendered":"<div class=\"tabelle-vollbild\">\n  <table class=\"info-tabelle vergleich has-fixed-layout\">\n    <thead>\n      <tr>\n        <th class=\"kategorie\">\u0641\u0626\u0629<\/th>\n        <th class=\"wikifolio\">\n          <a href=\"https:\/\/mueckinvest.com\/ar\/%d8%a7%d8%b3%d8%aa%d8%ab%d9%85%d8%a7%d8%b1%d8%a7%d8%aa-%d8%b0%d9%83%d9%8a%d8%a9-%d9%81%d9%8a-%d8%ac%d9%85%d9%8a%d8%b9-%d8%a3%d9%86%d8%ad%d8%a7%d8%a1-%d8%a7%d9%84%d8%b9%d8%a7%d9%84%d9%85-2\/\" target=\"_blank\" rel=\"noopener\">\n            \u0627\u0633\u062a\u062b\u0645\u0627\u0631\u0627\u062a \u0630\u0643\u064a\u0629 \u0639\u0644\u0649 \u0645\u0633\u062a\u0648\u0649 \u0627\u0644\u0639\u0627\u0644\u0645\n          <\/a>\n        <\/th>\n        <th class=\"wikifolio\">\n          <a href=\"https:\/\/mueckinvest.com\/ar\/%d8%a7%d9%84%d9%85%d8%ad%d8%a7%d9%88%d8%b1-%d9%88%d8%a7%d9%84%d8%a7%d8%aa%d8%ac%d8%a7%d9%87%d8%a7%d8%aa-%d8%a7%d9%84%d8%b9%d8%a7%d9%84%d9%85%d9%8a%d8%a9-2\/\" target=\"_blank\" rel=\"noopener\">\n            \u0627\u0644\u0645\u062d\u0627\u0648\u0631 \u0648\u0627\u0644\u0627\u062a\u062c\u0627\u0647\u0627\u062a \u0627\u0644\u0639\u0627\u0644\u0645\u064a\u0629\n          <\/a>\n        <\/th>\n        <th class=\"wikifolio\">\n          <a href=\"https:\/\/mueckinvest.com\/ar\/%d8%af%d8%b1%d8%b9-%d8%b9%d8%a7%d9%84%d9%85%d9%8a-2\/\" target=\"_blank\" rel=\"noopener\">\n            \u063a\u0644\u0648\u0628\u0627\u0644 \u0634\u064a\u0644\u062f\n          <\/a>\n        <\/th>\n      <\/tr>\n    <\/thead>\n\n    <tbody>\n      <tr>\n        <td class=\"highlight\">\u062a\u0646\u0633\u064a\u0642<\/td>\n        <td>\u0645\u062d\u0641\u0638\u0629 \u0639\u0627\u0644\u0645\u064a\u0629 \u0645\u062a\u0639\u062f\u062f\u0629 \u0627\u0644\u0623\u0635\u0648\u0644 \u0645\u0639 \u0645\u0631\u0627\u0639\u0627\u0629 \u0645\u0639\u0627\u064a\u064a\u0631 \u0627\u0644\u062d\u0648\u0643\u0645\u0629 \u0627\u0644\u0628\u064a\u0626\u064a\u0629 \u0648\u0627\u0644\u0627\u062c\u062a\u0645\u0627\u0639\u064a\u0629 \u0648\u0627\u0644\u0645\u0624\u0633\u0633\u064a\u0629\u060c \u0648\u0627\u0644\u0639\u0648\u0627\u0645\u0644 \u0627\u0644\u0645\u062a\u0639\u062f\u062f\u0629\u060c \u0648\u0627\u0644\u0639\u0645\u0644\u0627\u062a \u0627\u0644\u0645\u0634\u0641\u0631\u0629<\/td>\n        <td>\u0627\u0633\u062a\u0631\u0627\u062a\u064a\u062c\u064a\u0627\u062a \u0645\u062d\u0641\u0638\u0629 \u0627\u0644\u0623\u0633\u0647\u0645 \u0627\u0644\u062e\u0627\u0644\u0635\u0629 \u0648\u0627\u0633\u062a\u0631\u0627\u062a\u064a\u062c\u064a\u0627\u062a \u0627\u0644\u0639\u0648\u0627\u0645\u0644<\/td>\n        <td>\u0645\u062d\u0641\u0638\u0629 \u0627\u0633\u062a\u062b\u0645\u0627\u0631\u064a\u0629 \u062f\u0641\u0627\u0639\u064a\u0629 \u0645\u062a\u0639\u062f\u062f\u0629 \u0627\u0644\u0623\u0635\u0648\u0644 \u062a\u0631\u0643\u0632 \u0639\u0644\u0649 \u0627\u0644\u0633\u0646\u062f\u0627\u062a \u0648\u0627\u0644\u0633\u0644\u0639 \u0648\u0627\u0644\u0630\u0647\u0628<\/td>\n      <\/tr>\n\n      <tr>\n        <td class=\"highlight\">\u0641\u0626\u0629 \u0627\u0644\u0645\u062e\u0627\u0637\u0631<\/td>\n        <td class=\"risiko-ausgewogen\">\u0645\u062a\u0648\u0627\u0632\u0646<\/td>\n        <td class=\"risiko-chancenorientiert\">\u0645\u0648\u062c\u0651\u0647 \u0646\u062d\u0648 \u0627\u0644\u0641\u0631\u0635<\/td>\n        <td class=\"risiko-defensiv\">\u062f\u0641\u0627\u0639\u064a<\/td>\n      <\/tr>\n\n      <tr>\n        <td class=\"highlight\">\u0631\u0633\u0648\u0645 \u0627\u0644\u0623\u062f\u0627\u0621<\/td>\n        <td>10%<\/td>\n        <td>10%<\/td>\n        <td>15%<\/td>\n      <\/tr>\n\n      <tr>\n        <td class=\"highlight\">\u0639\u0627\u0644\u0645 \u0627\u0644\u0627\u0633\u062a\u062b\u0645\u0627\u0631<\/td>\n        <td>\u062c\u0645\u064a\u0639 \u0635\u0646\u0627\u062f\u064a\u0642 \u0627\u0644\u0645\u0624\u0634\u0631\u0627\u062a \u0627\u0644\u0645\u062a\u062f\u0627\u0648\u0644\u0629 (ETFs) \u0645\u062a\u0648\u0641\u0631\u0629 \u0639\u0644\u0649 \u0645\u0648\u0642\u0639 Wikifolio.com<\/td>\n        <td>\u062c\u0645\u064a\u0639 \u0635\u0646\u0627\u062f\u064a\u0642 \u0627\u0644\u0645\u0624\u0634\u0631\u0627\u062a \u0627\u0644\u0645\u062a\u062f\u0627\u0648\u0644\u0629 \u0644\u0644\u0623\u0633\u0647\u0645 \u0645\u062a\u0648\u0641\u0631\u0629 \u0639\u0644\u0649 \u0645\u0648\u0642\u0639 Wikifolio.com<\/td>\n        <td>\u062c\u0645\u064a\u0639 \u0635\u0646\u0627\u062f\u064a\u0642 \u0627\u0644\u0645\u0624\u0634\u0631\u0627\u062a \u0627\u0644\u0645\u062a\u062f\u0627\u0648\u0644\u0629 (ETFs) \u0645\u062a\u0648\u0641\u0631\u0629 \u0639\u0644\u0649 \u0645\u0648\u0642\u0639 Wikifolio.com<\/td>\n      <\/tr>\n\n      <tr>\n        <td class=\"highlight\">\u0625\u0639\u0627\u062f\u0629 \u0627\u0644\u062a\u0648\u0627\u0632\u0646<\/td>\n        <td>\u0631\u0628\u0639 \u0633\u0646\u0648\u064a<\/td>\n        <td>\u0631\u0628\u0639 \u0633\u0646\u0648\u064a<\/td>\n        <td>\u0631\u0628\u0639 \u0633\u0646\u0648\u064a<\/td>\n      <\/tr>\n\n      <tr>\n        <td class=\"highlight\">\u0627\u0644\u0623\u0633\u0647\u0645<\/td>\n        <td>~ 60 % (ESG + \u0639\u0648\u0627\u0645\u0644 \u0645\u062a\u0639\u062f\u062f\u0629)<br>\u062d\u0648\u0627\u0644\u064a 5800 \u0634\u0631\u0643\u0629<\/td>\n        <td>100 % (\u0628\u0645\u0627 \u0641\u064a \u0630\u0644\u0643 \u0627\u0644\u0634\u0631\u0643\u0627\u062a \u0627\u0644\u0635\u063a\u064a\u0631\u0629 \u0648\u0627\u0644\u0645\u062a\u0648\u0633\u0637\u0629 \u0648\u0627\u0644\u0646\u0627\u0634\u0626\u0629 \u0648\u0627\u0644\u0639\u0648\u0627\u0645\u0644)<br>\u062d\u0648\u0627\u0644\u064a 8500 \u0634\u0631\u0643\u0629<\/td>\n        <td>~ 30 % (\u062f\u0641\u0627\u0639\u064a: \u0627\u0644\u062d\u0648\u0643\u0645\u0629 \u0627\u0644\u0628\u064a\u0626\u064a\u0629 \u0648\u0627\u0644\u0627\u062c\u062a\u0645\u0627\u0639\u064a\u0629 \u0648\u0627\u0644\u0645\u0624\u0633\u0633\u064a\u0629\u060c \u0627\u0644\u0633\u0644\u0639 \u0627\u0644\u0627\u0633\u062a\u0647\u0644\u0627\u0643\u064a\u0629\u060c \u0627\u0644\u062d\u062f \u0627\u0644\u0623\u062f\u0646\u0649 \u0645\u0646 \u0627\u0644\u062a\u0642\u0644\u0628\u0627\u062a)<br>\u062d\u0648\u0627\u0644\u064a 600 \u0634\u0631\u0643\u0629<\/td>\n      <\/tr>\n\n      <tr>\n        <td class=\"highlight\">\u0627\u0644\u0633\u0646\u062f\u0627\u062a<\/td>\n        <td>~25 % (\u0627\u0644\u0645\u062c\u0645\u0648\u0639\u0627\u062a\u060c \u0627\u0644\u0639\u0627\u0626\u062f \u0627\u0644\u0645\u0631\u062a\u0641\u0639\u060c \u0627\u0644\u0623\u0633\u0648\u0627\u0642 \u0627\u0644\u0646\u0627\u0634\u0626\u0629\u060c \u0627\u0644\u0645\u0631\u062a\u0628\u0637\u0629 \u0628\u0627\u0644\u062a\u0636\u062e\u0645)<br>\u062d\u0648\u0627\u0644\u064aQ2 1500 \u0633\u0646\u062f<\/td>\n        <td>\u2013<\/td>\n        <td>~ 50 % (\u0627\u0644\u0631\u0643\u0627\u0645\u060c HY\u060c EM\u060c \u0645\u0631\u062a\u0628\u0637 \u0628\u0627\u0644\u062a\u0636\u062e\u0645\u060c \u0642\u0635\u064a\u0631 \u0627\u0644\u0623\u062c\u0644 \u0644\u0644\u063a\u0627\u064a\u0629)<br>\u062d\u0648\u0627\u0644\u064aQ2 2000 \u0633\u0646\u062f<\/td>\n      <\/tr>\n\n      <tr>\n        <td class=\"highlight\">\u0645\u0648\u0627\u062f \u062e\u0627\u0645<\/td>\n        <td>~ 6 % (\u0633\u0644\u0629 \u0648\u0627\u0633\u0639\u0629 \u0645\u0646 \u0627\u0644\u0645\u0648\u0627\u062f \u0627\u0644\u062e\u0627\u0645)<br>\u0645\u0627 \u064a\u0642\u0631\u0628 \u0645\u0646 90% \u0645\u0646 \u0633\u0648\u0642 \u0627\u0644\u0633\u0644\u0639<\/td>\n        <td>\u2013<\/td>\n        <td>~ 10 % (\u0633\u0644\u0629 \u0648\u0627\u0633\u0639\u0629 \u0645\u0646 \u0627\u0644\u0645\u0648\u0627\u062f \u0627\u0644\u062e\u0627\u0645)<br>\u0645\u0627 \u064a\u0642\u0631\u0628 \u0645\u0646 90% \u0645\u0646 \u0633\u0648\u0642 \u0627\u0644\u0633\u0644\u0639<\/td>\n      <\/tr>\n\n      <tr>\n        <td class=\"highlight\">\u0630\u0647\u0628<\/td>\n        <td>~ 4 %<\/td>\n        <td>\u2013<\/td>\n        <td>~ 10 %<\/td>\n      <\/tr>\n\n      <tr>\n        <td class=\"highlight\">\u0627\u0644\u0639\u0645\u0644\u0627\u062a \u0627\u0644\u0645\u0634\u0641\u0631\u0629<\/td>\n        <td>~ 5 % (\u0623\u0641\u0636\u0644 20 \u0639\u0645\u0644\u0629 \u0645\u0634\u0641\u0631\u0629)<\/td>\n        <td>\u2013<\/td>\n        <td>\u2013<\/td>\n      <\/tr>\n\n      <tr>\n        <td class=\"highlight\">\u0627\u0633\u062a\u0631\u0627\u062a\u064a\u062c\u064a\u0627\u062a \u0627\u0644\u0639\u0648\u0627\u0645\u0644<\/td>\n        <td>\u0645\u062a\u0639\u062f\u062f \u0627\u0644\u0639\u0648\u0627\u0645\u0644 (~20 %)<\/td>\n        <td>\u0639\u0648\u0627\u0645\u0644 \u0645\u062a\u0639\u062f\u062f\u0629\u060c \u0632\u062e\u0645\u060c \u0642\u064a\u0645\u0629\u060c \u0623\u0633\u0647\u0645 \u0635\u063a\u064a\u0631\u0629 (~37 %)<\/td>\n        <td>\u0627\u0644\u062d\u062f \u0627\u0644\u0623\u062f\u0646\u0649 \u0645\u0646 \u0627\u0644\u062a\u0642\u0644\u0628\u0627\u062a (\u0627\u0644\u0623\u0633\u0648\u0627\u0642 \u0627\u0644\u0646\u0627\u0634\u0626\u0629)\u060c \u0627\u0644\u0642\u0637\u0627\u0639\u0627\u062a \u0627\u0644\u062f\u0641\u0627\u0639\u064a\u0629<\/td>\n      <\/tr>\n\n      <tr>\n        <td class=\"highlight\">\u062f\u0645\u062c \u0645\u0639\u0627\u064a\u064a\u0631 \u0627\u0644\u062d\u0648\u0643\u0645\u0629 \u0627\u0644\u0628\u064a\u0626\u064a\u0629 \u0648\u0627\u0644\u0627\u062c\u062a\u0645\u0627\u0639\u064a\u0629 \u0648\u0627\u0644\u0645\u0624\u0633\u0633\u064a\u0629<\/td>\n        <td>\u0633\u062a\u0627\u0631\u0643 (\u0627\u0644\u0623\u0633\u0647\u0645 + \u0627\u0644\u0633\u0646\u062f\u0627\u062a)<\/td>\n        <td>\u062c\u0632\u0626\u064a\u0627\u064b (\u0639\u0628\u0631 \u0635\u0646\u0627\u062f\u064a\u0642 \u0627\u0644\u0645\u0624\u0634\u0631\u0627\u062a \u0627\u0644\u0645\u062a\u062f\u0627\u0648\u0644\u0629 \u0645\u062a\u0639\u062f\u062f\u0629 \u0627\u0644\u0639\u0648\u0627\u0645\u0644)<\/td>\n        <td>\u0633\u062a\u0627\u0631\u0643 (\u0633\u0646\u062f\u0627\u062a \u0627\u0644\u062d\u0648\u0643\u0645\u0629 \u0627\u0644\u0628\u064a\u0626\u064a\u0629 \u0648\u0627\u0644\u0627\u062c\u062a\u0645\u0627\u0639\u064a\u0629 \u0648\u0627\u0644\u0645\u0624\u0633\u0633\u064a\u0629\u060c \u0623\u0633\u0647\u0645 \u0627\u0644\u062d\u0648\u0643\u0645\u0629 \u0627\u0644\u0628\u064a\u0626\u064a\u0629 \u0648\u0627\u0644\u0627\u062c\u062a\u0645\u0627\u0639\u064a\u0629 \u0648\u0627\u0644\u0645\u0624\u0633\u0633\u064a\u0629)<\/td>\n      <\/tr>\n    <\/tbody>\n  <\/table>\n<\/div>\n\n<!-- Wrapper f\u00fcr die mobilen Spalten-Cards -->\n<div class=\"vergleich-cards\"><\/div>\n\n\n\n\n<section id=\"important-note\">\n<div class=\"note-container\">\n<p>\u0647\u0630\u0647 \u0627\u0644\u0645\u0639\u0644\u0648\u0645\u0627\u062a \u0645\u062e\u0635\u0635\u0629 \u0644\u0644\u0625\u0631\u0634\u0627\u062f \u0641\u0642\u0637 \u0648\u0644\u0627 \u062a\u062d\u0644 \u0645\u062d\u0644 \u0627\u0644\u0646\u0635\u0627\u0626\u062d \u0627\u0644\u0627\u0633\u062a\u062b\u0645\u0627\u0631\u064a\u0629.<\/p>\n<\/div>\n<\/section>","protected":false},"excerpt":{"rendered":"<p>Kategorie Weltweit Smart Investiert Global Core and Trends Global Shield Ausrichtung Globales Multi-Asset mit ESG, Multifaktor &amp; Krypto Reines Aktienportfolio &amp; Faktorstrategien Defensives Multi-Asset mit Fokus Anleihen, Rohstoffe &amp; Gold Risikoklasse ausgewogen chancenorientiert defensiv Performance Geb\u00fchr 10% 10% 15% Anlageuniversum Alle auf Wikifolio.com verf\u00fcgbaren ETFs Alle auf Wikifolio.com verf\u00fcgbaren Aktien ETFs Alle auf Wikifolio.com verf\u00fcgbaren [&hellip;]<\/p>\n","protected":false},"author":1,"featured_media":0,"parent":0,"menu_order":0,"comment_status":"closed","ping_status":"closed","template":"page-no-sidebar","meta":{"pmpro_default_level":"","_monsterinsights_skip_tracking":false,"_monsterinsights_sitenote_active":false,"_monsterinsights_sitenote_note":"","_monsterinsights_sitenote_category":0,"footnotes":""},"class_list":["post-380","page","type-page","status-publish","hentry","pmpro-has-access"],"aioseo_notices":[],"_links":{"self":[{"href":"https:\/\/mueckinvest.com\/ar\/wp-json\/wp\/v2\/pages\/380","targetHints":{"allow":["GET"]}}],"collection":[{"href":"https:\/\/mueckinvest.com\/ar\/wp-json\/wp\/v2\/pages"}],"about":[{"href":"https:\/\/mueckinvest.com\/ar\/wp-json\/wp\/v2\/types\/page"}],"author":[{"embeddable":true,"href":"https:\/\/mueckinvest.com\/ar\/wp-json\/wp\/v2\/users\/1"}],"replies":[{"embeddable":true,"href":"https:\/\/mueckinvest.com\/ar\/wp-json\/wp\/v2\/comments?post=380"}],"version-history":[{"count":0,"href":"https:\/\/mueckinvest.com\/ar\/wp-json\/wp\/v2\/pages\/380\/revisions"}],"wp:attachment":[{"href":"https:\/\/mueckinvest.com\/ar\/wp-json\/wp\/v2\/media?parent=380"}],"curies":[{"name":"wp","href":"https:\/\/api.w.org\/{rel}","templated":true}]}}