{"id":3336,"date":"2026-02-01T22:00:00","date_gmt":"2026-02-01T21:00:00","guid":{"rendered":"https:\/\/mueckinvest.de\/?page_id=3336"},"modified":"2026-03-18T15:17:14","modified_gmt":"2026-03-18T14:17:14","slug":"%d9%85%d8%a8%d8%a7%d8%af%d8%a6-%d9%88%d8%b9%d8%af","status":"publish","type":"page","link":"https:\/\/mueckinvest.com\/ar\/prinzipien-versprechen\/","title":{"rendered":"\u0627\u0644\u0645\u0628\u0627\u062f\u0626 \/ \u0627\u0644\u0648\u0639\u0648\u062f"},"content":{"rendered":"<h2 class=\"wp-block-heading\"><strong>\u0645\u0628\u0627\u062f\u0626\u064a<\/strong><\/h2>\n\n\n\n<h3 class=\"wp-block-heading\"><strong>\u0623\u0633\u062a\u062b\u0645\u0631 \u0639\u0644\u0649 \u0627\u0644\u0645\u062f\u0649 \u0627\u0644\u0637\u0648\u064a\u0644<\/strong><\/h3>\n\n\n\n<p>\u0623\u0646\u0627 \u0644\u0627 \u0623\u062a\u062e\u0630 \u0642\u0631\u0627\u0631\u0627\u062a \u0644\u0644\u064a\u0648\u0645 \u0623\u0648 \u0627\u0644\u063a\u062f\u060c \u0628\u0644 \u0644\u0644\u0639\u0642\u0648\u062f \u0627\u0644\u0642\u0644\u064a\u0644\u0629 \u0627\u0644\u0642\u0627\u062f\u0645\u0629.<\/p>\n\n\n\n<h3 class=\"wp-block-heading\"><strong>\u0623\u0628\u0642\u0649 \u0647\u0627\u062f\u0626\u0627\u064b<\/strong><\/h3>\n\n\n\n<p>\u0644\u0627 \u0623\u062f\u0639 \u0646\u0641\u0633\u064a \u0623\u0646\u0634\u063a\u0644 \u0628\u0627\u0644\u0627\u062a\u062c\u0627\u0647\u0627\u062a \u0627\u0644\u0633\u0627\u0626\u062f\u0629 \u0623\u0648 \u0627\u0644\u0639\u0646\u0627\u0648\u064a\u0646 \u0627\u0644\u0631\u0626\u064a\u0633\u064a\u0629 \u0623\u0648 \u0627\u0644\u0636\u062c\u064a\u062c \u0642\u0635\u064a\u0631 \u0627\u0644\u0645\u062f\u0649.<\/p>\n\n\n\n<h3 class=\"wp-block-heading\"><strong>\u0623\u0628\u0642\u064a \u0627\u0644\u0623\u0645\u0648\u0631 \u0628\u0633\u064a\u0637\u0629.<\/strong><\/h3>\n\n\n\n<p>\u0623\u0631\u0643\u0632 \u0639\u0644\u0649 \u0627\u0644\u0647\u064a\u0627\u0643\u0644 \u0627\u0644\u0648\u0627\u0636\u062d\u0629\u060c \u0648\u0627\u0644\u0627\u0633\u062a\u0631\u0627\u062a\u064a\u062c\u064a\u0627\u062a \u0627\u0644\u0645\u0641\u0647\u0648\u0645\u0629\u060c \u0648\u0627\u0644\u0623\u0633\u0633 \u0627\u0644\u0645\u062a\u064a\u0646\u0629.<\/p>\n\n\n\n<hr class=\"wp-block-separator has-alpha-channel-opacity\"\/>\n\n\n\n<h1 class=\"wp-block-heading\">\u2b50 <strong>\u0645\u0628\u0627\u062f\u0626\u064a<\/strong><\/h1>\n\n\n\n<h3 class=\"wp-block-heading\"><strong>\u0623\u0646\u0627 \u0623\u062b\u0642 \u0628\u0627\u0644\u0628\u064a\u0627\u0646\u0627\u062a\u060c \u0644\u0627 \u0628\u0627\u0644\u0645\u0634\u0627\u0639\u0631.<\/strong><\/h3>\n\n\n\n<p>\u0642\u0631\u0627\u0631\u0627\u062a\u064a \u0645\u0628\u0646\u064a\u0629 \u0639\u0644\u0649 \u0627\u0644\u062d\u0642\u0627\u0626\u0642\u060c \u0648\u0644\u064a\u0633 \u0639\u0644\u0649 \u0627\u0644\u0645\u0634\u0627\u0639\u0631.<\/p>\n\n\n\n<h3 class=\"wp-block-heading\"><strong>\u0633\u0623\u0628\u0642\u0649 \u0645\u0633\u062a\u0642\u0644\u0627\u064b.<\/strong><\/h3>\n\n\n\n<p>\u0623\u0639\u0645\u0644 \u0628\u062f\u0648\u0646 \u0625\u0639\u0644\u0627\u0646\u0627\u062a\u060c \u0648\u0628\u062f\u0648\u0646 \u0639\u0645\u0648\u0644\u0627\u062a\u060c \u0648\u0628\u062f\u0648\u0646 \u0645\u0635\u0627\u0644\u062d \u062e\u0641\u064a\u0629.<\/p>\n\n\n\n<h3 class=\"wp-block-heading\"><strong>\u0623\u0633\u062a\u062e\u062f\u0645 \u0627\u0644\u0648\u0642\u062a \u0643\u0623\u0642\u0648\u0649 \u062d\u0644\u064a\u0641 \u0644\u064a.<\/strong><\/h3>\n\n\n\n<p>\u0623\u0639\u062a\u0645\u062f \u0639\u0644\u0649 \u0642\u0648\u0629 \u0627\u0644\u0641\u0627\u0626\u062f\u0629 \u0627\u0644\u0645\u0631\u0643\u0628\u0629 - \u0648\u0644\u064a\u0633 \u0639\u0644\u0649 \u0627\u0644\u062a\u0648\u0642\u064a\u062a \u0623\u0648 \u0627\u0644\u0645\u0636\u0627\u0631\u0628\u0629.<\/p>\n\n\n\n<hr class=\"wp-block-separator has-alpha-channel-opacity\"\/>\n\n\n\n<h1 class=\"wp-block-heading\">\u2b50 <strong>\u0645\u0627 \u0644\u0627 \u0623\u0641\u0639\u0644\u0647 \u0639\u0646 \u0642\u0635\u062f<\/strong><\/h1>\n\n\n\n<h3 class=\"wp-block-heading\"><strong>\u0623\u0646\u0627 \u0644\u0627 \u0623\u0642\u062f\u0645 \u0646\u0635\u0627\u0626\u062d \u0641\u0631\u062f\u064a\u0629 \u0628\u0634\u0623\u0646 \u0627\u0644\u0623\u0633\u0647\u0645.<\/strong><\/h3>\n\n\n\n<p>\u0623\u0646\u0627 \u0644\u0627 \u0623\u0644\u0639\u0628 \u062f\u0648\u0631 \u0627\u0644\u0645\u062d\u0644\u0644 \u0648\u0644\u0627 \u0623\u0642\u062f\u0645 \u0625\u0634\u0627\u0631\u0627\u062a \u0634\u0631\u0627\u0621 \u0623\u0648 \u0628\u064a\u0639.<\/p>\n\n\n\n<h3 class=\"wp-block-heading\"><strong>\u0623\u0646\u0627 \u0644\u0627 \u0623\u0645\u0627\u0631\u0633 \u0623\u064a \u0646\u0648\u0639 \u0645\u0646 \u0627\u0644\u062a\u062f\u0627\u0648\u0644.<\/strong><\/h3>\n\n\n\n<p>\u0623\u0646\u0627 \u0644\u0627 \u0623\u0633\u0639\u0649 \u0648\u0631\u0627\u0621 \u0627\u0644\u0635\u064a\u062d\u0627\u062a \u0627\u0644\u0631\u0627\u0626\u062c\u0629\u060c \u0623\u0648 \u0623\u0633\u0647\u0645 \u0627\u0644\u0645\u064a\u0645\u0627\u062a\u060c \u0623\u0648 \u0627\u0644\u0645\u0643\u0627\u0633\u0628 \u0642\u0635\u064a\u0631\u0629 \u0627\u0644\u0623\u062c\u0644.<\/p>\n\n\n\n<h3 class=\"wp-block-heading\"><strong>\u0623\u0639\u062f\u0643\u0645 \u0628\u0639\u062f\u0645 \u0627\u0644\u0644\u062c\u0648\u0621 \u0625\u0644\u0649 \u0623\u064a \u0637\u0631\u0642 \u0645\u062e\u062a\u0635\u0631\u0629.<\/strong><\/h3>\n\n\n\n<p>\u0623\u0646\u0627 \u0644\u0627 \u0623\u0628\u064a\u0639 \u0645\u0639\u062c\u0632\u0627\u062a \u0627\u0644\u0639\u0642\u0644\u064a\u0629\u060c \u0623\u0648 \u0639\u0628\u0627\u0631\u0627\u062a \u0627\u0644\u062a\u062d\u0641\u064a\u0632 \u0627\u0644\u0645\u0628\u062a\u0630\u0644\u0629\u060c \u0623\u0648 \u0627\u0644\u0623\u0648\u0647\u0627\u0645.<\/p>\n\n\n\n<h3 class=\"wp-block-heading\"><strong>\u0623\u0646\u0627 \u0644\u0627 \u0623\u0639\u0644\u0646.<\/strong><\/h3>\n\n\n\n<p>\u0644\u0627 \u0623\u0633\u062a\u062e\u062f\u0645 \u0631\u0648\u0627\u0628\u0637 \u0627\u0644\u062a\u0633\u0648\u064a\u0642 \u0628\u0627\u0644\u0639\u0645\u0648\u0644\u0629 \u0623\u0648 \u0627\u0644\u0634\u0631\u0627\u0643\u0627\u062a \u0627\u0644\u062a\u062c\u0627\u0631\u064a\u0629.<\/p>\n\n\n\n<h3 class=\"wp-block-heading\"><strong>\u0623\u0646\u0627 \u0644\u0627 \u0623\u0628\u0627\u0644\u063a \u0641\u064a \u0627\u0644\u0623\u0645\u0631.<\/strong><\/h3>\n\n\n\n<p>\u0623\u0642\u0648\u0645 \u0628\u062a\u0642\u0644\u064a\u0644 \u0627\u0644\u062a\u0639\u0642\u064a\u062f \u0628\u062f\u0644\u0627\u064b \u0645\u0646 \u0632\u064a\u0627\u062f\u062a\u0647.<\/p>","protected":false},"excerpt":{"rendered":"<p>Meine Prinzipien Ich investiere langfristig Ich treffe Entscheidungen nicht f\u00fcr heute oder morgen, sondern f\u00fcr die n\u00e4chsten Jahrzehnte. Ich bleibe ruhig Ich lasse mich nicht von Trends, Schlagzeilen oder kurzfristigem L\u00e4rm ablenken. Ich halte Dinge einfach Ich setze auf klare Strukturen, verst\u00e4ndliche Strategien und robuste Grundlagen. \u2b50 Meine Grunds\u00e4tze Ich vertraue auf Daten, nicht auf [&hellip;]<\/p>\n","protected":false},"author":1,"featured_media":0,"parent":0,"menu_order":0,"comment_status":"closed","ping_status":"closed","template":"","meta":{"pmpro_default_level":"","_monsterinsights_skip_tracking":false,"_monsterinsights_sitenote_active":false,"_monsterinsights_sitenote_note":"","_monsterinsights_sitenote_category":0,"footnotes":""},"class_list":["post-3336","page","type-page","status-publish","hentry","pmpro-has-access"],"aioseo_notices":[],"_links":{"self":[{"href":"https:\/\/mueckinvest.com\/ar\/wp-json\/wp\/v2\/pages\/3336","targetHints":{"allow":["GET"]}}],"collection":[{"href":"https:\/\/mueckinvest.com\/ar\/wp-json\/wp\/v2\/pages"}],"about":[{"href":"https:\/\/mueckinvest.com\/ar\/wp-json\/wp\/v2\/types\/page"}],"author":[{"embeddable":true,"href":"https:\/\/mueckinvest.com\/ar\/wp-json\/wp\/v2\/users\/1"}],"replies":[{"embeddable":true,"href":"https:\/\/mueckinvest.com\/ar\/wp-json\/wp\/v2\/comments?post=3336"}],"version-history":[{"count":2,"href":"https:\/\/mueckinvest.com\/ar\/wp-json\/wp\/v2\/pages\/3336\/revisions"}],"predecessor-version":[{"id":4030,"href":"https:\/\/mueckinvest.com\/ar\/wp-json\/wp\/v2\/pages\/3336\/revisions\/4030"}],"wp:attachment":[{"href":"https:\/\/mueckinvest.com\/ar\/wp-json\/wp\/v2\/media?parent=3336"}],"curies":[{"name":"wp","href":"https:\/\/api.w.org\/{rel}","templated":true}]}}