{"id":2969,"date":"2026-01-23T08:00:00","date_gmt":"2026-01-23T07:00:00","guid":{"rendered":"https:\/\/mueckinvest.de\/?page_id=2969"},"modified":"2026-03-30T10:00:00","modified_gmt":"2026-03-30T08:00:00","slug":"%f0%9f%8c%90-%d9%85%d8%ac%d8%aa%d9%85%d8%b9-%d9%88%d8%b3%d8%a7%d8%a6%d9%84-%d8%a7%d9%84%d8%aa%d9%88%d8%a7%d8%b5%d9%84-%d8%a7%d9%84%d8%a7%d8%ac%d8%aa%d9%85%d8%a7%d8%b9%d9%8a-2","status":"publish","type":"page","link":"https:\/\/mueckinvest.com\/ar\/%f0%9f%8c%90-social-media-community\/","title":{"rendered":"\u0648\u0633\u0627\u0626\u0644 \u0627\u0644\u062a\u0648\u0627\u0635\u0644 \u0627\u0644\u0627\u062c\u062a\u0645\u0627\u0639\u064a \u0648\u0627\u0644\u0645\u062c\u062a\u0645\u0639 \ud83c\udf10"},"content":{"rendered":"<h2 class=\"wp-block-heading\">\u062f\u0627\u0626\u0645\u0627\u064b \u0642\u0631\u064a\u0628\u0648\u0646 \u0645\u0646\u0643 \u0639\u0644\u0649 \u062c\u0645\u064a\u0639 \u0627\u0644\u0642\u0646\u0648\u0627\u062a<\/h2>\n\n\n\n<p>\u0648\u0644\u062a\u0645\u0643\u064a\u0646\u0643\u0645 \u0645\u0646 \u0645\u062a\u0627\u0628\u0639\u0629 \u062a\u062d\u0644\u064a\u0644\u0627\u062a\u064a \u0648\u062a\u062d\u062f\u064a\u062b\u0627\u062a\u064a \u0628\u0633\u0647\u0648\u0644\u0629 \u0623\u064a\u0646\u0645\u0627 \u0643\u0646\u062a\u0645\u060c \u0623\u0642\u0648\u0645 \u0623\u064a\u0636\u0627\u064b \u0628\u0646\u0634\u0631 \u0645\u062d\u062a\u0648\u0649 \u0645\u062e\u062a\u0627\u0631 \u0639\u0644\u0649 \u0642\u0646\u0648\u0627\u062a \u0627\u0644\u062a\u0648\u0627\u0635\u0644 \u0627\u0644\u0627\u062c\u062a\u0645\u0627\u0639\u064a \u0627\u0644\u062e\u0627\u0635\u0629 \u0628\u064a. <strong>\u062c\u0645\u064a\u0639 \u0627\u0644\u0645\u0646\u0634\u0648\u0631\u0627\u062a \u062a\u062a\u0637\u0627\u0628\u0642 \u062a\u0645\u0627\u0645\u0627\u064b \u0641\u064a \u0645\u062d\u062a\u0648\u0627\u0647\u0627 \u0645\u0639 \u0645\u0627 \u064a\u0638\u0647\u0631 \u0639\u0644\u0649 \u0647\u0630\u0627 \u0627\u0644\u0645\u0648\u0642\u0639 \u0627\u0644\u0625\u0644\u0643\u062a\u0631\u0648\u0646\u064a.<\/strong> \u0644\u0627 \u062a\u0648\u062c\u062f \u0628\u064a\u0627\u0646\u0627\u062a \u0625\u0636\u0627\u0641\u064a\u0629\u060c \u0648\u0644\u0627 \u0645\u0639\u0644\u0648\u0645\u0627\u062a \u0645\u062e\u062a\u0644\u0641\u0629 \u2013 \u0634\u0641\u0627\u0641\u064a\u0629 \u0643\u0627\u0645\u0644\u0629.<\/p>\n\n\n\n<div style=\"height:20px\" aria-hidden=\"true\" class=\"wp-block-spacer\"><\/div>\n\n\n\n<hr class=\"wp-block-separator has-alpha-channel-opacity\"\/>\n\n\n\n<div style=\"height:20px\" aria-hidden=\"true\" class=\"wp-block-spacer\"><\/div>\n\n\n\n<h2 class=\"wp-block-heading\">\ud83d\udcf1 \u0642\u0646\u0627\u0629 \u0648\u0627\u062a\u0633\u0627\u0628<\/h2>\n\n\n\n<p>\u0633\u062a\u062a\u0644\u0642\u0649 \u0641\u064a \u0642\u0646\u0627\u062a\u0646\u0627 \u0639\u0644\u0649 \u0648\u0627\u062a\u0633\u0627\u0628 \u0625\u0634\u0639\u0627\u0631\u0627\u062a \u0645\u0648\u062c\u0632\u0629 \u062d\u0648\u0644 \u0627\u0644\u0645\u0642\u0627\u0644\u0627\u062a \u0627\u0644\u062c\u062f\u064a\u062f\u0629 \u0648\u0627\u0644\u062a\u062d\u062f\u064a\u062b\u0627\u062a \u0627\u0644\u0645\u0647\u0645\u0629. \u0627\u0644\u0645\u062d\u062a\u0648\u0649 \u0645\u0637\u0627\u0628\u0642 \u0644\u0644\u0645\u0646\u0634\u0648\u0631\u0627\u062a \u0639\u0644\u0649 \u0627\u0644\u0645\u0648\u0642\u0639 \u0627\u0644\u0625\u0644\u0643\u062a\u0631\u0648\u0646\u064a\u060c \u0648\u0647\u0648 \u0645\u064f\u062e\u0635\u0635 \u0644\u0631\u0627\u062d\u062a\u0643 \u0641\u0642\u0637.<\/p>\n\n\n\n<div class=\"wp-block-buttons is-layout-flex wp-block-buttons-is-layout-flex\">\n<div class=\"wp-block-button\"><a class=\"wp-block-button__link wp-element-button\" href=\"https:\/\/whatsapp.com\/channel\/0029VbAgHt2FnSz8koFrbi3e\">\u0642\u0646\u0627\u0629 \u0648\u0627\u062a\u0633\u0627\u0628<\/a><\/div>\n<\/div>\n\n\n\n<div style=\"height:20px\" aria-hidden=\"true\" class=\"wp-block-spacer\"><\/div>\n\n\n\n<hr class=\"wp-block-separator has-alpha-channel-opacity\"\/>\n\n\n\n<div style=\"height:20px\" aria-hidden=\"true\" class=\"wp-block-spacer\"><\/div>\n\n\n\n<h2 class=\"wp-block-heading\">\ud83d\udcf8\u0625\u0646\u0633\u062a\u063a\u0631\u0627\u0645<\/h2>\n\n\n\n<p>\u064a\u0645\u0643\u0646\u0643\u0645 \u0627\u0644\u0639\u062b\u0648\u0631 \u0639\u0644\u0649 \u0645\u0642\u062a\u0637\u0641\u0627\u062a \u0645\u0631\u0626\u064a\u0629 \u0645\u0646 \u0645\u062d\u062a\u0648\u0649 \u0645\u0648\u0642\u0639\u064a \u0627\u0644\u0625\u0644\u0643\u062a\u0631\u0648\u0646\u064a \u0639\u0644\u0649 \u0625\u0646\u0633\u062a\u063a\u0631\u0627\u0645:<\/p>\n\n\n\n<ul class=\"wp-block-list\">\n<li>\u0645\u0644\u062e\u0635\u0627\u062a \u0645\u0648\u062c\u0632\u0629 \u0644\u0644\u0645\u0646\u0634\u0648\u0631\u0627\u062a \u0627\u0644\u062c\u062f\u064a\u062f\u0629<\/li>\n\n\n\n<li>\u0625\u0634\u0627\u0631\u0627\u062a \u0625\u0644\u0649 \u0627\u0644\u0645\u0639\u0644\u0648\u0645\u0627\u062a \u0627\u0644\u062a\u064a \u062a\u0645 \u0625\u0635\u062f\u0627\u0631\u0647\u0627 \u062d\u062f\u064a\u062b\u064b\u0627<\/li>\n<\/ul>\n\n\n\n<p>\u0648\u064a\u0646\u0637\u0628\u0642 \u0627\u0644\u0623\u0645\u0631 \u0646\u0641\u0633\u0647 \u0647\u0646\u0627: <strong>\u0644\u0627 \u062a\u0648\u062c\u062f \u0645\u0639\u0644\u0648\u0645\u0627\u062a \u0625\u0636\u0627\u0641\u064a\u0629 - \u0643\u0644 \u0634\u064a\u0621 \u064a\u0639\u062a\u0645\u062f \u0639\u0644\u0649 \u0645\u062d\u062a\u0648\u0649 \u0647\u0630\u0627 \u0627\u0644\u0645\u0648\u0642\u0639 \u0627\u0644\u0625\u0644\u0643\u062a\u0631\u0648\u0646\u064a.<\/strong><\/p>\n\n\n\n<div class=\"wp-block-buttons is-layout-flex wp-block-buttons-is-layout-flex\">\n<div class=\"wp-block-button\"><a class=\"wp-block-button__link wp-element-button\" href=\"https:\/\/www.instagram.com\/mueckinvest\/\">\u0627\u0646\u0633\u062a\u063a\u0631\u0627\u0645<\/a><\/div>\n<\/div>\n\n\n\n<div style=\"height:20px\" aria-hidden=\"true\" class=\"wp-block-spacer\"><\/div>\n\n\n\n<hr class=\"wp-block-separator has-alpha-channel-opacity\"\/>\n\n\n\n<div style=\"height:20px\" aria-hidden=\"true\" class=\"wp-block-spacer\"><\/div>\n\n\n\n<h2 class=\"wp-block-heading\">\ud83d\udcd8 Facebook<\/h2>\n\n\n\n<p>Auf Facebook finden Sie ausgew\u00e4hlte Inhalte meiner Website in textorientierter Form:<\/p>\n\n\n\n<ul class=\"wp-block-list\">\n<li>Kurze Hinweise auf neue Beitr\u00e4ge<\/li>\n\n\n\n<li>Kompakte Zusammenfassungen aktueller Ver\u00f6ffentlichungen<\/li>\n\n\n\n<li>Gelegentliche Hervorhebungen wichtiger Themen<\/li>\n<\/ul>\n\n\n\n<p>Auch hier gilt: Es erscheinen ausschlie\u00dflich Inhalte, die auf dieser Website basieren \u2013 ohne zus\u00e4tzliche Informationen.<\/p>\n\n\n\n<div class=\"wp-block-buttons is-layout-flex wp-block-buttons-is-layout-flex\">\n<div class=\"wp-block-button\"><a class=\"wp-block-button__link wp-element-button\" href=\"https:\/\/www.facebook.com\/profile.php?id=61575444270604\">Facebook<\/a><\/div>\n<\/div>\n\n\n\n<div style=\"height:20px\" aria-hidden=\"true\" class=\"wp-block-spacer\"><\/div>\n\n\n\n<hr class=\"wp-block-separator has-alpha-channel-opacity\"\/>\n\n\n\n<div style=\"height:20px\" aria-hidden=\"true\" class=\"wp-block-spacer\"><\/div>\n\n\n\n<h2 class=\"wp-block-heading\">\ud83d\udc26 X (ehemals Twitter)<\/h2>\n\n\n\n<p>Auf X erhalten Sie pr\u00e4gnante, stark verdichtete Ausz\u00fcge meiner Website\u2011Inhalte:<\/p>\n\n\n\n<ul class=\"wp-block-list\">\n<li>Kurze Hinweise auf neue Artikel<\/li>\n\n\n\n<li>Kompakte Kernbotschaften aktueller Ver\u00f6ffentlichungen<\/li>\n\n\n\n<li>Fokus auf Klarheit und Relevanz<\/li>\n<\/ul>\n\n\n\n<p>Wie \u00fcberall: Keine zus\u00e4tzlichen Informationen \u2013 alle Beitr\u00e4ge basieren ausschlie\u00dflich auf den Inhalten dieser Website.<\/p>\n\n\n\n<div class=\"wp-block-buttons is-layout-flex wp-block-buttons-is-layout-flex\">\n<div class=\"wp-block-button\"><a class=\"wp-block-button__link wp-element-button\" href=\"https:\/\/x.com\/mueckinvest\">Zum X Profil<\/a><\/div>\n<\/div>\n\n\n\n<div style=\"height:20px\" aria-hidden=\"true\" class=\"wp-block-spacer\"><\/div>\n\n\n\n<hr class=\"wp-block-separator has-alpha-channel-opacity\"\/>\n\n\n\n<div style=\"height:20px\" aria-hidden=\"true\" class=\"wp-block-spacer\"><\/div>\n\n\n\n<h2 class=\"wp-block-heading\">\ud83d\udcc8 Wikifolio.com<\/h2>\n\n\n\n<p>\u062a\u064f\u062a\u064a\u062d \u0644\u0643 \u0635\u0641\u062d\u0627\u062a\u064a \u0639\u0644\u0649 \u0648\u064a\u0643\u064a \u0641\u0648\u0644\u064a\u0648 \u0646\u0638\u0631\u0629\u064b \u0634\u0641\u0627\u0641\u0629\u064b \u0639\u0644\u0649 \u0627\u0644\u062a\u0637\u0628\u064a\u0642 \u0627\u0644\u0639\u0645\u0644\u064a \u0644\u0627\u0633\u062a\u0631\u0627\u062a\u064a\u062c\u064a\u062a\u064a. \u0648\u062a\u0633\u062a\u0646\u062f \u0627\u0644\u062a\u0639\u0644\u064a\u0642\u0627\u062a \u0648\u0627\u0644\u0634\u0631\u0648\u062d\u0627\u062a \u0627\u0644\u0648\u0627\u0631\u062f\u0629 \u0641\u064a\u0647\u0627 \u0625\u0644\u0649 \u0627\u0644\u0645\u062d\u062a\u0648\u0649 \u0627\u0644\u0630\u064a \u0633\u062a\u062c\u062f\u0647 \u0639\u0644\u0649 \u0647\u0630\u0627 \u0627\u0644\u0645\u0648\u0642\u0639 \u0627\u0644\u0625\u0644\u0643\u062a\u0631\u0648\u0646\u064a.<\/p>\n\n\n\n<div class=\"wp-block-buttons is-layout-flex wp-block-buttons-is-layout-flex\">\n<div class=\"wp-block-button\"><a class=\"wp-block-button__link wp-element-button\" href=\"https:\/\/www.wikifolio.com\/de\/de\/p\/mueckinvest?tab=wikifolios\">Wikifolio.com<\/a><\/div>\n<\/div>\n\n\n\n<div style=\"height:20px\" aria-hidden=\"true\" class=\"wp-block-spacer\"><\/div>\n\n\n\n<hr class=\"wp-block-separator has-alpha-channel-opacity\"\/>\n\n\n\n<div style=\"height:20px\" aria-hidden=\"true\" class=\"wp-block-spacer\"><\/div>\n\n\n\n<h2 class=\"wp-block-heading\">\ud83d\udcf1 \u062a\u0637\u0628\u064a\u0642 Mueckinvest \u0644\u0646\u0638\u0627\u0645 Android + \u062a\u0637\u0628\u064a\u0642 Mueckinvest AI<\/h2>\n\n\n\n<p>\u0633\u062a\u062c\u062f \u0647\u0646\u0627 \u062c\u0645\u064a\u0639 \u0627\u0644\u0645\u0639\u0644\u0648\u0645\u0627\u062a \u0627\u0644\u0645\u062a\u0639\u0644\u0642\u0629 \u0628\u062a\u0637\u0628\u064a\u0642\u0627\u062a Mueckinvest.<\/p>\n\n\n\n<div class=\"wp-block-buttons is-layout-flex wp-block-buttons-is-layout-flex\">\n<div class=\"wp-block-button\"><a class=\"wp-block-button__link wp-element-button\" href=\"https:\/\/mueckinvest.com\/ar\/%d8%aa%d8%b7%d8%a8%d9%8a%d9%82-%d8%a3%d9%86%d8%af%d8%b1%d9%88%d9%8a%d8%af\/\">\u062a\u0637\u0628\u064a\u0642 Mueckinvest<\/a><\/div>\n\n\n\n<div class=\"wp-block-button\"><a class=\"wp-block-button__link wp-element-button\" href=\"https:\/\/mueckinvest.com\/ar\/%d8%aa%d8%b7%d8%a8%d9%8a%d9%82-mueckinvest-ki-2\/\">\u062a\u0637\u0628\u064a\u0642 Mueckinvest \u0644\u0644\u0630\u0643\u0627\u0621 \u0627\u0644\u0627\u0635\u0637\u0646\u0627\u0639\u064a<\/a><\/div>\n<\/div>","protected":false},"excerpt":{"rendered":"<p>Immer nah dran auf allen Kan\u00e4len Damit Sie meine Analysen und Updates bequem dort verfolgen k\u00f6nnen, wo Sie m\u00f6chten, ver\u00f6ffentliche ich ausgew\u00e4hlte Inhalte zus\u00e4tzlich auf meinen Social\u2011Media\u2011Kan\u00e4len. Alle Beitr\u00e4ge entsprechen inhaltlich exakt dem, was auch auf dieser Website erscheint. Keine zus\u00e4tzlichen Aussagen, keine abweichenden Informationen \u2013 volle Transparenz. \ud83d\udcf1 WhatsApp\u2011Kanal Im WhatsApp\u2011Kanal erhalten Sie kompakte [&hellip;]<\/p>\n","protected":false},"author":1,"featured_media":0,"parent":0,"menu_order":0,"comment_status":"closed","ping_status":"closed","template":"page-no-sidebar","meta":{"pmpro_default_level":"","_monsterinsights_skip_tracking":false,"_monsterinsights_sitenote_active":false,"_monsterinsights_sitenote_note":"","_monsterinsights_sitenote_category":0,"footnotes":""},"class_list":["post-2969","page","type-page","status-publish","hentry","pmpro-has-access"],"aioseo_notices":[],"_links":{"self":[{"href":"https:\/\/mueckinvest.com\/ar\/wp-json\/wp\/v2\/pages\/2969","targetHints":{"allow":["GET"]}}],"collection":[{"href":"https:\/\/mueckinvest.com\/ar\/wp-json\/wp\/v2\/pages"}],"about":[{"href":"https:\/\/mueckinvest.com\/ar\/wp-json\/wp\/v2\/types\/page"}],"author":[{"embeddable":true,"href":"https:\/\/mueckinvest.com\/ar\/wp-json\/wp\/v2\/users\/1"}],"replies":[{"embeddable":true,"href":"https:\/\/mueckinvest.com\/ar\/wp-json\/wp\/v2\/comments?post=2969"}],"version-history":[{"count":8,"href":"https:\/\/mueckinvest.com\/ar\/wp-json\/wp\/v2\/pages\/2969\/revisions"}],"predecessor-version":[{"id":4299,"href":"https:\/\/mueckinvest.com\/ar\/wp-json\/wp\/v2\/pages\/2969\/revisions\/4299"}],"wp:attachment":[{"href":"https:\/\/mueckinvest.com\/ar\/wp-json\/wp\/v2\/media?parent=2969"}],"curies":[{"name":"wp","href":"https:\/\/api.w.org\/{rel}","templated":true}]}}