{"id":2875,"date":"2026-01-22T18:00:00","date_gmt":"2026-01-22T17:00:00","guid":{"rendered":"https:\/\/mueckinvest.de\/?page_id=2875"},"modified":"2026-02-03T06:00:00","modified_gmt":"2026-02-03T05:00:00","slug":"%f0%9f%93%88-%d9%88%d9%8a%d9%83%d9%8a%d9%81%d9%88%d9%84%d9%8a%d9%88%d8%b3","status":"publish","type":"page","link":"https:\/\/mueckinvest.com\/ar\/%f0%9f%93%88-wikifolios\/","title":{"rendered":"\u0648\u064a\u0643\u064a\u0641\u0648\u0644\u064a\u0648\u0633"},"content":{"rendered":"<h1 class=\"wp-block-heading\"><strong>\u0625\u0636\u0641\u0627\u0621 \u0627\u0644\u0637\u0627\u0628\u0639 \u0627\u0644\u062f\u064a\u0645\u0642\u0631\u0627\u0637\u064a \u0639\u0644\u0649 \u0627\u0644\u0627\u0633\u062a\u062b\u0645\u0627\u0631 \u0627\u0644\u0646\u0634\u0637<\/strong><\/h1>\n\n\n\n<p>\u0644\u0642\u062f \u063a\u064a\u0631\u062a \u0648\u064a\u0643\u064a\u0641\u0648\u0644\u064a\u0648\u0632 \u0637\u0631\u064a\u0642\u0629 \u0627\u0633\u062a\u062b\u0645\u0627\u0631 \u0627\u0644\u0646\u0627\u0633. \u0641\u0647\u064a \u062a\u062c\u0645\u0639 \u0628\u064a\u0646 \u0634\u0641\u0627\u0641\u064a\u0629 \u0627\u0644\u0645\u0646\u0635\u0627\u062a \u0627\u0644\u0631\u0642\u0645\u064a\u0629 \u0648\u062e\u0628\u0631\u0629 \u0627\u0644\u0645\u062a\u062f\u0627\u0648\u0644\u064a\u0646 \u0627\u0644\u0646\u0634\u0637\u064a\u0646\u060c \u0645\u0645\u0627 \u064a\u064f\u0645\u0643\u0651\u0646 \u0627\u0644\u0645\u0633\u062a\u062b\u0645\u0631\u064a\u0646 \u0645\u0646, <strong>\u0644\u0645\u062d\u0627\u0643\u0627\u0629 \u0627\u0633\u062a\u0631\u0627\u062a\u064a\u062c\u064a\u0627\u062a \u0627\u0644\u062a\u062f\u0627\u0648\u0644 \u0627\u0644\u0627\u062d\u062a\u0631\u0627\u0641\u064a\u0629 \u0623\u0648 \u0627\u0644\u062e\u0627\u0635\u0629 \u0628\u0646\u0633\u0628\u0629 1:1<\/strong>. \u0648\u0647\u0630\u0627 \u064a\u062e\u0644\u0642 \u0646\u0638\u0627\u0645\u0627\u064b \u0628\u064a\u0626\u064a\u0627\u064b \u062c\u062f\u064a\u062f\u0627\u064b \u062a\u0645\u0627\u0645\u0627\u064b \u0628\u064a\u0646 \u0625\u062f\u0627\u0631\u0629 \u0627\u0644\u0635\u0646\u0627\u062f\u064a\u0642 \u0627\u0644\u062a\u0642\u0644\u064a\u062f\u064a\u0629 \u0648\u0627\u0644\u062a\u062f\u0627\u0648\u0644 \u0627\u0644\u0627\u062c\u062a\u0645\u0627\u0639\u064a.<\/p>\n\n\n\n<h2 class=\"wp-block-heading\">\ud83c\udf0d <strong>1. \u0645\u0627 \u0647\u064a \u0648\u064a\u0643\u064a \u0641\u0648\u0644\u064a\u0648 \u0641\u064a \u0627\u0644\u0648\u0627\u0642\u0639\u061f<\/strong><\/h2>\n\n\n\n<h3 class=\"wp-block-heading\">\ud83e\udde9 <strong>\u0645\u062d\u0627\u0641\u0638 \u0646\u0645\u0627\u0630\u062c \u0631\u0642\u0645\u064a\u0629<\/strong><\/h3>\n\n\n\n<ul class=\"wp-block-list\">\n<li>\u064a\u0642\u0648\u0645 \u0627\u0644\u0645\u062a\u062f\u0627\u0648\u0644\u0648\u0646 \u0628\u0648\u0636\u0639 \u0627\u0633\u062a\u0631\u0627\u062a\u064a\u062c\u064a\u0627\u062a\u0647\u0645 \u0627\u0644\u062e\u0627\u0635\u0629<\/li>\n\n\n\n<li>\u062c\u0645\u064a\u0639 \u0627\u0644\u0645\u0639\u0627\u0645\u0644\u0627\u062a \u0645\u0631\u0626\u064a\u0629 \u0641\u064a \u0627\u0644\u0648\u0642\u062a \u0627\u0644\u0641\u0639\u0644\u064a.<\/li>\n\n\n\n<li>\u064a\u0645\u0643\u0646 \u0644\u0644\u0645\u0633\u062a\u062b\u0645\u0631\u064a\u0646 \u0645\u062d\u0627\u0643\u0627\u0629 \u0647\u0630\u0647 \u0627\u0644\u0627\u0633\u062a\u0631\u0627\u062a\u064a\u062c\u064a\u0627\u062a \u0628\u0627\u0633\u062a\u062e\u062f\u0627\u0645 \u0627\u0644\u0634\u0647\u0627\u062f\u0627\u062a.<\/li>\n<\/ul>\n\n\n\n<h3 class=\"wp-block-heading\">\ud83e\udd1d <strong>\u0645\u0646\u0635\u0629 \u0627\u0644\u062a\u062f\u0627\u0648\u0644 \u0627\u0644\u0627\u062c\u062a\u0645\u0627\u0639\u064a<\/strong><\/h3>\n\n\n\n<ul class=\"wp-block-list\">\n<li>\u0627\u0644\u062a\u0628\u0627\u062f\u0644 \u0628\u064a\u0646 \u0627\u0644\u062a\u062c\u0627\u0631 \u0648\u0627\u0644\u0645\u0633\u062a\u062b\u0645\u0631\u064a\u0646<\/li>\n\n\n\n<li>\u0627\u0644\u0634\u0641\u0627\u0641\u064a\u0629 \u0641\u064a\u0645\u0627 \u064a\u062a\u0639\u0644\u0642 \u0628\u0627\u0644\u0623\u062f\u0627\u0621 \u0648\u0627\u0644\u0645\u062e\u0627\u0637\u0631 \u0648\u0623\u0633\u0644\u0648\u0628 \u0627\u0644\u062a\u062f\u0627\u0648\u0644<\/li>\n<\/ul>\n\n\n\n<h3 class=\"wp-block-heading\">\ud83d\udcb6 <strong>\u0634\u0647\u0627\u062f\u0627\u062a \u0642\u0627\u0628\u0644\u0629 \u0644\u0644\u0627\u0633\u062a\u062b\u0645\u0627\u0631<\/strong><\/h3>\n\n\n\n<ul class=\"wp-block-list\">\n<li>\u064a\u0645\u0643\u0646 \u0634\u0631\u0627\u0621 \u0643\u0644 \u0645\u0644\u0641 \u0648\u064a\u0643\u064a \u0645\u0646\u0634\u0648\u0631 \u0643\u0623\u0648\u0631\u0627\u0642 \u0645\u0627\u0644\u064a\u0629.<\/li>\n\n\n\n<li>\u0642\u0627\u0628\u0644\u0629 \u0644\u0644\u062a\u062f\u0627\u0648\u0644 \u0645\u062b\u0644 \u0627\u0644\u0623\u0633\u0647\u0645 \u0623\u0648 \u0635\u0646\u0627\u062f\u064a\u0642 \u0627\u0644\u0645\u0624\u0634\u0631\u0627\u062a \u0627\u0644\u0645\u062a\u062f\u0627\u0648\u0644\u0629<\/li>\n<\/ul>\n\n\n\n<h2 class=\"wp-block-heading\">\ud83d\ude80 <strong>2. \u0644\u0645\u0627\u0630\u0627 \u0623\u0635\u0628\u062d\u062a \u0648\u064a\u0643\u064a\u0641\u0648\u0644\u064a\u0648 \u0634\u0627\u0626\u0639\u0629 \u062c\u062f\u064b\u0627<\/strong><\/h2>\n\n\n\n<h3 class=\"wp-block-heading\">\u2705 <strong>\u0627\u0644\u0634\u0641\u0627\u0641\u064a\u0629<\/strong><\/h3>\n\n\n\n<ul class=\"wp-block-list\">\n<li>\u0643\u0644 \u0645\u0631\u0643\u0632\u060c \u0648\u0643\u0644 \u0635\u0641\u0642\u0629\u060c \u0648\u0643\u0644 \u0648\u0632\u0646 \u064a\u0645\u0643\u0646 \u0631\u0624\u064a\u062a\u0647 \u0639\u0644\u0646\u064b\u0627.<\/li>\n\n\n\n<li>\u0644\u0627 \u064a\u0648\u062c\u062f &quot;\u0635\u0646\u062f\u0648\u0642 \u0623\u0633\u0648\u062f&quot; \u0643\u0645\u0627 \u0647\u0648 \u0627\u0644\u062d\u0627\u0644 \u0645\u0639 \u0627\u0644\u0639\u062f\u064a\u062f \u0645\u0646 \u0627\u0644\u0635\u0646\u0627\u062f\u064a\u0642<\/li>\n<\/ul>\n\n\n\n<h3 class=\"wp-block-heading\">\u2705 <strong>\u0627\u0644\u0645\u0631\u0648\u0646\u0629<\/strong><\/h3>\n\n\n\n<ul class=\"wp-block-list\">\n<li>\u0645\u062c\u0645\u0648\u0639\u0629 \u0648\u0627\u0633\u0639\u0629 \u0645\u0646 \u0627\u0644\u0627\u0633\u062a\u0631\u0627\u062a\u064a\u062c\u064a\u0627\u062a: \u0627\u0644\u0646\u0645\u0648\u060c \u0627\u0644\u0642\u064a\u0645\u0629\u060c \u062a\u062a\u0628\u0639 \u0627\u0644\u0627\u062a\u062c\u0627\u0647\u0627\u062a\u060c \u062a\u0648\u0632\u064a\u0639\u0627\u062a \u0627\u0644\u0623\u0631\u0628\u0627\u062d\u060c \u0627\u0644\u0639\u0645\u0644\u0627\u062a \u0627\u0644\u0631\u0642\u0645\u064a\u0629\u060c \u0627\u0644\u0633\u0644\u0639<\/li>\n\n\n\n<li>\u064a\u0633\u062a\u0637\u064a\u0639 \u0627\u0644\u0645\u062a\u062f\u0627\u0648\u0644\u0648\u0646 \u0627\u0644\u062a\u0641\u0627\u0639\u0644 \u0628\u0633\u0631\u0639\u0629 \u0645\u0639 \u062a\u062d\u0631\u0643\u0627\u062a \u0627\u0644\u0633\u0648\u0642.<\/li>\n<\/ul>\n\n\n\n<h3 class=\"wp-block-heading\">\u2705 <strong>\u062d\u0648\u0627\u062c\u0632 \u062f\u062e\u0648\u0644 \u0645\u0646\u062e\u0641\u0636\u0629<\/strong><\/h3>\n\n\n\n<ul class=\"wp-block-list\">\n<li>\u0627\u0644\u0627\u0633\u062a\u062b\u0645\u0627\u0631 \u0645\u0645\u0643\u0646 \u062d\u062a\u0649 \u0628\u0645\u0628\u0627\u0644\u063a \u0635\u063a\u064a\u0631\u0629.<\/li>\n\n\n\n<li>\u0644\u0627 \u062a\u0648\u062c\u062f \u062d\u062f \u0623\u062f\u0646\u0649 \u0644\u0645\u0628\u0627\u0644\u063a \u0627\u0644\u0627\u0633\u062a\u062b\u0645\u0627\u0631 \u0643\u0645\u0627 \u0647\u0648 \u0627\u0644\u062d\u0627\u0644 \u0645\u0639 \u0627\u0644\u0635\u0646\u0627\u062f\u064a\u0642 \u0627\u0644\u062a\u0642\u0644\u064a\u062f\u064a\u0629<\/li>\n<\/ul>\n\n\n\n<h3 class=\"wp-block-heading\">\u2705 <strong>\u062a\u0623\u062b\u064a\u0631 \u0627\u0644\u0645\u062c\u062a\u0645\u0639<\/strong><\/h3>\n\n\n\n<ul class=\"wp-block-list\">\n<li>\u064a\u0645\u0643\u0646 \u0644\u0644\u0645\u0633\u062a\u062b\u0645\u0631\u064a\u0646 \u0645\u0642\u0627\u0631\u0646\u0629 \u0627\u0644\u0627\u0633\u062a\u0631\u0627\u062a\u064a\u062c\u064a\u0627\u062a \u0648\u0627\u0644\u062a\u0639\u0644\u064a\u0642 \u0639\u0644\u064a\u0647\u0627 \u0648\u062a\u0642\u064a\u064a\u0645\u0647\u0627.<\/li>\n<\/ul>\n\n\n\n<h2 class=\"wp-block-heading\">\ud83e\udde0 <strong>3. \u0645\u0627 \u0647\u064a \u0627\u0644\u0627\u0633\u062a\u0631\u0627\u062a\u064a\u062c\u064a\u0627\u062a \u0627\u0644\u0645\u0637\u0644\u0648\u0628\u0629 \u0628\u0634\u0643\u0644 \u062e\u0627\u0635\u061f<\/strong><\/h2>\n\n\n\n<h3 class=\"wp-block-heading\">\ud83d\udcca <strong>\u062a\u062a\u0628\u0639 \u0627\u0644\u0627\u062a\u062c\u0627\u0647 \u0648\u0627\u0644\u0632\u062e\u0645<\/strong><\/h3>\n\n\n\n<ul class=\"wp-block-list\">\n<li>\u0627\u0644\u062a\u0631\u0643\u064a\u0632 \u0639\u0644\u0649 \u062a\u062d\u0631\u0643\u0627\u062a \u0627\u0644\u0623\u0633\u0639\u0627\u0631 \u0627\u0644\u0642\u0648\u064a\u0629<\/li>\n\n\n\n<li>\u064a\u062d\u0638\u0649 \u0628\u0634\u0639\u0628\u064a\u0629 \u0628\u064a\u0646 \u0627\u0644\u0645\u062a\u062f\u0627\u0648\u0644\u064a\u0646 \u0627\u0644\u0646\u0634\u0637\u064a\u0646<\/li>\n<\/ul>\n\n\n\n<h3 class=\"wp-block-heading\">\ud83e\uddf1 <strong>\u0627\u0644\u0642\u064a\u0645\u0629 \u0648\u0627\u0644\u062c\u0648\u062f\u0629<\/strong><\/h3>\n\n\n\n<ul class=\"wp-block-list\">\n<li>\u0627\u0644\u062a\u062d\u0644\u064a\u0644 \u0627\u0644\u0623\u0633\u0627\u0633\u064a<\/li>\n\n\n\n<li>\u0645\u062d\u0627\u0641\u0638 \u0627\u0633\u062a\u062b\u0645\u0627\u0631\u064a\u0629 \u0645\u0633\u062a\u0642\u0631\u0629 \u0637\u0648\u064a\u0644\u0629 \u0627\u0644\u0623\u062c\u0644<\/li>\n<\/ul>\n\n\n\n<h3 class=\"wp-block-heading\">\ud83e\ude99 <strong>\u0627\u0633\u062a\u0631\u0627\u062a\u064a\u062c\u064a\u0627\u062a \u0627\u0644\u0639\u0645\u0644\u0627\u062a \u0627\u0644\u0645\u0634\u0641\u0631\u0629<\/strong><\/h3>\n\n\n\n<ul class=\"wp-block-list\">\n<li>\u062a\u0642\u0644\u0628\u0627\u062a \u0639\u0627\u0644\u064a\u0629\u060c \u0648\u0644\u0643\u0646 \u0637\u0644\u0628 \u0645\u0631\u062a\u0641\u0639<\/li>\n\n\n\n<li>\u0645\u0632\u064a\u062c \u0645\u0646 \u0627\u0644\u0628\u064a\u062a\u0643\u0648\u064a\u0646 \u0648\u0627\u0644\u0639\u0645\u0644\u0627\u062a \u0627\u0644\u0628\u062f\u064a\u0644\u0629 \u0648\u0623\u0633\u0647\u0645 \u0627\u0644\u0628\u0644\u0648\u0643 \u062a\u0634\u064a\u0646<\/li>\n<\/ul>\n\n\n\n<h3 class=\"wp-block-heading\">\ud83c\udf31 <strong>\u0627\u0644\u0627\u0633\u062a\u062f\u0627\u0645\u0629<\/strong><\/h3>\n\n\n\n<ul class=\"wp-block-list\">\n<li>\u0627\u0644\u062a\u0631\u0643\u064a\u0632 \u0639\u0644\u0649 \u0627\u0644\u062d\u0648\u0643\u0645\u0629 \u0627\u0644\u0628\u064a\u0626\u064a\u0629 \u0648\u0627\u0644\u0627\u062c\u062a\u0645\u0627\u0639\u064a\u0629 \u0648\u0627\u0644\u0645\u0624\u0633\u0633\u064a\u0629<\/li>\n\n\n\n<li>\u0627\u0644\u062a\u0642\u0646\u064a\u0627\u062a \u0627\u0644\u062e\u0636\u0631\u0627\u0621\u060c \u0648\u0627\u0644\u0637\u0627\u0642\u0627\u062a \u0627\u0644\u0645\u062a\u062c\u062f\u062f\u0629<\/li>\n<\/ul>\n\n\n\n<h3 class=\"wp-block-heading\">\ud83e\uddfa <strong>\u0645\u062d\u0627\u0641\u0638 \u0648\u064a\u0643\u064a \u0645\u062a\u0639\u062f\u062f\u0629 \u0627\u0644\u0623\u0635\u0648\u0644<\/strong><\/h3>\n\n\n\n<ul class=\"wp-block-list\">\n<li>\u0645\u0632\u064a\u062c \u0645\u0646 \u0627\u0644\u0623\u0633\u0647\u0645 \u0648\u0627\u0644\u0633\u0644\u0639 \u0648\u0635\u0646\u0627\u062f\u064a\u0642 \u0627\u0644\u0645\u0624\u0634\u0631\u0627\u062a \u0627\u0644\u0645\u062a\u062f\u0627\u0648\u0644\u0629<\/li>\n\n\n\n<li>\u0644\u0644\u0645\u0633\u062a\u062b\u0645\u0631\u064a\u0646 \u0627\u0644\u0630\u064a\u0646 \u064a\u0633\u0639\u0648\u0646 \u0625\u0644\u0649 \u062a\u0646\u0648\u064a\u0639 \u0648\u0627\u0633\u0639 \u0627\u0644\u0646\u0637\u0627\u0642<\/li>\n<\/ul>\n\n\n\n<h2 class=\"wp-block-heading\">\u26a0\ufe0f <strong>4. \u0627\u0644\u0645\u062e\u0627\u0637\u0631 \u0648\u0627\u0644\u062a\u062d\u062f\u064a\u0627\u062a<\/strong><\/h2>\n\n\n\n<h3 class=\"wp-block-heading\">\ud83d\udcc9 <strong>\u0627\u0639\u062a\u0645\u0627\u062f \u0627\u0644\u0645\u062a\u062f\u0627\u0648\u0644<\/strong><\/h3>\n\n\n\n<ul class=\"wp-block-list\">\n<li>\u064a\u0639\u062a\u0645\u062f \u0627\u0644\u0623\u062f\u0627\u0621 \u0628\u0634\u0643\u0644 \u0643\u0628\u064a\u0631 \u0639\u0644\u0649 \u0643\u0641\u0627\u0621\u0629 \u0627\u0644\u0645\u062a\u062f\u0627\u0648\u0644.<\/li>\n\n\n\n<li>\u0644\u0627 \u064a\u0648\u062c\u062f \u0636\u0645\u0627\u0646 \u0644\u0644\u0646\u062c\u0627\u062d \u0639\u0644\u0649 \u0627\u0644\u0645\u062f\u0649 \u0627\u0644\u0637\u0648\u064a\u0644<\/li>\n<\/ul>\n\n\n\n<h3 class=\"wp-block-heading\">\ud83d\udd04 <strong>\u0646\u0634\u0627\u0637 \u0639\u0627\u0644\u064d<\/strong><\/h3>\n\n\n\n<ul class=\"wp-block-list\">\n<li>\u062a\u062a\u062f\u0627\u0648\u0644 \u0627\u0644\u0639\u062f\u064a\u062f \u0645\u0646 \u0645\u062d\u0627\u0641\u0638 \u0648\u064a\u0643\u064a\u0641\u0648\u0644\u064a\u0648 \u0628\u0646\u0634\u0627\u0637 \u0643\u0628\u064a\u0631.<\/li>\n\n\n\n<li>\u0642\u062f \u064a\u0624\u062f\u064a \u0630\u0644\u0643 \u0625\u0644\u0649 \u0627\u0631\u062a\u0641\u0627\u0639 \u0627\u0644\u062a\u0643\u0627\u0644\u064a\u0641 \u0627\u0644\u0636\u0645\u0646\u064a\u0629.<\/li>\n<\/ul>\n\n\n\n<h3 class=\"wp-block-heading\">\ud83e\uddea <strong>\u0625\u062f\u0627\u0631\u0629 \u0627\u0644\u0645\u062e\u0627\u0637\u0631 \u0627\u0644\u0645\u0628\u0647\u0645\u0629<\/strong><\/h3>\n\n\n\n<ul class=\"wp-block-list\">\n<li>\u0628\u0639\u0636 \u0627\u0644\u0645\u062a\u062f\u0627\u0648\u0644\u064a\u0646 \u0644\u064a\u0633 \u0644\u062f\u064a\u0647\u0645 \u062e\u0628\u0631\u0629 \u0643\u0628\u064a\u0631\u0629 \u0641\u064a \u0625\u062f\u0627\u0631\u0629 \u0627\u0644\u0645\u062e\u0627\u0637\u0631.<\/li>\n<\/ul>\n\n\n\n<h3 class=\"wp-block-heading\">\ud83d\udcca <strong>\u0627\u0644\u062a\u0642\u0644\u0628<\/strong><\/h3>\n\n\n\n<ul class=\"wp-block-list\">\n<li>\u062e\u0627\u0635\u0629 \u0645\u0639 \u0645\u062d\u0627\u0641\u0638 \u0648\u064a\u0643\u064a \u0630\u0627\u062a \u0627\u0644\u0637\u0627\u0628\u0639 \u0627\u0644\u062e\u0627\u0635 \u0623\u0648 \u0627\u0644\u0639\u0645\u0644\u0627\u062a \u0627\u0644\u0645\u0634\u0641\u0631\u0629<\/li>\n<\/ul>\n\n\n\n<h2 class=\"wp-block-heading\">\ud83c\udfe6 <strong>5. \u0643\u064a\u0641 \u064a\u0633\u062a\u062e\u062f\u0645 \u0627\u0644\u0645\u0633\u062a\u062b\u0645\u0631\u0648\u0646 \u0648\u064a\u0643\u064a\u0641\u0648\u0644\u064a\u0648\u0633<\/strong><\/h2>\n\n\n\n<h3 class=\"wp-block-heading\">\ud83d\udd0d <strong>\u0627\u0644\u062a\u062d\u0644\u064a\u0644 \u0648\u0627\u0644\u0645\u0642\u0627\u0631\u0646\u0629<\/strong><\/h3>\n\n\n\n<ul class=\"wp-block-list\">\n<li>\u062a\u0627\u0631\u064a\u062e \u0627\u0644\u0623\u062f\u0627\u0621<\/li>\n\n\n\n<li>\u0627\u0644\u0633\u062d\u0628<\/li>\n\n\n\n<li>\u0648\u062a\u064a\u0631\u0629 \u0627\u0644\u062a\u062f\u0627\u0648\u0644<\/li>\n\n\n\n<li>\u0645\u0624\u0634\u0631\u0627\u062a \u0627\u0644\u0645\u062e\u0627\u0637\u0631<\/li>\n<\/ul>\n\n\n\n<h3 class=\"wp-block-heading\">\ud83d\udcbc <strong>\u0645\u0643\u0648\u0646 \u0627\u0644\u0645\u062d\u0641\u0638\u0629<\/strong><\/h3>\n\n\n\n<ul class=\"wp-block-list\">\n<li>\u0645\u0643\u0645\u0644 \u0644\u0635\u0646\u0627\u062f\u064a\u0642 \u0627\u0644\u0645\u0624\u0634\u0631\u0627\u062a \u0627\u0644\u0645\u062a\u062f\u0627\u0648\u0644\u0629 \u0623\u0648 \u0627\u0644\u0635\u0646\u0627\u062f\u064a\u0642<\/li>\n\n\n\n<li>\u0641\u0631\u0635\u0629 \u0644\u062f\u0645\u062c \u0627\u0633\u062a\u0631\u0627\u062a\u064a\u062c\u064a\u0627\u062a \u0641\u0639\u0627\u0644\u0629<\/li>\n<\/ul>\n\n\n\n<h3 class=\"wp-block-heading\">\ud83e\uddea <strong>\u0627\u0644\u0627\u0633\u062a\u062b\u0645\u0627\u0631\u0627\u062a \u0627\u0644\u0631\u0626\u064a\u0633\u064a\u0629<\/strong><\/h3>\n\n\n\n<ul class=\"wp-block-list\">\n<li>\u0627\u0644\u0648\u0635\u0648\u0644 \u0625\u0644\u0649 \u0645\u062c\u0627\u0644\u0627\u062a \u0645\u062a\u062e\u0635\u0635\u0629 \u0645\u062b\u0644 \u0627\u0644\u0630\u0643\u0627\u0621 \u0627\u0644\u0627\u0635\u0637\u0646\u0627\u0639\u064a \u0648\u0627\u0644\u0647\u064a\u062f\u0631\u0648\u062c\u064a\u0646 \u0648\u0627\u0644\u0623\u0644\u0639\u0627\u0628 \u0648\u0627\u0644\u062a\u0643\u0646\u0648\u0644\u0648\u062c\u064a\u0627 \u0627\u0644\u062d\u064a\u0648\u064a\u0629<\/li>\n<\/ul>\n\n\n\n<h2 class=\"wp-block-heading\">\ud83d\udd2e <strong>6. \u0627\u0644\u0627\u062a\u062c\u0627\u0647\u0627\u062a \u0627\u0644\u0645\u0633\u062a\u0642\u0628\u0644\u064a\u0629 \u0641\u064a \u0628\u064a\u0626\u0629 \u0648\u064a\u0643\u064a\u0641\u0648\u0644\u064a\u0648<\/strong><\/h2>\n\n\n\n<h3 class=\"wp-block-heading\">\ud83e\udd16 <strong>\u0627\u0633\u062a\u0631\u0627\u062a\u064a\u062c\u064a\u0627\u062a \u0623\u0643\u062b\u0631 \u0627\u0639\u062a\u0645\u0627\u062f\u064b\u0627 \u0639\u0644\u0649 \u0627\u0644\u0628\u064a\u0627\u0646\u0627\u062a<\/strong><\/h3>\n\n\n\n<ul class=\"wp-block-list\">\n<li>\u0627\u0644\u0646\u0645\u0627\u0630\u062c \u0627\u0644\u0642\u0627\u0626\u0645\u0629 \u0639\u0644\u0649 \u0627\u0644\u0630\u0643\u0627\u0621 \u0627\u0644\u0627\u0635\u0637\u0646\u0627\u0639\u064a<\/li>\n\n\n\n<li>\u0623\u0633\u0627\u0644\u064a\u0628 \u0627\u0644\u062a\u062f\u0627\u0648\u0644 \u0627\u0644\u062e\u0648\u0627\u0631\u0632\u0645\u064a<\/li>\n<\/ul>\n\n\n\n<h3 class=\"wp-block-heading\">\ud83c\udf31 <strong>\u0648\u064a\u0643\u064a\u0641\u0648\u0644\u064a\u0648 \u0627\u0644\u0645\u0633\u062a\u062f\u0627\u0645\u0629<\/strong><\/h3>\n\n\n\n<ul class=\"wp-block-list\">\n<li>\u064a\u0633\u062a\u0645\u0631 \u0627\u0644\u062a\u0631\u0643\u064a\u0632 \u0639\u0644\u0649 \u0627\u0644\u062d\u0648\u0643\u0645\u0629 \u0627\u0644\u0628\u064a\u0626\u064a\u0629 \u0648\u0627\u0644\u0627\u062c\u062a\u0645\u0627\u0639\u064a\u0629 \u0648\u0627\u0644\u0645\u0624\u0633\u0633\u064a\u0629 \u0641\u064a \u0627\u0644\u0646\u0645\u0648<\/li>\n<\/ul>\n\n\n\n<h3 class=\"wp-block-heading\">\ud83c\udf10 <strong>\u062a\u062f\u0648\u064a\u0644<\/strong><\/h3>\n\n\n\n<ul class=\"wp-block-list\">\n<li>\u0627\u0644\u0645\u0632\u064a\u062f \u0645\u0646 \u0627\u0644\u062a\u062c\u0627\u0631 \u0648\u0627\u0644\u0645\u0633\u062a\u062b\u0645\u0631\u064a\u0646 \u0645\u0646 \u062e\u0627\u0631\u062c \u0645\u0646\u0637\u0642\u0629 DACH<\/li>\n<\/ul>\n\n\n\n<h3 class=\"wp-block-heading\">\ud83d\udcca <strong>\u0627\u0644\u0627\u062d\u062a\u0631\u0627\u0641\u064a\u0629<\/strong><\/h3>\n\n\n\n<ul class=\"wp-block-list\">\n<li>\u064a\u0643\u062a\u0634\u0641 \u0627\u0644\u0645\u062a\u062f\u0627\u0648\u0644\u0648\u0646 \u0627\u0644\u0645\u0624\u0633\u0633\u064a\u0648\u0646 \u0627\u0644\u0645\u0646\u0635\u0629<\/li>\n\n\n\n<li>\u062a\u062d\u0633\u064a\u0646 \u0645\u0624\u0634\u0631\u0627\u062a \u0627\u0644\u0645\u062e\u0627\u0637\u0631 \u0648\u0627\u0644\u062a\u0642\u0627\u0631\u064a\u0631<\/li>\n<\/ul>\n\n\n\n<h2 class=\"wp-block-heading\">\u2705 <strong>\u062e\u0627\u062a\u0645\u0629<\/strong><\/h2>\n\n\n\n<p>\u062a\u064f\u0639\u062f\u0651 \u0645\u062d\u0627\u0641\u0638 \u0648\u064a\u0643\u064a\u0641\u0648\u0644\u064a\u0648 \u062d\u0644\u0642\u0629 \u0648\u0635\u0644 \u0645\u0628\u062a\u0643\u0631\u0629 \u0628\u064a\u0646 \u0627\u0644\u062a\u062f\u0627\u0648\u0644 \u0627\u0644\u0627\u062c\u062a\u0645\u0627\u0639\u064a \u0648\u0627\u0644\u0625\u062f\u0627\u0631\u0629 \u0627\u0644\u0646\u0634\u0637\u0629 \u0648\u0627\u0644\u0634\u0641\u0627\u0641\u064a\u0629 \u0627\u0644\u0631\u0642\u0645\u064a\u0629. \u0641\u0647\u064a \u062a\u064f\u0645\u0643\u0651\u0646 \u0627\u0644\u0645\u0633\u062a\u062b\u0645\u0631\u064a\u0646 \u0645\u0646, <strong>\u064a\u0645\u0643\u0646\u0643 \u0628\u0633\u0647\u0648\u0644\u0629 \u062a\u0643\u0631\u0627\u0631 \u0627\u0644\u0627\u0633\u062a\u0631\u0627\u062a\u064a\u062c\u064a\u0627\u062a \u0627\u0644\u0645\u0647\u0646\u064a\u0629 \u0623\u0648 \u0627\u0644\u062e\u0627\u0635\u0629<\/strong>, \u060c \u0648\u062a\u0642\u062f\u0645 \u0645\u062c\u0645\u0648\u0639\u0629 \u0648\u0627\u0633\u0639\u0629 \u0645\u0646 \u0627\u0644\u0645\u0648\u0627\u0636\u064a\u0639 \u0648\u062a\u0641\u062a\u062d \u0637\u0631\u0642\u064b\u0627 \u062c\u062f\u064a\u062f\u0629 \u0644\u0644\u0645\u0634\u0627\u0631\u0643\u0629 \u0627\u0644\u0641\u0639\u0627\u0644\u0629 \u0641\u064a \u0627\u0644\u0633\u0648\u0642.<\/p>","protected":false},"excerpt":{"rendered":"<p>Die Demokratisierung des aktiven Investierens Wikifolios haben die Art ver\u00e4ndert, wie Menschen investieren. Sie verbinden die Transparenz digitaler Plattformen mit der Expertise aktiver Trader und erm\u00f6glichen es Anlegern, professionelle oder private Handelsstrategien 1:1 nachzubilden. Damit entsteht ein v\u00f6llig neues \u00d6kosystem zwischen klassischem Fondsmanagement und Social Trading. \ud83c\udf0d 1. Was Wikifolios eigentlich sind \ud83e\udde9 Digitale Musterdepots [&hellip;]<\/p>\n","protected":false},"author":1,"featured_media":0,"parent":0,"menu_order":0,"comment_status":"closed","ping_status":"closed","template":"","meta":{"pmpro_default_level":"","_monsterinsights_skip_tracking":false,"_monsterinsights_sitenote_active":false,"_monsterinsights_sitenote_note":"","_monsterinsights_sitenote_category":0,"footnotes":""},"class_list":["post-2875","page","type-page","status-publish","hentry","pmpro-has-access"],"aioseo_notices":[],"_links":{"self":[{"href":"https:\/\/mueckinvest.com\/ar\/wp-json\/wp\/v2\/pages\/2875","targetHints":{"allow":["GET"]}}],"collection":[{"href":"https:\/\/mueckinvest.com\/ar\/wp-json\/wp\/v2\/pages"}],"about":[{"href":"https:\/\/mueckinvest.com\/ar\/wp-json\/wp\/v2\/types\/page"}],"author":[{"embeddable":true,"href":"https:\/\/mueckinvest.com\/ar\/wp-json\/wp\/v2\/users\/1"}],"replies":[{"embeddable":true,"href":"https:\/\/mueckinvest.com\/ar\/wp-json\/wp\/v2\/comments?post=2875"}],"version-history":[{"count":3,"href":"https:\/\/mueckinvest.com\/ar\/wp-json\/wp\/v2\/pages\/2875\/revisions"}],"predecessor-version":[{"id":3529,"href":"https:\/\/mueckinvest.com\/ar\/wp-json\/wp\/v2\/pages\/2875\/revisions\/3529"}],"wp:attachment":[{"href":"https:\/\/mueckinvest.com\/ar\/wp-json\/wp\/v2\/media?parent=2875"}],"curies":[{"name":"wp","href":"https:\/\/api.w.org\/{rel}","templated":true}]}}