{"id":2435,"date":"2026-01-09T07:13:49","date_gmt":"2026-01-09T06:13:49","guid":{"rendered":"https:\/\/mueckinvest.de\/?page_id=2435"},"modified":"2026-02-04T10:00:00","modified_gmt":"2026-02-04T09:00:00","slug":"%d8%a7%d8%af%d8%b9%d9%85%d9%88%d8%a7-%d8%a7%d9%84%d8%a7%d8%b3%d8%aa%d8%ab%d9%85%d8%a7%d8%b1-%d9%81%d9%8a-%d9%85%d9%88%d9%8a%d9%83","status":"publish","type":"page","link":"https:\/\/mueckinvest.com\/ar\/unterstuetze-mueckinvest\/","title":{"rendered":"\u0627\u062f\u0639\u0645\u0648\u0627 Mueckinvest"},"content":{"rendered":"<p>\u0645\u0648\u0642\u0639 Mueckinvest \u0645\u0633\u062a\u0642\u0644 \u0648\u062e\u0627\u0644\u064d \u0645\u0646 \u0627\u0644\u0625\u0639\u0644\u0627\u0646\u0627\u062a\u060c \u0648\u0645\u0635\u0645\u0645 \u0644\u064a\u0645\u0646\u062d\u0643 \u0646\u0638\u0631\u0629 \u0634\u0627\u0645\u0644\u0629 \u0648\u0648\u0627\u0636\u062d\u0629 \u0639\u0644\u0649 \u0623\u0645\u0648\u0631\u0643 \u0627\u0644\u0645\u0627\u0644\u064a\u0629. \u0625\u0630\u0627 \u0643\u0646\u062a \u062a\u064f\u0642\u062f\u0651\u0631 \u0627\u0644\u0641\u0643\u0631\u0629 \u0627\u0644\u0623\u0633\u0627\u0633\u064a\u0629\u060c \u064a\u0645\u0643\u0646\u0643 \u062f\u0639\u0645 \u062a\u0637\u0648\u064a\u0631\u0647 \u0637\u0648\u0639\u064b\u0627 \u0645\u0646 \u062e\u0644\u0627\u0644 \u0645\u0633\u0627\u0647\u0645\u0629 \u0644\u0645\u0631\u0629 \u0648\u0627\u062d\u062f\u0629 \u0623\u0648 \u0645\u0633\u0627\u0647\u0645\u0629 \u0634\u0647\u0631\u064a\u0629.<\/p>\n\n\n\n<div style=\"height:20px\" aria-hidden=\"true\" class=\"wp-block-spacer\"><\/div>\n\n\n\n<hr class=\"wp-block-separator has-alpha-channel-opacity\"\/>\n\n\n\n<div style=\"height:20px\" aria-hidden=\"true\" class=\"wp-block-spacer\"><\/div>\n\n\n\n<h2 class=\"wp-block-heading\">\u0644\u0645\u0627\u0630\u0627 \u062a\u062a\u0648\u0641\u0631 \u062e\u064a\u0627\u0631\u0627\u062a \u0627\u0644\u062f\u0639\u0645\u061f<\/h2>\n\n\n\n<p>\u0628\u062f\u0644\u0627\u064b \u0645\u0646 \u0627\u0644\u0625\u0639\u0644\u0627\u0646 \u0623\u0648 \u0628\u064a\u0639 \u0627\u0644\u0628\u064a\u0627\u0646\u0627\u062a\u060c \u062a\u0639\u062a\u0645\u062f \u0634\u0631\u0643\u0629 Mueckinvest \u0639\u0644\u0649 \u0646\u0645\u0648\u0630\u062c \u0628\u0633\u064a\u0637:<br>\u0646\u0631\u062d\u0628 \u0628\u062f\u0639\u0645 \u0623\u0648\u0644\u0626\u0643 \u0627\u0644\u0630\u064a\u0646 \u064a\u0633\u062a\u0645\u062a\u0639\u0648\u0646 \u0628\u0627\u0633\u062a\u062e\u062f\u0627\u0645 \u0627\u0644\u0645\u0646\u0635\u0629 \u0648\u064a\u0633\u062a\u0637\u064a\u0639\u0648\u0646 \u062a\u062d\u0645\u0644 \u062a\u0643\u0627\u0644\u064a\u0641\u0647\u0627 \u0637\u0648\u0627\u0639\u064a\u0629\u064b.<br>\u0648\u0647\u0630\u0627 \u064a\u0636\u0645\u0646 \u0623\u0646 \u062a\u0638\u0644 \u0634\u0631\u0643\u0629 Mueckinvest \u0645\u0633\u062a\u0642\u0644\u0629 \u0648\u0634\u0641\u0627\u0641\u0629 \u0648\u0645\u0633\u062a\u0642\u0631\u0629 \u0639\u0644\u0649 \u0627\u0644\u0645\u062f\u0649 \u0627\u0644\u0637\u0648\u064a\u0644.<\/p>\n\n\n\n<div style=\"height:20px\" aria-hidden=\"true\" class=\"wp-block-spacer\"><\/div>\n\n\n\n<hr class=\"wp-block-separator has-alpha-channel-opacity\"\/>\n\n\n\n<div style=\"height:20px\" aria-hidden=\"true\" class=\"wp-block-spacer\"><\/div>\n\n\n\n<h2 class=\"wp-block-heading\">\u0627\u0644\u062f\u0639\u0645 \u0627\u0644\u0634\u0647\u0631\u064a<\/h2>\n\n\n\n<p>\u062a\u0633\u0627\u0647\u0645 \u0645\u0633\u0627\u0647\u0645\u062a\u0643 \u0627\u0644\u0634\u0647\u0631\u064a\u0629 \u0641\u064a \u062a\u0645\u0648\u064a\u0644 \u062a\u0643\u0627\u0644\u064a\u0641 \u0627\u0644\u062e\u0627\u062f\u0645\u060c \u0648\u0627\u0644\u062a\u0637\u0648\u064a\u0631 \u0627\u0644\u0645\u0633\u062a\u0645\u0631\u060c \u0648\u0625\u0636\u0627\u0641\u0629 \u0645\u064a\u0632\u0627\u062a \u062c\u062f\u064a\u062f\u0629. \u062a\u062a\u0645 \u0645\u0639\u0627\u0644\u062c\u0629 \u0627\u0644\u062f\u0641\u0639 \u062a\u0644\u0642\u0627\u0626\u064a\u064b\u0627 \u0639\u0628\u0631 \u0628\u0627\u064a \u0628\u0627\u0644\u060c \u0648\u064a\u0645\u0643\u0646\u0643 \u0625\u0644\u063a\u0627\u0624\u0647 \u0641\u064a \u0623\u064a \u0648\u0642\u062a.<\/p>\n\n\n\n<div class=\"wp-block-columns is-layout-flex wp-container-core-columns-is-layout-28f84493 wp-block-columns-is-layout-flex\">\n<div class=\"wp-block-column is-layout-flow wp-block-column-is-layout-flow\" style=\"flex-basis:66.66%\">\n<p><strong>\u062f\u0627\u0639\u0645 \u2013 2 \u064a\u0648\u0631\u0648 \u0634\u0647\u0631\u064a\u064b\u0627<\/strong><\/p>\n\n\n\n<p>\u064a\u0633\u0627\u0639\u062f \u0647\u0630\u0627 \u0641\u064a \u0627\u0644\u062d\u0641\u0627\u0638 \u0639\u0644\u0649 \u0627\u0633\u062a\u0642\u0644\u0627\u0644\u064a\u0629 Mueckinvest \u0648\u062e\u0644\u0648\u0647\u0627 \u0645\u0646 \u0627\u0644\u0625\u0639\u0644\u0627\u0646\u0627\u062a.<\/p>\n<\/div>\n\n\n\n<div class=\"wp-block-column is-layout-flow wp-block-column-is-layout-flow\" style=\"flex-basis:33.33%\">\n<div class=\"wp-block-buttons is-layout-flex wp-block-buttons-is-layout-flex\">\n<div class=\"wp-block-button\"><a class=\"wp-block-button__link wp-element-button\" href=\"https:\/\/buy.stripe.com\/00wfZa8Jo8Krfw13ZZ6Na03\">\u0627\u0646\u0636\u0645 \u0625\u0644\u0649 \u0627\u0644\u062f\u0627\u0639\u0645\u064a\u0646<\/a><\/div>\n<\/div>\n<\/div>\n<\/div>\n\n\n\n<div class=\"wp-block-columns is-layout-flex wp-container-core-columns-is-layout-28f84493 wp-block-columns-is-layout-flex\">\n<div class=\"wp-block-column is-layout-flow wp-block-column-is-layout-flow\" style=\"flex-basis:66.66%\">\n<p><strong>\u0627\u0634\u062a\u0631\u0627\u0643 \u0645\u0645\u064a\u0632 \u2013 5 \u064a\u0648\u0631\u0648 \u0634\u0647\u0631\u064a\u0627\u064b<\/strong><\/p>\n\n\n\n<p>\u064a\u062f\u0639\u0645 \u0627\u0644\u062a\u0637\u0648\u064a\u0631 \u0627\u0644\u0645\u0633\u062a\u0645\u0631 \u0648\u0627\u0644\u0627\u0633\u062a\u0636\u0627\u0641\u0629 \u0648\u0627\u0644\u0645\u064a\u0632\u0627\u062a \u0627\u0644\u062c\u062f\u064a\u062f\u0629<\/p>\n<\/div>\n\n\n\n<div class=\"wp-block-column is-layout-flow wp-block-column-is-layout-flow\" style=\"flex-basis:33.33%\">\n<div class=\"wp-block-buttons is-layout-flex wp-block-buttons-is-layout-flex\">\n<div class=\"wp-block-button\"><a class=\"wp-block-button__link wp-element-button\" href=\"https:\/\/buy.stripe.com\/14A5kw3p4e4L6Zv7cb6Na04\">\u0627\u0646\u0636\u0645 \u0625\u0644\u0649 \u0628\u0631\u0646\u0627\u0645\u062c \u0627\u0644\u062f\u0627\u0639\u0645\u064a\u0646 \u0627\u0644\u0645\u0645\u064a\u0632\u064a\u0646<\/a><\/div>\n<\/div>\n<\/div>\n<\/div>\n\n\n\n<div class=\"wp-block-columns is-layout-flex wp-container-core-columns-is-layout-28f84493 wp-block-columns-is-layout-flex\">\n<div class=\"wp-block-column is-layout-flow wp-block-column-is-layout-flow\" style=\"flex-basis:66.66%\">\n<p><strong>\u062f\u0627\u0639\u0645 \u0627\u0644\u0645\u0633\u062a\u062b\u0645\u0631 \u2013 10 \u064a\u0648\u0631\u0648 \u0634\u0647\u0631\u064a\u064b\u0627<\/strong><\/p>\n\n\n\n<p>\u0633\u0627\u0647\u0645 \u0628\u0641\u0639\u0627\u0644\u064a\u0629 \u0641\u064a \u0645\u0633\u062a\u0642\u0628\u0644 \u0634\u0631\u0643\u0629 Mueckinvest.<\/p>\n<\/div>\n\n\n\n<div class=\"wp-block-column is-layout-flow wp-block-column-is-layout-flow\" style=\"flex-basis:33.33%\">\n<div class=\"wp-block-buttons is-layout-flex wp-block-buttons-is-layout-flex\">\n<div class=\"wp-block-button\"><a class=\"wp-block-button__link wp-element-button\" href=\"https:\/\/buy.stripe.com\/00w00c5xc1hZ97D9kj6Na05\">\u0643\u0646 \u062f\u0627\u0639\u0645\u0627\u064b \u0644\u0644\u0645\u0633\u062a\u062b\u0645\u0631\u064a\u0646<\/a><\/div>\n<\/div>\n<\/div>\n<\/div>\n\n\n\n<div style=\"height:20px\" aria-hidden=\"true\" class=\"wp-block-spacer\"><\/div>\n\n\n\n<hr class=\"wp-block-separator has-alpha-channel-opacity\"\/>\n\n\n\n<div style=\"height:20px\" aria-hidden=\"true\" class=\"wp-block-spacer\"><\/div>\n\n\n\n<h2 class=\"wp-block-heading\">\u062f\u0639\u0645 \u0644\u0645\u0631\u0629 \u0648\u0627\u062d\u062f\u0629<\/h2>\n\n\n\n<div class=\"wp-block-columns is-layout-flex wp-container-core-columns-is-layout-28f84493 wp-block-columns-is-layout-flex\">\n<div class=\"wp-block-column is-layout-flow wp-block-column-is-layout-flow\" style=\"flex-basis:66.66%\">\n<p>\u0625\u0630\u0627 \u0643\u0646\u062a \u0644\u0627 \u062a\u0631\u063a\u0628 \u0641\u064a \u0627\u0644\u0627\u0634\u062a\u0631\u0627\u0643\u060c \u064a\u0645\u0643\u0646\u0643 \u0623\u064a\u0636\u0627\u064b \u062f\u0639\u0645 Mueckinvest \u0628\u062a\u0628\u0631\u0639 \u0644\u0645\u0631\u0629 \u0648\u0627\u062d\u062f\u0629. \u064a\u0645\u0643\u0646\u0643 \u0627\u062e\u062a\u064a\u0627\u0631 \u0627\u0644\u0645\u0628\u0644\u063a \u0628\u062d\u0631\u064a\u0629.<\/p>\n<\/div>\n\n\n\n<div class=\"wp-block-column is-layout-flow wp-block-column-is-layout-flow\" style=\"flex-basis:33.33%\">\n<div class=\"wp-block-buttons is-layout-flex wp-block-buttons-is-layout-flex\">\n<div class=\"wp-block-button\"><a class=\"wp-block-button__link wp-element-button\" href=\"https:\/\/buy.stripe.com\/fZu4gsbVA0dV3Nj7cb6Na06\">\u062f\u0639\u0645 \u0644\u0645\u0631\u0629 \u0648\u0627\u062d\u062f\u0629<\/a><\/div>\n<\/div>\n<\/div>\n<\/div>\n\n\n\n<div style=\"height:20px\" aria-hidden=\"true\" class=\"wp-block-spacer\"><\/div>\n\n\n\n<hr class=\"wp-block-separator has-alpha-channel-opacity\"\/>\n\n\n\n<div style=\"height:20px\" aria-hidden=\"true\" class=\"wp-block-spacer\"><\/div>\n\n\n\n<h2 class=\"wp-block-heading\">\u0627\u0644\u0634\u0641\u0627\u0641\u064a\u0629 \u0648\u0627\u0644\u0625\u0646\u0647\u0627\u0621<\/h2>\n\n\n\n<p>\u062f\u0639\u0645\u0643\u0645 \u0637\u0648\u0639\u064a \u0648\u064a\u0645\u0643\u0646 \u0625\u0644\u063a\u0627\u0624\u0647 \u0641\u064a \u0623\u064a \u0648\u0642\u062a.<br>\u064a\u0645\u0643\u0646\u0643 \u0625\u0644\u063a\u0627\u0621 \u0627\u0644\u0627\u0634\u062a\u0631\u0627\u0643\u0627\u062a \u0627\u0644\u0634\u0647\u0631\u064a\u0629 \u0645\u0628\u0627\u0634\u0631\u0629 \u0645\u0646 \u062d\u0633\u0627\u0628\u0643 \u0639\u0644\u0649 \u0628\u0627\u064a \u0628\u0627\u0644.<br>\u0644\u0627 \u062a\u0648\u062c\u062f \u0634\u0631\u0648\u0637 \u062e\u0641\u064a\u0629 \u2013 \u0645\u0633\u0627\u0647\u0645\u062a\u0643 \u0647\u064a \u0628\u0645\u062b\u0627\u0628\u0629 \u0634\u0643\u0631 \u0644\u0645\u0646\u0635\u0629 \u062a\u0642\u062f\u0645 \u0644\u0643 \u0642\u064a\u0645\u0629 \u0645\u0636\u0627\u0641\u0629 \u062d\u0642\u064a\u0642\u064a\u0629.<\/p>","protected":false},"excerpt":{"rendered":"<p>Mueckinvest ist unabh\u00e4ngig, werbefrei und darauf ausgelegt, Ihnen einen klaren \u00dcberblick \u00fcber Ihre Finanzen zu geben. Wenn Sie die Idee dahinter wertvoll finden, k\u00f6nnen Sie die Weiterentwicklung freiwillig unterst\u00fctzen \u2013 einmalig oder monatlich. Warum gibt es Unterst\u00fctzungsm\u00f6glichkeiten? Statt Werbung oder Datenverkauf setzt Mueckinvest auf ein einfaches Modell:Wer die Plattform gerne nutzt und sich das leisten [&hellip;]<\/p>\n","protected":false},"author":1,"featured_media":0,"parent":0,"menu_order":0,"comment_status":"closed","ping_status":"closed","template":"page-no-sidebar","meta":{"pmpro_default_level":"","_monsterinsights_skip_tracking":false,"_monsterinsights_sitenote_active":false,"_monsterinsights_sitenote_note":"","_monsterinsights_sitenote_category":0,"footnotes":""},"class_list":["post-2435","page","type-page","status-publish","hentry","pmpro-has-access"],"aioseo_notices":[],"_links":{"self":[{"href":"https:\/\/mueckinvest.com\/ar\/wp-json\/wp\/v2\/pages\/2435","targetHints":{"allow":["GET"]}}],"collection":[{"href":"https:\/\/mueckinvest.com\/ar\/wp-json\/wp\/v2\/pages"}],"about":[{"href":"https:\/\/mueckinvest.com\/ar\/wp-json\/wp\/v2\/types\/page"}],"author":[{"embeddable":true,"href":"https:\/\/mueckinvest.com\/ar\/wp-json\/wp\/v2\/users\/1"}],"replies":[{"embeddable":true,"href":"https:\/\/mueckinvest.com\/ar\/wp-json\/wp\/v2\/comments?post=2435"}],"version-history":[{"count":9,"href":"https:\/\/mueckinvest.com\/ar\/wp-json\/wp\/v2\/pages\/2435\/revisions"}],"predecessor-version":[{"id":3538,"href":"https:\/\/mueckinvest.com\/ar\/wp-json\/wp\/v2\/pages\/2435\/revisions\/3538"}],"wp:attachment":[{"href":"https:\/\/mueckinvest.com\/ar\/wp-json\/wp\/v2\/media?parent=2435"}],"curies":[{"name":"wp","href":"https:\/\/api.w.org\/{rel}","templated":true}]}}