{"id":1508,"date":"2025-12-09T08:00:00","date_gmt":"2025-12-09T08:00:00","guid":{"rendered":"https:\/\/mueckinvest.de\/?page_id=1508"},"modified":"2026-01-28T12:00:00","modified_gmt":"2026-01-28T11:00:00","slug":"%d8%a7%d9%84%d9%82%d9%8a%d9%85%d8%a9-%d8%a7%d9%84%d9%85%d8%b6%d8%a7%d9%81%d8%a9-%d9%85%d9%82%d8%a7%d8%b1%d9%86%d8%a9-%d8%a8%d8%b5%d9%86%d8%a7%d8%af%d9%8a%d9%82-%d8%a7%d9%84%d9%85%d8%a4%d8%b4%d8%b1-2","status":"publish","type":"page","link":"https:\/\/mueckinvest.com\/ar\/mehrwert-gegenueber-etfs\/","title":{"rendered":"\u0627\u0644\u0642\u064a\u0645\u0629 \u0627\u0644\u0645\u0636\u0627\u0641\u0629 \u0645\u0642\u0627\u0631\u0646\u0629 \u0628\u0635\u0646\u0627\u062f\u064a\u0642 \u0627\u0644\u0645\u0624\u0634\u0631\u0627\u062a \u0627\u0644\u0645\u062a\u062f\u0627\u0648\u0644\u0629"},"content":{"rendered":"<p>\u062a\u064f\u0639\u062f\u0651 \u0645\u062d\u0641\u0638\u0629 \u0635\u0646\u0627\u062f\u064a\u0642 \u0627\u0644\u0645\u0624\u0634\u0631\u0627\u062a \u0627\u0644\u0645\u062a\u062f\u0627\u0648\u0644\u0629 (ETFs) \u0646\u0642\u0637\u0629 \u0627\u0646\u0637\u0644\u0627\u0642 \u062c\u064a\u062f\u0629 \u0639\u0645\u0648\u0645\u064b\u0627. \u0645\u0639 \u0630\u0644\u0643\u060c \u064a\u064f\u0642\u0644\u0651\u0644 \u0627\u0644\u0639\u062f\u064a\u062f \u0645\u0646 \u0627\u0644\u0645\u0633\u062a\u062b\u0645\u0631\u064a\u0646 \u0645\u0646 \u0634\u0623\u0646 \u0645\u062f\u0649 \u062a\u063a\u064a\u0651\u0631 \u0627\u0644\u0645\u062d\u0641\u0638\u0629 \u0628\u0645\u0631\u0648\u0631 \u0627\u0644\u0648\u0642\u062a\u060c \u0648\u0645\u062f\u0649 \u0635\u0639\u0648\u0628\u0629 \u0627\u0644\u062d\u0641\u0627\u0638 \u0639\u0644\u0649 \u0627\u0644\u0627\u0646\u0636\u0628\u0627\u0637 \u0639\u0644\u0649 \u0627\u0644\u0645\u062f\u0649 \u0627\u0644\u0637\u0648\u064a\u0644. \u0648\u0647\u0646\u0627 \u062a\u062d\u062f\u064a\u062f\u064b\u0627 \u062a\u0628\u0631\u0632 \u0623\u0647\u0645\u064a\u0629 MueckInvest: \u0628\u0642\u0648\u0627\u0639\u062f \u0648\u0627\u0636\u062d\u0629\u060c \u0648\u062a\u0646\u0648\u064a\u0639 \u0639\u0627\u0644\u0645\u064a\u060c \u0648\u0627\u0633\u062a\u0631\u0627\u062a\u064a\u062c\u064a\u0629 \u0634\u0641\u0627\u0641\u0629 \u062a\u064f\u0637\u0628\u0651\u0642 \u0639\u0645\u0644\u064a\u064b\u0627.<\/p>\n\n\n\n<div style=\"height:20px\" aria-hidden=\"true\" class=\"wp-block-spacer\"><\/div>\n\n\n\n<hr class=\"wp-block-separator has-alpha-channel-opacity\"\/>\n\n\n\n<div style=\"height:20px\" aria-hidden=\"true\" class=\"wp-block-spacer\"><\/div>\n\n\n\n<h2 class=\"wp-block-heading\"><strong>\ud83d\udd0d \u0627\u0644\u062a\u062d\u062f\u064a\u0627\u062a \u0627\u0644\u0646\u0645\u0648\u0630\u062c\u064a\u0629 \u0627\u0644\u062a\u064a \u062a\u0648\u0627\u062c\u0647 \u0645\u062d\u0627\u0641\u0638 \u0635\u0646\u0627\u062f\u064a\u0642 \u0627\u0644\u0645\u0624\u0634\u0631\u0627\u062a \u0627\u0644\u0645\u062a\u062f\u0627\u0648\u0644\u0629 \u0627\u0644\u062a\u0642\u0644\u064a\u062f\u064a\u0629<\/strong><\/h2>\n\n\n\n<h3 class=\"wp-block-heading\"><strong>\ud83d\udcc9 1. \u062a\u062d\u0648\u0644\u0627\u062a \u0627\u0644\u0645\u062e\u0627\u0637\u0631 \u063a\u064a\u0631 \u0627\u0644\u0645\u0644\u062d\u0648\u0638\u0629 (\u0627\u0646\u062d\u0631\u0627\u0641 \u0627\u0644\u0645\u062d\u0641\u0638\u0629)<\/strong><\/h3>\n\n\n\n<p>\u0625\u0630\u0627 \u062d\u0642\u0642\u062a \u0645\u0646\u0627\u0637\u0642 \u0623\u0648 \u0642\u0637\u0627\u0639\u0627\u062a \u0645\u0639\u064a\u0646\u0629 \u0623\u062f\u0627\u0621\u064b \u0623\u0641\u0636\u0644 \u0645\u0646 \u063a\u064a\u0631\u0647\u0627\u060c \u064a\u062a\u063a\u064a\u0631 \u0645\u0633\u062a\u0648\u0649 \u0627\u0644\u0645\u062e\u0627\u0637\u0631\u0629 \u062a\u0644\u0642\u0627\u0626\u064a\u064b\u0627. \u0641\u0642\u062f \u062a\u062a\u062d\u0648\u0644 \u0645\u062d\u0641\u0638\u0629 \u0627\u0633\u062a\u062b\u0645\u0627\u0631\u064a\u0629 \u0643\u0627\u0646\u062a \u0641\u064a \u0627\u0644\u0628\u062f\u0627\u064a\u0629 \u062f\u0641\u0627\u0639\u064a\u0629 (70\/30) \u0625\u0644\u0649 \u0645\u062d\u0641\u0638\u0629 \u0630\u0627\u062a \u0648\u0632\u0646 \u0623\u0643\u0628\u0631 \u0628\u0643\u062b\u064a\u0631 \u0646\u062d\u0648 \u0627\u0644\u0623\u0633\u0647\u0645 \u0628\u0639\u062f \u0628\u0636\u0639 \u0633\u0646\u0648\u0627\u062a\u060c \u062f\u0648\u0646 \u0623\u064a \u0642\u0631\u0627\u0631 \u0648\u0627\u0639\u064d.<\/p>\n\n\n\n<h3 class=\"wp-block-heading\"><strong>\u23f3 2. \u0646\u0627\u062f\u0631\u0627\u064b \u0645\u0627 \u064a\u062a\u0645 \u062a\u0637\u0628\u064a\u0642 \u0625\u0639\u0627\u062f\u0629 \u0627\u0644\u062a\u0648\u0627\u0632\u0646 \u0628\u0634\u0643\u0644 \u0645\u062a\u0633\u0642.<\/strong><\/h3>\n\n\n\n<p>\u064a\u062f\u0631\u0643 \u0627\u0644\u0643\u062b\u064a\u0631\u0648\u0646 \u0623\u0647\u0645\u064a\u0629 \u0625\u0639\u0627\u062f\u0629 \u0627\u0644\u062a\u0648\u0627\u0632\u0646 \u0627\u0644\u062f\u0648\u0631\u064a \u0644\u0644\u0645\u062d\u0641\u0638\u0629 \u0627\u0644\u0627\u0633\u062a\u062b\u0645\u0627\u0631\u064a\u0629. \u0625\u0644\u0627 \u0623\u0646\u0647 \u0639\u0645\u0644\u064a\u0627\u064b\u060c \u063a\u0627\u0644\u0628\u0627\u064b \u0645\u0627 \u064a\u062a\u0645 \u062a\u062c\u0627\u0647\u0644 \u0647\u0630\u0647 \u0627\u0644\u0639\u0645\u0644\u064a\u0629 \u0623\u0648 \u062a\u0623\u062c\u064a\u0644\u0647\u0627 \u0623\u0648 \u0627\u0644\u062a\u0623\u062b\u0631 \u0628\u0627\u0644\u0639\u0648\u0627\u0637\u0641. \u0648\u0639\u0644\u0649 \u0627\u0644\u0645\u062f\u0649 \u0627\u0644\u0637\u0648\u064a\u0644\u060c \u062a\u0641\u0642\u062f \u0627\u0644\u0645\u062d\u0641\u0638\u0629 \u0647\u064a\u0643\u0644\u0647\u0627 \u0648\u0627\u0633\u062a\u0642\u0631\u0627\u0631\u0647\u0627.<\/p>\n\n\n\n<h3 class=\"wp-block-heading\"><strong>\ud83e\udde0 3. \u0627\u0644\u0642\u0631\u0627\u0631\u0627\u062a \u0627\u0644\u0639\u0627\u0637\u0641\u064a\u0629 \u062a\u0643\u0644\u0641\u0643 \u0639\u0648\u0627\u0626\u062f \u0639\u0644\u0649 \u0627\u0644\u0645\u062f\u0649 \u0627\u0644\u0637\u0648\u064a\u0644<\/strong><\/h3>\n\n\n\n<p>\u062a\u0644\u0639\u0628 \u0627\u0644\u0639\u0648\u0627\u0637\u0641 \u062f\u0648\u0631\u064b\u0627 \u0623\u064a\u0636\u064b\u0627 \u0641\u064a \u0635\u0646\u0627\u062f\u064a\u0642 \u0627\u0644\u0645\u0624\u0634\u0631\u0627\u062a \u0627\u0644\u0645\u062a\u062f\u0627\u0648\u0644\u0629: \u0641\u0627\u0644\u0646\u0627\u0633 \u064a\u0634\u062a\u0631\u0648\u0646 \u0645\u062a\u0623\u062e\u0631\u064b\u0627 \u062c\u062f\u064b\u0627\u060c \u0623\u0648 \u064a\u0628\u064a\u0639\u0648\u0646 \u0645\u0628\u0643\u0631\u064b\u0627 \u062c\u062f\u064b\u0627\u060c \u0623\u0648 \u064a\u062a\u0641\u0627\u0639\u0644\u0648\u0646 \u0645\u0639 \u0639\u0646\u0627\u0648\u064a\u0646 \u0627\u0644\u0623\u062e\u0628\u0627\u0631. \u0648\u062a\u064f\u0639\u062f \u0647\u0630\u0647 \u0627\u0644\u0623\u062e\u0637\u0627\u0621 \u0627\u0644\u0633\u0644\u0648\u0643\u064a\u0629 \u0645\u0646 \u0623\u0643\u0628\u0631 \u0627\u0644\u0639\u0642\u0628\u0627\u062a \u0627\u0644\u062a\u064a \u062a\u062d\u0648\u0644 \u062f\u0648\u0646 \u062a\u062d\u0642\u064a\u0642 \u0627\u0644\u0645\u0633\u062a\u062b\u0645\u0631\u064a\u0646 \u0627\u0644\u0623\u0641\u0631\u0627\u062f \u0644\u0644\u0639\u0648\u0627\u0626\u062f.<\/p>\n\n\n\n<div style=\"height:20px\" aria-hidden=\"true\" class=\"wp-block-spacer\"><\/div>\n\n\n\n<hr class=\"wp-block-separator has-alpha-channel-opacity\"\/>\n\n\n\n<div style=\"height:20px\" aria-hidden=\"true\" class=\"wp-block-spacer\"><\/div>\n\n\n\n<h2 class=\"wp-block-heading\"><strong>\ud83e\udded \u0645\u0627 \u0627\u0644\u0630\u064a \u064a\u062c\u0639\u0644 Mueckinvest \u0623\u0641\u0636\u0644<\/strong><\/h2>\n\n\n\n<h3 class=\"wp-block-heading\"><strong>\ud83d\udcd8 1. \u0642\u0648\u0627\u0639\u062f \u0648\u0627\u0636\u062d\u0629 \u0648\u0634\u0641\u0627\u0641\u0629<\/strong><\/h3>\n\n\n\n<p>\u062a\u062a\u0628\u0639 \u0627\u0644\u0627\u0633\u062a\u0631\u0627\u062a\u064a\u062c\u064a\u0627\u062a \u0642\u0648\u0627\u0639\u062f \u062b\u0627\u0628\u062a\u0629 \u0648\u0648\u0627\u0636\u062d\u0629. \u0644\u0627 \u0642\u0631\u0627\u0631\u0627\u062a \u0639\u0641\u0648\u064a\u0629\u060c \u0648\u0644\u0627 \u062a\u0648\u0642\u064a\u062a \u0644\u0644\u0633\u0648\u0642\u060c \u0648\u0644\u0627 \u062d\u062f\u0633. \u0643\u0644 \u0634\u064a\u0621 \u0645\u0648\u062b\u0642 \u0648\u0645\u062a\u0633\u0642.<\/p>\n\n\n\n<h3 class=\"wp-block-heading\"><strong>\ud83d\udd04 2. \u0625\u0639\u0627\u062f\u0629 \u0627\u0644\u062a\u0648\u0627\u0632\u0646 \u0627\u0644\u0645\u0646\u062a\u0638\u0645\u0629 \u0627\u0644\u0642\u0627\u0626\u0645\u0629 \u0639\u0644\u0649 \u0627\u0644\u0642\u0648\u0627\u0639\u062f<\/strong><\/h3>\n\n\n\n<p>\u062a\u062a\u0645 \u0645\u0631\u0627\u062c\u0639\u0629 \u0627\u0644\u0623\u0648\u0632\u0627\u0646 \u0648\u062a\u0639\u062f\u064a\u0644\u0647\u0627 \u0639\u0644\u0649 \u0641\u062a\u0631\u0627\u062a \u0645\u062d\u062f\u062f\u0629. \u0648\u0647\u0630\u0627 \u064a\u062d\u0627\u0641\u0638 \u0639\u0644\u0649 \u0627\u0633\u062a\u0642\u0631\u0627\u0631 \u0627\u0644\u0645\u062e\u0627\u0637\u0631 - \u0628\u063a\u0636 \u0627\u0644\u0646\u0638\u0631 \u0639\u0646 \u062a\u062d\u0631\u0643\u0627\u062a \u0627\u0644\u0633\u0648\u0642 \u0642\u0635\u064a\u0631\u0629 \u0627\u0644\u0623\u062c\u0644.<\/p>\n\n\n\n<h3 class=\"wp-block-heading\"><strong>\ud83c\udf0d 3. \u0627\u0644\u062a\u0646\u0648\u064a\u0639 \u0627\u0644\u0639\u0627\u0644\u0645\u064a \u0641\u064a \u0645\u062d\u0641\u0638\u0629 \u0648\u0627\u062d\u062f\u0629<\/strong><\/h3>\n\n\n\n<p>\u0628\u062f\u0644\u0627\u064b \u0645\u0646 \u062f\u0645\u062c \u0627\u0644\u0639\u062f\u064a\u062f \u0645\u0646 \u0635\u0646\u0627\u062f\u064a\u0642 \u0627\u0644\u0645\u0624\u0634\u0631\u0627\u062a \u0627\u0644\u0645\u062a\u062f\u0627\u0648\u0644\u0629 (ETFs) \u0646\u0641\u0633\u0647\u0627\u060c \u062a\u0642\u0648\u0645 MueckInvest \u0628\u062a\u062c\u0645\u064a\u0639 \u0627\u0644\u062a\u0646\u0648\u064a\u0639 \u0627\u0644\u0639\u0627\u0644\u0645\u064a \u0641\u064a \u0646\u0647\u062c \u0645\u0646\u0638\u0645 \u0628\u0648\u0636\u0648\u062d:<\/p>\n\n\n\n<ul class=\"wp-block-list\">\n<li>\u0623\u0633\u0647\u0645 \u0645\u0646 \u0627\u0644\u0623\u0633\u0648\u0627\u0642 \u0627\u0644\u0645\u062a\u0642\u062f\u0645\u0629 \u0648\u0627\u0644\u0646\u0627\u0634\u0626\u0629<\/li>\n\n\n\n<li>\u0645\u0646\u0627\u0637\u0642 \u0627\u0644\u062a\u0631\u0643\u064a\u0632 \u0627\u0644\u0625\u0642\u0644\u064a\u0645\u064a\u0629 \u0645\u062b\u0644 \u0627\u0644\u0648\u0644\u0627\u064a\u0627\u062a \u0627\u0644\u0645\u062a\u062d\u062f\u0629 \u0627\u0644\u0623\u0645\u0631\u064a\u0643\u064a\u0629 \u0648\u0623\u0648\u0631\u0648\u0628\u0627 \u0648\u0622\u0633\u064a\u0627<\/li>\n\n\n\n<li>\u0628\u062d\u0633\u0628 \u0627\u0644\u0627\u0633\u062a\u0631\u0627\u062a\u064a\u062c\u064a\u0629: \u0627\u0644\u0633\u0646\u062f\u0627\u062a \u0623\u0648 \u063a\u064a\u0631\u0647\u0627 \u0645\u0646 \u0627\u0644\u0639\u0646\u0627\u0635\u0631 \u0627\u0644\u0623\u0633\u0627\u0633\u064a\u0629 \u0644\u0625\u062f\u0627\u0631\u0629 \u0627\u0644\u0645\u062e\u0627\u0637\u0631<\/li>\n<\/ul>\n\n\n\n<p>\u0648\u0627\u0644\u0646\u062a\u064a\u062c\u0629: \u0645\u062d\u0641\u0638\u0629 \u0627\u0633\u062a\u062b\u0645\u0627\u0631\u064a\u0629 \u0645\u062a\u0633\u0642\u0629 \u0648\u0645\u064f\u0635\u0645\u0645\u0629 \u0628\u0627\u062d\u062a\u0631\u0627\u0641\u064a\u0629 \u0628\u062f\u0644\u0627\u064b \u0645\u0646 \u0645\u062c\u0645\u0648\u0639\u0629 \u0635\u0646\u0627\u062f\u064a\u0642 \u0627\u0644\u0645\u0624\u0634\u0631\u0627\u062a \u0627\u0644\u0645\u062a\u062f\u0627\u0648\u0644\u0629 \u0627\u0644\u062a\u064a \u0646\u0645\u062a \u0628\u0634\u0643\u0644 \u0639\u0634\u0648\u0627\u0626\u064a.<\/p>\n\n\n\n<h3 class=\"wp-block-heading\"><strong>\ud83e\udde9 4. \u062c\u0647\u062f \u0623\u0642\u0644 \u2013 \u0623\u062e\u0637\u0627\u0621 \u0623\u0642\u0644<\/strong><\/h3>\n\n\n\n<p>\u0644\u0627 \u062f\u0627\u0639\u064a \u0644\u0644\u0642\u0644\u0642 \u0628\u0634\u0623\u0646 \u0627\u0644\u062a\u0648\u0642\u064a\u062a \u0623\u0648 \u0627\u0644\u0623\u0648\u0632\u0627\u0646 \u0623\u0648 \u0645\u0631\u0627\u062d\u0644 \u0627\u0644\u0633\u0648\u0642. \u0641\u0627\u0644\u0642\u0648\u0627\u0639\u062f \u062b\u0627\u0628\u062a\u0629 \u0648\u064a\u062a\u0645 \u062a\u0637\u0628\u064a\u0642\u0647\u0627 \u0628\u0627\u0633\u062a\u0645\u0631\u0627\u0631. \u0648\u0647\u0630\u0627 \u064a\u0642\u0644\u0644 \u0645\u0646 \u0627\u0644\u0623\u062e\u0637\u0627\u0621 \u0627\u0644\u0633\u0644\u0648\u0643\u064a\u0629 \u0627\u0644\u0634\u0627\u0626\u0639\u0629 \u0648\u064a\u0636\u0645\u0646 \u0627\u0633\u062a\u0642\u0631\u0627\u0631\u0627\u064b \u0637\u0648\u064a\u0644 \u0627\u0644\u0623\u0645\u062f.<\/p>\n\n\n\n<h2 class=\"wp-block-heading\"><strong>\ud83d\udca1 \u0645\u0627\u0630\u0627 \u064a\u0639\u0646\u064a \u0647\u0630\u0627 \u0628\u0627\u0644\u0646\u0633\u0628\u0629 \u0644\u0643<\/strong><\/h2>\n\n\n\n<p>\u0644\u0627 \u062a\u0648\u0641\u0631 \u0627\u0644\u0645\u062d\u0641\u0638\u0629 \u0627\u0644\u0627\u0633\u062a\u062b\u0645\u0627\u0631\u064a\u0629 \u0627\u0644\u0642\u0627\u0626\u0645\u0629 \u0639\u0644\u0649 \u0627\u0644\u0642\u0648\u0627\u0639\u062f \u0645\u0632\u0627\u064a\u0627 \u0647\u064a\u0643\u0644\u064a\u0629 \u0641\u062d\u0633\u0628\u060c \u0628\u0644 \u062a\u0648\u0641\u0631 \u0623\u064a\u0636\u0627\u064b \u0645\u0632\u0627\u064a\u0627 \u0646\u0641\u0633\u064a\u0629:<\/p>\n\n\n\n<ul class=\"wp-block-list\">\n<li>\u062a\u0642\u0644\u064a\u0644 \u0627\u0644\u062a\u0648\u062a\u0631 \u0623\u062b\u0646\u0627\u0621 \u062a\u062d\u0631\u0643\u0627\u062a \u0627\u0644\u0633\u0648\u0642<\/li>\n\n\n\n<li>\u0644\u0627 \u062a\u062e\u0641 \u0645\u0646 \u062a\u0641\u0648\u064a\u062a \u0627\u0644\u0642\u0631\u0627\u0631\u0627\u062a \u0627\u0644\u0645\u0647\u0645\u0629.<\/li>\n\n\n\n<li>\u0645\u062d\u0641\u0638\u0629 \u0627\u0633\u062a\u062b\u0645\u0627\u0631\u064a\u0629 \u062a\u062a\u0646\u0627\u0633\u0628 \u0628\u0634\u0643\u0644 \u062f\u0627\u0626\u0645 \u0645\u0639 \u0641\u0626\u0629 \u0627\u0644\u0645\u062e\u0627\u0637\u0631 \u0627\u0644\u062e\u0627\u0635\u0629 \u0628\u0643<\/li>\n\n\n\n<li>\u0636\u063a\u0637 \u0623\u0642\u0644 \u0644\u0627\u062a\u062e\u0627\u0630 \u0627\u0644\u0642\u0631\u0627\u0631\u0627\u062a \u0641\u064a \u0627\u0644\u062d\u064a\u0627\u0629 \u0627\u0644\u064a\u0648\u0645\u064a\u0629<\/li>\n\n\n\n<li>\u0627\u0644\u0628\u0633\u0627\u0637\u0629 \u0628\u062f\u0644\u0627\u064b \u0645\u0646 \u0627\u0644\u062a\u0639\u0642\u064a\u062f<\/li>\n<\/ul>\n\n\n\n<p>\u0648\u0628\u0627\u0644\u062a\u0627\u0644\u064a \u0641\u0625\u0646 \u0627\u0644\u0642\u064a\u0645\u0629 \u0627\u0644\u0645\u0636\u0627\u0641\u0629 \u0627\u0644\u062d\u0642\u064a\u0642\u064a\u0629 \u0644\u0627 \u062a\u0643\u0645\u0646 \u0641\u0642\u0637 \u0641\u064a \u0628\u0646\u0627\u0621 \u0627\u0644\u0645\u062d\u0641\u0638\u0629\u060c \u0648\u0644\u0643\u0646 \u0641\u064a \u062a\u0646\u0641\u064a\u0630\u0647\u0627 \u0627\u0644\u0645\u062a\u0633\u0642 \u0648\u0627\u0644\u0645\u0646\u0636\u0628\u0637 \u0639\u0644\u0649 \u0645\u062f\u0649 \u0633\u0646\u0648\u0627\u062a \u0639\u062f\u064a\u062f\u0629.<\/p>\n\n\n\n<div style=\"height:20px\" aria-hidden=\"true\" class=\"wp-block-spacer\"><\/div>\n\n\n\n<hr class=\"wp-block-separator has-alpha-channel-opacity\"\/>\n\n\n\n<div style=\"height:20px\" aria-hidden=\"true\" class=\"wp-block-spacer\"><\/div>\n\n\n\n<h2 class=\"wp-block-heading\"><strong>\ud83d\udcca \u062a\u0646\u0641\u064a\u0630 \u0634\u0641\u0627\u0641 \u0639\u0628\u0631 \u0648\u064a\u0643\u064a\u0641\u0648\u0644\u064a\u0648<\/strong><\/h2>\n\n\n\n<p>\u062a\u064f\u0637\u0628\u0651\u0642 \u0627\u0633\u062a\u0631\u0627\u062a\u064a\u062c\u064a\u0627\u062a MueckInvest \u0645\u0628\u0627\u0634\u0631\u0629\u064b \u0639\u0628\u0631 \u0645\u0646\u0635\u0629 Wikifolio. \u064a\u0645\u0643\u0646\u0643 \u0645\u062a\u0627\u0628\u0639\u062a\u0647\u0627 \u0647\u0646\u0627\u0643 \u0641\u064a \u0623\u064a \u0648\u0642\u062a.<\/p>\n\n\n\n<ul class=\"wp-block-list\">\n<li>\u0627\u0644\u0623\u0648\u0632\u0627\u0646 \u0648\u0627\u0644\u062a\u0643\u0648\u064a\u0646 \u0627\u0644\u062d\u0627\u0644\u064a<\/li>\n\n\n\n<li>\u062c\u0645\u064a\u0639 \u062e\u0637\u0648\u0627\u062a \u0627\u0644\u062a\u0639\u062f\u064a\u0644 \u0648\u0625\u0639\u0627\u062f\u0629 \u0627\u0644\u062a\u0648\u0627\u0632\u0646<\/li>\n\n\n\n<li>\u0645\u0624\u0634\u0631\u0627\u062a \u0627\u0644\u0645\u062e\u0627\u0637\u0631 \u0648\u0627\u0644\u062a\u0637\u0648\u0631 \u0627\u0644\u062a\u0627\u0631\u064a\u062e\u064a<\/li>\n\n\n\n<li>\u0643\u0644 \u0645\u0639\u0627\u0645\u0644\u0629 \u0639\u0644\u0649 \u062d\u062f\u0629<\/li>\n<\/ul>\n\n\n\n<p>\u0643\u064a\u0641 \u064a\u0639\u0645\u0644\u061f <a href=\"https:\/\/mueckinvest.com\/ar\/%f0%9f%93%88-wikifolios\/\" title=\"\u0648\u064a\u0643\u064a\u0641\u0648\u0644\u064a\u0648\u0633\">\u0648\u064a\u0643\u064a\u0641\u0648\u0644\u064a\u0648<\/a> \u0643\u0645\u0627 \u064a\u062a\u0645 \u0645\u0646\u0627\u0642\u0634\u0629 \u0627\u0644\u0641\u0631\u0635 \u0648\u0627\u0644\u0645\u062e\u0627\u0637\u0631 \u0628\u0627\u0644\u062a\u0641\u0635\u064a\u0644 \u0641\u064a <a href=\"https:\/\/mueckinvest.com\/ar\/themen-deep-dive\/\" title=\"\u0645\u0648\u0627\u0636\u064a\u0639 \u0644\u0644\u062a\u0639\u0645\u0642 \u0641\u064a\u0647\u0627\">\u0645\u0648\u0627\u0636\u064a\u0639 \u0627\u0644\u063a\u0648\u0635 \u0627\u0644\u0639\u0645\u064a\u0642<\/a> \u0648\u0641\u064a <a href=\"https:\/\/mueckinvest.com\/ar\/%d8%a7%d9%84%d8%aa%d8%b9%d9%84%d9%8a%d9%85%d8%a7%d8%aa\/\" title=\"\u0627\u0644\u0623\u0633\u0626\u0644\u0629 \u0627\u0644\u0634\u0627\u0626\u0639\u0629\">\u0627\u0644\u062a\u0639\u0644\u064a\u0645\u0627\u062a <\/a>\u062a\u0645 \u0627\u0644\u062a\u0648\u0636\u064a\u062d.<\/p>\n\n\n\n<div style=\"height:20px\" aria-hidden=\"true\" class=\"wp-block-spacer\"><\/div>\n\n\n\n<hr class=\"wp-block-separator has-alpha-channel-opacity\"\/>\n\n\n\n<div style=\"height:20px\" aria-hidden=\"true\" class=\"wp-block-spacer\"><\/div>\n\n\n\n<figure class=\"wp-block-table\">\n  <table class=\"info-tabelle mehrwert has-fixed-layout\">\n    <thead>\n      <tr>\n        <th>\u0645\u0639\u064a\u0627\u0631<\/th>\n        <th>\u0645\u062d\u0641\u0638\u0629 \u0635\u0646\u0627\u062f\u064a\u0642 \u0627\u0644\u0645\u0624\u0634\u0631\u0627\u062a \u0627\u0644\u0645\u062a\u062f\u0627\u0648\u0644\u0629<\/th>\n        <th>\u0648\u064a\u0643\u064a \u0641\u0648\u0644\u064a\u0648 \u0627\u0644\u0645\u0638\u0644\u0629: \u0627\u0644\u0637\u0628\u0642\u0627\u062a \u0627\u0644\u0639\u0627\u0644\u0645\u064a\u0629<\/th>\n      <\/tr>\n    <\/thead>\n    <tbody>\n      <tr>\n        <td>\u0628\u0646\u0627\u0621<\/td>\n        <td>3-7 \u0635\u0646\u0627\u062f\u064a\u0642 \u0627\u0633\u062a\u062b\u0645\u0627\u0631 \u0645\u062a\u062f\u0627\u0648\u0644\u0629 \u0641\u0631\u062f\u064a\u0629\u060c \u062a\u0631\u062c\u064a\u062d \u064a\u062f\u0648\u064a<\/td>\n        <td>\u0645\u0648\u0636\u0639 \u0648\u0627\u062d\u062f\u060c \u062c\u0645\u064a\u0639 \u0645\u0643\u0648\u0646\u0627\u062a \u0627\u0644\u0628\u0646\u0627\u0621 \u0645\u062f\u0645\u062c\u0629<\/td>\n      <\/tr>\n      <tr>\n        <td>\u0646\u0634\u0627\u0637<\/td>\n        <td>\u0633\u0644\u0628\u064a \u062a\u0645\u0627\u0645\u064b\u0627\u060c \u0628\u062f\u0648\u0646 \u0623\u064a \u062a\u0639\u062f\u064a\u0644\u0627\u062a<\/td>\n        <td>\u0645\u0646\u0637\u0642 \u0646\u0634\u0637 \u0642\u0627\u0626\u0645 \u0639\u0644\u0649 \u0627\u0644\u0642\u0648\u0627\u0639\u062f\u060c \u0648\u0625\u0639\u0627\u062f\u0629 \u0627\u0644\u062a\u0648\u0627\u0632\u0646\u060c \u0648\u0627\u0644\u0627\u062a\u062c\u0627\u0647<\/td>\n      <\/tr>\n      <tr>\n        <td>\u062a\u0646\u0648\u064a\u0639<\/td>\n        <td>\u0639\u0627\u0644\u0645\u064a\u060c \u0648\u0644\u0643\u0646 \u063a\u0627\u0644\u0628\u0627\u064b \u0645\u0627 \u064a\u0642\u062a\u0635\u0631 \u0639\u0644\u0649 \u0645\u0646\u0637\u0642\u062a\u064a\u0646 \u0623\u0648 \u062b\u0644\u0627\u062b \u0645\u0646\u0627\u0637\u0642 \u0641\u0642\u0637<\/td>\n        <td>\u0627\u0644\u0639\u0648\u0627\u0645\u0644 \u0648\u0627\u0644\u0627\u062a\u062c\u0627\u0647\u0627\u062a \u0648\u0627\u0644\u0645\u0648\u0627\u0636\u064a\u0639 \u0627\u0644\u0639\u0627\u0644\u0645\u064a\u0629<\/td>\n      <\/tr>\n      <tr>\n        <td>\u0627\u0644\u0645\u0635\u0631\u0648\u0641\u0627\u062a<\/td>\n        <td>\u0625\u0639\u0627\u062f\u0629 \u0627\u0644\u062a\u0648\u0627\u0632\u0646 \u0627\u0644\u0645\u0646\u062a\u0638\u0645\u0629\u060c \u0642\u0631\u0627\u0631\u0627\u062a \u0627\u0644\u0627\u062e\u062a\u064a\u0627\u0631<\/td>\n        <td>\u0645\u0624\u062a\u0645\u062a\u0629 \u0628\u0627\u0644\u0643\u0627\u0645\u0644\u060c \u0644\u0627 \u062a\u062a\u0637\u0644\u0628 \u0635\u064a\u0627\u0646\u0629<\/td>\n      <\/tr>\n      <tr>\n        <td>\u0627\u0644\u0645\u0631\u0648\u0646\u0629<\/td>\n        <td>\u0645\u0631\u062a\u0628\u0637 \u0628\u0634\u0643\u0644 \u0635\u0627\u0631\u0645 \u0628\u0627\u0644\u0645\u0624\u0634\u0631<\/td>\n        <td>\u0642\u0627\u0628\u0644 \u0644\u0644\u062a\u0643\u064a\u0641 \u0645\u0639 \u0645\u0631\u0627\u062d\u0644 \u0627\u0644\u0633\u0648\u0642 \u0648\u0627\u0644\u0627\u062a\u062c\u0627\u0647\u0627\u062a \u0627\u0644\u062c\u062f\u064a\u062f\u0629<\/td>\n      <\/tr>\n      <tr>\n        <td>\u0627\u0644\u0634\u0641\u0627\u0641\u064a\u0629<\/td>\n        <td>\u0642\u0648\u0627\u0639\u062f \u0627\u0644\u0641\u0647\u0631\u0633\u0629\u060c \u0648\u0644\u0643\u0646 \u0627\u0644\u0634\u0631\u062d \u0642\u0644\u064a\u0644.<\/td>\n        <td>\u062a\u062d\u062f\u064a\u062b\u0627\u062a \u0648\u0627\u0636\u062d\u0629\u060c \u0642\u0631\u0627\u0631\u0627\u062a \u0645\u0641\u0647\u0648\u0645\u0629<\/td>\n      <\/tr>\n      <tr>\n        <td>\u062a\u0635\u0648\u0631 \u0627\u0644\u062a\u0643\u0644\u0641\u0629<\/td>\n        <td>\u0646\u0633\u0628\u0629 \u0625\u062c\u0645\u0627\u0644\u064a\u0629 \u0645\u0646\u062e\u0641\u0636\u0629\u060c \u0648\u0644\u0643\u0646 \u0628\u062a\u0643\u0627\u0644\u064a\u0641 \u0623\u0648\u0644\u064a\u0629<\/td>\n        <td>\u0631\u0633\u0648\u0645 \u0623\u0639\u0644\u0649\u060c \u0648\u0644\u0643\u0646 \u062f\u0639\u0645 \u0643\u0627\u0645\u0644<\/td>\n      <\/tr>\n    <\/tbody>\n    <tfoot>\n      <tr>\n        <td class=\"has-text-align-center\" data-align=\"center\" colspan=\"3\">\n          \u062a\u064f\u0639\u062f\u0651 \u0645\u062d\u0627\u0641\u0638 \u0635\u0646\u0627\u062f\u064a\u0642 \u0627\u0644\u0645\u0624\u0634\u0631\u0627\u062a \u0627\u0644\u0645\u062a\u062f\u0627\u0648\u0644\u0629 \u0646\u0642\u0637\u0629 \u0627\u0646\u0637\u0644\u0627\u0642 \u062c\u064a\u062f\u0629. \u0623\u0645\u0627 \u0627\u0633\u062a\u0631\u0627\u062a\u064a\u062c\u064a\u062a\u064a \u0641\u0647\u064a \u0627\u0644\u062e\u0637\u0648\u0629 \u0627\u0644\u062a\u0627\u0644\u064a\u0629.\n        <\/td>\n      <\/tr>\n    <\/tfoot>\n  <\/table>\n<\/figure>\n\n<!-- Wrapper f\u00fcr die mobilen Spalten-Cards -->\n<div class=\"mehrwert-cards\"><\/div>\n\n\n\n<div class=\"wp-block-columns is-layout-flex wp-container-core-columns-is-layout-28f84493 wp-block-columns-is-layout-flex\">\n<div class=\"wp-block-column is-layout-flow wp-block-column-is-layout-flow\">\n<div class=\"wp-block-buttons is-layout-flex wp-block-buttons-is-layout-flex\">\n<div class=\"wp-block-button\"><a class=\"wp-block-button__link wp-element-button\" href=\"https:\/\/mueckinvest.com\/ar\/%d8%a7%d9%84%d8%b7%d8%a8%d9%82%d8%a7%d8%aa-%d8%a7%d9%84%d8%b9%d8%a7%d9%84%d9%85%d9%8a%d8%a9-2\/\">\u0625\u0644\u0649 \u0648\u064a\u0643\u064a\u0641\u0648\u0644\u064a\u0648 \u0627\u0644\u0645\u0638\u0644\u0629: \u0627\u0644\u0637\u0628\u0642\u0627\u062a \u0627\u0644\u0639\u0627\u0644\u0645\u064a\u0629<\/a><\/div>\n<\/div>\n<\/div>\n\n\n\n<div class=\"wp-block-column is-layout-flow wp-block-column-is-layout-flow\">\n<div class=\"wp-block-buttons is-layout-flex wp-block-buttons-is-layout-flex\">\n<div class=\"wp-block-button\"><a class=\"wp-block-button__link wp-element-button\" href=\"https:\/\/mueckinvest.com\/ar\/wikifolios\/\">\u0627\u0643\u062a\u0634\u0641 \u0627\u0644\u0645\u0632\u064a\u062f \u0645\u0646 \u0627\u0644\u0627\u0633\u062a\u0631\u0627\u062a\u064a\u062c\u064a\u0627\u062a<\/a><\/div>\n<\/div>\n<\/div>\n<\/div>\n\n\n\n<div class=\"wp-block-buttons is-layout-flex wp-block-buttons-is-layout-flex\"><\/div>","protected":false},"excerpt":{"rendered":"<p>Ein ETF\u2011Portfolio ist grunds\u00e4tzlich ein guter Start. Doch viele Anlegerinnen und Anleger untersch\u00e4tzen, wie stark sich ein Portfolio im Laufe der Zeit ver\u00e4ndert \u2013 und wie schwierig es ist, langfristig diszipliniert zu bleiben. Genau hier setzt MueckInvest an: mit klaren Regeln, globaler Diversifikation und einer transparenten, live umgesetzten Strategie. \ud83d\udd0d Typische Herausforderungen bei klassischen ETF\u2011Portfolios [&hellip;]<\/p>\n","protected":false},"author":1,"featured_media":0,"parent":0,"menu_order":0,"comment_status":"closed","ping_status":"closed","template":"page-no-sidebar","meta":{"pmpro_default_level":"","_monsterinsights_skip_tracking":false,"_monsterinsights_sitenote_active":false,"_monsterinsights_sitenote_note":"","_monsterinsights_sitenote_category":0,"footnotes":""},"class_list":["post-1508","page","type-page","status-publish","hentry","pmpro-has-access"],"aioseo_notices":[],"_links":{"self":[{"href":"https:\/\/mueckinvest.com\/ar\/wp-json\/wp\/v2\/pages\/1508","targetHints":{"allow":["GET"]}}],"collection":[{"href":"https:\/\/mueckinvest.com\/ar\/wp-json\/wp\/v2\/pages"}],"about":[{"href":"https:\/\/mueckinvest.com\/ar\/wp-json\/wp\/v2\/types\/page"}],"author":[{"embeddable":true,"href":"https:\/\/mueckinvest.com\/ar\/wp-json\/wp\/v2\/users\/1"}],"replies":[{"embeddable":true,"href":"https:\/\/mueckinvest.com\/ar\/wp-json\/wp\/v2\/comments?post=1508"}],"version-history":[{"count":2,"href":"https:\/\/mueckinvest.com\/ar\/wp-json\/wp\/v2\/pages\/1508\/revisions"}],"predecessor-version":[{"id":3201,"href":"https:\/\/mueckinvest.com\/ar\/wp-json\/wp\/v2\/pages\/1508\/revisions\/3201"}],"wp:attachment":[{"href":"https:\/\/mueckinvest.com\/ar\/wp-json\/wp\/v2\/media?parent=1508"}],"curies":[{"name":"wp","href":"https:\/\/api.w.org\/{rel}","templated":true}]}}