{"id":1134,"date":"2025-11-12T09:16:37","date_gmt":"2025-11-12T09:16:37","guid":{"rendered":"https:\/\/mueckinvest.de\/?page_id=1134"},"modified":"2026-03-18T15:18:00","modified_gmt":"2026-03-18T14:18:00","slug":"%d8%ae%d9%84%d9%81%d9%8a%d8%a9-%d8%a5%d9%86%d8%b4%d8%a7%d8%a1-%d8%b4%d8%b1%d9%83%d8%a9-mueckinvest-2","status":"publish","type":"page","link":"https:\/\/mueckinvest.com\/ar\/hintergrund-zur-entstehung-von-mueckinvest\/","title":{"rendered":"\u0645\u0646 \u0627\u0644\u0631\u0624\u064a\u0629 \u0625\u0644\u0649 \u0627\u0644\u062a\u0646\u0641\u064a\u0630"},"content":{"rendered":"<p>\u062a\u0623\u0633\u0633\u062a \u0634\u0631\u0643\u0629 Mueckinvest \u0639\u0644\u0649 \u0647\u062f\u0641 \u0648\u0627\u0636\u062d: \u0648\u0647\u0648 \u062a\u0632\u0648\u064a\u062f \u0627\u0644\u0645\u0633\u062a\u062b\u0645\u0631\u064a\u0646 \u0628\u0637\u0631\u064a\u0642\u0629 \u0628\u0633\u064a\u0637\u0629 \u0644\u0644\u0648\u0635\u0648\u0644 \u0625\u0644\u0649 \u0627\u0644\u0633\u0648\u0642 \u0627\u0644\u0639\u0627\u0644\u0645\u064a\u0629 \u0641\u064a \u063a\u0636\u0648\u0646 \u062f\u0642\u0627\u0626\u0642 \u0645\u0639\u062f\u0648\u062f\u0629. <strong>\u0645\u0631\u0643\u0632 \u0645\u062d\u0641\u0638\u0629 \u0648\u0627\u062d\u062f<\/strong> \u0644\u062a\u0645\u062b\u064a\u0644\u0647\u0627. \u063a\u0627\u0644\u0628\u064b\u0627 \u0645\u0627 \u062a\u062a\u0643\u0648\u0646 \u0627\u0644\u0627\u0633\u062a\u0631\u0627\u062a\u064a\u062c\u064a\u0627\u062a \u0627\u0644\u0643\u0644\u0627\u0633\u064a\u0643\u064a\u0629 \u0645\u0646 \u0627\u0644\u0639\u062f\u064a\u062f \u0645\u0646 \u0627\u0644\u0623\u0633\u0647\u0645 \u0623\u0648 \u0627\u0644\u0635\u0646\u0627\u062f\u064a\u0642 \u0627\u0644\u0641\u0631\u062f\u064a\u0629 - \u0648\u0647\u064a \u0645\u0639\u0642\u062f\u0629 \u0627\u0644\u0625\u062f\u0627\u0631\u0629 \u0648\u0639\u0631\u0636\u0629 \u0644\u0632\u064a\u0627\u062f\u0629 \u0623\u0648 \u0646\u0642\u0635\u0627\u0646 \u0627\u0644\u0648\u0632\u0646.<\/p>\n\n\n\n<p>\u0644\u0630\u0627 \u0641\u0625\u0646 \u0645\u0646\u0647\u062c\u064a \u064a\u0633\u0639\u0649 \u0625\u0644\u0649 \u062a\u062d\u0642\u064a\u0642 \u0647\u062f\u0641 \u0648\u0627\u0636\u062d: <strong>\u0645\u062d\u0641\u0638\u0629 \u0645\u0646\u0638\u0645\u0629 \u0648\u0645\u062a\u0646\u0648\u0639\u0629 \u0639\u0627\u0644\u0645\u064a\u064b\u0627 \u0641\u064a \u0645\u0648\u0642\u0639 \u0648\u0627\u062d\u062f<\/strong>, \u060c \u0645\u062f\u0639\u0648\u0645\u0629 \u0628\u0645\u0639\u0644\u0648\u0645\u0627\u062a \u0645\u0627\u0644\u064a\u0629 \u0645\u0639\u0631\u0648\u0636\u0629 \u0628\u0648\u0636\u0648\u062d \u062a\u062c\u0639\u0644 \u0627\u0644\u0645\u0628\u0627\u062f\u0626 \u0627\u0644\u0623\u0633\u0627\u0633\u064a\u0629 \u0645\u0641\u0647\u0648\u0645\u0629.<\/p>\n\n\n\n<p>\u0648\u0647\u0630\u0627 \u064a\u0634\u0645\u0644 \u0639\u0646\u0635\u0631\u064a\u0646 \u0623\u0633\u0627\u0633\u064a\u064a\u0646:<\/p>\n\n\n\n<ul class=\"wp-block-list\">\n<li><strong>\u0627\u0633\u062a\u0631\u0627\u062a\u064a\u062c\u064a\u0627\u062a \u0648\u064a\u0643\u064a\u0641\u0648\u0644\u064a\u0648 \u0627\u0644\u0642\u0627\u0626\u0645\u0629 \u0639\u0644\u0649 \u0627\u0644\u0642\u0648\u0627\u0639\u062f<\/strong>, \u0648\u0627\u0644\u062a\u064a \u062a\u062c\u0645\u0639 \u0628\u064a\u0646 \u0627\u0644\u062a\u0646\u0648\u064a\u0639 \u0648\u0627\u0644\u0647\u064a\u0643\u0644\u0629 \u0648\u0625\u062f\u0627\u0631\u0629 \u0627\u0644\u0645\u062e\u0627\u0637\u0631<\/li>\n\n\n\n<li><strong>\u062f\u0631\u0627\u0633\u0627\u062a \u0645\u0639\u0645\u0642\u0629 \u0641\u064a \u0645\u0648\u0627\u0636\u064a\u0639 \u0645\u062d\u062f\u062f\u0629 \u0648\u0645\u0639\u0631\u0641\u0629 \u0645\u0627\u0644\u064a\u0629<\/strong>, \u0648\u0627\u0644\u062a\u064a \u062a\u0634\u0631\u062d \u0643\u064a\u0641\u064a\u0629 \u0639\u0645\u0644 \u0627\u0644\u0623\u0633\u0648\u0627\u0642\u060c \u0648\u0643\u064a\u0641 \u062a\u0624\u062b\u0631 \u0627\u0644\u0639\u0648\u0627\u0645\u0644 \u0639\u0644\u064a\u0647\u0627\u060c \u0648\u0645\u0627 \u0647\u064a \u0627\u0644\u0645\u0648\u0627\u0636\u064a\u0639 \u0630\u0627\u062a \u0627\u0644\u0635\u0644\u0629 \u0639\u0644\u0649 \u0627\u0644\u0645\u062f\u0649 \u0627\u0644\u0637\u0648\u064a\u0644<\/li>\n<\/ul>\n\n\n\n<p>\u062a\u064f\u0633\u0644\u0637 \u0647\u0630\u0647 \u0627\u0644\u062f\u0631\u0627\u0633\u0627\u062a \u0627\u0644\u0645\u062a\u0639\u0645\u0642\u0629 \u0627\u0644\u0636\u0648\u0621 \u0639\u0644\u0649 \u0645\u0648\u0627\u0636\u064a\u0639 \u0627\u0644\u0627\u0633\u062a\u062b\u0645\u0627\u0631 \u0627\u0644\u0631\u0626\u064a\u0633\u064a\u0629\u060c \u0648\u0622\u0644\u064a\u0627\u062a \u0627\u0644\u0633\u0648\u0642\u060c \u0648\u0627\u0644\u0646\u062a\u0627\u0626\u062c \u0627\u0644\u0639\u0644\u0645\u064a\u0629\u060c \u0648\u0630\u0644\u0643 \u0628\u0637\u0631\u064a\u0642\u0629 \u0645\u0648\u062c\u0632\u0629 \u0648\u0645\u0641\u0647\u0648\u0645\u0629 \u0648\u0642\u0627\u0628\u0644\u0629 \u0644\u0644\u062a\u0637\u0628\u064a\u0642 \u0645\u0628\u0627\u0634\u0631\u0629. \u0643\u0645\u0627 \u062a\u064f\u0633\u0627\u0639\u062f \u0627\u0644\u0645\u0633\u062a\u062b\u0645\u0631\u064a\u0646 \u0639\u0644\u0649 \u0625\u062f\u0631\u0627\u0643 \u0627\u0644\u0631\u0648\u0627\u0628\u0637\u060c \u0648\u0648\u0636\u0639 \u0627\u0644\u0642\u0631\u0627\u0631\u0627\u062a \u0641\u064a \u0633\u064a\u0627\u0642\u0647\u0627 \u0627\u0644\u0635\u062d\u064a\u062d\u060c \u0648\u0641\u0647\u0645 \u0627\u0644\u0627\u0633\u062a\u0631\u0627\u062a\u064a\u062c\u064a\u0627\u062a \u0628\u0634\u0643\u0644 \u0623\u0641\u0636\u0644.<\/p>\n\n\n\n<p>\u0645\u0639 \u0648\u064a\u0643\u064a\u0641\u0648\u0644\u064a\u0648 \u0627\u0644\u0645\u0638\u0644\u0629 <strong>\u0627\u0644\u0637\u0628\u0642\u0627\u062a \u0627\u0644\u0639\u0627\u0644\u0645\u064a\u0629<\/strong> \u062a\u0645 \u062a\u062d\u0642\u064a\u0642 \u0647\u062f\u0641 \u0645\u062d\u0641\u0638\u0629 \u0627\u0644\u0633\u0648\u0642 \u0627\u0644\u0639\u0627\u0644\u0645\u064a\u0629 \u0628\u0634\u0643\u0644 \u0645\u062a\u0633\u0642 \u0641\u064a \u0645\u0631\u0643\u0632 \u0648\u0627\u062d\u062f. \u0648\u0643\u0628\u062f\u064a\u0644 \u0623\u0643\u062b\u0631 \u0627\u062e\u062a\u0635\u0627\u0631\u064b\u0627\u060c \u064a\u062a\u0648\u0641\u0631 \u0628\u0631\u0646\u0627\u0645\u062c Wikifolio \u0627\u0644\u0623\u0633\u0627\u0633\u064a. <strong>\u0627\u0633\u062a\u062b\u0645\u0627\u0631\u0627\u062a \u0630\u0643\u064a\u0629 \u0639\u0644\u0649 \u0645\u0633\u062a\u0648\u0649 \u0627\u0644\u0639\u0627\u0644\u0645<\/strong> \u0646\u0648\u0639 \u0645\u0646 &quot;\u0636\u0648\u0621 \u0627\u0644\u0637\u0628\u0642\u0627\u062a \u0627\u0644\u0639\u0627\u0644\u0645\u064a\u0629&quot;.<\/p>\n\n\n\n<p>\u0648\u0628\u0627\u0644\u062a\u0627\u0644\u064a\u060c \u0641\u0625\u0646 Mueckinvest \u0645\u0648\u062c\u0647\u0629 \u0644\u0643\u0644 \u0645\u0646 \u0627\u0644\u0645\u0633\u062a\u062b\u0645\u0631\u064a\u0646 \u0630\u0648\u064a \u0627\u0644\u062e\u0628\u0631\u0629 \u0627\u0644\u0630\u064a\u0646 \u064a\u0633\u0639\u0648\u0646 \u0625\u0644\u0649 \u0625\u0636\u0627\u0641\u0629 \u0641\u0639\u0627\u0644\u0629 \u0625\u0644\u0649 \u0645\u062d\u0627\u0641\u0638\u0647\u0645 \u0627\u0644\u0627\u0633\u062a\u062b\u0645\u0627\u0631\u064a\u0629 \u0627\u0644\u062d\u0627\u0644\u064a\u0629\u060c \u0648\u0627\u0644\u0645\u0628\u062a\u062f\u0626\u064a\u0646 \u0627\u0644\u0630\u064a\u0646 \u064a\u0631\u063a\u0628\u0648\u0646 \u0641\u064a \u0627\u0644\u0648\u0635\u0648\u0644 \u0625\u0644\u0649 \u0645\u062d\u0641\u0638\u0629 \u0633\u0648\u0642\u064a\u0629 \u0645\u062a\u0646\u0648\u0639\u0629 \u0639\u0644\u0649 \u0646\u0637\u0627\u0642 \u0648\u0627\u0633\u0639 \u0628\u0627\u0633\u062a\u062b\u0645\u0627\u0631 \u0648\u0627\u062d\u062f - \u0648\u0641\u064a \u0627\u0644\u0648\u0642\u062a \u0646\u0641\u0633\u0647 \u0627\u0644\u0645\u0639\u0631\u0641\u0629 \u0627\u0644\u0644\u0627\u0632\u0645\u0629 \u0644\u0641\u0647\u0645\u0647\u0627.<\/p>\n\n\n\n<div style=\"height:100px\" aria-hidden=\"true\" class=\"wp-block-spacer\"><\/div>\n\n\n\n<p>\u064a\u0631\u062c\u0649 \u0627\u0644\u0645\u0644\u0627\u062d\u0638\u0629: \u062a\u0646\u0637\u0648\u064a \u0627\u0644\u0627\u0633\u062a\u062b\u0645\u0627\u0631\u0627\u062a \u0641\u064a \u0648\u064a\u0643\u064a\u0641\u0648\u0644\u064a\u0648\u0632 \u0639\u0644\u0649 \u0645\u062e\u0627\u0637\u0631. \u0627\u0644\u0623\u062f\u0627\u0621 \u0627\u0644\u0633\u0627\u0628\u0642 \u0644\u064a\u0633 \u0645\u0624\u0634\u0631\u0627\u064b \u0645\u0648\u062b\u0648\u0642\u0627\u064b \u0644\u0644\u0646\u062a\u0627\u0626\u062c \u0627\u0644\u0645\u0633\u062a\u0642\u0628\u0644\u064a\u0629. \u0644\u0644\u0627\u0637\u0644\u0627\u0639 \u0639\u0644\u0649 \u0627\u0644\u062a\u0641\u0627\u0635\u064a\u0644\u060c \u064a\u064f\u0631\u062c\u0649 \u0645\u0631\u0627\u062c\u0639\u0629 [\u0627\u0644\u0631\u0627\u0628\u0637\/\u0627\u0644\u0645\u0633\u062a\u0646\u062f\/\u0627\u0644\u0642\u0633\u0645]. <strong><a href=\"https:\/\/mueckinvest.com\/ar\/%d8%a8%d8%b5%d9%85%d8%a9\/\" data-type=\"page\" data-id=\"2\">\u0628\u0635\u0645\u0629<\/a>.<\/strong><\/p>","protected":false},"excerpt":{"rendered":"<p>Mueckinvest entstand aus einem klaren Anspruch: Anlegern eine einfache M\u00f6glichkeit zu bieten, den globalen Markt in nur einer einzigen Depotposition abzubilden. Klassische Strategien bestehen oft aus vielen Einzelwerten oder Fonds \u2013 komplex in der Verwaltung und anf\u00e4llig f\u00fcr \u00dcber\u2011 oder Untergewichtungen. Mein Ansatz verfolgt deshalb ein eindeutiges Ziel: ein strukturiertes, global diversifiziertes Portfolio in einer [&hellip;]<\/p>\n","protected":false},"author":1,"featured_media":0,"parent":0,"menu_order":0,"comment_status":"closed","ping_status":"closed","template":"page-no-sidebar","meta":{"pmpro_default_level":"","_monsterinsights_skip_tracking":false,"_monsterinsights_sitenote_active":false,"_monsterinsights_sitenote_note":"","_monsterinsights_sitenote_category":0,"footnotes":""},"class_list":["post-1134","page","type-page","status-publish","hentry","pmpro-has-access"],"aioseo_notices":[],"_links":{"self":[{"href":"https:\/\/mueckinvest.com\/ar\/wp-json\/wp\/v2\/pages\/1134","targetHints":{"allow":["GET"]}}],"collection":[{"href":"https:\/\/mueckinvest.com\/ar\/wp-json\/wp\/v2\/pages"}],"about":[{"href":"https:\/\/mueckinvest.com\/ar\/wp-json\/wp\/v2\/types\/page"}],"author":[{"embeddable":true,"href":"https:\/\/mueckinvest.com\/ar\/wp-json\/wp\/v2\/users\/1"}],"replies":[{"embeddable":true,"href":"https:\/\/mueckinvest.com\/ar\/wp-json\/wp\/v2\/comments?post=1134"}],"version-history":[{"count":2,"href":"https:\/\/mueckinvest.com\/ar\/wp-json\/wp\/v2\/pages\/1134\/revisions"}],"predecessor-version":[{"id":4031,"href":"https:\/\/mueckinvest.com\/ar\/wp-json\/wp\/v2\/pages\/1134\/revisions\/4031"}],"wp:attachment":[{"href":"https:\/\/mueckinvest.com\/ar\/wp-json\/wp\/v2\/media?parent=1134"}],"curies":[{"name":"wp","href":"https:\/\/api.w.org\/{rel}","templated":true}]}}